{"id":1127,"date":"2025-12-21T01:25:57","date_gmt":"2025-12-21T01:25:57","guid":{"rendered":"https:\/\/ktautostyling.com\/?page_id=1127"},"modified":"2026-01-14T13:40:48","modified_gmt":"2026-01-14T13:40:48","slug":"hakkimizda","status":"publish","type":"page","link":"https:\/\/ktautostyling.com\/en\/hakkimizda\/","title":{"rendered":"About Us"},"content":{"rendered":"<div data-elementor-type=\"wp-page\" data-elementor-id=\"1127\" class=\"elementor elementor-1127\" data-elementor-post-type=\"page\">\n\t\t\t\t<div class=\"elementor-element elementor-element-58a33bd e-con-full e-flex e-con e-parent\" data-id=\"58a33bd\" data-element_type=\"container\" data-settings=\"{&quot;background_background&quot;:&quot;classic&quot;}\">\n\t\t<div class=\"elementor-element elementor-element-276f02f e-con-full e-grid e-con e-child\" data-id=\"276f02f\" data-element_type=\"container\">\n\t\t\t\t<div class=\"elementor-element elementor-element-ddacca9 animated-slow elementor-invisible elementor-widget elementor-widget-text-editor\" data-id=\"ddacca9\" data-element_type=\"widget\" data-settings=\"{&quot;_animation&quot;:&quot;fadeInLeft&quot;}\" data-widget_type=\"text-editor.default\">\n\t\t\t\t<div class=\"elementor-widget-container\">\n\t\t\t\t\t\t\t\t\t<h2><span style=\"color: #ffffff;\">ARCHITECTURAL DISCIPLINE AND AUTOMOTIVE ART: KADIR TUNCER<\/span><\/h2><p data-path-to-node=\"4\"><span style=\"color: #ffffff;\">I am Kadir Tuncer. That's the name my friends and followers in the industry call me; <b data-path-to-node=\"4\" data-index-in-node=\"85\">&#8216;Hallederiz Kadir&#8217;.<\/b><\/span><\/p><p data-path-to-node=\"5\"><span style=\"color: #ffffff;\">My professional life <b data-path-to-node=\"5\" data-index-in-node=\"25\">Architect<\/b> Although I started out as a mechanic, my passion for design led me not to static structures, but to aesthetics in motion; that is, to automobiles. By combining the technical discipline I gained from my academic education, my ability to make millimeter-precise calculations, and my aesthetic vision with practical solutions from the industry, I brought the KT Auto Styling brand to life.<\/span><\/p><p data-path-to-node=\"6\"><span style=\"color: #ffffff;\"><b data-path-to-node=\"6\" data-index-in-node=\"0\">Transformation from Engineering to Art<\/b> For me, personalizing a car isn't just about changing parts; it's about building character. This journey, which began with my fascination with Japanese automotive culture (JDM) during my university years, has today evolved into restoration and design projects of international standards. Every vehicle that enters our garage is treated with the meticulousness of an architectural project; every detail, from aerodynamics and paint quality to mechanical improvements and interior design, is conceived as part of a whole.<\/span><\/p><p data-path-to-node=\"7\"><span style=\"color: #ffffff;\"><b data-path-to-node=\"7\" data-index-in-node=\"0\">National Projects and Sectoral Solution Partnerships<\/b> Throughout my career, I have held critical roles not only for individual users but also for the corporate world and the media industry.<\/span><\/p><ul data-path-to-node=\"8\"><li><p data-path-to-node=\"8,0,0\"><span style=\"color: #ffffff;\"><b data-path-to-node=\"8,0,0\" data-index-in-node=\"0\">Corporate Campaigns:<\/b> I have created and implemented custom vehicle designs and implementations tailored to the scripts for national commercials of Turkey's leading energy and fuel giants.<\/span><\/p><\/li><li><p data-path-to-node=\"8,1,0\"><span style=\"color: #ffffff;\"><b data-path-to-node=\"8,1,0\" data-index-in-node=\"0\">Media and Production:<\/b> In high-budget television productions and digital media projects, I have contributed to enriching the visual world by providing technical consultancy and equipment supply.<\/span><\/p><\/li><li><p data-path-to-node=\"8,2,0\"><span style=\"color: #ffffff;\"><b data-path-to-node=\"8,2,0\" data-index-in-node=\"0\">Motor Sports:<\/b> In order to promote the development of drift and track racing in Turkey, I have stood by the sport and athletes by providing sponsorship support to successful teams and drivers.<\/span><\/p><\/li><\/ul><p data-path-to-node=\"9\"><span style=\"color: #ffffff;\"><b data-path-to-node=\"9\" data-index-in-node=\"0\">Fighting for the Future of the Industry<\/b> Making this a professional \u2018sector\u2019 is one of the most important missions of my career. In the past, I fought on the front lines against bureaucratic obstacles and difficulties to ensure that the modified car culture was legally recognized and its standards were raised. My goal is to ensure that car enthusiasts in Turkey can receive world-class, legal, and safe service.<\/span><\/p><p data-path-to-node=\"10\"><span style=\"color: #ffffff;\">Today, under the umbrella of KT Auto Styling, we continue to bring seemingly 'impossible' projects to life, breathe life into metal structures, and shape Turkey's automotive culture.<\/span><\/p><p data-path-to-node=\"11\"><span style=\"color: #ffffff;\">Because for us, design isn't just a job, it's a way of life.<\/span><\/p><hr data-path-to-node=\"12\" \/><p data-path-to-node=\"13\"><span style=\"color: #ffffff;\"><b data-path-to-node=\"13\" data-index-in-node=\"0\">Kadir TUNCER\u00a0 |<\/b> <i data-path-to-node=\"13\" data-index-in-node=\"13\">Architect &amp; Founder, KT Auto Styling<\/i><\/span><\/p>\t\t\t\t\t\t\t\t<\/div>\n\t\t\t\t<\/div>\n\t\t<div class=\"elementor-element elementor-element-8ab6b99 e-grid e-con-full e-con e-child\" data-id=\"8ab6b99\" data-element_type=\"container\">\n\t\t\t\t<div class=\"elementor-element elementor-element-acc2413 animated-slow elementor-invisible elementor-widget elementor-widget-video\" data-id=\"acc2413\" data-element_type=\"widget\" data-settings=\"{&quot;video_type&quot;:&quot;hosted&quot;,&quot;_animation&quot;:&quot;fadeInRight&quot;,&quot;controls&quot;:&quot;yes&quot;}\" data-widget_type=\"video.default\">\n\t\t\t\t<div class=\"elementor-widget-container\">\n\t\t\t\t\t\t\t<div class=\"e-hosted-video elementor-wrapper elementor-open-inline\">\n\t\t\t\t\t<video class=\"elementor-video\" src=\"https:\/\/ktautostyling.com\/wp-content\/uploads\/2026\/01\/WhatsApp-Video-2025-12-26-at-9.20.00-PM.mp4\" controls=\"\" preload=\"metadata\" controlslist=\"nodownload\"><\/video>\n\t\t\t\t<\/div>\n\t\t\t\t\t\t<\/div>\n\t\t\t\t<\/div>\n\t\t\t\t<div class=\"elementor-element elementor-element-4e61476 elementor-widget elementor-widget-image\" data-id=\"4e61476\" data-element_type=\"widget\" data-widget_type=\"image.default\">\n\t\t\t\t<div class=\"elementor-widget-container\">\n\t\t\t\t\t\t\t\t\t\t\t\t\t\t\t<img fetchpriority=\"high\" decoding=\"async\" width=\"1024\" height=\"1024\" src=\"https:\/\/ktautostyling.com\/wp-content\/uploads\/2026\/01\/474117850_2549145561942876_7817429504485614115_n-1024x1024.jpg\" class=\"attachment-large size-large wp-image-3689\" alt=\"474117850 2549145561942876 7817429504485614115 n\" srcset=\"https:\/\/ktautostyling.com\/wp-content\/uploads\/2026\/01\/474117850_2549145561942876_7817429504485614115_n-1024x1024.jpg 1024w, https:\/\/ktautostyling.com\/wp-content\/uploads\/2026\/01\/474117850_2549145561942876_7817429504485614115_n-300x300.jpg 300w, https:\/\/ktautostyling.com\/wp-content\/uploads\/2026\/01\/474117850_2549145561942876_7817429504485614115_n-150x150.jpg 150w, https:\/\/ktautostyling.com\/wp-content\/uploads\/2026\/01\/474117850_2549145561942876_7817429504485614115_n-768x768.jpg 768w, https:\/\/ktautostyling.com\/wp-content\/uploads\/2026\/01\/474117850_2549145561942876_7817429504485614115_n-12x12.jpg 12w, https:\/\/ktautostyling.com\/wp-content\/uploads\/2026\/01\/474117850_2549145561942876_7817429504485614115_n.jpg 1440w\" sizes=\"(max-width: 1024px) 100vw, 1024px\" title=\"About Us\">\t\t\t\t\t\t\t\t\t\t\t\t\t\t\t<\/div>\n\t\t\t\t<\/div>\n\t\t\t\t<div class=\"elementor-element elementor-element-2cd50b2 elementor-widget elementor-widget-image\" data-id=\"2cd50b2\" data-element_type=\"widget\" data-widget_type=\"image.default\">\n\t\t\t\t<div class=\"elementor-widget-container\">\n\t\t\t\t\t\t\t\t\t\t\t\t\t\t\t<img decoding=\"async\" width=\"960\" height=\"796\" src=\"https:\/\/ktautostyling.com\/wp-content\/uploads\/2026\/01\/44176807_2199061056785181_2428161603334569984_n.jpg\" class=\"attachment-large size-large wp-image-3690\" alt=\"44176807 2199061056785181 2428161603334569984 n\" srcset=\"https:\/\/ktautostyling.com\/wp-content\/uploads\/2026\/01\/44176807_2199061056785181_2428161603334569984_n.jpg 960w, https:\/\/ktautostyling.com\/wp-content\/uploads\/2026\/01\/44176807_2199061056785181_2428161603334569984_n-300x249.jpg 300w, https:\/\/ktautostyling.com\/wp-content\/uploads\/2026\/01\/44176807_2199061056785181_2428161603334569984_n-768x637.jpg 768w, https:\/\/ktautostyling.com\/wp-content\/uploads\/2026\/01\/44176807_2199061056785181_2428161603334569984_n-14x12.jpg 14w\" sizes=\"(max-width: 960px) 100vw, 960px\" title=\"About Us\">\t\t\t\t\t\t\t\t\t\t\t\t\t\t\t<\/div>\n\t\t\t\t<\/div>\n\t\t\t\t<\/div>\n\t\t\t\t<\/div>\n\t\t\t\t<div class=\"elementor-element elementor-element-24fc42f elementor-widget elementor-widget-html\" data-id=\"24fc42f\" data-element_type=\"widget\" data-widget_type=\"html.default\">\n\t\t\t\t<div class=\"elementor-widget-container\">\n\t\t\t\t\t<a href=\"tel:+905325944748\" class=\"kt-sabit-iletisim\" aria-label=\"Bizi Aray\u0131n\">\r\n  <svg class=\"kt-telefon-ikon\" xmlns=\"http:\/\/www.w3.org\/2000\/svg\" viewbox=\"0 0 24 24\" fill=\"currentColor\">\r\n    <path d=\"M6.62 10.79a15.053 15.053 0 006.59 6.59l2.2-2.2c.27-.27.67-.36 1.02-.24 1.12.37 2.33.57 3.57.57.55 0 1 .45 1 1V20c0 .55-.45 1-1 1-9.39 0-17-7.61-17-17 0-.55.45-1 1-1h3.5c.55 0 1 .45 1 1 0 1.25.2 2.45.57 3.57.11.35.03.74-.25 1.02l-2.2 2.2z\"\/>\r\n  <\/svg>\r\n<\/a>\r\n\r\n<style>\r\n  .kt-sabit-iletisim {\r\n    position: fixed;\r\n    left: 20px;\r\n    bottom: 20px;\r\n    z-index: 9999;\r\n    \r\n    \/* BUTON BOYUTU *\/\r\n    width: 50px;\r\n    height: 50px;\r\n    \r\n    display: flex;\r\n    justify-content: center;\r\n    align-items: center;\r\n    \r\n    background-color: #000000; \/* Siyah Arka Plan *\/\r\n    border-radius: 50%;        \/* Tam Yuvarlak *\/\r\n    \r\n    box-shadow: 0 4px 10px rgba(0,0,0,0.4);\r\n    transition: all 0.3s ease;\r\n    \r\n    \/* Nab\u0131z Animasyonu *\/\r\n    animation: nabiz 2s infinite;\r\n  }\r\n\r\n  \/* \u0130kon Boyutu *\/\r\n  .kt-telefon-ikon {\r\n    width: 24px;  \/* \u0130konun kendi boyutu *\/\r\n    height: 24px;\r\n    fill: #ffffff; \/* \u0130kon Rengi Beyaz *\/\r\n  }\r\n\r\n  \/* Hover Efekti *\/\r\n  .kt-sabit-iletisim:hover {\r\n    background-color: #333;\r\n    transform: scale(1.1); \/* \u00dcst\u00fcne gelince hafif b\u00fcy\u00fcs\u00fcn *\/\r\n  }\r\n\r\n  \/* Nab\u0131z Animasyonu (Halka Efekti) *\/\r\n  @keyframes nabiz {\r\n    0% {\r\n      box-shadow: 0 0 0 0 rgba(255, 255, 255, 0.4);\r\n    }\r\n    70% {\r\n      box-shadow: 0 0 0 10px rgba(255, 255, 255, 0);\r\n    }\r\n    100% {\r\n      box-shadow: 0 0 0 0 rgba(255, 255, 255, 0);\r\n    }\r\n  }\r\n\r\n  \/* Mobil Ayar\u0131 *\/\r\n  @media (max-width: 768px) {\r\n    .kt-sabit-iletisim {\r\n      left: 15px;\r\n      bottom: 15px;\r\n      width: 45px;  \/* Mobilde t\u0131k daha k\u00fc\u00e7\u00fck *\/\r\n      height: 45px;\r\n    }\r\n    .kt-telefon-ikon {\r\n      width: 20px;\r\n      height: 20px;\r\n    }\r\n  }\r\n<\/style>\t\t\t\t<\/div>\n\t\t\t\t<\/div>\n\t\t\t\t<div class=\"elementor-element elementor-element-16bb7e2 elementor-widget elementor-widget-html\" data-id=\"16bb7e2\" data-element_type=\"widget\" data-widget_type=\"html.default\">\n\t\t\t\t<div class=\"elementor-widget-container\">\n\t\t\t\t\t<!-- mekan360 embed kodu ba\u015flang\u0131\u00e7-->\r\n<script src=\"https:\/\/cdn.mekan360.com\/static\/js\/embed\/mekan360.js\"><\/script>\r\n\r\n<style>\r\n#fixedButtonMekan360 {\r\n    position: fixed;\r\n    bottom: 40px;\r\n    right: 5px;\r\n    padding: 4px;\r\n    z-index: 1000;\r\n}\r\n\r\n#fixedButtonMekan360 img {\r\n    width: 40px;   \/* \ud83d\udc48 buras\u0131 boyut *\/\r\n    height: auto;\r\n}\r\n<\/style>\r\n\r\n<div id=\"fixedButtonMekan360\">\r\n    <a href=\"#\" onclick=\"window.open('https:\/\/mekan360.com\/sanaltur360_ktautostyling.html','popUpWindow','height=500,width=700,left=100,top=100,resizable=yes,scrollbars=yes,toolbar=yes,menubar=no,location=no,directories=no,status=yes');\">\r\n        <img decoding=\"async\" src=\"https:\/\/cdn.mekan360.com\/static\/images\/embed\/blue.png\" alt=\"360 Sanal Tur\" title=\"About Us\">\r\n    <\/a>\r\n<\/div>\r\n<!-- mekan360 embed kodu biti\u015f -->\r\n\t\t\t\t<\/div>\n\t\t\t\t<\/div>\n\t\t\t\t<\/div>\n\t\t\t\t<\/div>","protected":false},"excerpt":{"rendered":"<p>M\u0130MAR\u0130 D\u0130S\u0130PL\u0130N VE OTOMOT\u0130V SANATI : KAD\u0130R TUNCER Ben Kadir Tuncer. Sekt\u00f6rdeki dostlar\u0131m\u0131n ve takip\u00e7ilerimin takt\u0131\u011f\u0131 isimle; &#8216;Hallederiz Kadir&#8217;. Profesyonel hayat\u0131ma bir Mimar olarak ad\u0131m atm\u0131\u015f olsam da, tasar\u0131m tutkum beni dura\u011fan yap\u0131lardan \u00e7ok, hareket halindeki esteti\u011fe; yani otomobillere y\u00f6neltti. Akademik e\u011fitimimden edindi\u011fim teknik disiplini, milimetrik hesaplama yetene\u011fini ve estetik vizyonu, sanayinin pratik \u00e7\u00f6z\u00fcmleriyle birle\u015ftirerek [&hellip;]<\/p>","protected":false},"author":1,"featured_media":0,"parent":0,"menu_order":0,"comment_status":"closed","ping_status":"closed","template":"elementor_header_footer","meta":{"site-sidebar-layout":"no-sidebar","site-content-layout":"page-builder","ast-site-content-layout":"full-width-container","site-content-style":"default","site-sidebar-style":"default","ast-global-header-display":"","ast-banner-title-visibility":"","ast-main-header-display":"","ast-hfb-above-header-display":"","ast-hfb-below-header-display":"","ast-hfb-mobile-header-display":"","site-post-title":"","ast-breadcrumbs-content":"","ast-featured-img":"disabled","footer-sml-layout":"","ast-disable-related-posts":"","theme-transparent-header-meta":"","adv-header-id-meta":"","stick-header-meta":"","header-above-stick-meta":"","header-main-stick-meta":"","header-below-stick-meta":"","astra-migrate-meta-layouts":"set","ast-page-background-enabled":"default","ast-page-background-meta":{"desktop":{"background-color":"","background-image":"","background-repeat":"repeat","background-position":"center center","background-size":"auto","background-attachment":"scroll","background-type":"","background-media":"","overlay-type":"","overlay-color":"","overlay-opacity":"","overlay-gradient":""},"tablet":{"background-color":"","background-image":"","background-repeat":"repeat","background-position":"center center","background-size":"auto","background-attachment":"scroll","background-type":"","background-media":"","overlay-type":"","overlay-color":"","overlay-opacity":"","overlay-gradient":""},"mobile":{"background-color":"","background-image":"","background-repeat":"repeat","background-position":"center center","background-size":"auto","background-attachment":"scroll","background-type":"","background-media":"","overlay-type":"","overlay-color":"","overlay-opacity":"","overlay-gradient":""}},"ast-content-background-meta":{"desktop":{"background-color":"var(--ast-global-color-5)","background-image":"","background-repeat":"repeat","background-position":"center center","background-size":"auto","background-attachment":"scroll","background-type":"","background-media":"","overlay-type":"","overlay-color":"","overlay-opacity":"","overlay-gradient":""},"tablet":{"background-color":"var(--ast-global-color-5)","background-image":"","background-repeat":"repeat","background-position":"center center","background-size":"auto","background-attachment":"scroll","background-type":"","background-media":"","overlay-type":"","overlay-color":"","overlay-opacity":"","overlay-gradient":""},"mobile":{"background-color":"var(--ast-global-color-5)","background-image":"","background-repeat":"repeat","background-position":"center center","background-size":"auto","background-attachment":"scroll","background-type":"","background-media":"","overlay-type":"","overlay-color":"","overlay-opacity":"","overlay-gradient":""}},"footnotes":""},"class_list":["post-1127","page","type-page","status-publish","hentry"],"_hostinger_reach_plugin_has_subscription_block":false,"_hostinger_reach_plugin_is_elementor":false,"_links":{"self":[{"href":"https:\/\/ktautostyling.com\/en\/wp-json\/wp\/v2\/pages\/1127","targetHints":{"allow":["GET"]}}],"collection":[{"href":"https:\/\/ktautostyling.com\/en\/wp-json\/wp\/v2\/pages"}],"about":[{"href":"https:\/\/ktautostyling.com\/en\/wp-json\/wp\/v2\/types\/page"}],"author":[{"embeddable":true,"href":"https:\/\/ktautostyling.com\/en\/wp-json\/wp\/v2\/users\/1"}],"replies":[{"embeddable":true,"href":"https:\/\/ktautostyling.com\/en\/wp-json\/wp\/v2\/comments?post=1127"}],"version-history":[{"count":0,"href":"https:\/\/ktautostyling.com\/en\/wp-json\/wp\/v2\/pages\/1127\/revisions"}],"wp:attachment":[{"href":"https:\/\/ktautostyling.com\/en\/wp-json\/wp\/v2\/media?parent=1127"}],"curies":[{"name":"wp","href":"https:\/\/api.w.org\/{rel}","templated":true}]}}