{"id":2634,"date":"2026-01-05T15:17:04","date_gmt":"2026-01-05T15:17:04","guid":{"rendered":"https:\/\/ktautostyling.com\/?page_id=2634"},"modified":"2026-01-13T16:40:35","modified_gmt":"2026-01-13T16:40:35","slug":"renaultmegane","status":"publish","type":"page","link":"https:\/\/ktautostyling.com\/en\/projeler\/renaultmegane\/","title":{"rendered":"2000 &#8211; T\u00fcrkiye Otomobil G\u00fczellik Yar\u0131\u015fmas\u0131 Renault Megane"},"content":{"rendered":"<div data-elementor-type=\"wp-page\" data-elementor-id=\"2634\" class=\"elementor elementor-2634\" data-elementor-post-type=\"page\">\n\t\t\t\t<div class=\"elementor-element elementor-element-36e4ebd e-flex e-con-boxed e-con e-parent\" data-id=\"36e4ebd\" data-element_type=\"container\" data-settings=\"{&quot;background_background&quot;:&quot;classic&quot;}\">\n\t\t\t\t\t<div class=\"e-con-inner\">\n\t\t\t\t<div class=\"elementor-element elementor-element-f60ac7a elementor-widget elementor-widget-text-editor\" data-id=\"f60ac7a\" data-element_type=\"widget\" data-widget_type=\"text-editor.default\">\n\t\t\t\t<div class=\"elementor-widget-container\">\n\t\t\t\t\t\t\t\t\t<h2><span style=\"color: #ffffff;\">Anyone remember that Megane?<\/span><\/h2><p data-path-to-node=\"18\"><span style=\"color: #ffffff;\">Back then, fiberglass bumpers, neon lights, and custom rims were rare in Turkey.<\/span><span style=\"color: #ffffff;\">The year is 2000. For the first time in Turkey, a Car Beauty Contest is being held, and the car that stole the show is a Renault Megane designed by Kadir Tuncer.<\/span><\/p><p data-path-to-node=\"19\"><span style=\"color: #ffffff;\">That day at that competition <b data-path-to-node=\"19\" data-index-in-node=\"18\">Championship Cup<\/b>Kadir Tuncer, who pioneered this, proved to everyone that modification isn't just about adding parts, but about giving a car a soul. The journey that began with that legendary Megane continues today with the same excitement.<\/span><\/p>\t\t\t\t\t\t\t\t<\/div>\n\t\t\t\t<\/div>\n\t\t<div class=\"elementor-element elementor-element-8a02f1c e-grid e-con-full e-con e-child\" data-id=\"8a02f1c\" data-element_type=\"container\" data-settings=\"{&quot;background_background&quot;:&quot;classic&quot;}\">\n\t\t\t\t<div class=\"elementor-element elementor-element-f9b99a0 elementor-widget elementor-widget-image\" data-id=\"f9b99a0\" data-element_type=\"widget\" data-widget_type=\"image.default\">\n\t\t\t\t<div class=\"elementor-widget-container\">\n\t\t\t\t\t\t\t\t\t\t\t\t\t\t\t\t<a href=\"https:\/\/ktautostyling.com\/wp-content\/uploads\/2026\/01\/DERGI1.jpg\" data-elementor-open-lightbox=\"yes\" data-elementor-lightbox-title=\"2000 Y\u0131l\u0131 Otomobil G\u00fczellik Yar\u0131\u015fmas\u0131 \u015eampiyonu\" data-e-action-hash=\"#elementor-action%3Aaction%3Dlightbox%26settings%3DeyJpZCI6MjY5NCwidXJsIjoiaHR0cHM6XC9cL2t0YXV0b3N0eWxpbmcuY29tXC93cC1jb250ZW50XC91cGxvYWRzXC8yMDI2XC8wMVwvREVSR0kxLmpwZyJ9\">\n\t\t\t\t\t\t\t<img fetchpriority=\"high\" decoding=\"async\" width=\"750\" height=\"923\" src=\"https:\/\/ktautostyling.com\/wp-content\/uploads\/2026\/01\/DERGI1.jpg\" class=\"attachment-large size-large wp-image-2694\" alt=\"DERGI1\" srcset=\"https:\/\/ktautostyling.com\/wp-content\/uploads\/2026\/01\/DERGI1.jpg 750w, https:\/\/ktautostyling.com\/wp-content\/uploads\/2026\/01\/DERGI1-244x300.jpg 244w, https:\/\/ktautostyling.com\/wp-content\/uploads\/2026\/01\/DERGI1-10x12.jpg 10w\" sizes=\"(max-width: 750px) 100vw, 750px\" title=\"2000 - T\u00fcrkiye Otomobil G\u00fczellik Yar\u0131\u015fmas\u0131 Renault Megane\">\t\t\t\t\t\t\t\t<\/a>\n\t\t\t\t\t\t\t\t\t\t\t\t\t\t\t<\/div>\n\t\t\t\t<\/div>\n\t\t\t\t<div class=\"elementor-element elementor-element-1e100d2 elementor-widget elementor-widget-image\" data-id=\"1e100d2\" data-element_type=\"widget\" data-widget_type=\"image.default\">\n\t\t\t\t<div class=\"elementor-widget-container\">\n\t\t\t\t\t\t\t\t\t\t\t\t\t\t\t\t<a href=\"https:\/\/ktautostyling.com\/wp-content\/uploads\/2026\/01\/SampiyonMegane.webp\" data-elementor-open-lightbox=\"yes\" data-elementor-lightbox-title=\"\u015eampiyon Megane\" data-elementor-lightbox-description=\"&lt;b&gt;Renault Megane&lt;\/b&gt;&lt;br&gt;T\u00fcrkiye Otomobil G\u00fczellik Yar\u0131\u015fmas\u0131 \u015eampiyonu&lt;br&gt;\" data-e-action-hash=\"#elementor-action%3Aaction%3Dlightbox%26settings%3DeyJpZCI6MjY4NiwidXJsIjoiaHR0cHM6XC9cL2t0YXV0b3N0eWxpbmcuY29tXC93cC1jb250ZW50XC91cGxvYWRzXC8yMDI2XC8wMVwvU2FtcGl5b25NZWdhbmUud2VicCJ9\">\n\t\t\t\t\t\t\t<img decoding=\"async\" width=\"1024\" height=\"1024\" src=\"https:\/\/ktautostyling.com\/wp-content\/uploads\/2026\/01\/SampiyonMegane.webp\" class=\"attachment-large size-large wp-image-2686\" alt=\"\u015eampiyonmegane\" srcset=\"https:\/\/ktautostyling.com\/wp-content\/uploads\/2026\/01\/SampiyonMegane.webp 1024w, https:\/\/ktautostyling.com\/wp-content\/uploads\/2026\/01\/SampiyonMegane-300x300.webp 300w, https:\/\/ktautostyling.com\/wp-content\/uploads\/2026\/01\/SampiyonMegane-150x150.webp 150w, https:\/\/ktautostyling.com\/wp-content\/uploads\/2026\/01\/SampiyonMegane-768x768.webp 768w, https:\/\/ktautostyling.com\/wp-content\/uploads\/2026\/01\/SampiyonMegane-12x12.webp 12w\" sizes=\"(max-width: 1024px) 100vw, 1024px\" title=\"2000 - T\u00fcrkiye Otomobil G\u00fczellik Yar\u0131\u015fmas\u0131 Renault Megane\">\t\t\t\t\t\t\t\t<\/a>\n\t\t\t\t\t\t\t\t\t\t\t\t\t\t\t<\/div>\n\t\t\t\t<\/div>\n\t\t\t\t<div class=\"elementor-element elementor-element-35026af elementor-widget elementor-widget-image\" data-id=\"35026af\" data-element_type=\"widget\" data-widget_type=\"image.default\">\n\t\t\t\t<div class=\"elementor-widget-container\">\n\t\t\t\t\t\t\t\t\t\t\t\t\t\t\t\t<a href=\"https:\/\/ktautostyling.com\/wp-content\/uploads\/2026\/01\/357-4.webp\" data-elementor-open-lightbox=\"yes\" data-e-action-hash=\"#elementor-action%3Aaction%3Dlightbox%26settings%3DeyJpZCI6MjYyNCwidXJsIjoiaHR0cHM6XC9cL2t0YXV0b3N0eWxpbmcuY29tXC93cC1jb250ZW50XC91cGxvYWRzXC8yMDI2XC8wMVwvMzU3LTQud2VicCJ9\">\n\t\t\t\t\t\t\t<img decoding=\"async\" width=\"600\" height=\"600\" src=\"https:\/\/ktautostyling.com\/wp-content\/uploads\/2026\/01\/357-4.webp\" class=\"attachment-large size-large wp-image-2624\" alt=\"357 4\" srcset=\"https:\/\/ktautostyling.com\/wp-content\/uploads\/2026\/01\/357-4.webp 600w, https:\/\/ktautostyling.com\/wp-content\/uploads\/2026\/01\/357-4-300x300.webp 300w, https:\/\/ktautostyling.com\/wp-content\/uploads\/2026\/01\/357-4-150x150.webp 150w, https:\/\/ktautostyling.com\/wp-content\/uploads\/2026\/01\/357-4-12x12.webp 12w\" sizes=\"(max-width: 600px) 100vw, 600px\" title=\"2000 - T\u00fcrkiye Otomobil G\u00fczellik Yar\u0131\u015fmas\u0131 Renault Megane\">\t\t\t\t\t\t\t\t<\/a>\n\t\t\t\t\t\t\t\t\t\t\t\t\t\t\t<\/div>\n\t\t\t\t<\/div>\n\t\t\t\t<div class=\"elementor-element elementor-element-3d99861 elementor-widget elementor-widget-image\" data-id=\"3d99861\" data-element_type=\"widget\" data-widget_type=\"image.default\">\n\t\t\t\t<div class=\"elementor-widget-container\">\n\t\t\t\t\t\t\t\t\t\t\t\t\t\t\t\t<a href=\"https:\/\/ktautostyling.com\/wp-content\/uploads\/2026\/01\/34156.webp\" data-elementor-open-lightbox=\"yes\" data-e-action-hash=\"#elementor-action%3Aaction%3Dlightbox%26settings%3DeyJpZCI6MjYzMCwidXJsIjoiaHR0cHM6XC9cL2t0YXV0b3N0eWxpbmcuY29tXC93cC1jb250ZW50XC91cGxvYWRzXC8yMDI2XC8wMVwvMzQxNTYud2VicCJ9\">\n\t\t\t\t\t\t\t<img loading=\"lazy\" decoding=\"async\" width=\"600\" height=\"600\" src=\"https:\/\/ktautostyling.com\/wp-content\/uploads\/2026\/01\/34156.webp\" class=\"attachment-large size-large wp-image-2630\" alt=\"34156\" srcset=\"https:\/\/ktautostyling.com\/wp-content\/uploads\/2026\/01\/34156.webp 600w, https:\/\/ktautostyling.com\/wp-content\/uploads\/2026\/01\/34156-300x300.webp 300w, https:\/\/ktautostyling.com\/wp-content\/uploads\/2026\/01\/34156-150x150.webp 150w, https:\/\/ktautostyling.com\/wp-content\/uploads\/2026\/01\/34156-12x12.webp 12w\" sizes=\"(max-width: 600px) 100vw, 600px\" title=\"2000 - T\u00fcrkiye Otomobil G\u00fczellik Yar\u0131\u015fmas\u0131 Renault Megane\">\t\t\t\t\t\t\t\t<\/a>\n\t\t\t\t\t\t\t\t\t\t\t\t\t\t\t<\/div>\n\t\t\t\t<\/div>\n\t\t\t\t<div class=\"elementor-element elementor-element-7b65979 elementor-widget elementor-widget-image\" data-id=\"7b65979\" data-element_type=\"widget\" data-widget_type=\"image.default\">\n\t\t\t\t<div class=\"elementor-widget-container\">\n\t\t\t\t\t\t\t\t\t\t\t\t\t\t\t\t<a href=\"https:\/\/ktautostyling.com\/wp-content\/uploads\/2026\/01\/34512.webp\" data-elementor-open-lightbox=\"yes\" data-e-action-hash=\"#elementor-action%3Aaction%3Dlightbox%26settings%3DeyJpZCI6MjYyOSwidXJsIjoiaHR0cHM6XC9cL2t0YXV0b3N0eWxpbmcuY29tXC93cC1jb250ZW50XC91cGxvYWRzXC8yMDI2XC8wMVwvMzQ1MTIud2VicCJ9\">\n\t\t\t\t\t\t\t<img loading=\"lazy\" decoding=\"async\" width=\"600\" height=\"600\" src=\"https:\/\/ktautostyling.com\/wp-content\/uploads\/2026\/01\/34512.webp\" class=\"attachment-large size-large wp-image-2629\" alt=\"34512\" srcset=\"https:\/\/ktautostyling.com\/wp-content\/uploads\/2026\/01\/34512.webp 600w, https:\/\/ktautostyling.com\/wp-content\/uploads\/2026\/01\/34512-300x300.webp 300w, https:\/\/ktautostyling.com\/wp-content\/uploads\/2026\/01\/34512-150x150.webp 150w, https:\/\/ktautostyling.com\/wp-content\/uploads\/2026\/01\/34512-12x12.webp 12w\" sizes=\"(max-width: 600px) 100vw, 600px\" title=\"2000 - T\u00fcrkiye Otomobil G\u00fczellik Yar\u0131\u015fmas\u0131 Renault Megane\">\t\t\t\t\t\t\t\t<\/a>\n\t\t\t\t\t\t\t\t\t\t\t\t\t\t\t<\/div>\n\t\t\t\t<\/div>\n\t\t\t\t<div class=\"elementor-element elementor-element-f3855a2 elementor-widget elementor-widget-image\" data-id=\"f3855a2\" data-element_type=\"widget\" data-widget_type=\"image.default\">\n\t\t\t\t<div class=\"elementor-widget-container\">\n\t\t\t\t\t\t\t\t\t\t\t\t\t\t\t\t<a href=\"https:\/\/ktautostyling.com\/wp-content\/uploads\/2026\/01\/3232.webp\" data-elementor-open-lightbox=\"yes\" data-e-action-hash=\"#elementor-action%3Aaction%3Dlightbox%26settings%3DeyJpZCI6MjYyNSwidXJsIjoiaHR0cHM6XC9cL2t0YXV0b3N0eWxpbmcuY29tXC93cC1jb250ZW50XC91cGxvYWRzXC8yMDI2XC8wMVwvMzIzMi53ZWJwIn0%3D\">\n\t\t\t\t\t\t\t<img loading=\"lazy\" decoding=\"async\" width=\"600\" height=\"600\" src=\"https:\/\/ktautostyling.com\/wp-content\/uploads\/2026\/01\/3232.webp\" class=\"attachment-large size-large wp-image-2625\" alt=\"3232\" srcset=\"https:\/\/ktautostyling.com\/wp-content\/uploads\/2026\/01\/3232.webp 600w, https:\/\/ktautostyling.com\/wp-content\/uploads\/2026\/01\/3232-300x300.webp 300w, https:\/\/ktautostyling.com\/wp-content\/uploads\/2026\/01\/3232-150x150.webp 150w, https:\/\/ktautostyling.com\/wp-content\/uploads\/2026\/01\/3232-12x12.webp 12w\" sizes=\"(max-width: 600px) 100vw, 600px\" title=\"2000 - T\u00fcrkiye Otomobil G\u00fczellik Yar\u0131\u015fmas\u0131 Renault Megane\">\t\t\t\t\t\t\t\t<\/a>\n\t\t\t\t\t\t\t\t\t\t\t\t\t\t\t<\/div>\n\t\t\t\t<\/div>\n\t\t\t\t<div class=\"elementor-element elementor-element-64f7670 elementor-widget elementor-widget-image\" data-id=\"64f7670\" data-element_type=\"widget\" data-widget_type=\"image.default\">\n\t\t\t\t<div class=\"elementor-widget-container\">\n\t\t\t\t\t\t\t\t\t\t\t\t\t\t\t\t<a href=\"https:\/\/ktautostyling.com\/wp-content\/uploads\/2026\/01\/555416544_25142560082008620_4128715650812705052_n-kopya.webp\" data-elementor-open-lightbox=\"yes\" data-e-action-hash=\"#elementor-action%3Aaction%3Dlightbox%26settings%3DeyJpZCI6MjYyNywidXJsIjoiaHR0cHM6XC9cL2t0YXV0b3N0eWxpbmcuY29tXC93cC1jb250ZW50XC91cGxvYWRzXC8yMDI2XC8wMVwvNTU1NDE2NTQ0XzI1MTQyNTYwMDgyMDA4NjIwXzQxMjg3MTU2NTA4MTI3MDUwNTJfbi1rb3B5YS53ZWJwIn0%3D\">\n\t\t\t\t\t\t\t<img loading=\"lazy\" decoding=\"async\" width=\"398\" height=\"398\" src=\"https:\/\/ktautostyling.com\/wp-content\/uploads\/2026\/01\/555416544_25142560082008620_4128715650812705052_n-kopya.webp\" class=\"attachment-large size-large wp-image-2627\" alt=\"555416544 25142560082008620 4128715650812705052 N Kopya\" srcset=\"https:\/\/ktautostyling.com\/wp-content\/uploads\/2026\/01\/555416544_25142560082008620_4128715650812705052_n-kopya.webp 398w, https:\/\/ktautostyling.com\/wp-content\/uploads\/2026\/01\/555416544_25142560082008620_4128715650812705052_n-kopya-300x300.webp 300w, https:\/\/ktautostyling.com\/wp-content\/uploads\/2026\/01\/555416544_25142560082008620_4128715650812705052_n-kopya-150x150.webp 150w, https:\/\/ktautostyling.com\/wp-content\/uploads\/2026\/01\/555416544_25142560082008620_4128715650812705052_n-kopya-12x12.webp 12w\" sizes=\"(max-width: 398px) 100vw, 398px\" title=\"2000 - T\u00fcrkiye Otomobil G\u00fczellik Yar\u0131\u015fmas\u0131 Renault Megane\">\t\t\t\t\t\t\t\t<\/a>\n\t\t\t\t\t\t\t\t\t\t\t\t\t\t\t<\/div>\n\t\t\t\t<\/div>\n\t\t\t\t<div class=\"elementor-element elementor-element-7850628 elementor-widget elementor-widget-image\" data-id=\"7850628\" data-element_type=\"widget\" data-widget_type=\"image.default\">\n\t\t\t\t<div class=\"elementor-widget-container\">\n\t\t\t\t\t\t\t\t\t\t\t\t\t\t\t\t<a href=\"https:\/\/ktautostyling.com\/wp-content\/uploads\/2026\/01\/e.webp\" data-elementor-open-lightbox=\"yes\" data-e-action-hash=\"#elementor-action%3Aaction%3Dlightbox%26settings%3DeyJpZCI6MjYyOCwidXJsIjoiaHR0cHM6XC9cL2t0YXV0b3N0eWxpbmcuY29tXC93cC1jb250ZW50XC91cGxvYWRzXC8yMDI2XC8wMVwvZS53ZWJwIn0%3D\">\n\t\t\t\t\t\t\t<img loading=\"lazy\" decoding=\"async\" width=\"336\" height=\"336\" src=\"https:\/\/ktautostyling.com\/wp-content\/uploads\/2026\/01\/e.webp\" class=\"attachment-large size-large wp-image-2628\" alt=\"E\" srcset=\"https:\/\/ktautostyling.com\/wp-content\/uploads\/2026\/01\/e.webp 336w, https:\/\/ktautostyling.com\/wp-content\/uploads\/2026\/01\/e-300x300.webp 300w, https:\/\/ktautostyling.com\/wp-content\/uploads\/2026\/01\/e-150x150.webp 150w, https:\/\/ktautostyling.com\/wp-content\/uploads\/2026\/01\/e-12x12.webp 12w\" sizes=\"(max-width: 336px) 100vw, 336px\" title=\"2000 - T\u00fcrkiye Otomobil G\u00fczellik Yar\u0131\u015fmas\u0131 Renault Megane\">\t\t\t\t\t\t\t\t<\/a>\n\t\t\t\t\t\t\t\t\t\t\t\t\t\t\t<\/div>\n\t\t\t\t<\/div>\n\t\t\t\t<div class=\"elementor-element elementor-element-65b0b50 elementor-widget elementor-widget-image\" data-id=\"65b0b50\" data-element_type=\"widget\" data-widget_type=\"image.default\">\n\t\t\t\t<div class=\"elementor-widget-container\">\n\t\t\t\t\t\t\t\t\t\t\t\t\t\t\t\t<a href=\"https:\/\/ktautostyling.com\/wp-content\/uploads\/2026\/01\/3443.webp\" data-elementor-open-lightbox=\"yes\" data-e-action-hash=\"#elementor-action%3Aaction%3Dlightbox%26settings%3DeyJpZCI6MjYyNiwidXJsIjoiaHR0cHM6XC9cL2t0YXV0b3N0eWxpbmcuY29tXC93cC1jb250ZW50XC91cGxvYWRzXC8yMDI2XC8wMVwvMzQ0My53ZWJwIn0%3D\">\n\t\t\t\t\t\t\t<img loading=\"lazy\" decoding=\"async\" width=\"339\" height=\"339\" src=\"https:\/\/ktautostyling.com\/wp-content\/uploads\/2026\/01\/3443.webp\" class=\"attachment-large size-large wp-image-2626\" alt=\"3443\" srcset=\"https:\/\/ktautostyling.com\/wp-content\/uploads\/2026\/01\/3443.webp 339w, https:\/\/ktautostyling.com\/wp-content\/uploads\/2026\/01\/3443-300x300.webp 300w, https:\/\/ktautostyling.com\/wp-content\/uploads\/2026\/01\/3443-150x150.webp 150w, https:\/\/ktautostyling.com\/wp-content\/uploads\/2026\/01\/3443-12x12.webp 12w\" sizes=\"(max-width: 339px) 100vw, 339px\" title=\"2000 - T\u00fcrkiye Otomobil G\u00fczellik Yar\u0131\u015fmas\u0131 Renault Megane\">\t\t\t\t\t\t\t\t<\/a>\n\t\t\t\t\t\t\t\t\t\t\t\t\t\t\t<\/div>\n\t\t\t\t<\/div>\n\t\t\t\t<\/div>\n\t\t\t\t<div class=\"elementor-element elementor-element-8e07d3c elementor-widget elementor-widget-button\" data-id=\"8e07d3c\" data-element_type=\"widget\" data-widget_type=\"button.default\">\n\t\t\t\t<div class=\"elementor-widget-container\">\n\t\t\t\t\t\t\t\t\t<div class=\"elementor-button-wrapper\">\n\t\t\t\t\t<a class=\"elementor-button elementor-button-link elementor-size-sm\" href=\"https:\/\/ktautostyling.com\/en\/projeler\/\">\n\t\t\t\t\t\t<span class=\"elementor-button-content-wrapper\">\n\t\t\t\t\t\t\t\t\t<span class=\"elementor-button-text\">Go back<\/span>\n\t\t\t\t\t<\/span>\n\t\t\t\t\t<\/a>\n\t\t\t\t<\/div>\n\t\t\t\t\t\t\t\t<\/div>\n\t\t\t\t<\/div>\n\t\t\t\t<div class=\"elementor-element elementor-element-f3f2a6a elementor-post-navigation-borders-yes elementor-widget elementor-widget-post-navigation\" data-id=\"f3f2a6a\" data-element_type=\"widget\" data-widget_type=\"post-navigation.default\">\n\t\t\t\t<div class=\"elementor-widget-container\">\n\t\t\t\t\t\t\t<div class=\"elementor-post-navigation\" role=\"navigation\" aria-label=\"Post Navigation\">\n\t\t\t<div class=\"elementor-post-navigation__prev elementor-post-navigation__link\">\n\t\t\t\t<a href=\"https:\/\/ktautostyling.com\/en\/projeler\/peugeot106\/\" rel=\"prev\"><span class=\"post-navigation__arrow-wrapper post-navigation__arrow-prev\"><i aria-hidden=\"true\" class=\"fas fa-angle-left\"><\/i><span class=\"elementor-screen-only\">Prev<\/span><\/span><span class=\"elementor-post-navigation__link__prev\"><span class=\"post-navigation__prev--label\">Previous<\/span><span class=\"post-navigation__prev--title\">Peugeot 106<\/span><\/span><\/a>\t\t\t<\/div>\n\t\t\t\t\t\t\t<div class=\"elementor-post-navigation__separator-wrapper\">\n\t\t\t\t\t<div class=\"elementor-post-navigation__separator\"><\/div>\n\t\t\t\t<\/div>\n\t\t\t\t\t\t<div class=\"elementor-post-navigation__next elementor-post-navigation__link\">\n\t\t\t\t<a href=\"https:\/\/ktautostyling.com\/en\/projeler\/toyota\/\" rel=\"next\"><span class=\"elementor-post-navigation__link__next\"><span class=\"post-navigation__next--label\">Next<\/span><span class=\"post-navigation__next--title\">Toyota Land Cruiser BJ73<\/span><\/span><span class=\"post-navigation__arrow-wrapper post-navigation__arrow-next\"><i aria-hidden=\"true\" class=\"fas fa-angle-right\"><\/i><span class=\"elementor-screen-only\">Next<\/span><\/span><\/a>\t\t\t<\/div>\n\t\t<\/div>\n\t\t\t\t\t\t<\/div>\n\t\t\t\t<\/div>\n\t\t\t\t\t<\/div>\n\t\t\t\t<\/div>\n\t\t\t\t<\/div>","protected":false},"excerpt":{"rendered":"<p>O Megane&#8217;\u0131 Hat\u0131rlayanlar? Hen\u00fcz fiber tamponlar\u0131n, neon \u0131\u015f\u0131klar\u0131n ve \u00f6zel jantlar\u0131n T\u00fcrkiye&#8217;de nadir bulundu\u011fu zamanlar&#8230; 2000 y\u0131l\u0131. T\u00fcrkiye&#8217;de ilk kez bir Otomobil G\u00fczellik Yar\u0131\u015fmas\u0131 d\u00fczenleniyor ve pistin tozunu att\u0131ran o ara\u00e7: Kadir Tuncer imzal\u0131 Renault Megane. O g\u00fcn o yar\u0131\u015fmada \u015eampiyonluk Kupas\u0131&#8216;n\u0131 kald\u0131ran Kadir Tuncer, modifiyenin sadece par\u00e7a takmak de\u011fil, araca ruh katmak oldu\u011funu herkese [&hellip;]<\/p>","protected":false},"author":1,"featured_media":0,"parent":1129,"menu_order":0,"comment_status":"closed","ping_status":"closed","template":"","meta":{"site-sidebar-layout":"no-sidebar","site-content-layout":"page-builder","ast-site-content-layout":"full-width-container","site-content-style":"default","site-sidebar-style":"default","ast-global-header-display":"","ast-banner-title-visibility":"","ast-main-header-display":"","ast-hfb-above-header-display":"","ast-hfb-below-header-display":"","ast-hfb-mobile-header-display":"","site-post-title":"disabled","ast-breadcrumbs-content":"","ast-featured-img":"disabled","footer-sml-layout":"","ast-disable-related-posts":"","theme-transparent-header-meta":"","adv-header-id-meta":"","stick-header-meta":"","header-above-stick-meta":"","header-main-stick-meta":"","header-below-stick-meta":"","astra-migrate-meta-layouts":"set","ast-page-background-enabled":"default","ast-page-background-meta":{"desktop":{"background-color":"","background-image":"","background-repeat":"repeat","background-position":"center center","background-size":"auto","background-attachment":"scroll","background-type":"","background-media":"","overlay-type":"","overlay-color":"","overlay-opacity":"","overlay-gradient":""},"tablet":{"background-color":"","background-image":"","background-repeat":"repeat","background-position":"center center","background-size":"auto","background-attachment":"scroll","background-type":"","background-media":"","overlay-type":"","overlay-color":"","overlay-opacity":"","overlay-gradient":""},"mobile":{"background-color":"","background-image":"","background-repeat":"repeat","background-position":"center center","background-size":"auto","background-attachment":"scroll","background-type":"","background-media":"","overlay-type":"","overlay-color":"","overlay-opacity":"","overlay-gradient":""}},"ast-content-background-meta":{"desktop":{"background-color":"var(--ast-global-color-5)","background-image":"","background-repeat":"repeat","background-position":"center center","background-size":"auto","background-attachment":"scroll","background-type":"","background-media":"","overlay-type":"","overlay-color":"","overlay-opacity":"","overlay-gradient":""},"tablet":{"background-color":"var(--ast-global-color-5)","background-image":"","background-repeat":"repeat","background-position":"center center","background-size":"auto","background-attachment":"scroll","background-type":"","background-media":"","overlay-type":"","overlay-color":"","overlay-opacity":"","overlay-gradient":""},"mobile":{"background-color":"var(--ast-global-color-5)","background-image":"","background-repeat":"repeat","background-position":"center center","background-size":"auto","background-attachment":"scroll","background-type":"","background-media":"","overlay-type":"","overlay-color":"","overlay-opacity":"","overlay-gradient":""}},"footnotes":""},"class_list":["post-2634","page","type-page","status-publish","hentry"],"_hostinger_reach_plugin_has_subscription_block":false,"_hostinger_reach_plugin_is_elementor":false,"_links":{"self":[{"href":"https:\/\/ktautostyling.com\/en\/wp-json\/wp\/v2\/pages\/2634","targetHints":{"allow":["GET"]}}],"collection":[{"href":"https:\/\/ktautostyling.com\/en\/wp-json\/wp\/v2\/pages"}],"about":[{"href":"https:\/\/ktautostyling.com\/en\/wp-json\/wp\/v2\/types\/page"}],"author":[{"embeddable":true,"href":"https:\/\/ktautostyling.com\/en\/wp-json\/wp\/v2\/users\/1"}],"replies":[{"embeddable":true,"href":"https:\/\/ktautostyling.com\/en\/wp-json\/wp\/v2\/comments?post=2634"}],"version-history":[{"count":0,"href":"https:\/\/ktautostyling.com\/en\/wp-json\/wp\/v2\/pages\/2634\/revisions"}],"up":[{"embeddable":true,"href":"https:\/\/ktautostyling.com\/en\/wp-json\/wp\/v2\/pages\/1129"}],"wp:attachment":[{"href":"https:\/\/ktautostyling.com\/en\/wp-json\/wp\/v2\/media?parent=2634"}],"curies":[{"name":"wp","href":"https:\/\/api.w.org\/{rel}","templated":true}]}}