{"id":2727,"date":"2026-01-07T15:04:18","date_gmt":"2026-01-07T15:04:18","guid":{"rendered":"https:\/\/ktautostyling.com\/?page_id=2727"},"modified":"2026-01-13T16:44:04","modified_gmt":"2026-01-13T16:44:04","slug":"toyota","status":"publish","type":"page","link":"https:\/\/ktautostyling.com\/en\/projeler\/toyota\/","title":{"rendered":"Toyota Land Cruiser BJ73"},"content":{"rendered":"<div data-elementor-type=\"wp-page\" data-elementor-id=\"2727\" class=\"elementor elementor-2727\" data-elementor-post-type=\"page\">\n\t\t\t\t<div class=\"elementor-element elementor-element-0b4ae7d e-flex e-con-boxed e-con e-parent\" data-id=\"0b4ae7d\" data-element_type=\"container\" data-settings=\"{&quot;background_background&quot;:&quot;classic&quot;}\">\n\t\t\t\t\t<div class=\"e-con-inner\">\n\t\t\t\t<div class=\"elementor-element elementor-element-f57bbad elementor-widget elementor-widget-text-editor\" data-id=\"f57bbad\" data-element_type=\"widget\" data-widget_type=\"text-editor.default\">\n\t\t\t\t<div class=\"elementor-widget-container\">\n\t\t\t\t\t\t\t\t\t<h2><span style=\"color: #ffffff;\">A Legacy from Father, a Signature from Son: Toyota Land Cruiser BJ73<\/span><\/h2><p data-path-to-node=\"6\"><span style=\"color: #ffffff;\">Hundreds of vehicles have come and gone from our garage, but this one holds a special place in our hearts. This legendary Toyota Land Cruiser BJ73, inherited from our late father, was not just a business for KT Autostyling, it was a matter of honor.<\/span><\/p><p data-path-to-node=\"7\"><span style=\"color: #ffffff;\">We brought this magnificent old tree, bearing the wear and tear of years, back to life with a \u2018Nut &amp; Bolt\u2019 restoration, from its bolts to its upholstery. With its original red body, iconic white roof, and eye-catching chrome details, we continue to keep our father's memory alive on the roads. To honor him, we did our best.<\/span><\/p>\t\t\t\t\t\t\t\t<\/div>\n\t\t\t\t<\/div>\n\t\t<div class=\"elementor-element elementor-element-af2fac0 e-grid e-con-full e-con e-child\" data-id=\"af2fac0\" data-element_type=\"container\" data-settings=\"{&quot;background_background&quot;:&quot;classic&quot;}\">\n\t\t\t\t<div class=\"elementor-element elementor-element-d7b0044 elementor-widget elementor-widget-image\" data-id=\"d7b0044\" data-element_type=\"widget\" data-widget_type=\"image.default\">\n\t\t\t\t<div class=\"elementor-widget-container\">\n\t\t\t\t\t\t\t\t\t\t\t\t\t\t\t\t<a href=\"https:\/\/ktautostyling.com\/wp-content\/uploads\/2025\/12\/IMG-20251217-WA0008.jpg\" data-elementor-open-lightbox=\"yes\" data-e-action-hash=\"#elementor-action%3Aaction%3Dlightbox%26settings%3DeyJpZCI6MTA1MiwidXJsIjoiaHR0cHM6XC9cL2t0YXV0b3N0eWxpbmcuY29tXC93cC1jb250ZW50XC91cGxvYWRzXC8yMDI1XC8xMlwvSU1HLTIwMjUxMjE3LVdBMDAwOC5qcGcifQ%3D%3D\">\n\t\t\t\t\t\t\t<img fetchpriority=\"high\" decoding=\"async\" width=\"576\" height=\"1024\" src=\"https:\/\/ktautostyling.com\/wp-content\/uploads\/2025\/12\/IMG-20251217-WA0008-576x1024.jpg\" class=\"attachment-large size-large wp-image-1052\" alt=\"IMG 20251217 WA0008 576x1024\" srcset=\"https:\/\/ktautostyling.com\/wp-content\/uploads\/2025\/12\/IMG-20251217-WA0008-576x1024.jpg 576w, https:\/\/ktautostyling.com\/wp-content\/uploads\/2025\/12\/IMG-20251217-WA0008-169x300.jpg 169w, https:\/\/ktautostyling.com\/wp-content\/uploads\/2025\/12\/IMG-20251217-WA0008-768x1365.jpg 768w, https:\/\/ktautostyling.com\/wp-content\/uploads\/2025\/12\/IMG-20251217-WA0008-864x1536.jpg 864w, https:\/\/ktautostyling.com\/wp-content\/uploads\/2025\/12\/IMG-20251217-WA0008.jpg 1152w\" sizes=\"(max-width: 576px) 100vw, 576px\" title=\"Toyota Land Cruiser BJ73\">\t\t\t\t\t\t\t\t<\/a>\n\t\t\t\t\t\t\t\t\t\t\t\t\t\t\t<\/div>\n\t\t\t\t<\/div>\n\t\t\t\t<div class=\"elementor-element elementor-element-136d48d elementor-widget elementor-widget-image\" data-id=\"136d48d\" data-element_type=\"widget\" data-widget_type=\"image.default\">\n\t\t\t\t<div class=\"elementor-widget-container\">\n\t\t\t\t\t\t\t\t\t\t\t\t\t\t\t\t<a href=\"https:\/\/ktautostyling.com\/wp-content\/uploads\/2025\/12\/IMG-20251217-WA0009.jpg\" data-elementor-open-lightbox=\"yes\" data-e-action-hash=\"#elementor-action%3Aaction%3Dlightbox%26settings%3DeyJpZCI6MTA1MywidXJsIjoiaHR0cHM6XC9cL2t0YXV0b3N0eWxpbmcuY29tXC93cC1jb250ZW50XC91cGxvYWRzXC8yMDI1XC8xMlwvSU1HLTIwMjUxMjE3LVdBMDAwOS5qcGcifQ%3D%3D\">\n\t\t\t\t\t\t\t<img decoding=\"async\" width=\"473\" height=\"1024\" src=\"https:\/\/ktautostyling.com\/wp-content\/uploads\/2025\/12\/IMG-20251217-WA0009-473x1024.jpg\" class=\"attachment-large size-large wp-image-1053\" alt=\"IMG 20251217 WA0009 473x1024\" srcset=\"https:\/\/ktautostyling.com\/wp-content\/uploads\/2025\/12\/IMG-20251217-WA0009-473x1024.jpg 473w, https:\/\/ktautostyling.com\/wp-content\/uploads\/2025\/12\/IMG-20251217-WA0009-138x300.jpg 138w, https:\/\/ktautostyling.com\/wp-content\/uploads\/2025\/12\/IMG-20251217-WA0009-768x1664.jpg 768w, https:\/\/ktautostyling.com\/wp-content\/uploads\/2025\/12\/IMG-20251217-WA0009-709x1536.jpg 709w, https:\/\/ktautostyling.com\/wp-content\/uploads\/2025\/12\/IMG-20251217-WA0009.jpg 945w\" sizes=\"(max-width: 473px) 100vw, 473px\" title=\"Toyota Land Cruiser BJ73\">\t\t\t\t\t\t\t\t<\/a>\n\t\t\t\t\t\t\t\t\t\t\t\t\t\t\t<\/div>\n\t\t\t\t<\/div>\n\t\t\t\t<div class=\"elementor-element elementor-element-15cd19a elementor-widget elementor-widget-image\" data-id=\"15cd19a\" data-element_type=\"widget\" data-widget_type=\"image.default\">\n\t\t\t\t<div class=\"elementor-widget-container\">\n\t\t\t\t\t\t\t\t\t\t\t\t\t\t\t\t<a href=\"https:\/\/ktautostyling.com\/wp-content\/uploads\/2025\/12\/IMG-20251217-WA0006.jpg\" data-elementor-open-lightbox=\"yes\" data-e-action-hash=\"#elementor-action%3Aaction%3Dlightbox%26settings%3DeyJpZCI6MTA1MCwidXJsIjoiaHR0cHM6XC9cL2t0YXV0b3N0eWxpbmcuY29tXC93cC1jb250ZW50XC91cGxvYWRzXC8yMDI1XC8xMlwvSU1HLTIwMjUxMjE3LVdBMDAwNi5qcGcifQ%3D%3D\">\n\t\t\t\t\t\t\t<img decoding=\"async\" width=\"768\" height=\"1024\" src=\"https:\/\/ktautostyling.com\/wp-content\/uploads\/2025\/12\/IMG-20251217-WA0006-768x1024.jpg\" class=\"attachment-large size-large wp-image-1050\" alt=\"IMG 20251217 WA0006 768x1024\" srcset=\"https:\/\/ktautostyling.com\/wp-content\/uploads\/2025\/12\/IMG-20251217-WA0006-768x1024.jpg 768w, https:\/\/ktautostyling.com\/wp-content\/uploads\/2025\/12\/IMG-20251217-WA0006-225x300.jpg 225w, https:\/\/ktautostyling.com\/wp-content\/uploads\/2025\/12\/IMG-20251217-WA0006-1152x1536.jpg 1152w, https:\/\/ktautostyling.com\/wp-content\/uploads\/2025\/12\/IMG-20251217-WA0006.jpg 1536w\" sizes=\"(max-width: 768px) 100vw, 768px\" title=\"Toyota Land Cruiser BJ73\">\t\t\t\t\t\t\t\t<\/a>\n\t\t\t\t\t\t\t\t\t\t\t\t\t\t\t<\/div>\n\t\t\t\t<\/div>\n\t\t\t\t<div class=\"elementor-element elementor-element-427e128 elementor-widget elementor-widget-image\" data-id=\"427e128\" data-element_type=\"widget\" data-widget_type=\"image.default\">\n\t\t\t\t<div class=\"elementor-widget-container\">\n\t\t\t\t\t\t\t\t\t\t\t\t\t\t\t\t<a href=\"https:\/\/ktautostyling.com\/wp-content\/uploads\/2026\/01\/Gemini_Generated_Image_m88p4tm88p4tm88p-1.jpg\" data-elementor-open-lightbox=\"yes\" data-e-action-hash=\"#elementor-action%3Aaction%3Dlightbox%26settings%3DeyJpZCI6MzQyOCwidXJsIjoiaHR0cHM6XC9cL2t0YXV0b3N0eWxpbmcuY29tXC93cC1jb250ZW50XC91cGxvYWRzXC8yMDI2XC8wMVwvR2VtaW5pX0dlbmVyYXRlZF9JbWFnZV9tODhwNHRtODhwNHRtODhwLTEuanBnIn0%3D\">\n\t\t\t\t\t\t\t<img loading=\"lazy\" decoding=\"async\" width=\"1024\" height=\"1024\" src=\"https:\/\/ktautostyling.com\/wp-content\/uploads\/2026\/01\/Gemini_Generated_Image_m88p4tm88p4tm88p-1-1024x1024.jpg\" class=\"attachment-large size-large wp-image-3428\" alt=\"Gemini Generated Image M88p4tm88p4tm88p 1 1024x1024\" srcset=\"https:\/\/ktautostyling.com\/wp-content\/uploads\/2026\/01\/Gemini_Generated_Image_m88p4tm88p4tm88p-1-1024x1024.jpg 1024w, https:\/\/ktautostyling.com\/wp-content\/uploads\/2026\/01\/Gemini_Generated_Image_m88p4tm88p4tm88p-1-300x300.jpg 300w, https:\/\/ktautostyling.com\/wp-content\/uploads\/2026\/01\/Gemini_Generated_Image_m88p4tm88p4tm88p-1-150x150.jpg 150w, https:\/\/ktautostyling.com\/wp-content\/uploads\/2026\/01\/Gemini_Generated_Image_m88p4tm88p4tm88p-1-768x768.jpg 768w, https:\/\/ktautostyling.com\/wp-content\/uploads\/2026\/01\/Gemini_Generated_Image_m88p4tm88p4tm88p-1-1536x1536.jpg 1536w, https:\/\/ktautostyling.com\/wp-content\/uploads\/2026\/01\/Gemini_Generated_Image_m88p4tm88p4tm88p-1-12x12.jpg 12w, https:\/\/ktautostyling.com\/wp-content\/uploads\/2026\/01\/Gemini_Generated_Image_m88p4tm88p4tm88p-1.jpg 2048w\" sizes=\"(max-width: 1024px) 100vw, 1024px\" title=\"Toyota Land Cruiser BJ73\">\t\t\t\t\t\t\t\t<\/a>\n\t\t\t\t\t\t\t\t\t\t\t\t\t\t\t<\/div>\n\t\t\t\t<\/div>\n\t\t\t\t<div class=\"elementor-element elementor-element-a1fa6de elementor-widget elementor-widget-image\" data-id=\"a1fa6de\" data-element_type=\"widget\" data-widget_type=\"image.default\">\n\t\t\t\t<div class=\"elementor-widget-container\">\n\t\t\t\t\t\t\t\t\t\t\t\t\t\t\t\t<a href=\"https:\/\/ktautostyling.com\/wp-content\/uploads\/2026\/01\/BABAKE-2.jpg\" data-elementor-open-lightbox=\"yes\" data-e-action-hash=\"#elementor-action%3Aaction%3Dlightbox%26settings%3DeyJpZCI6MzQyOSwidXJsIjoiaHR0cHM6XC9cL2t0YXV0b3N0eWxpbmcuY29tXC93cC1jb250ZW50XC91cGxvYWRzXC8yMDI2XC8wMVwvQkFCQUtFLTIuanBnIn0%3D\">\n\t\t\t\t\t\t\t<img loading=\"lazy\" decoding=\"async\" width=\"1024\" height=\"1024\" src=\"https:\/\/ktautostyling.com\/wp-content\/uploads\/2026\/01\/BABAKE-2.jpg\" class=\"attachment-large size-large wp-image-3429\" alt=\"BABAKE 2\" srcset=\"https:\/\/ktautostyling.com\/wp-content\/uploads\/2026\/01\/BABAKE-2.jpg 1024w, https:\/\/ktautostyling.com\/wp-content\/uploads\/2026\/01\/BABAKE-2-300x300.jpg 300w, https:\/\/ktautostyling.com\/wp-content\/uploads\/2026\/01\/BABAKE-2-150x150.jpg 150w, https:\/\/ktautostyling.com\/wp-content\/uploads\/2026\/01\/BABAKE-2-768x768.jpg 768w, https:\/\/ktautostyling.com\/wp-content\/uploads\/2026\/01\/BABAKE-2-12x12.jpg 12w\" sizes=\"(max-width: 1024px) 100vw, 1024px\" title=\"Toyota Land Cruiser BJ73\">\t\t\t\t\t\t\t\t<\/a>\n\t\t\t\t\t\t\t\t\t\t\t\t\t\t\t<\/div>\n\t\t\t\t<\/div>\n\t\t\t\t<div class=\"elementor-element elementor-element-438f6d4 elementor-widget elementor-widget-image\" data-id=\"438f6d4\" data-element_type=\"widget\" data-widget_type=\"image.default\">\n\t\t\t\t<div class=\"elementor-widget-container\">\n\t\t\t\t\t\t\t\t\t\t\t\t\t\t\t\t<a href=\"https:\/\/ktautostyling.com\/wp-content\/uploads\/2025\/12\/IMG-20251217-WA0006.jpg\" data-elementor-open-lightbox=\"yes\" data-e-action-hash=\"#elementor-action%3Aaction%3Dlightbox%26settings%3DeyJpZCI6MTA1MCwidXJsIjoiaHR0cHM6XC9cL2t0YXV0b3N0eWxpbmcuY29tXC93cC1jb250ZW50XC91cGxvYWRzXC8yMDI1XC8xMlwvSU1HLTIwMjUxMjE3LVdBMDAwNi5qcGcifQ%3D%3D\">\n\t\t\t\t\t\t\t<img decoding=\"async\" width=\"768\" height=\"1024\" src=\"https:\/\/ktautostyling.com\/wp-content\/uploads\/2025\/12\/IMG-20251217-WA0006-768x1024.jpg\" class=\"attachment-large size-large wp-image-1050\" alt=\"IMG 20251217 WA0006 768x1024\" srcset=\"https:\/\/ktautostyling.com\/wp-content\/uploads\/2025\/12\/IMG-20251217-WA0006-768x1024.jpg 768w, https:\/\/ktautostyling.com\/wp-content\/uploads\/2025\/12\/IMG-20251217-WA0006-225x300.jpg 225w, https:\/\/ktautostyling.com\/wp-content\/uploads\/2025\/12\/IMG-20251217-WA0006-1152x1536.jpg 1152w, https:\/\/ktautostyling.com\/wp-content\/uploads\/2025\/12\/IMG-20251217-WA0006.jpg 1536w\" sizes=\"(max-width: 768px) 100vw, 768px\" title=\"Toyota Land Cruiser BJ73\">\t\t\t\t\t\t\t\t<\/a>\n\t\t\t\t\t\t\t\t\t\t\t\t\t\t\t<\/div>\n\t\t\t\t<\/div>\n\t\t\t\t<\/div>\n\t\t\t\t<div class=\"elementor-element elementor-element-d64eeba elementor-widget elementor-widget-button\" data-id=\"d64eeba\" data-element_type=\"widget\" data-widget_type=\"button.default\">\n\t\t\t\t<div class=\"elementor-widget-container\">\n\t\t\t\t\t\t\t\t\t<div class=\"elementor-button-wrapper\">\n\t\t\t\t\t<a class=\"elementor-button elementor-button-link elementor-size-sm\" href=\"https:\/\/ktautostyling.com\/en\/projeler\/\">\n\t\t\t\t\t\t<span class=\"elementor-button-content-wrapper\">\n\t\t\t\t\t\t\t\t\t<span class=\"elementor-button-text\">Go back<\/span>\n\t\t\t\t\t<\/span>\n\t\t\t\t\t<\/a>\n\t\t\t\t<\/div>\n\t\t\t\t\t\t\t\t<\/div>\n\t\t\t\t<\/div>\n\t\t\t\t<div class=\"elementor-element elementor-element-c5f3cce elementor-post-navigation-borders-yes elementor-widget elementor-widget-post-navigation\" data-id=\"c5f3cce\" data-element_type=\"widget\" data-widget_type=\"post-navigation.default\">\n\t\t\t\t<div class=\"elementor-widget-container\">\n\t\t\t\t\t\t\t<div class=\"elementor-post-navigation\" role=\"navigation\" aria-label=\"Post Navigation\">\n\t\t\t<div class=\"elementor-post-navigation__prev elementor-post-navigation__link\">\n\t\t\t\t<a href=\"https:\/\/ktautostyling.com\/en\/projeler\/renaultmegane\/\" rel=\"prev\"><span class=\"post-navigation__arrow-wrapper post-navigation__arrow-prev\"><i aria-hidden=\"true\" class=\"fas fa-angle-left\"><\/i><span class=\"elementor-screen-only\">Prev<\/span><\/span><span class=\"elementor-post-navigation__link__prev\"><span class=\"post-navigation__prev--label\">previous<\/span><span class=\"post-navigation__prev--title\">2000 &#8211; T\u00fcrkiye Otomobil G\u00fczellik Yar\u0131\u015fmas\u0131 Renault Megane<\/span><\/span><\/a>\t\t\t<\/div>\n\t\t\t\t\t\t\t<div class=\"elementor-post-navigation__separator-wrapper\">\n\t\t\t\t\t<div class=\"elementor-post-navigation__separator\"><\/div>\n\t\t\t\t<\/div>\n\t\t\t\t\t\t<div class=\"elementor-post-navigation__next elementor-post-navigation__link\">\n\t\t\t\t<a href=\"https:\/\/ktautostyling.com\/en\/projeler\/buick\/\" rel=\"next\"><span class=\"elementor-post-navigation__link__next\"><span class=\"post-navigation__next--label\">next<\/span><span class=\"post-navigation__next--title\">Buick Century<\/span><\/span><span class=\"post-navigation__arrow-wrapper post-navigation__arrow-next\"><i aria-hidden=\"true\" class=\"fas fa-angle-right\"><\/i><span class=\"elementor-screen-only\">Next<\/span><\/span><\/a>\t\t\t<\/div>\n\t\t<\/div>\n\t\t\t\t\t\t<\/div>\n\t\t\t\t<\/div>\n\t\t\t\t\t<\/div>\n\t\t\t\t<\/div>\n\t\t\t\t<\/div>","protected":false},"excerpt":{"rendered":"<p>Baba Yadigar\u0131, Evlat \u0130mzas\u0131: Toyota Land Cruiser BJ73 Garaj\u0131m\u0131zdan y\u00fczlerce ara\u00e7 geldi ge\u00e7ti ama bu arac\u0131n yeri kalbimizin en derininde. Rahmetli babam\u0131zdan bize emanet kalan bu efsanevi Toyota Land Cruiser BJ73, KT Autostyling i\u00e7in bir i\u015f de\u011fil, bir onur m\u00fccadelesiydi. Y\u0131llar\u0131n yorgunlu\u011funu ta\u015f\u0131yan bu koca \u00e7\u0131nar\u0131, c\u0131vatas\u0131ndan d\u00f6\u015femesine kadar &#8216;Nut &amp; Bolt&#8217; (en ince detay\u0131na [&hellip;]<\/p>","protected":false},"author":1,"featured_media":0,"parent":1129,"menu_order":0,"comment_status":"closed","ping_status":"closed","template":"","meta":{"site-sidebar-layout":"no-sidebar","site-content-layout":"page-builder","ast-site-content-layout":"full-width-container","site-content-style":"unboxed","site-sidebar-style":"unboxed","ast-global-header-display":"","ast-banner-title-visibility":"","ast-main-header-display":"","ast-hfb-above-header-display":"","ast-hfb-below-header-display":"","ast-hfb-mobile-header-display":"","site-post-title":"disabled","ast-breadcrumbs-content":"","ast-featured-img":"disabled","footer-sml-layout":"","ast-disable-related-posts":"","theme-transparent-header-meta":"","adv-header-id-meta":"","stick-header-meta":"","header-above-stick-meta":"","header-main-stick-meta":"","header-below-stick-meta":"","astra-migrate-meta-layouts":"set","ast-page-background-enabled":"default","ast-page-background-meta":{"desktop":{"background-color":"","background-image":"","background-repeat":"repeat","background-position":"center center","background-size":"auto","background-attachment":"scroll","background-type":"","background-media":"","overlay-type":"","overlay-color":"","overlay-opacity":"","overlay-gradient":""},"tablet":{"background-color":"","background-image":"","background-repeat":"repeat","background-position":"center center","background-size":"auto","background-attachment":"scroll","background-type":"","background-media":"","overlay-type":"","overlay-color":"","overlay-opacity":"","overlay-gradient":""},"mobile":{"background-color":"","background-image":"","background-repeat":"repeat","background-position":"center center","background-size":"auto","background-attachment":"scroll","background-type":"","background-media":"","overlay-type":"","overlay-color":"","overlay-opacity":"","overlay-gradient":""}},"ast-content-background-meta":{"desktop":{"background-color":"var(--ast-global-color-5)","background-image":"","background-repeat":"repeat","background-position":"center center","background-size":"auto","background-attachment":"scroll","background-type":"","background-media":"","overlay-type":"","overlay-color":"","overlay-opacity":"","overlay-gradient":""},"tablet":{"background-color":"var(--ast-global-color-5)","background-image":"","background-repeat":"repeat","background-position":"center center","background-size":"auto","background-attachment":"scroll","background-type":"","background-media":"","overlay-type":"","overlay-color":"","overlay-opacity":"","overlay-gradient":""},"mobile":{"background-color":"var(--ast-global-color-5)","background-image":"","background-repeat":"repeat","background-position":"center center","background-size":"auto","background-attachment":"scroll","background-type":"","background-media":"","overlay-type":"","overlay-color":"","overlay-opacity":"","overlay-gradient":""}},"footnotes":""},"class_list":["post-2727","page","type-page","status-publish","hentry"],"_hostinger_reach_plugin_has_subscription_block":false,"_hostinger_reach_plugin_is_elementor":false,"_links":{"self":[{"href":"https:\/\/ktautostyling.com\/en\/wp-json\/wp\/v2\/pages\/2727","targetHints":{"allow":["GET"]}}],"collection":[{"href":"https:\/\/ktautostyling.com\/en\/wp-json\/wp\/v2\/pages"}],"about":[{"href":"https:\/\/ktautostyling.com\/en\/wp-json\/wp\/v2\/types\/page"}],"author":[{"embeddable":true,"href":"https:\/\/ktautostyling.com\/en\/wp-json\/wp\/v2\/users\/1"}],"replies":[{"embeddable":true,"href":"https:\/\/ktautostyling.com\/en\/wp-json\/wp\/v2\/comments?post=2727"}],"version-history":[{"count":0,"href":"https:\/\/ktautostyling.com\/en\/wp-json\/wp\/v2\/pages\/2727\/revisions"}],"up":[{"embeddable":true,"href":"https:\/\/ktautostyling.com\/en\/wp-json\/wp\/v2\/pages\/1129"}],"wp:attachment":[{"href":"https:\/\/ktautostyling.com\/en\/wp-json\/wp\/v2\/media?parent=2727"}],"curies":[{"name":"wp","href":"https:\/\/api.w.org\/{rel}","templated":true}]}}