{"id":2806,"date":"2026-01-07T15:10:22","date_gmt":"2026-01-07T15:10:22","guid":{"rendered":"https:\/\/ktautostyling.com\/?page_id=2806"},"modified":"2026-01-16T00:16:03","modified_gmt":"2026-01-16T00:16:03","slug":"300zx","status":"publish","type":"page","link":"https:\/\/ktautostyling.com\/en\/projeler\/300zx\/","title":{"rendered":"Nissan 300ZX"},"content":{"rendered":"<div data-elementor-type=\"wp-page\" data-elementor-id=\"2806\" class=\"elementor elementor-2806\" data-elementor-post-type=\"page\">\n\t\t\t\t<div class=\"elementor-element elementor-element-fb460d8 e-flex e-con-boxed e-con e-parent\" data-id=\"fb460d8\" data-element_type=\"container\" data-settings=\"{&quot;background_background&quot;:&quot;classic&quot;}\">\n\t\t\t\t\t<div class=\"e-con-inner\">\n\t\t\t\t<div class=\"elementor-element elementor-element-d13d407 elementor-widget elementor-widget-text-editor\" data-id=\"d13d407\" data-element_type=\"widget\" data-widget_type=\"text-editor.default\">\n\t\t\t\t<div class=\"elementor-widget-container\">\n\t\t\t\t\t\t\t\t\t<h2><span style=\"color: #ffffff;\">Power from the East: Nissan 300ZX Custom<\/span><\/h2>\n<p data-path-to-node=\"3\"><span style=\"color: #ffffff;\">We've brought the spirit of the 90s, the pinnacle of Japanese engineering, to the present day with the vision of KT Autostyling. <b data-path-to-node=\"3\" data-index-in-node=\"96\">This project, which was Kadir Tuncer's personal vehicle and created a great stir both in Turkey and among 300ZX clubs abroad when it was exhibited at the 2007 CNR Expo;<\/b> Not just a visual feast, but also a timeless statement of performance.<\/span><\/p>\n<p data-path-to-node=\"4\"><span style=\"color: #ffffff;\">With its bespoke ventilated bonnet, aggressive front bumper, and iconic HKS Power intercooler placement, the car pushes the limits of speed even when stationary. Shaped by the elegance of white and the contrast of black details, this legend is the clearest testament to our respect for JDM culture and our timeless craftsmanship.<\/span><\/p>\t\t\t\t\t\t\t\t<\/div>\n\t\t\t\t<\/div>\n\t\t<div class=\"elementor-element elementor-element-9e37ea7 e-grid e-con-full e-con e-child\" data-id=\"9e37ea7\" data-element_type=\"container\" data-settings=\"{&quot;background_background&quot;:&quot;classic&quot;}\">\n\t\t\t\t<div class=\"elementor-element elementor-element-5821bb0 elementor-widget elementor-widget-video\" data-id=\"5821bb0\" data-element_type=\"widget\" data-settings=\"{&quot;video_type&quot;:&quot;hosted&quot;,&quot;mute&quot;:&quot;yes&quot;,&quot;controls&quot;:&quot;yes&quot;}\" data-widget_type=\"video.default\">\n\t\t\t\t<div class=\"elementor-widget-container\">\n\t\t\t\t\t\t\t<div class=\"e-hosted-video elementor-wrapper elementor-open-inline\">\n\t\t\t\t\t<video class=\"elementor-video\" src=\"https:\/\/ktautostyling.com\/wp-content\/uploads\/2026\/01\/KT-AUTO-STYLING-NISSAN-300-ZX-2.mp4\" controls=\"\" preload=\"metadata\" muted=\"muted\" controlslist=\"nodownload\"><\/video>\n\t\t\t\t<\/div>\n\t\t\t\t\t\t<\/div>\n\t\t\t\t<\/div>\n\t\t\t\t<div class=\"elementor-element elementor-element-1110a5f elementor-widget elementor-widget-image\" data-id=\"1110a5f\" data-element_type=\"widget\" data-widget_type=\"image.default\">\n\t\t\t\t<div class=\"elementor-widget-container\">\n\t\t\t\t\t\t\t\t\t\t\t\t\t\t\t\t<a href=\"https:\/\/ktautostyling.com\/wp-content\/uploads\/2026\/01\/300zx.jpg\" data-elementor-open-lightbox=\"yes\" data-e-action-hash=\"#elementor-action%3Aaction%3Dlightbox%26settings%3DeyJpZCI6Mjc3NCwidXJsIjoiaHR0cHM6XC9cL2t0YXV0b3N0eWxpbmcuY29tXC93cC1jb250ZW50XC91cGxvYWRzXC8yMDI2XC8wMVwvMzAwenguanBnIn0%3D\">\n\t\t\t\t\t\t\t<img fetchpriority=\"high\" decoding=\"async\" width=\"518\" height=\"518\" src=\"https:\/\/ktautostyling.com\/wp-content\/uploads\/2026\/01\/300zx.jpg\" class=\"attachment-large size-large wp-image-2774\" alt=\"300zx\" srcset=\"https:\/\/ktautostyling.com\/wp-content\/uploads\/2026\/01\/300zx.jpg 518w, https:\/\/ktautostyling.com\/wp-content\/uploads\/2026\/01\/300zx-300x300.jpg 300w, https:\/\/ktautostyling.com\/wp-content\/uploads\/2026\/01\/300zx-150x150.jpg 150w, https:\/\/ktautostyling.com\/wp-content\/uploads\/2026\/01\/300zx-12x12.jpg 12w\" sizes=\"(max-width: 518px) 100vw, 518px\" title=\"Nissan 300ZX\">\t\t\t\t\t\t\t\t<\/a>\n\t\t\t\t\t\t\t\t\t\t\t\t\t\t\t<\/div>\n\t\t\t\t<\/div>\n\t\t\t\t<div class=\"elementor-element elementor-element-313e5b7 elementor-widget elementor-widget-image\" data-id=\"313e5b7\" data-element_type=\"widget\" data-widget_type=\"image.default\">\n\t\t\t\t<div class=\"elementor-widget-container\">\n\t\t\t\t\t\t\t\t\t\t\t\t\t\t\t\t<a href=\"https:\/\/ktautostyling.com\/wp-content\/uploads\/2026\/01\/555690733_25142562248675070_3445907540869095229_n.jpg\" data-elementor-open-lightbox=\"yes\" data-e-action-hash=\"#elementor-action%3Aaction%3Dlightbox%26settings%3DeyJpZCI6Mjc3MiwidXJsIjoiaHR0cHM6XC9cL2t0YXV0b3N0eWxpbmcuY29tXC93cC1jb250ZW50XC91cGxvYWRzXC8yMDI2XC8wMVwvNTU1NjkwNzMzXzI1MTQyNTYyMjQ4Njc1MDcwXzM0NDU5MDc1NDA4NjkwOTUyMjlfbi5qcGcifQ%3D%3D\">\n\t\t\t\t\t\t\t<img decoding=\"async\" width=\"500\" height=\"375\" src=\"https:\/\/ktautostyling.com\/wp-content\/uploads\/2026\/01\/555690733_25142562248675070_3445907540869095229_n.jpg\" class=\"attachment-large size-large wp-image-2772\" alt=\"555690733 25142562248675070 3445907540869095229 N\" srcset=\"https:\/\/ktautostyling.com\/wp-content\/uploads\/2026\/01\/555690733_25142562248675070_3445907540869095229_n.jpg 500w, https:\/\/ktautostyling.com\/wp-content\/uploads\/2026\/01\/555690733_25142562248675070_3445907540869095229_n-300x225.jpg 300w, https:\/\/ktautostyling.com\/wp-content\/uploads\/2026\/01\/555690733_25142562248675070_3445907540869095229_n-16x12.jpg 16w\" sizes=\"(max-width: 500px) 100vw, 500px\" title=\"Nissan 300ZX\">\t\t\t\t\t\t\t\t<\/a>\n\t\t\t\t\t\t\t\t\t\t\t\t\t\t\t<\/div>\n\t\t\t\t<\/div>\n\t\t\t\t<div class=\"elementor-element elementor-element-abd5131 elementor-widget elementor-widget-image\" data-id=\"abd5131\" data-element_type=\"widget\" data-widget_type=\"image.default\">\n\t\t\t\t<div class=\"elementor-widget-container\">\n\t\t\t\t\t\t\t\t\t\t\t\t\t\t\t\t<a href=\"https:\/\/ktautostyling.com\/wp-content\/uploads\/2026\/01\/555445210_25142562412008387_8978480851510356836_n.jpg\" data-elementor-open-lightbox=\"yes\" data-e-action-hash=\"#elementor-action%3Aaction%3Dlightbox%26settings%3DeyJpZCI6Mjc3MSwidXJsIjoiaHR0cHM6XC9cL2t0YXV0b3N0eWxpbmcuY29tXC93cC1jb250ZW50XC91cGxvYWRzXC8yMDI2XC8wMVwvNTU1NDQ1MjEwXzI1MTQyNTYyNDEyMDA4Mzg3Xzg5Nzg0ODA4NTE1MTAzNTY4MzZfbi5qcGcifQ%3D%3D\">\n\t\t\t\t\t\t\t<img decoding=\"async\" width=\"500\" height=\"375\" src=\"https:\/\/ktautostyling.com\/wp-content\/uploads\/2026\/01\/555445210_25142562412008387_8978480851510356836_n.jpg\" class=\"attachment-large size-large wp-image-2771\" alt=\"555445210 25142562412008387 8978480851510356836 N\" srcset=\"https:\/\/ktautostyling.com\/wp-content\/uploads\/2026\/01\/555445210_25142562412008387_8978480851510356836_n.jpg 500w, https:\/\/ktautostyling.com\/wp-content\/uploads\/2026\/01\/555445210_25142562412008387_8978480851510356836_n-300x225.jpg 300w, https:\/\/ktautostyling.com\/wp-content\/uploads\/2026\/01\/555445210_25142562412008387_8978480851510356836_n-16x12.jpg 16w\" sizes=\"(max-width: 500px) 100vw, 500px\" title=\"Nissan 300ZX\">\t\t\t\t\t\t\t\t<\/a>\n\t\t\t\t\t\t\t\t\t\t\t\t\t\t\t<\/div>\n\t\t\t\t<\/div>\n\t\t\t\t<div class=\"elementor-element elementor-element-d493849 elementor-widget elementor-widget-image\" data-id=\"d493849\" data-element_type=\"widget\" data-widget_type=\"image.default\">\n\t\t\t\t<div class=\"elementor-widget-container\">\n\t\t\t\t\t\t\t\t\t\t\t\t\t\t\t\t<a href=\"https:\/\/ktautostyling.com\/wp-content\/uploads\/2026\/01\/BABAKE.jpg\" data-elementor-open-lightbox=\"yes\" data-e-action-hash=\"#elementor-action%3Aaction%3Dlightbox%26settings%3DeyJpZCI6Mjc3MywidXJsIjoiaHR0cHM6XC9cL2t0YXV0b3N0eWxpbmcuY29tXC93cC1jb250ZW50XC91cGxvYWRzXC8yMDI2XC8wMVwvQkFCQUtFLmpwZyJ9\">\n\t\t\t\t\t\t\t<img loading=\"lazy\" decoding=\"async\" width=\"500\" height=\"333\" src=\"https:\/\/ktautostyling.com\/wp-content\/uploads\/2026\/01\/BABAKE.jpg\" class=\"attachment-large size-large wp-image-2773\" alt=\"babake\" srcset=\"https:\/\/ktautostyling.com\/wp-content\/uploads\/2026\/01\/BABAKE.jpg 500w, https:\/\/ktautostyling.com\/wp-content\/uploads\/2026\/01\/BABAKE-300x200.jpg 300w, https:\/\/ktautostyling.com\/wp-content\/uploads\/2026\/01\/BABAKE-18x12.jpg 18w\" sizes=\"(max-width: 500px) 100vw, 500px\" title=\"Nissan 300ZX\">\t\t\t\t\t\t\t\t<\/a>\n\t\t\t\t\t\t\t\t\t\t\t\t\t\t\t<\/div>\n\t\t\t\t<\/div>\n\t\t\t\t<div class=\"elementor-element elementor-element-840be3f elementor-widget elementor-widget-image\" data-id=\"840be3f\" data-element_type=\"widget\" data-widget_type=\"image.default\">\n\t\t\t\t<div class=\"elementor-widget-container\">\n\t\t\t\t\t\t\t\t\t\t\t\t\t\t\t\t<a href=\"https:\/\/ktautostyling.com\/wp-content\/uploads\/2026\/01\/313413.jpg\" data-elementor-open-lightbox=\"yes\" data-e-action-hash=\"#elementor-action%3Aaction%3Dlightbox%26settings%3DeyJpZCI6MzM1NiwidXJsIjoiaHR0cHM6XC9cL2t0YXV0b3N0eWxpbmcuY29tXC93cC1jb250ZW50XC91cGxvYWRzXC8yMDI2XC8wMVwvMzEzNDEzLmpwZyJ9\">\n\t\t\t\t\t\t\t<img loading=\"lazy\" decoding=\"async\" width=\"600\" height=\"800\" src=\"https:\/\/ktautostyling.com\/wp-content\/uploads\/2026\/01\/313413.jpg\" class=\"attachment-large size-large wp-image-3356\" alt=\"313413\" srcset=\"https:\/\/ktautostyling.com\/wp-content\/uploads\/2026\/01\/313413.jpg 600w, https:\/\/ktautostyling.com\/wp-content\/uploads\/2026\/01\/313413-225x300.jpg 225w, https:\/\/ktautostyling.com\/wp-content\/uploads\/2026\/01\/313413-9x12.jpg 9w\" sizes=\"(max-width: 600px) 100vw, 600px\" title=\"Nissan 300ZX\">\t\t\t\t\t\t\t\t<\/a>\n\t\t\t\t\t\t\t\t\t\t\t\t\t\t\t<\/div>\n\t\t\t\t<\/div>\n\t\t\t\t<div class=\"elementor-element elementor-element-245cf8e elementor-widget elementor-widget-image\" data-id=\"245cf8e\" data-element_type=\"widget\" data-widget_type=\"image.default\">\n\t\t\t\t<div class=\"elementor-widget-container\">\n\t\t\t\t\t\t\t\t\t\t\t\t\t\t\t\t<a href=\"https:\/\/ktautostyling.com\/wp-content\/uploads\/2026\/01\/555428532_25140587352205893_8283254241716514593_n.jpg\" data-elementor-open-lightbox=\"yes\" data-e-action-hash=\"#elementor-action%3Aaction%3Dlightbox%26settings%3DeyJpZCI6Mjc3NiwidXJsIjoiaHR0cHM6XC9cL2t0YXV0b3N0eWxpbmcuY29tXC93cC1jb250ZW50XC91cGxvYWRzXC8yMDI2XC8wMVwvNTU1NDI4NTMyXzI1MTQwNTg3MzUyMjA1ODkzXzgyODMyNTQyNDE3MTY1MTQ1OTNfbi5qcGcifQ%3D%3D\">\n\t\t\t\t\t\t\t<img loading=\"lazy\" decoding=\"async\" width=\"600\" height=\"450\" src=\"https:\/\/ktautostyling.com\/wp-content\/uploads\/2026\/01\/555428532_25140587352205893_8283254241716514593_n.jpg\" class=\"attachment-large size-large wp-image-2776\" alt=\"555428532 25140587352205893 8283254241716514593 N\" srcset=\"https:\/\/ktautostyling.com\/wp-content\/uploads\/2026\/01\/555428532_25140587352205893_8283254241716514593_n.jpg 600w, https:\/\/ktautostyling.com\/wp-content\/uploads\/2026\/01\/555428532_25140587352205893_8283254241716514593_n-300x225.jpg 300w, https:\/\/ktautostyling.com\/wp-content\/uploads\/2026\/01\/555428532_25140587352205893_8283254241716514593_n-16x12.jpg 16w\" sizes=\"(max-width: 600px) 100vw, 600px\" title=\"Nissan 300ZX\">\t\t\t\t\t\t\t\t<\/a>\n\t\t\t\t\t\t\t\t\t\t\t\t\t\t\t<\/div>\n\t\t\t\t<\/div>\n\t\t\t\t<div class=\"elementor-element elementor-element-33bd406 elementor-widget elementor-widget-image\" data-id=\"33bd406\" data-element_type=\"widget\" data-widget_type=\"image.default\">\n\t\t\t\t<div class=\"elementor-widget-container\">\n\t\t\t\t\t\t\t\t\t\t\t\t\t\t\t\t<a href=\"https:\/\/ktautostyling.com\/wp-content\/uploads\/2026\/01\/WhatsApp-Image-2026-01-15-at-1.18.07-AM-4.jpeg\" data-elementor-open-lightbox=\"yes\" data-elementor-lightbox-title=\"whatsapp image 2026 01 15 at 1.18.07 am\" data-e-action-hash=\"#elementor-action%3Aaction%3Dlightbox%26settings%3DeyJpZCI6NDA2NCwidXJsIjoiaHR0cHM6XC9cL2t0YXV0b3N0eWxpbmcuY29tXC93cC1jb250ZW50XC91cGxvYWRzXC8yMDI2XC8wMVwvV2hhdHNBcHAtSW1hZ2UtMjAyNi0wMS0xNS1hdC0xLjE4LjA3LUFNLTQuanBlZyJ9\">\n\t\t\t\t\t\t\t<img loading=\"lazy\" decoding=\"async\" width=\"1024\" height=\"768\" src=\"https:\/\/ktautostyling.com\/wp-content\/uploads\/2026\/01\/WhatsApp-Image-2026-01-15-at-1.18.07-AM-4.jpeg\" class=\"attachment-large size-large wp-image-4064\" alt=\"whatsapp image 2026 01 15 at 1.18.07 am\" srcset=\"https:\/\/ktautostyling.com\/wp-content\/uploads\/2026\/01\/WhatsApp-Image-2026-01-15-at-1.18.07-AM-4.jpeg 1024w, https:\/\/ktautostyling.com\/wp-content\/uploads\/2026\/01\/WhatsApp-Image-2026-01-15-at-1.18.07-AM-4-300x225.jpeg 300w, https:\/\/ktautostyling.com\/wp-content\/uploads\/2026\/01\/WhatsApp-Image-2026-01-15-at-1.18.07-AM-4-768x576.jpeg 768w, https:\/\/ktautostyling.com\/wp-content\/uploads\/2026\/01\/WhatsApp-Image-2026-01-15-at-1.18.07-AM-4-16x12.jpeg 16w\" sizes=\"(max-width: 1024px) 100vw, 1024px\" title=\"Nissan 300ZX\">\t\t\t\t\t\t\t\t<\/a>\n\t\t\t\t\t\t\t\t\t\t\t\t\t\t\t<\/div>\n\t\t\t\t<\/div>\n\t\t\t\t<\/div>\n\t\t\t\t<div class=\"elementor-element elementor-element-107a706 elementor-widget elementor-widget-button\" data-id=\"107a706\" data-element_type=\"widget\" data-widget_type=\"button.default\">\n\t\t\t\t<div class=\"elementor-widget-container\">\n\t\t\t\t\t\t\t\t\t<div class=\"elementor-button-wrapper\">\n\t\t\t\t\t<a class=\"elementor-button elementor-button-link elementor-size-sm\" href=\"https:\/\/ktautostyling.com\/en\/projeler\/\">\n\t\t\t\t\t\t<span class=\"elementor-button-content-wrapper\">\n\t\t\t\t\t\t\t\t\t<span class=\"elementor-button-text\">Go back<\/span>\n\t\t\t\t\t<\/span>\n\t\t\t\t\t<\/a>\n\t\t\t\t<\/div>\n\t\t\t\t\t\t\t\t<\/div>\n\t\t\t\t<\/div>\n\t\t\t\t<div class=\"elementor-element elementor-element-15a4aa4 elementor-post-navigation-borders-yes elementor-widget elementor-widget-post-navigation\" data-id=\"15a4aa4\" data-element_type=\"widget\" data-widget_type=\"post-navigation.default\">\n\t\t\t\t<div class=\"elementor-widget-container\">\n\t\t\t\t\t\t\t<div class=\"elementor-post-navigation\" role=\"navigation\" aria-label=\"Post Navigation\">\n\t\t\t<div class=\"elementor-post-navigation__prev elementor-post-navigation__link\">\n\t\t\t\t<a href=\"https:\/\/ktautostyling.com\/en\/projeler\/buick\/\" rel=\"prev\"><span class=\"post-navigation__arrow-wrapper post-navigation__arrow-prev\"><i aria-hidden=\"true\" class=\"fas fa-angle-left\"><\/i><span class=\"elementor-screen-only\">Prev<\/span><\/span><span class=\"elementor-post-navigation__link__prev\"><span class=\"post-navigation__prev--label\">previous<\/span><span class=\"post-navigation__prev--title\">Buick Century<\/span><\/span><\/a>\t\t\t<\/div>\n\t\t\t\t\t\t\t<div class=\"elementor-post-navigation__separator-wrapper\">\n\t\t\t\t\t<div class=\"elementor-post-navigation__separator\"><\/div>\n\t\t\t\t<\/div>\n\t\t\t\t\t\t<div class=\"elementor-post-navigation__next elementor-post-navigation__link\">\n\t\t\t\t<a href=\"https:\/\/ktautostyling.com\/en\/projeler\/pajero\/\" rel=\"next\"><span class=\"elementor-post-navigation__link__next\"><span class=\"post-navigation__next--label\">next<\/span><span class=\"post-navigation__next--title\">Mitsubishi Pajero<\/span><\/span><span class=\"post-navigation__arrow-wrapper post-navigation__arrow-next\"><i aria-hidden=\"true\" class=\"fas fa-angle-right\"><\/i><span class=\"elementor-screen-only\">Next<\/span><\/span><\/a>\t\t\t<\/div>\n\t\t<\/div>\n\t\t\t\t\t\t<\/div>\n\t\t\t\t<\/div>\n\t\t\t\t\t<\/div>\n\t\t\t\t<\/div>\n\t\t\t\t<\/div>","protected":false},"excerpt":{"rendered":"<p>Do\u011fudan Do\u011fan G\u00fc\u00e7: Nissan 300ZX Custom Japon m\u00fchendisli\u011finin zirve yapt\u0131\u011f\u0131 90&#8217;lar ruhunu, KT Autostyling vizyonuyla g\u00fcn\u00fcm\u00fcze ta\u015f\u0131d\u0131k. 2007 CNR Expo&#8217;da sergilendi\u011fi d\u00f6nemde hem T\u00fcrkiye&#8217;de hem de yurtd\u0131\u015f\u0131ndaki 300ZX kul\u00fcplerinde b\u00fcy\u00fck ses getiren ve bizzat Kadir Tuncer&#8217;in \u015fahsi arac\u0131 olan bu proje; sadece g\u00f6rsel bir \u015f\u00f6len de\u011fil, ayn\u0131 zamanda zamans\u0131z bir performans beyan\u0131. \u00d6zel tasar\u0131m havaland\u0131rmal\u0131 [&hellip;]<\/p>","protected":false},"author":1,"featured_media":0,"parent":1129,"menu_order":0,"comment_status":"closed","ping_status":"closed","template":"","meta":{"site-sidebar-layout":"no-sidebar","site-content-layout":"page-builder","ast-site-content-layout":"full-width-container","site-content-style":"unboxed","site-sidebar-style":"unboxed","ast-global-header-display":"","ast-banner-title-visibility":"","ast-main-header-display":"","ast-hfb-above-header-display":"","ast-hfb-below-header-display":"","ast-hfb-mobile-header-display":"","site-post-title":"disabled","ast-breadcrumbs-content":"","ast-featured-img":"disabled","footer-sml-layout":"","ast-disable-related-posts":"","theme-transparent-header-meta":"","adv-header-id-meta":"","stick-header-meta":"","header-above-stick-meta":"","header-main-stick-meta":"","header-below-stick-meta":"","astra-migrate-meta-layouts":"set","ast-page-background-enabled":"default","ast-page-background-meta":{"desktop":{"background-color":"","background-image":"","background-repeat":"repeat","background-position":"center center","background-size":"auto","background-attachment":"scroll","background-type":"","background-media":"","overlay-type":"","overlay-color":"","overlay-opacity":"","overlay-gradient":""},"tablet":{"background-color":"","background-image":"","background-repeat":"repeat","background-position":"center center","background-size":"auto","background-attachment":"scroll","background-type":"","background-media":"","overlay-type":"","overlay-color":"","overlay-opacity":"","overlay-gradient":""},"mobile":{"background-color":"","background-image":"","background-repeat":"repeat","background-position":"center center","background-size":"auto","background-attachment":"scroll","background-type":"","background-media":"","overlay-type":"","overlay-color":"","overlay-opacity":"","overlay-gradient":""}},"ast-content-background-meta":{"desktop":{"background-color":"var(--ast-global-color-5)","background-image":"","background-repeat":"repeat","background-position":"center center","background-size":"auto","background-attachment":"scroll","background-type":"","background-media":"","overlay-type":"","overlay-color":"","overlay-opacity":"","overlay-gradient":""},"tablet":{"background-color":"var(--ast-global-color-5)","background-image":"","background-repeat":"repeat","background-position":"center center","background-size":"auto","background-attachment":"scroll","background-type":"","background-media":"","overlay-type":"","overlay-color":"","overlay-opacity":"","overlay-gradient":""},"mobile":{"background-color":"var(--ast-global-color-5)","background-image":"","background-repeat":"repeat","background-position":"center center","background-size":"auto","background-attachment":"scroll","background-type":"","background-media":"","overlay-type":"","overlay-color":"","overlay-opacity":"","overlay-gradient":""}},"footnotes":""},"class_list":["post-2806","page","type-page","status-publish","hentry"],"_hostinger_reach_plugin_has_subscription_block":false,"_hostinger_reach_plugin_is_elementor":false,"_links":{"self":[{"href":"https:\/\/ktautostyling.com\/en\/wp-json\/wp\/v2\/pages\/2806","targetHints":{"allow":["GET"]}}],"collection":[{"href":"https:\/\/ktautostyling.com\/en\/wp-json\/wp\/v2\/pages"}],"about":[{"href":"https:\/\/ktautostyling.com\/en\/wp-json\/wp\/v2\/types\/page"}],"author":[{"embeddable":true,"href":"https:\/\/ktautostyling.com\/en\/wp-json\/wp\/v2\/users\/1"}],"replies":[{"embeddable":true,"href":"https:\/\/ktautostyling.com\/en\/wp-json\/wp\/v2\/comments?post=2806"}],"version-history":[{"count":9,"href":"https:\/\/ktautostyling.com\/en\/wp-json\/wp\/v2\/pages\/2806\/revisions"}],"predecessor-version":[{"id":4090,"href":"https:\/\/ktautostyling.com\/en\/wp-json\/wp\/v2\/pages\/2806\/revisions\/4090"}],"up":[{"embeddable":true,"href":"https:\/\/ktautostyling.com\/en\/wp-json\/wp\/v2\/pages\/1129"}],"wp:attachment":[{"href":"https:\/\/ktautostyling.com\/en\/wp-json\/wp\/v2\/media?parent=2806"}],"curies":[{"name":"wp","href":"https:\/\/api.w.org\/{rel}","templated":true}]}}