{"id":2811,"date":"2026-01-07T15:13:22","date_gmt":"2026-01-07T15:13:22","guid":{"rendered":"https:\/\/ktautostyling.com\/?page_id=2811"},"modified":"2026-01-13T16:45:02","modified_gmt":"2026-01-13T16:45:02","slug":"pajero","status":"publish","type":"page","link":"https:\/\/ktautostyling.com\/en\/projeler\/pajero\/","title":{"rendered":"Mitsubishi Pajero"},"content":{"rendered":"<div data-elementor-type=\"wp-page\" data-elementor-id=\"2811\" class=\"elementor elementor-2811\" data-elementor-post-type=\"page\">\n\t\t\t\t<div class=\"elementor-element elementor-element-df9e3fd e-flex e-con-boxed e-con e-parent\" data-id=\"df9e3fd\" data-element_type=\"container\" data-settings=\"{&quot;background_background&quot;:&quot;classic&quot;}\">\n\t\t\t\t\t<div class=\"e-con-inner\">\n\t\t\t\t<div class=\"elementor-element elementor-element-c4eb49d elementor-widget elementor-widget-text-editor\" data-id=\"c4eb49d\" data-element_type=\"widget\" data-widget_type=\"text-editor.default\">\n\t\t\t\t<div class=\"elementor-widget-container\">\n\t\t\t\t\t\t\t\t\t<h2><span style=\"color: #ffffff;\">From Master to Master: A Custom-Built Mitsubishi Pajero<\/span><\/h2><p data-path-to-node=\"5\"><span style=\"color: #ffffff;\">Some projects are more than just a commercial venture; they are a tribute. KT Autostyling founder <b data-path-to-node=\"5\" data-index-in-node=\"102\">Kadir Tuncer<\/b>,He rolled up his sleeves for an elder he greatly respected and completely recreated this legendary Mitsubishi Pajero.<\/span><\/p><p data-path-to-node=\"6\"><span style=\"color: #ffffff;\">This project, where we took an ordinary off-road vehicle and meticulously designed every square centimeter of its interior and exterior, is a fusion of loyalty and craftsmanship. With the elegance of matte black, custom-made off-road equipment, and a completely personalized VIP interior, this Pajero is now the most charismatic member of the road.<\/span><\/p>\t\t\t\t\t\t\t\t<\/div>\n\t\t\t\t<\/div>\n\t\t<div class=\"elementor-element elementor-element-e52d1dd e-grid e-con-full e-con e-child\" data-id=\"e52d1dd\" data-element_type=\"container\" data-settings=\"{&quot;background_background&quot;:&quot;classic&quot;}\">\n\t\t\t\t<div class=\"elementor-element elementor-element-8b32674 elementor-widget elementor-widget-image\" data-id=\"8b32674\" data-element_type=\"widget\" data-widget_type=\"image.default\">\n\t\t\t\t<div class=\"elementor-widget-container\">\n\t\t\t\t\t\t\t\t\t\t\t\t\t\t\t\t<a href=\"https:\/\/ktautostyling.com\/wp-content\/uploads\/2026\/01\/pajero2.webp\" data-elementor-open-lightbox=\"yes\" data-elementor-lightbox-description=\"&lt;b&gt;Mitsubishi Pajero&lt;\/b&gt;&lt;br&gt;&lt;br&gt;Widebody\" data-e-action-hash=\"#elementor-action%3Aaction%3Dlightbox%26settings%3DeyJpZCI6Mjc0NiwidXJsIjoiaHR0cHM6XC9cL2t0YXV0b3N0eWxpbmcuY29tXC93cC1jb250ZW50XC91cGxvYWRzXC8yMDI2XC8wMVwvcGFqZXJvMi53ZWJwIn0%3D\">\n\t\t\t\t\t\t\t<img fetchpriority=\"high\" decoding=\"async\" width=\"880\" height=\"880\" src=\"https:\/\/ktautostyling.com\/wp-content\/uploads\/2026\/01\/pajero2.webp\" class=\"attachment-large size-large wp-image-2746\" alt=\"pajero2\" srcset=\"https:\/\/ktautostyling.com\/wp-content\/uploads\/2026\/01\/pajero2.webp 880w, https:\/\/ktautostyling.com\/wp-content\/uploads\/2026\/01\/pajero2-300x300.webp 300w, https:\/\/ktautostyling.com\/wp-content\/uploads\/2026\/01\/pajero2-150x150.webp 150w, https:\/\/ktautostyling.com\/wp-content\/uploads\/2026\/01\/pajero2-768x768.webp 768w, https:\/\/ktautostyling.com\/wp-content\/uploads\/2026\/01\/pajero2-12x12.webp 12w\" sizes=\"(max-width: 880px) 100vw, 880px\" title=\"Mitsubishi Pajero\">\t\t\t\t\t\t\t\t<\/a>\n\t\t\t\t\t\t\t\t\t\t\t\t\t\t\t<\/div>\n\t\t\t\t<\/div>\n\t\t\t\t<div class=\"elementor-element elementor-element-a4e9d39 elementor-widget elementor-widget-image\" data-id=\"a4e9d39\" data-element_type=\"widget\" data-widget_type=\"image.default\">\n\t\t\t\t<div class=\"elementor-widget-container\">\n\t\t\t\t\t\t\t\t\t\t\t\t\t\t\t\t<a href=\"https:\/\/ktautostyling.com\/wp-content\/uploads\/2026\/01\/pajero3.webp\" data-elementor-open-lightbox=\"yes\" data-e-action-hash=\"#elementor-action%3Aaction%3Dlightbox%26settings%3DeyJpZCI6Mjc0OCwidXJsIjoiaHR0cHM6XC9cL2t0YXV0b3N0eWxpbmcuY29tXC93cC1jb250ZW50XC91cGxvYWRzXC8yMDI2XC8wMVwvcGFqZXJvMy53ZWJwIn0%3D\">\n\t\t\t\t\t\t\t<img decoding=\"async\" width=\"880\" height=\"880\" src=\"https:\/\/ktautostyling.com\/wp-content\/uploads\/2026\/01\/pajero3.webp\" class=\"attachment-large size-large wp-image-2748\" alt=\"Pajero3\" srcset=\"https:\/\/ktautostyling.com\/wp-content\/uploads\/2026\/01\/pajero3.webp 880w, https:\/\/ktautostyling.com\/wp-content\/uploads\/2026\/01\/pajero3-300x300.webp 300w, https:\/\/ktautostyling.com\/wp-content\/uploads\/2026\/01\/pajero3-150x150.webp 150w, https:\/\/ktautostyling.com\/wp-content\/uploads\/2026\/01\/pajero3-768x768.webp 768w, https:\/\/ktautostyling.com\/wp-content\/uploads\/2026\/01\/pajero3-12x12.webp 12w\" sizes=\"(max-width: 880px) 100vw, 880px\" title=\"Mitsubishi Pajero\">\t\t\t\t\t\t\t\t<\/a>\n\t\t\t\t\t\t\t\t\t\t\t\t\t\t\t<\/div>\n\t\t\t\t<\/div>\n\t\t\t\t<div class=\"elementor-element elementor-element-b960992 elementor-widget elementor-widget-image\" data-id=\"b960992\" data-element_type=\"widget\" data-widget_type=\"image.default\">\n\t\t\t\t<div class=\"elementor-widget-container\">\n\t\t\t\t\t\t\t\t\t\t\t\t\t\t\t\t<a href=\"https:\/\/ktautostyling.com\/wp-content\/uploads\/2026\/01\/pajero4.webp\" data-elementor-open-lightbox=\"yes\" data-e-action-hash=\"#elementor-action%3Aaction%3Dlightbox%26settings%3DeyJpZCI6Mjc0OSwidXJsIjoiaHR0cHM6XC9cL2t0YXV0b3N0eWxpbmcuY29tXC93cC1jb250ZW50XC91cGxvYWRzXC8yMDI2XC8wMVwvcGFqZXJvNC53ZWJwIn0%3D\">\n\t\t\t\t\t\t\t<img decoding=\"async\" width=\"880\" height=\"880\" src=\"https:\/\/ktautostyling.com\/wp-content\/uploads\/2026\/01\/pajero4.webp\" class=\"attachment-large size-large wp-image-2749\" alt=\"Pajero4\" srcset=\"https:\/\/ktautostyling.com\/wp-content\/uploads\/2026\/01\/pajero4.webp 880w, https:\/\/ktautostyling.com\/wp-content\/uploads\/2026\/01\/pajero4-300x300.webp 300w, https:\/\/ktautostyling.com\/wp-content\/uploads\/2026\/01\/pajero4-150x150.webp 150w, https:\/\/ktautostyling.com\/wp-content\/uploads\/2026\/01\/pajero4-768x768.webp 768w, https:\/\/ktautostyling.com\/wp-content\/uploads\/2026\/01\/pajero4-12x12.webp 12w\" sizes=\"(max-width: 880px) 100vw, 880px\" title=\"Mitsubishi Pajero\">\t\t\t\t\t\t\t\t<\/a>\n\t\t\t\t\t\t\t\t\t\t\t\t\t\t\t<\/div>\n\t\t\t\t<\/div>\n\t\t\t\t<div class=\"elementor-element elementor-element-e179a7f elementor-widget elementor-widget-image\" data-id=\"e179a7f\" data-element_type=\"widget\" data-widget_type=\"image.default\">\n\t\t\t\t<div class=\"elementor-widget-container\">\n\t\t\t\t\t\t\t\t\t\t\t\t\t\t\t\t<a href=\"https:\/\/ktautostyling.com\/wp-content\/uploads\/2026\/01\/pajero5.webp\" data-elementor-open-lightbox=\"yes\" data-e-action-hash=\"#elementor-action%3Aaction%3Dlightbox%26settings%3DeyJpZCI6Mjc1MCwidXJsIjoiaHR0cHM6XC9cL2t0YXV0b3N0eWxpbmcuY29tXC93cC1jb250ZW50XC91cGxvYWRzXC8yMDI2XC8wMVwvcGFqZXJvNS53ZWJwIn0%3D\">\n\t\t\t\t\t\t\t<img loading=\"lazy\" decoding=\"async\" width=\"880\" height=\"880\" src=\"https:\/\/ktautostyling.com\/wp-content\/uploads\/2026\/01\/pajero5.webp\" class=\"attachment-large size-large wp-image-2750\" alt=\"Pajero5\" srcset=\"https:\/\/ktautostyling.com\/wp-content\/uploads\/2026\/01\/pajero5.webp 880w, https:\/\/ktautostyling.com\/wp-content\/uploads\/2026\/01\/pajero5-300x300.webp 300w, https:\/\/ktautostyling.com\/wp-content\/uploads\/2026\/01\/pajero5-150x150.webp 150w, https:\/\/ktautostyling.com\/wp-content\/uploads\/2026\/01\/pajero5-768x768.webp 768w, https:\/\/ktautostyling.com\/wp-content\/uploads\/2026\/01\/pajero5-12x12.webp 12w\" sizes=\"(max-width: 880px) 100vw, 880px\" title=\"Mitsubishi Pajero\">\t\t\t\t\t\t\t\t<\/a>\n\t\t\t\t\t\t\t\t\t\t\t\t\t\t\t<\/div>\n\t\t\t\t<\/div>\n\t\t\t\t<div class=\"elementor-element elementor-element-92d7079 elementor-widget elementor-widget-image\" data-id=\"92d7079\" data-element_type=\"widget\" data-widget_type=\"image.default\">\n\t\t\t\t<div class=\"elementor-widget-container\">\n\t\t\t\t\t\t\t\t\t\t\t\t\t\t\t\t<a href=\"https:\/\/ktautostyling.com\/wp-content\/uploads\/2026\/01\/pajero6.webp\" data-elementor-open-lightbox=\"yes\" data-elementor-lightbox-title=\"\u00d6zel Tavan Tasar\u0131m\u0131\" data-e-action-hash=\"#elementor-action%3Aaction%3Dlightbox%26settings%3DeyJpZCI6Mjc1MSwidXJsIjoiaHR0cHM6XC9cL2t0YXV0b3N0eWxpbmcuY29tXC93cC1jb250ZW50XC91cGxvYWRzXC8yMDI2XC8wMVwvcGFqZXJvNi53ZWJwIn0%3D\">\n\t\t\t\t\t\t\t<img loading=\"lazy\" decoding=\"async\" width=\"945\" height=\"945\" src=\"https:\/\/ktautostyling.com\/wp-content\/uploads\/2026\/01\/pajero6.webp\" class=\"attachment-large size-large wp-image-2751\" alt=\"Pajero6\" srcset=\"https:\/\/ktautostyling.com\/wp-content\/uploads\/2026\/01\/pajero6.webp 945w, https:\/\/ktautostyling.com\/wp-content\/uploads\/2026\/01\/pajero6-300x300.webp 300w, https:\/\/ktautostyling.com\/wp-content\/uploads\/2026\/01\/pajero6-150x150.webp 150w, https:\/\/ktautostyling.com\/wp-content\/uploads\/2026\/01\/pajero6-768x768.webp 768w, https:\/\/ktautostyling.com\/wp-content\/uploads\/2026\/01\/pajero6-12x12.webp 12w\" sizes=\"(max-width: 945px) 100vw, 945px\" title=\"Mitsubishi Pajero\">\t\t\t\t\t\t\t\t<\/a>\n\t\t\t\t\t\t\t\t\t\t\t\t\t\t\t<\/div>\n\t\t\t\t<\/div>\n\t\t\t\t<div class=\"elementor-element elementor-element-5a87685 elementor-widget elementor-widget-image\" data-id=\"5a87685\" data-element_type=\"widget\" data-widget_type=\"image.default\">\n\t\t\t\t<div class=\"elementor-widget-container\">\n\t\t\t\t\t\t\t\t\t\t\t\t\t\t\t\t<a href=\"https:\/\/ktautostyling.com\/wp-content\/uploads\/2026\/01\/pajero7.webp\" data-elementor-open-lightbox=\"yes\" data-e-action-hash=\"#elementor-action%3Aaction%3Dlightbox%26settings%3DeyJpZCI6Mjc1MiwidXJsIjoiaHR0cHM6XC9cL2t0YXV0b3N0eWxpbmcuY29tXC93cC1jb250ZW50XC91cGxvYWRzXC8yMDI2XC8wMVwvcGFqZXJvNy53ZWJwIn0%3D\">\n\t\t\t\t\t\t\t<img loading=\"lazy\" decoding=\"async\" width=\"880\" height=\"880\" src=\"https:\/\/ktautostyling.com\/wp-content\/uploads\/2026\/01\/pajero7.webp\" class=\"attachment-large size-large wp-image-2752\" alt=\"Pajero7\" srcset=\"https:\/\/ktautostyling.com\/wp-content\/uploads\/2026\/01\/pajero7.webp 880w, https:\/\/ktautostyling.com\/wp-content\/uploads\/2026\/01\/pajero7-300x300.webp 300w, https:\/\/ktautostyling.com\/wp-content\/uploads\/2026\/01\/pajero7-150x150.webp 150w, https:\/\/ktautostyling.com\/wp-content\/uploads\/2026\/01\/pajero7-768x768.webp 768w, https:\/\/ktautostyling.com\/wp-content\/uploads\/2026\/01\/pajero7-12x12.webp 12w\" sizes=\"(max-width: 880px) 100vw, 880px\" title=\"Mitsubishi Pajero\">\t\t\t\t\t\t\t\t<\/a>\n\t\t\t\t\t\t\t\t\t\t\t\t\t\t\t<\/div>\n\t\t\t\t<\/div>\n\t\t\t\t<div class=\"elementor-element elementor-element-c0b8fc1 elementor-widget elementor-widget-image\" data-id=\"c0b8fc1\" data-element_type=\"widget\" data-widget_type=\"image.default\">\n\t\t\t\t<div class=\"elementor-widget-container\">\n\t\t\t\t\t\t\t\t\t\t\t\t\t\t\t\t<a href=\"https:\/\/ktautostyling.com\/wp-content\/uploads\/2026\/01\/pajeo1.webp\" data-elementor-open-lightbox=\"yes\" data-e-action-hash=\"#elementor-action%3Aaction%3Dlightbox%26settings%3DeyJpZCI6Mjc1MywidXJsIjoiaHR0cHM6XC9cL2t0YXV0b3N0eWxpbmcuY29tXC93cC1jb250ZW50XC91cGxvYWRzXC8yMDI2XC8wMVwvcGFqZW8xLndlYnAifQ%3D%3D\">\n\t\t\t\t\t\t\t<img loading=\"lazy\" decoding=\"async\" width=\"880\" height=\"880\" src=\"https:\/\/ktautostyling.com\/wp-content\/uploads\/2026\/01\/pajeo1.webp\" class=\"attachment-large size-large wp-image-2753\" alt=\"Pajeo1\" srcset=\"https:\/\/ktautostyling.com\/wp-content\/uploads\/2026\/01\/pajeo1.webp 880w, https:\/\/ktautostyling.com\/wp-content\/uploads\/2026\/01\/pajeo1-300x300.webp 300w, https:\/\/ktautostyling.com\/wp-content\/uploads\/2026\/01\/pajeo1-150x150.webp 150w, https:\/\/ktautostyling.com\/wp-content\/uploads\/2026\/01\/pajeo1-768x768.webp 768w, https:\/\/ktautostyling.com\/wp-content\/uploads\/2026\/01\/pajeo1-12x12.webp 12w\" sizes=\"(max-width: 880px) 100vw, 880px\" title=\"Mitsubishi Pajero\">\t\t\t\t\t\t\t\t<\/a>\n\t\t\t\t\t\t\t\t\t\t\t\t\t\t\t<\/div>\n\t\t\t\t<\/div>\n\t\t\t\t<\/div>\n\t\t\t\t<div class=\"elementor-element elementor-element-72b8e2d elementor-widget elementor-widget-button\" data-id=\"72b8e2d\" data-element_type=\"widget\" data-widget_type=\"button.default\">\n\t\t\t\t<div class=\"elementor-widget-container\">\n\t\t\t\t\t\t\t\t\t<div class=\"elementor-button-wrapper\">\n\t\t\t\t\t<a class=\"elementor-button elementor-button-link elementor-size-sm\" href=\"https:\/\/ktautostyling.com\/en\/projeler\/\">\n\t\t\t\t\t\t<span class=\"elementor-button-content-wrapper\">\n\t\t\t\t\t\t\t\t\t<span class=\"elementor-button-text\">Go back<\/span>\n\t\t\t\t\t<\/span>\n\t\t\t\t\t<\/a>\n\t\t\t\t<\/div>\n\t\t\t\t\t\t\t\t<\/div>\n\t\t\t\t<\/div>\n\t\t\t\t<div class=\"elementor-element elementor-element-1d351d8 elementor-post-navigation-borders-yes elementor-widget elementor-widget-post-navigation\" data-id=\"1d351d8\" data-element_type=\"widget\" data-widget_type=\"post-navigation.default\">\n\t\t\t\t<div class=\"elementor-widget-container\">\n\t\t\t\t\t\t\t<div class=\"elementor-post-navigation\" role=\"navigation\" aria-label=\"Post Navigation\">\n\t\t\t<div class=\"elementor-post-navigation__prev elementor-post-navigation__link\">\n\t\t\t\t<a href=\"https:\/\/ktautostyling.com\/en\/projeler\/300zx\/\" rel=\"prev\"><span class=\"post-navigation__arrow-wrapper post-navigation__arrow-prev\"><i aria-hidden=\"true\" class=\"fas fa-angle-left\"><\/i><span class=\"elementor-screen-only\">Prev<\/span><\/span><span class=\"elementor-post-navigation__link__prev\"><span class=\"post-navigation__prev--label\">previous<\/span><span class=\"post-navigation__prev--title\">Nissan 300ZX<\/span><\/span><\/a>\t\t\t<\/div>\n\t\t\t\t\t\t\t<div class=\"elementor-post-navigation__separator-wrapper\">\n\t\t\t\t\t<div class=\"elementor-post-navigation__separator\"><\/div>\n\t\t\t\t<\/div>\n\t\t\t\t\t\t<div class=\"elementor-post-navigation__next elementor-post-navigation__link\">\n\t\t\t\t<a href=\"https:\/\/ktautostyling.com\/en\/projeler\/1948facelift\/\" rel=\"next\"><span class=\"elementor-post-navigation__link__next\"><span class=\"post-navigation__next--label\">next<\/span><span class=\"post-navigation__next--title\">Volkswagen Beetle<\/span><\/span><span class=\"post-navigation__arrow-wrapper post-navigation__arrow-next\"><i aria-hidden=\"true\" class=\"fas fa-angle-right\"><\/i><span class=\"elementor-screen-only\">Next<\/span><\/span><\/a>\t\t\t<\/div>\n\t\t<\/div>\n\t\t\t\t\t\t<\/div>\n\t\t\t\t<\/div>\n\t\t\t\t\t<\/div>\n\t\t\t\t<\/div>\n\t\t\t\t<\/div>","protected":false},"excerpt":{"rendered":"<p>Bir Ustadan Bir B\u00fcy\u00fc\u011fe: \u00d6zel Yap\u0131m Mitsubishi Pajero Baz\u0131 projeler ticari bir i\u015f olman\u0131n \u00f6tesindedir; bir sayg\u0131 duru\u015fudur. KT Autostyling kurucusu Kadir Tuncer, \u00e7ok de\u011fer verdi\u011fi bir b\u00fcy\u00fc\u011f\u00fc i\u00e7in kollar\u0131 s\u0131vad\u0131 ve bu efsanevi Mitsubishi Pajero&#8217;yu ba\u015ftan yaratt\u0131. S\u0131radan bir arazi arac\u0131n\u0131 al\u0131p, i\u00e7 ve d\u0131\u015f dizayn\u0131nda her santimetrekaresini \u00f6zel olarak tasarlad\u0131\u011f\u0131m\u0131z bu proje, vefan\u0131n [&hellip;]<\/p>","protected":false},"author":1,"featured_media":0,"parent":1129,"menu_order":0,"comment_status":"closed","ping_status":"closed","template":"","meta":{"site-sidebar-layout":"no-sidebar","site-content-layout":"page-builder","ast-site-content-layout":"full-width-container","site-content-style":"unboxed","site-sidebar-style":"unboxed","ast-global-header-display":"","ast-banner-title-visibility":"","ast-main-header-display":"","ast-hfb-above-header-display":"","ast-hfb-below-header-display":"","ast-hfb-mobile-header-display":"","site-post-title":"disabled","ast-breadcrumbs-content":"","ast-featured-img":"disabled","footer-sml-layout":"","ast-disable-related-posts":"","theme-transparent-header-meta":"","adv-header-id-meta":"","stick-header-meta":"","header-above-stick-meta":"","header-main-stick-meta":"","header-below-stick-meta":"","astra-migrate-meta-layouts":"set","ast-page-background-enabled":"default","ast-page-background-meta":{"desktop":{"background-color":"","background-image":"","background-repeat":"repeat","background-position":"center center","background-size":"auto","background-attachment":"scroll","background-type":"","background-media":"","overlay-type":"","overlay-color":"","overlay-opacity":"","overlay-gradient":""},"tablet":{"background-color":"","background-image":"","background-repeat":"repeat","background-position":"center center","background-size":"auto","background-attachment":"scroll","background-type":"","background-media":"","overlay-type":"","overlay-color":"","overlay-opacity":"","overlay-gradient":""},"mobile":{"background-color":"","background-image":"","background-repeat":"repeat","background-position":"center center","background-size":"auto","background-attachment":"scroll","background-type":"","background-media":"","overlay-type":"","overlay-color":"","overlay-opacity":"","overlay-gradient":""}},"ast-content-background-meta":{"desktop":{"background-color":"var(--ast-global-color-5)","background-image":"","background-repeat":"repeat","background-position":"center center","background-size":"auto","background-attachment":"scroll","background-type":"","background-media":"","overlay-type":"","overlay-color":"","overlay-opacity":"","overlay-gradient":""},"tablet":{"background-color":"var(--ast-global-color-5)","background-image":"","background-repeat":"repeat","background-position":"center center","background-size":"auto","background-attachment":"scroll","background-type":"","background-media":"","overlay-type":"","overlay-color":"","overlay-opacity":"","overlay-gradient":""},"mobile":{"background-color":"var(--ast-global-color-5)","background-image":"","background-repeat":"repeat","background-position":"center center","background-size":"auto","background-attachment":"scroll","background-type":"","background-media":"","overlay-type":"","overlay-color":"","overlay-opacity":"","overlay-gradient":""}},"footnotes":""},"class_list":["post-2811","page","type-page","status-publish","hentry"],"_hostinger_reach_plugin_has_subscription_block":false,"_hostinger_reach_plugin_is_elementor":false,"_links":{"self":[{"href":"https:\/\/ktautostyling.com\/en\/wp-json\/wp\/v2\/pages\/2811","targetHints":{"allow":["GET"]}}],"collection":[{"href":"https:\/\/ktautostyling.com\/en\/wp-json\/wp\/v2\/pages"}],"about":[{"href":"https:\/\/ktautostyling.com\/en\/wp-json\/wp\/v2\/types\/page"}],"author":[{"embeddable":true,"href":"https:\/\/ktautostyling.com\/en\/wp-json\/wp\/v2\/users\/1"}],"replies":[{"embeddable":true,"href":"https:\/\/ktautostyling.com\/en\/wp-json\/wp\/v2\/comments?post=2811"}],"version-history":[{"count":0,"href":"https:\/\/ktautostyling.com\/en\/wp-json\/wp\/v2\/pages\/2811\/revisions"}],"up":[{"embeddable":true,"href":"https:\/\/ktautostyling.com\/en\/wp-json\/wp\/v2\/pages\/1129"}],"wp:attachment":[{"href":"https:\/\/ktautostyling.com\/en\/wp-json\/wp\/v2\/media?parent=2811"}],"curies":[{"name":"wp","href":"https:\/\/api.w.org\/{rel}","templated":true}]}}