{"id":2824,"date":"2026-01-07T15:21:50","date_gmt":"2026-01-07T15:21:50","guid":{"rendered":"https:\/\/ktautostyling.com\/?page_id=2824"},"modified":"2026-01-13T17:06:53","modified_gmt":"2026-01-13T17:06:53","slug":"200sxboss","status":"publish","type":"page","link":"https:\/\/ktautostyling.com\/en\/projeler\/200sxboss\/","title":{"rendered":"Nissan 200SX Bossy Bodykit"},"content":{"rendered":"<div data-elementor-type=\"wp-page\" data-elementor-id=\"2824\" class=\"elementor elementor-2824\" data-elementor-post-type=\"page\">\n\t\t\t\t<div class=\"elementor-element elementor-element-c789b99 e-flex e-con-boxed e-con e-parent\" data-id=\"c789b99\" data-element_type=\"container\" data-settings=\"{&quot;background_background&quot;:&quot;classic&quot;}\">\n\t\t\t\t\t<div class=\"e-con-inner\">\n\t\t\t\t<div class=\"elementor-element elementor-element-aa93ca2 elementor-widget elementor-widget-text-editor\" data-id=\"aa93ca2\" data-element_type=\"widget\" data-widget_type=\"text-editor.default\">\n\t\t\t\t<div class=\"elementor-widget-container\">\n\t\t\t\t\t\t\t\t\t<h2 data-path-to-node=\"5\"><span style=\"color: #ffffff;\">Japanese Spirit, American Mask: 200SX Boss Bodykit<\/span><\/h2><p data-path-to-node=\"6\"><span style=\"color: #ffffff;\">Who says a Japanese person can't build American muscles? <b data-path-to-node=\"6\" data-index-in-node=\"57\">Hac\u0131 Abi Garage<\/b> In this project, which we prepared specifically for you, we broke the mold. We combined the agility of the Nissan 200sx chassis with legendary performance. <b data-path-to-node=\"6\" data-index-in-node=\"180\">Boss Bodykit<\/b> we combined its transformation with that tough look of American cars.<\/span><\/p><p data-path-to-node=\"7\"><span style=\"color: #ffffff;\">This operation, carried out at the KT Autostyling workshop, not only expanded the vehicle but also transformed it into a class. With its special racing livery, widebody fenders, and aggressive front grille, this car was created to be the 'Boss' of the drift track.<\/span><\/p>\t\t\t\t\t\t\t\t<\/div>\n\t\t\t\t<\/div>\n\t\t<div class=\"elementor-element elementor-element-d4c52dc e-grid e-con-full e-con e-child\" data-id=\"d4c52dc\" data-element_type=\"container\" data-settings=\"{&quot;background_background&quot;:&quot;classic&quot;}\">\n\t\t\t\t<div class=\"elementor-element elementor-element-3ed8d2e elementor-widget elementor-widget-image\" data-id=\"3ed8d2e\" data-element_type=\"widget\" data-widget_type=\"image.default\">\n\t\t\t\t<div class=\"elementor-widget-container\">\n\t\t\t\t\t\t\t\t\t\t\t\t\t\t\t\t<a href=\"https:\/\/ktautostyling.com\/wp-content\/uploads\/2026\/01\/Boss3.webp\" data-elementor-open-lightbox=\"yes\" data-e-action-hash=\"#elementor-action%3Aaction%3Dlightbox%26settings%3DeyJpZCI6Mjc2MywidXJsIjoiaHR0cHM6XC9cL2t0YXV0b3N0eWxpbmcuY29tXC93cC1jb250ZW50XC91cGxvYWRzXC8yMDI2XC8wMVwvQm9zczMud2VicCJ9\">\n\t\t\t\t\t\t\t<img fetchpriority=\"high\" decoding=\"async\" width=\"768\" height=\"768\" src=\"https:\/\/ktautostyling.com\/wp-content\/uploads\/2026\/01\/Boss3.webp\" class=\"attachment-large size-large wp-image-2763\" alt=\"Boss3\" srcset=\"https:\/\/ktautostyling.com\/wp-content\/uploads\/2026\/01\/Boss3.webp 768w, https:\/\/ktautostyling.com\/wp-content\/uploads\/2026\/01\/Boss3-300x300.webp 300w, https:\/\/ktautostyling.com\/wp-content\/uploads\/2026\/01\/Boss3-150x150.webp 150w, https:\/\/ktautostyling.com\/wp-content\/uploads\/2026\/01\/Boss3-12x12.webp 12w\" sizes=\"(max-width: 768px) 100vw, 768px\" title=\"Nissan 200SX Bossy Bodykit\">\t\t\t\t\t\t\t\t<\/a>\n\t\t\t\t\t\t\t\t\t\t\t\t\t\t\t<\/div>\n\t\t\t\t<\/div>\n\t\t\t\t<div class=\"elementor-element elementor-element-128c3df elementor-widget elementor-widget-image\" data-id=\"128c3df\" data-element_type=\"widget\" data-widget_type=\"image.default\">\n\t\t\t\t<div class=\"elementor-widget-container\">\n\t\t\t\t\t\t\t\t\t\t\t\t\t\t\t\t<a href=\"https:\/\/ktautostyling.com\/wp-content\/uploads\/2026\/01\/boss1.webp\" data-elementor-open-lightbox=\"yes\" data-e-action-hash=\"#elementor-action%3Aaction%3Dlightbox%26settings%3DeyJpZCI6Mjc2NCwidXJsIjoiaHR0cHM6XC9cL2t0YXV0b3N0eWxpbmcuY29tXC93cC1jb250ZW50XC91cGxvYWRzXC8yMDI2XC8wMVwvYm9zczEud2VicCJ9\">\n\t\t\t\t\t\t\t<img decoding=\"async\" width=\"1024\" height=\"1024\" src=\"https:\/\/ktautostyling.com\/wp-content\/uploads\/2026\/01\/boss1.webp\" class=\"attachment-large size-large wp-image-2764\" alt=\"Boss1\" srcset=\"https:\/\/ktautostyling.com\/wp-content\/uploads\/2026\/01\/boss1.webp 1024w, https:\/\/ktautostyling.com\/wp-content\/uploads\/2026\/01\/boss1-300x300.webp 300w, https:\/\/ktautostyling.com\/wp-content\/uploads\/2026\/01\/boss1-150x150.webp 150w, https:\/\/ktautostyling.com\/wp-content\/uploads\/2026\/01\/boss1-768x768.webp 768w, https:\/\/ktautostyling.com\/wp-content\/uploads\/2026\/01\/boss1-12x12.webp 12w\" sizes=\"(max-width: 1024px) 100vw, 1024px\" title=\"Nissan 200SX Bossy Bodykit\">\t\t\t\t\t\t\t\t<\/a>\n\t\t\t\t\t\t\t\t\t\t\t\t\t\t\t<\/div>\n\t\t\t\t<\/div>\n\t\t\t\t<div class=\"elementor-element elementor-element-1fd6486 elementor-widget elementor-widget-image\" data-id=\"1fd6486\" data-element_type=\"widget\" data-widget_type=\"image.default\">\n\t\t\t\t<div class=\"elementor-widget-container\">\n\t\t\t\t\t\t\t\t\t\t\t\t\t\t\t\t<a href=\"https:\/\/ktautostyling.com\/wp-content\/uploads\/2026\/01\/boss2.webp\" data-elementor-open-lightbox=\"yes\" data-e-action-hash=\"#elementor-action%3Aaction%3Dlightbox%26settings%3DeyJpZCI6Mjc2NSwidXJsIjoiaHR0cHM6XC9cL2t0YXV0b3N0eWxpbmcuY29tXC93cC1jb250ZW50XC91cGxvYWRzXC8yMDI2XC8wMVwvYm9zczIud2VicCJ9\">\n\t\t\t\t\t\t\t<img decoding=\"async\" width=\"768\" height=\"768\" src=\"https:\/\/ktautostyling.com\/wp-content\/uploads\/2026\/01\/boss2.webp\" class=\"attachment-large size-large wp-image-2765\" alt=\"Boss2\" srcset=\"https:\/\/ktautostyling.com\/wp-content\/uploads\/2026\/01\/boss2.webp 768w, https:\/\/ktautostyling.com\/wp-content\/uploads\/2026\/01\/boss2-300x300.webp 300w, https:\/\/ktautostyling.com\/wp-content\/uploads\/2026\/01\/boss2-150x150.webp 150w, https:\/\/ktautostyling.com\/wp-content\/uploads\/2026\/01\/boss2-12x12.webp 12w\" sizes=\"(max-width: 768px) 100vw, 768px\" title=\"Nissan 200SX Bossy Bodykit\">\t\t\t\t\t\t\t\t<\/a>\n\t\t\t\t\t\t\t\t\t\t\t\t\t\t\t<\/div>\n\t\t\t\t<\/div>\n\t\t\t\t<div class=\"elementor-element elementor-element-cf12738 elementor-widget elementor-widget-image\" data-id=\"cf12738\" data-element_type=\"widget\" data-widget_type=\"image.default\">\n\t\t\t\t<div class=\"elementor-widget-container\">\n\t\t\t\t\t\t\t\t\t\t\t\t\t\t\t\t<a href=\"https:\/\/ktautostyling.com\/wp-content\/uploads\/2026\/01\/WhatsApp-Image-2026-01-03-at-1.37.19-PM.jpeg\" data-elementor-open-lightbox=\"yes\" data-e-action-hash=\"#elementor-action%3Aaction%3Dlightbox%26settings%3DeyJpZCI6Mjc2NiwidXJsIjoiaHR0cHM6XC9cL2t0YXV0b3N0eWxpbmcuY29tXC93cC1jb250ZW50XC91cGxvYWRzXC8yMDI2XC8wMVwvV2hhdHNBcHAtSW1hZ2UtMjAyNi0wMS0wMy1hdC0xLjM3LjE5LVBNLmpwZWcifQ%3D%3D\">\n\t\t\t\t\t\t\t<img loading=\"lazy\" decoding=\"async\" width=\"1024\" height=\"576\" src=\"https:\/\/ktautostyling.com\/wp-content\/uploads\/2026\/01\/WhatsApp-Image-2026-01-03-at-1.37.19-PM-1024x576.jpeg\" class=\"attachment-large size-large wp-image-2766\" alt=\"WhatsApp Image 2026 01 03 At 1.37.19 PM 1024x576\" srcset=\"https:\/\/ktautostyling.com\/wp-content\/uploads\/2026\/01\/WhatsApp-Image-2026-01-03-at-1.37.19-PM-1024x576.jpeg 1024w, https:\/\/ktautostyling.com\/wp-content\/uploads\/2026\/01\/WhatsApp-Image-2026-01-03-at-1.37.19-PM-300x169.jpeg 300w, https:\/\/ktautostyling.com\/wp-content\/uploads\/2026\/01\/WhatsApp-Image-2026-01-03-at-1.37.19-PM-768x432.jpeg 768w, https:\/\/ktautostyling.com\/wp-content\/uploads\/2026\/01\/WhatsApp-Image-2026-01-03-at-1.37.19-PM-1536x864.jpeg 1536w, https:\/\/ktautostyling.com\/wp-content\/uploads\/2026\/01\/WhatsApp-Image-2026-01-03-at-1.37.19-PM-18x10.jpeg 18w, https:\/\/ktautostyling.com\/wp-content\/uploads\/2026\/01\/WhatsApp-Image-2026-01-03-at-1.37.19-PM.jpeg 2048w\" sizes=\"(max-width: 1024px) 100vw, 1024px\" title=\"Nissan 200SX Bossy Bodykit\">\t\t\t\t\t\t\t\t<\/a>\n\t\t\t\t\t\t\t\t\t\t\t\t\t\t\t<\/div>\n\t\t\t\t<\/div>\n\t\t\t\t<div class=\"elementor-element elementor-element-89e6c0b elementor-widget elementor-widget-image\" data-id=\"89e6c0b\" data-element_type=\"widget\" data-widget_type=\"image.default\">\n\t\t\t\t<div class=\"elementor-widget-container\">\n\t\t\t\t\t\t\t\t\t\t\t\t\t\t\t\t<a href=\"https:\/\/ktautostyling.com\/wp-content\/uploads\/2026\/01\/WhatsApp-Image-2026-01-03-at-1.37.18-PM-1.jpeg\" data-elementor-open-lightbox=\"yes\" data-e-action-hash=\"#elementor-action%3Aaction%3Dlightbox%26settings%3DeyJpZCI6Mjc2NywidXJsIjoiaHR0cHM6XC9cL2t0YXV0b3N0eWxpbmcuY29tXC93cC1jb250ZW50XC91cGxvYWRzXC8yMDI2XC8wMVwvV2hhdHNBcHAtSW1hZ2UtMjAyNi0wMS0wMy1hdC0xLjM3LjE4LVBNLTEuanBlZyJ9\">\n\t\t\t\t\t\t\t<img loading=\"lazy\" decoding=\"async\" width=\"1024\" height=\"576\" src=\"https:\/\/ktautostyling.com\/wp-content\/uploads\/2026\/01\/WhatsApp-Image-2026-01-03-at-1.37.18-PM-1-1024x576.jpeg\" class=\"attachment-large size-large wp-image-2767\" alt=\"WhatsApp Image 2026 01 03 At 1.37.18 PM 1 1024x576\" srcset=\"https:\/\/ktautostyling.com\/wp-content\/uploads\/2026\/01\/WhatsApp-Image-2026-01-03-at-1.37.18-PM-1-1024x576.jpeg 1024w, https:\/\/ktautostyling.com\/wp-content\/uploads\/2026\/01\/WhatsApp-Image-2026-01-03-at-1.37.18-PM-1-300x169.jpeg 300w, https:\/\/ktautostyling.com\/wp-content\/uploads\/2026\/01\/WhatsApp-Image-2026-01-03-at-1.37.18-PM-1-768x432.jpeg 768w, https:\/\/ktautostyling.com\/wp-content\/uploads\/2026\/01\/WhatsApp-Image-2026-01-03-at-1.37.18-PM-1-1536x864.jpeg 1536w, https:\/\/ktautostyling.com\/wp-content\/uploads\/2026\/01\/WhatsApp-Image-2026-01-03-at-1.37.18-PM-1-18x10.jpeg 18w, https:\/\/ktautostyling.com\/wp-content\/uploads\/2026\/01\/WhatsApp-Image-2026-01-03-at-1.37.18-PM-1.jpeg 2048w\" sizes=\"(max-width: 1024px) 100vw, 1024px\" title=\"Nissan 200SX Bossy Bodykit\">\t\t\t\t\t\t\t\t<\/a>\n\t\t\t\t\t\t\t\t\t\t\t\t\t\t\t<\/div>\n\t\t\t\t<\/div>\n\t\t\t\t<div class=\"elementor-element elementor-element-7277110 elementor-widget elementor-widget-image\" data-id=\"7277110\" data-element_type=\"widget\" data-widget_type=\"image.default\">\n\t\t\t\t<div class=\"elementor-widget-container\">\n\t\t\t\t\t\t\t\t\t\t\t\t\t\t\t\t<a href=\"https:\/\/ktautostyling.com\/wp-content\/uploads\/2026\/01\/WhatsApp-Image-2026-01-03-at-1.37.18-PM-2.jpeg\" data-elementor-open-lightbox=\"yes\" data-e-action-hash=\"#elementor-action%3Aaction%3Dlightbox%26settings%3DeyJpZCI6MzM4MSwidXJsIjoiaHR0cHM6XC9cL2t0YXV0b3N0eWxpbmcuY29tXC93cC1jb250ZW50XC91cGxvYWRzXC8yMDI2XC8wMVwvV2hhdHNBcHAtSW1hZ2UtMjAyNi0wMS0wMy1hdC0xLjM3LjE4LVBNLTIuanBlZyJ9\">\n\t\t\t\t\t\t\t<img loading=\"lazy\" decoding=\"async\" width=\"960\" height=\"1024\" src=\"https:\/\/ktautostyling.com\/wp-content\/uploads\/2026\/01\/WhatsApp-Image-2026-01-03-at-1.37.18-PM-2-960x1024.jpeg\" class=\"attachment-large size-large wp-image-3381\" alt=\"WhatsApp Image 2026 01 03 At 1.37.18 PM 2 960x1024\" srcset=\"https:\/\/ktautostyling.com\/wp-content\/uploads\/2026\/01\/WhatsApp-Image-2026-01-03-at-1.37.18-PM-2-960x1024.jpeg 960w, https:\/\/ktautostyling.com\/wp-content\/uploads\/2026\/01\/WhatsApp-Image-2026-01-03-at-1.37.18-PM-2-281x300.jpeg 281w, https:\/\/ktautostyling.com\/wp-content\/uploads\/2026\/01\/WhatsApp-Image-2026-01-03-at-1.37.18-PM-2-768x819.jpeg 768w, https:\/\/ktautostyling.com\/wp-content\/uploads\/2026\/01\/WhatsApp-Image-2026-01-03-at-1.37.18-PM-2-1440x1536.jpeg 1440w, https:\/\/ktautostyling.com\/wp-content\/uploads\/2026\/01\/WhatsApp-Image-2026-01-03-at-1.37.18-PM-2-11x12.jpeg 11w, https:\/\/ktautostyling.com\/wp-content\/uploads\/2026\/01\/WhatsApp-Image-2026-01-03-at-1.37.18-PM-2.jpeg 1920w\" sizes=\"(max-width: 960px) 100vw, 960px\" title=\"Nissan 200SX Bossy Bodykit\">\t\t\t\t\t\t\t\t<\/a>\n\t\t\t\t\t\t\t\t\t\t\t\t\t\t\t<\/div>\n\t\t\t\t<\/div>\n\t\t\t\t<\/div>\n\t\t\t\t<div class=\"elementor-element elementor-element-93575a4 elementor-widget elementor-widget-button\" data-id=\"93575a4\" data-element_type=\"widget\" data-widget_type=\"button.default\">\n\t\t\t\t<div class=\"elementor-widget-container\">\n\t\t\t\t\t\t\t\t\t<div class=\"elementor-button-wrapper\">\n\t\t\t\t\t<a class=\"elementor-button elementor-button-link elementor-size-sm\" href=\"https:\/\/ktautostyling.com\/en\/projeler\/\">\n\t\t\t\t\t\t<span class=\"elementor-button-content-wrapper\">\n\t\t\t\t\t\t\t\t\t<span class=\"elementor-button-text\">Go back<\/span>\n\t\t\t\t\t<\/span>\n\t\t\t\t\t<\/a>\n\t\t\t\t<\/div>\n\t\t\t\t\t\t\t\t<\/div>\n\t\t\t\t<\/div>\n\t\t\t\t<div class=\"elementor-element elementor-element-a1a0478 elementor-post-navigation-borders-yes elementor-widget elementor-widget-post-navigation\" data-id=\"a1a0478\" data-element_type=\"widget\" data-widget_type=\"post-navigation.default\">\n\t\t\t\t<div class=\"elementor-widget-container\">\n\t\t\t\t\t\t\t<div class=\"elementor-post-navigation\" role=\"navigation\" aria-label=\"Post Navigation\">\n\t\t\t<div class=\"elementor-post-navigation__prev elementor-post-navigation__link\">\n\t\t\t\t<a href=\"https:\/\/ktautostyling.com\/en\/projeler\/1948facelift\/\" rel=\"prev\"><span class=\"post-navigation__arrow-wrapper post-navigation__arrow-prev\"><i aria-hidden=\"true\" class=\"fas fa-angle-left\"><\/i><span class=\"elementor-screen-only\">Prev<\/span><\/span><span class=\"elementor-post-navigation__link__prev\"><span class=\"post-navigation__prev--label\">previous<\/span><span class=\"post-navigation__prev--title\">Volkswagen Beetle<\/span><\/span><\/a>\t\t\t<\/div>\n\t\t\t\t\t\t\t<div class=\"elementor-post-navigation__separator-wrapper\">\n\t\t\t\t\t<div class=\"elementor-post-navigation__separator\"><\/div>\n\t\t\t\t<\/div>\n\t\t\t\t\t\t<div class=\"elementor-post-navigation__next elementor-post-navigation__link\">\n\t\t\t\t<a href=\"https:\/\/ktautostyling.com\/en\/projeler\/gtr34\/\" rel=\"next\"><span class=\"elementor-post-navigation__link__next\"><span class=\"post-navigation__next--label\">next<\/span><span class=\"post-navigation__next--title\">Nissan Skyline GTR R34<\/span><\/span><span class=\"post-navigation__arrow-wrapper post-navigation__arrow-next\"><i aria-hidden=\"true\" class=\"fas fa-angle-right\"><\/i><span class=\"elementor-screen-only\">Next<\/span><\/span><\/a>\t\t\t<\/div>\n\t\t<\/div>\n\t\t\t\t\t\t<\/div>\n\t\t\t\t<\/div>\n\t\t\t\t\t<\/div>\n\t\t\t\t<\/div>\n\t\t\t\t<\/div>","protected":false},"excerpt":{"rendered":"<p>Japon Ruhuna Amerikan Maskesi: 200SX Boss Bodykit Kim demi\u015f bir Japon, Amerikan kas\u0131 yapamaz diye? Hac\u0131 Abi Garage i\u00e7in \u00f6zel olarak haz\u0131rlad\u0131\u011f\u0131m\u0131z bu projede, ezberleri bozduk. Nissan 200sx \u015fasesinin \u00e7evikli\u011fini, efsanevi Boss Bodykit d\u00f6n\u00fc\u015f\u00fcm\u00fcyle Amerikan otomobillerinin o sert bak\u0131\u015f\u0131yla birle\u015ftirdik. KT Autostyling at\u00f6lyesinde ger\u00e7ekle\u015fen bu operasyonla ara\u00e7, sadece geni\u015flemekle kalmad\u0131; adeta s\u0131n\u0131f de\u011fi\u015ftirdi. \u00d6zel yar\u0131\u015f [&hellip;]<\/p>","protected":false},"author":1,"featured_media":0,"parent":1129,"menu_order":0,"comment_status":"closed","ping_status":"closed","template":"","meta":{"site-sidebar-layout":"no-sidebar","site-content-layout":"page-builder","ast-site-content-layout":"full-width-container","site-content-style":"unboxed","site-sidebar-style":"unboxed","ast-global-header-display":"","ast-banner-title-visibility":"","ast-main-header-display":"","ast-hfb-above-header-display":"","ast-hfb-below-header-display":"","ast-hfb-mobile-header-display":"","site-post-title":"disabled","ast-breadcrumbs-content":"","ast-featured-img":"disabled","footer-sml-layout":"","ast-disable-related-posts":"","theme-transparent-header-meta":"","adv-header-id-meta":"","stick-header-meta":"","header-above-stick-meta":"","header-main-stick-meta":"","header-below-stick-meta":"","astra-migrate-meta-layouts":"set","ast-page-background-enabled":"default","ast-page-background-meta":{"desktop":{"background-color":"","background-image":"","background-repeat":"repeat","background-position":"center center","background-size":"auto","background-attachment":"scroll","background-type":"","background-media":"","overlay-type":"","overlay-color":"","overlay-opacity":"","overlay-gradient":""},"tablet":{"background-color":"","background-image":"","background-repeat":"repeat","background-position":"center center","background-size":"auto","background-attachment":"scroll","background-type":"","background-media":"","overlay-type":"","overlay-color":"","overlay-opacity":"","overlay-gradient":""},"mobile":{"background-color":"","background-image":"","background-repeat":"repeat","background-position":"center center","background-size":"auto","background-attachment":"scroll","background-type":"","background-media":"","overlay-type":"","overlay-color":"","overlay-opacity":"","overlay-gradient":""}},"ast-content-background-meta":{"desktop":{"background-color":"var(--ast-global-color-5)","background-image":"","background-repeat":"repeat","background-position":"center center","background-size":"auto","background-attachment":"scroll","background-type":"","background-media":"","overlay-type":"","overlay-color":"","overlay-opacity":"","overlay-gradient":""},"tablet":{"background-color":"var(--ast-global-color-5)","background-image":"","background-repeat":"repeat","background-position":"center center","background-size":"auto","background-attachment":"scroll","background-type":"","background-media":"","overlay-type":"","overlay-color":"","overlay-opacity":"","overlay-gradient":""},"mobile":{"background-color":"var(--ast-global-color-5)","background-image":"","background-repeat":"repeat","background-position":"center center","background-size":"auto","background-attachment":"scroll","background-type":"","background-media":"","overlay-type":"","overlay-color":"","overlay-opacity":"","overlay-gradient":""}},"footnotes":""},"class_list":["post-2824","page","type-page","status-publish","hentry"],"_hostinger_reach_plugin_has_subscription_block":false,"_hostinger_reach_plugin_is_elementor":false,"_links":{"self":[{"href":"https:\/\/ktautostyling.com\/en\/wp-json\/wp\/v2\/pages\/2824","targetHints":{"allow":["GET"]}}],"collection":[{"href":"https:\/\/ktautostyling.com\/en\/wp-json\/wp\/v2\/pages"}],"about":[{"href":"https:\/\/ktautostyling.com\/en\/wp-json\/wp\/v2\/types\/page"}],"author":[{"embeddable":true,"href":"https:\/\/ktautostyling.com\/en\/wp-json\/wp\/v2\/users\/1"}],"replies":[{"embeddable":true,"href":"https:\/\/ktautostyling.com\/en\/wp-json\/wp\/v2\/comments?post=2824"}],"version-history":[{"count":0,"href":"https:\/\/ktautostyling.com\/en\/wp-json\/wp\/v2\/pages\/2824\/revisions"}],"up":[{"embeddable":true,"href":"https:\/\/ktautostyling.com\/en\/wp-json\/wp\/v2\/pages\/1129"}],"wp:attachment":[{"href":"https:\/\/ktautostyling.com\/en\/wp-json\/wp\/v2\/media?parent=2824"}],"curies":[{"name":"wp","href":"https:\/\/api.w.org\/{rel}","templated":true}]}}