{"id":2834,"date":"2026-01-07T15:25:44","date_gmt":"2026-01-07T15:25:44","guid":{"rendered":"https:\/\/ktautostyling.com\/?page_id=2834"},"modified":"2026-01-13T16:41:37","modified_gmt":"2026-01-13T16:41:37","slug":"opet","status":"publish","type":"page","link":"https:\/\/ktautostyling.com\/en\/projeler\/opet\/","title":{"rendered":"Ford F-150 Opet Reklam Arac\u0131"},"content":{"rendered":"<div data-elementor-type=\"wp-page\" data-elementor-id=\"2834\" class=\"elementor elementor-2834\" data-elementor-post-type=\"page\">\n\t\t\t\t<div class=\"elementor-element elementor-element-a429bc3 e-flex e-con-boxed e-con e-parent\" data-id=\"a429bc3\" data-element_type=\"container\" data-settings=\"{&quot;background_background&quot;:&quot;classic&quot;}\">\n\t\t\t\t\t<div class=\"e-con-inner\">\n\t\t\t\t<div class=\"elementor-element elementor-element-5076d92 elementor-widget elementor-widget-text-editor\" data-id=\"5076d92\" data-element_type=\"widget\" data-widget_type=\"text-editor.default\">\n\t\t\t\t<div class=\"elementor-widget-container\">\n\t\t\t\t\t\t\t\t\t<h2><span style=\"color: #ffffff;\">A Design That Plays with Fire: The Opet Project<\/span><\/h2><p data-path-to-node=\"11\"><span style=\"color: #ffffff;\">Commercials don't tolerate mistakes; they demand attention to detail. The Ford F-150 we created for the Opet commercial was built as a true 'Show Car'. The blue flame graphics applied to the car's characteristic orange color represent the pinnacle of the modified car culture of that era.<\/span><\/p><p data-path-to-node=\"12\"><span style=\"color: #ffffff;\">The vehicle was transformed into a visual and auditory feast, particularly with the custom sound system design (sound system build) and chrome details applied to the cargo area. This project, bearing the signature of Kadir Tuncer, has left a lasting impression with the buzz it created on television.<\/span><\/p>\t\t\t\t\t\t\t\t<\/div>\n\t\t\t\t<\/div>\n\t\t<div class=\"elementor-element elementor-element-cdb03c5 e-grid e-con-full e-con e-child\" data-id=\"cdb03c5\" data-element_type=\"container\" data-settings=\"{&quot;background_background&quot;:&quot;classic&quot;}\">\n\t\t\t\t<div class=\"elementor-element elementor-element-94ca23b elementor-widget elementor-widget-image\" data-id=\"94ca23b\" data-element_type=\"widget\" data-widget_type=\"image.default\">\n\t\t\t\t<div class=\"elementor-widget-container\">\n\t\t\t\t\t\t\t\t\t\t\t\t\t\t\t\t<a href=\"https:\/\/ktautostyling.com\/wp-content\/uploads\/2026\/01\/opet4.jpg\" data-elementor-open-lightbox=\"yes\" data-e-action-hash=\"#elementor-action%3Aaction%3Dlightbox%26settings%3DeyJpZCI6MjcyNCwidXJsIjoiaHR0cHM6XC9cL2t0YXV0b3N0eWxpbmcuY29tXC93cC1jb250ZW50XC91cGxvYWRzXC8yMDI2XC8wMVwvb3BldDQuanBnIn0%3D\">\n\t\t\t\t\t\t\t<img fetchpriority=\"high\" decoding=\"async\" width=\"1024\" height=\"1024\" src=\"https:\/\/ktautostyling.com\/wp-content\/uploads\/2026\/01\/opet4.jpg\" class=\"attachment-large size-large wp-image-2724\" alt=\"Opet4\" srcset=\"https:\/\/ktautostyling.com\/wp-content\/uploads\/2026\/01\/opet4.jpg 1024w, https:\/\/ktautostyling.com\/wp-content\/uploads\/2026\/01\/opet4-300x300.jpg 300w, https:\/\/ktautostyling.com\/wp-content\/uploads\/2026\/01\/opet4-150x150.jpg 150w, https:\/\/ktautostyling.com\/wp-content\/uploads\/2026\/01\/opet4-768x768.jpg 768w, https:\/\/ktautostyling.com\/wp-content\/uploads\/2026\/01\/opet4-12x12.jpg 12w\" sizes=\"(max-width: 1024px) 100vw, 1024px\" title=\"Ford F-150 Opet Reklam Arac\u0131\">\t\t\t\t\t\t\t\t<\/a>\n\t\t\t\t\t\t\t\t\t\t\t\t\t\t\t<\/div>\n\t\t\t\t<\/div>\n\t\t\t\t<div class=\"elementor-element elementor-element-50bd6d0 elementor-widget elementor-widget-image\" data-id=\"50bd6d0\" data-element_type=\"widget\" data-widget_type=\"image.default\">\n\t\t\t\t<div class=\"elementor-widget-container\">\n\t\t\t\t\t\t\t\t\t\t\t\t\t\t\t\t<a href=\"https:\/\/ktautostyling.com\/wp-content\/uploads\/2026\/01\/opet3.jpg\" data-elementor-open-lightbox=\"yes\" data-e-action-hash=\"#elementor-action%3Aaction%3Dlightbox%26settings%3DeyJpZCI6MjcyMywidXJsIjoiaHR0cHM6XC9cL2t0YXV0b3N0eWxpbmcuY29tXC93cC1jb250ZW50XC91cGxvYWRzXC8yMDI2XC8wMVwvb3BldDMuanBnIn0%3D\">\n\t\t\t\t\t\t\t<img decoding=\"async\" width=\"960\" height=\"720\" src=\"https:\/\/ktautostyling.com\/wp-content\/uploads\/2026\/01\/opet3.jpg\" class=\"attachment-large size-large wp-image-2723\" alt=\"Opet3\" srcset=\"https:\/\/ktautostyling.com\/wp-content\/uploads\/2026\/01\/opet3.jpg 960w, https:\/\/ktautostyling.com\/wp-content\/uploads\/2026\/01\/opet3-300x225.jpg 300w, https:\/\/ktautostyling.com\/wp-content\/uploads\/2026\/01\/opet3-768x576.jpg 768w, https:\/\/ktautostyling.com\/wp-content\/uploads\/2026\/01\/opet3-16x12.jpg 16w\" sizes=\"(max-width: 960px) 100vw, 960px\" title=\"Ford F-150 Opet Reklam Arac\u0131\">\t\t\t\t\t\t\t\t<\/a>\n\t\t\t\t\t\t\t\t\t\t\t\t\t\t\t<\/div>\n\t\t\t\t<\/div>\n\t\t\t\t<div class=\"elementor-element elementor-element-a471289 elementor-widget elementor-widget-image\" data-id=\"a471289\" data-element_type=\"widget\" data-widget_type=\"image.default\">\n\t\t\t\t<div class=\"elementor-widget-container\">\n\t\t\t\t\t\t\t\t\t\t\t\t\t\t\t\t<a href=\"https:\/\/ktautostyling.com\/wp-content\/uploads\/2026\/01\/opet2.jpg\" data-elementor-open-lightbox=\"yes\" data-e-action-hash=\"#elementor-action%3Aaction%3Dlightbox%26settings%3DeyJpZCI6MjcyMiwidXJsIjoiaHR0cHM6XC9cL2t0YXV0b3N0eWxpbmcuY29tXC93cC1jb250ZW50XC91cGxvYWRzXC8yMDI2XC8wMVwvb3BldDIuanBnIn0%3D\">\n\t\t\t\t\t\t\t<img decoding=\"async\" width=\"960\" height=\"720\" src=\"https:\/\/ktautostyling.com\/wp-content\/uploads\/2026\/01\/opet2.jpg\" class=\"attachment-large size-large wp-image-2722\" alt=\"Opet2\" srcset=\"https:\/\/ktautostyling.com\/wp-content\/uploads\/2026\/01\/opet2.jpg 960w, https:\/\/ktautostyling.com\/wp-content\/uploads\/2026\/01\/opet2-300x225.jpg 300w, https:\/\/ktautostyling.com\/wp-content\/uploads\/2026\/01\/opet2-768x576.jpg 768w, https:\/\/ktautostyling.com\/wp-content\/uploads\/2026\/01\/opet2-16x12.jpg 16w\" sizes=\"(max-width: 960px) 100vw, 960px\" title=\"Ford F-150 Opet Reklam Arac\u0131\">\t\t\t\t\t\t\t\t<\/a>\n\t\t\t\t\t\t\t\t\t\t\t\t\t\t\t<\/div>\n\t\t\t\t<\/div>\n\t\t\t\t<div class=\"elementor-element elementor-element-99f729e elementor-widget elementor-widget-image\" data-id=\"99f729e\" data-element_type=\"widget\" data-widget_type=\"image.default\">\n\t\t\t\t<div class=\"elementor-widget-container\">\n\t\t\t\t\t\t\t\t\t\t\t\t\t\t\t\t<a href=\"https:\/\/ktautostyling.com\/wp-content\/uploads\/2026\/01\/opet1-1.jpg\" data-elementor-open-lightbox=\"yes\" data-e-action-hash=\"#elementor-action%3Aaction%3Dlightbox%26settings%3DeyJpZCI6MjcyMSwidXJsIjoiaHR0cHM6XC9cL2t0YXV0b3N0eWxpbmcuY29tXC93cC1jb250ZW50XC91cGxvYWRzXC8yMDI2XC8wMVwvb3BldDEtMS5qcGcifQ%3D%3D\">\n\t\t\t\t\t\t\t<img loading=\"lazy\" decoding=\"async\" width=\"960\" height=\"720\" src=\"https:\/\/ktautostyling.com\/wp-content\/uploads\/2026\/01\/opet1-1.jpg\" class=\"attachment-large size-large wp-image-2721\" alt=\"Opet1 1\" srcset=\"https:\/\/ktautostyling.com\/wp-content\/uploads\/2026\/01\/opet1-1.jpg 960w, https:\/\/ktautostyling.com\/wp-content\/uploads\/2026\/01\/opet1-1-300x225.jpg 300w, https:\/\/ktautostyling.com\/wp-content\/uploads\/2026\/01\/opet1-1-768x576.jpg 768w, https:\/\/ktautostyling.com\/wp-content\/uploads\/2026\/01\/opet1-1-16x12.jpg 16w\" sizes=\"(max-width: 960px) 100vw, 960px\" title=\"Ford F-150 Opet Reklam Arac\u0131\">\t\t\t\t\t\t\t\t<\/a>\n\t\t\t\t\t\t\t\t\t\t\t\t\t\t\t<\/div>\n\t\t\t\t<\/div>\n\t\t\t\t<div class=\"elementor-element elementor-element-fd87daf elementor-widget elementor-widget-image\" data-id=\"fd87daf\" data-element_type=\"widget\" data-widget_type=\"image.default\">\n\t\t\t\t<div class=\"elementor-widget-container\">\n\t\t\t\t\t\t\t\t\t\t\t\t\t\t\t\t<a href=\"https:\/\/ktautostyling.com\/wp-content\/uploads\/2026\/01\/opet6.jpg\" data-elementor-open-lightbox=\"yes\" data-e-action-hash=\"#elementor-action%3Aaction%3Dlightbox%26settings%3DeyJpZCI6MjcyNiwidXJsIjoiaHR0cHM6XC9cL2t0YXV0b3N0eWxpbmcuY29tXC93cC1jb250ZW50XC91cGxvYWRzXC8yMDI2XC8wMVwvb3BldDYuanBnIn0%3D\">\n\t\t\t\t\t\t\t<img loading=\"lazy\" decoding=\"async\" width=\"960\" height=\"718\" src=\"https:\/\/ktautostyling.com\/wp-content\/uploads\/2026\/01\/opet6.jpg\" class=\"attachment-large size-large wp-image-2726\" alt=\"Opet6\" srcset=\"https:\/\/ktautostyling.com\/wp-content\/uploads\/2026\/01\/opet6.jpg 960w, https:\/\/ktautostyling.com\/wp-content\/uploads\/2026\/01\/opet6-300x224.jpg 300w, https:\/\/ktautostyling.com\/wp-content\/uploads\/2026\/01\/opet6-768x574.jpg 768w, https:\/\/ktautostyling.com\/wp-content\/uploads\/2026\/01\/opet6-16x12.jpg 16w\" sizes=\"(max-width: 960px) 100vw, 960px\" title=\"Ford F-150 Opet Reklam Arac\u0131\">\t\t\t\t\t\t\t\t<\/a>\n\t\t\t\t\t\t\t\t\t\t\t\t\t\t\t<\/div>\n\t\t\t\t<\/div>\n\t\t\t\t<div class=\"elementor-element elementor-element-4f611db elementor-widget elementor-widget-image\" data-id=\"4f611db\" data-element_type=\"widget\" data-widget_type=\"image.default\">\n\t\t\t\t<div class=\"elementor-widget-container\">\n\t\t\t\t\t\t\t\t\t\t\t\t\t\t\t\t<a href=\"https:\/\/ktautostyling.com\/wp-content\/uploads\/2026\/01\/Opet-Showcar-by-Ktautostyling-opet-opettr-tuningcar-tuning-chromecar-flame-atademirer-s.jpg\" data-elementor-open-lightbox=\"yes\" data-e-action-hash=\"#elementor-action%3Aaction%3Dlightbox%26settings%3DeyJpZCI6MzI1NywidXJsIjoiaHR0cHM6XC9cL2t0YXV0b3N0eWxpbmcuY29tXC93cC1jb250ZW50XC91cGxvYWRzXC8yMDI2XC8wMVwvT3BldC1TaG93Y2FyLWJ5LUt0YXV0b3N0eWxpbmctb3BldC1vcGV0dHItdHVuaW5nY2FyLXR1bmluZy1jaHJvbWVjYXItZmxhbWUtYXRhZGVtaXJlci1zLmpwZyJ9\">\n\t\t\t\t\t\t\t<img loading=\"lazy\" decoding=\"async\" width=\"1024\" height=\"944\" src=\"https:\/\/ktautostyling.com\/wp-content\/uploads\/2026\/01\/Opet-Showcar-by-Ktautostyling-opet-opettr-tuningcar-tuning-chromecar-flame-atademirer-s-1024x944.jpg\" class=\"attachment-large size-large wp-image-3257\" alt=\"Opet Showcar By Ktautostyling Opet Opettr Tuningcar Tuning Chromecar Flame Atademirer S 1024x944\" srcset=\"https:\/\/ktautostyling.com\/wp-content\/uploads\/2026\/01\/Opet-Showcar-by-Ktautostyling-opet-opettr-tuningcar-tuning-chromecar-flame-atademirer-s-1024x944.jpg 1024w, https:\/\/ktautostyling.com\/wp-content\/uploads\/2026\/01\/Opet-Showcar-by-Ktautostyling-opet-opettr-tuningcar-tuning-chromecar-flame-atademirer-s-300x277.jpg 300w, https:\/\/ktautostyling.com\/wp-content\/uploads\/2026\/01\/Opet-Showcar-by-Ktautostyling-opet-opettr-tuningcar-tuning-chromecar-flame-atademirer-s-768x708.jpg 768w, https:\/\/ktautostyling.com\/wp-content\/uploads\/2026\/01\/Opet-Showcar-by-Ktautostyling-opet-opettr-tuningcar-tuning-chromecar-flame-atademirer-s-13x12.jpg 13w, https:\/\/ktautostyling.com\/wp-content\/uploads\/2026\/01\/Opet-Showcar-by-Ktautostyling-opet-opettr-tuningcar-tuning-chromecar-flame-atademirer-s.jpg 1080w\" sizes=\"(max-width: 1024px) 100vw, 1024px\" title=\"Ford F-150 Opet Reklam Arac\u0131\">\t\t\t\t\t\t\t\t<\/a>\n\t\t\t\t\t\t\t\t\t\t\t\t\t\t\t<\/div>\n\t\t\t\t<\/div>\n\t\t\t\t<div class=\"elementor-element elementor-element-407ed37 elementor-widget elementor-widget-image\" data-id=\"407ed37\" data-element_type=\"widget\" data-widget_type=\"image.default\">\n\t\t\t\t<div class=\"elementor-widget-container\">\n\t\t\t\t\t\t\t\t\t\t\t\t\t\t\t\t<a href=\"https:\/\/ktautostyling.com\/wp-content\/uploads\/2026\/01\/Aracin-modifiye-edilmesinde-bizi-tercih-eden-Opet-ve-FilmparkYR-ajansa-ekibim-ve-kendi-adima-t.jpg\" data-elementor-open-lightbox=\"yes\" data-e-action-hash=\"#elementor-action%3Aaction%3Dlightbox%26settings%3DeyJpZCI6MzI1NSwidXJsIjoiaHR0cHM6XC9cL2t0YXV0b3N0eWxpbmcuY29tXC93cC1jb250ZW50XC91cGxvYWRzXC8yMDI2XC8wMVwvQXJhY2luLW1vZGlmaXllLWVkaWxtZXNpbmRlLWJpemktdGVyY2loLWVkZW4tT3BldC12ZS1GaWxtcGFya1lSLWFqYW5zYS1la2liaW0tdmUta2VuZGktYWRpbWEtdC5qcGcifQ%3D%3D\">\n\t\t\t\t\t\t\t<img loading=\"lazy\" decoding=\"async\" width=\"750\" height=\"750\" src=\"https:\/\/ktautostyling.com\/wp-content\/uploads\/2026\/01\/Aracin-modifiye-edilmesinde-bizi-tercih-eden-Opet-ve-FilmparkYR-ajansa-ekibim-ve-kendi-adima-t.jpg\" class=\"attachment-large size-large wp-image-3255\" alt=\"Aracin Modifiye Edilmesinde Bizi Tercih Eden Opet Ve FilmparkYR Ajansa Ekibim Ve Kendi Adima T\" srcset=\"https:\/\/ktautostyling.com\/wp-content\/uploads\/2026\/01\/Aracin-modifiye-edilmesinde-bizi-tercih-eden-Opet-ve-FilmparkYR-ajansa-ekibim-ve-kendi-adima-t.jpg 750w, https:\/\/ktautostyling.com\/wp-content\/uploads\/2026\/01\/Aracin-modifiye-edilmesinde-bizi-tercih-eden-Opet-ve-FilmparkYR-ajansa-ekibim-ve-kendi-adima-t-300x300.jpg 300w, https:\/\/ktautostyling.com\/wp-content\/uploads\/2026\/01\/Aracin-modifiye-edilmesinde-bizi-tercih-eden-Opet-ve-FilmparkYR-ajansa-ekibim-ve-kendi-adima-t-150x150.jpg 150w, https:\/\/ktautostyling.com\/wp-content\/uploads\/2026\/01\/Aracin-modifiye-edilmesinde-bizi-tercih-eden-Opet-ve-FilmparkYR-ajansa-ekibim-ve-kendi-adima-t-12x12.jpg 12w\" sizes=\"(max-width: 750px) 100vw, 750px\" title=\"Ford F-150 Opet Reklam Arac\u0131\">\t\t\t\t\t\t\t\t<\/a>\n\t\t\t\t\t\t\t\t\t\t\t\t\t\t\t<\/div>\n\t\t\t\t<\/div>\n\t\t\t\t<div class=\"elementor-element elementor-element-ed8cdbf elementor-widget elementor-widget-image\" data-id=\"ed8cdbf\" data-element_type=\"widget\" data-widget_type=\"image.default\">\n\t\t\t\t<div class=\"elementor-widget-container\">\n\t\t\t\t\t\t\t\t\t\t\t\t\t\t\t\t<a href=\"https:\/\/ktautostyling.com\/wp-content\/uploads\/2026\/01\/\ud83e\udd1f\ud83c\udffc\ud83d\ude08\ud83e\udd1f\ud83c\udffc-opet-kt-ktautostyling-gittimigidiyo-luxurycars-showcar-retrocar-tuning-fashi.jpg\" data-elementor-open-lightbox=\"yes\" data-e-action-hash=\"#elementor-action%3Aaction%3Dlightbox%26settings%3DeyJpZCI6MzI1NiwidXJsIjoiaHR0cHM6XC9cL2t0YXV0b3N0eWxpbmcuY29tXC93cC1jb250ZW50XC91cGxvYWRzXC8yMDI2XC8wMVwvXHVkODNlXHVkZDFmXHVkODNjXHVkZmZjXHVkODNkXHVkZTA4XHVkODNlXHVkZDFmXHVkODNjXHVkZmZjLW9wZXQta3Qta3RhdXRvc3R5bGluZy1naXR0aW1pZ2lkaXlvLWx1eHVyeWNhcnMtc2hvd2Nhci1yZXRyb2Nhci10dW5pbmctZmFzaGkuanBnIn0%3D\">\n\t\t\t\t\t\t\t<img loading=\"lazy\" decoding=\"async\" width=\"1024\" height=\"1024\" src=\"https:\/\/ktautostyling.com\/wp-content\/uploads\/2026\/01\/\ud83e\udd1f\ud83c\udffc\ud83d\ude08\ud83e\udd1f\ud83c\udffc-opet-kt-ktautostyling-gittimigidiyo-luxurycars-showcar-retrocar-tuning-fashi-1024x1024.jpg\" class=\"attachment-large size-large wp-image-3256\" alt=\"\ud83e\udd1f\ud83c\udffc\ud83d\ude08\ud83e\udd1f\ud83c\udffc Opet Kt Ktautostyling Gittimigidiyo Luxurycars Showcar Retrocar Tuning Fashi 1024x1024\" srcset=\"https:\/\/ktautostyling.com\/wp-content\/uploads\/2026\/01\/\ud83e\udd1f\ud83c\udffc\ud83d\ude08\ud83e\udd1f\ud83c\udffc-opet-kt-ktautostyling-gittimigidiyo-luxurycars-showcar-retrocar-tuning-fashi-1024x1024.jpg 1024w, https:\/\/ktautostyling.com\/wp-content\/uploads\/2026\/01\/\ud83e\udd1f\ud83c\udffc\ud83d\ude08\ud83e\udd1f\ud83c\udffc-opet-kt-ktautostyling-gittimigidiyo-luxurycars-showcar-retrocar-tuning-fashi-300x300.jpg 300w, https:\/\/ktautostyling.com\/wp-content\/uploads\/2026\/01\/\ud83e\udd1f\ud83c\udffc\ud83d\ude08\ud83e\udd1f\ud83c\udffc-opet-kt-ktautostyling-gittimigidiyo-luxurycars-showcar-retrocar-tuning-fashi-150x150.jpg 150w, https:\/\/ktautostyling.com\/wp-content\/uploads\/2026\/01\/\ud83e\udd1f\ud83c\udffc\ud83d\ude08\ud83e\udd1f\ud83c\udffc-opet-kt-ktautostyling-gittimigidiyo-luxurycars-showcar-retrocar-tuning-fashi-768x768.jpg 768w, https:\/\/ktautostyling.com\/wp-content\/uploads\/2026\/01\/\ud83e\udd1f\ud83c\udffc\ud83d\ude08\ud83e\udd1f\ud83c\udffc-opet-kt-ktautostyling-gittimigidiyo-luxurycars-showcar-retrocar-tuning-fashi-12x12.jpg 12w, https:\/\/ktautostyling.com\/wp-content\/uploads\/2026\/01\/\ud83e\udd1f\ud83c\udffc\ud83d\ude08\ud83e\udd1f\ud83c\udffc-opet-kt-ktautostyling-gittimigidiyo-luxurycars-showcar-retrocar-tuning-fashi.jpg 1080w\" sizes=\"(max-width: 1024px) 100vw, 1024px\" title=\"Ford F-150 Opet Reklam Arac\u0131\">\t\t\t\t\t\t\t\t<\/a>\n\t\t\t\t\t\t\t\t\t\t\t\t\t\t\t<\/div>\n\t\t\t\t<\/div>\n\t\t\t\t<\/div>\n\t\t\t\t<div class=\"elementor-element elementor-element-728b601 elementor-widget elementor-widget-button\" data-id=\"728b601\" data-element_type=\"widget\" data-widget_type=\"button.default\">\n\t\t\t\t<div class=\"elementor-widget-container\">\n\t\t\t\t\t\t\t\t\t<div class=\"elementor-button-wrapper\">\n\t\t\t\t\t<a class=\"elementor-button elementor-button-link elementor-size-sm\" href=\"https:\/\/ktautostyling.com\/en\/projeler\/\">\n\t\t\t\t\t\t<span class=\"elementor-button-content-wrapper\">\n\t\t\t\t\t\t\t\t\t<span class=\"elementor-button-text\">Go back<\/span>\n\t\t\t\t\t<\/span>\n\t\t\t\t\t<\/a>\n\t\t\t\t<\/div>\n\t\t\t\t\t\t\t\t<\/div>\n\t\t\t\t<\/div>\n\t\t\t\t<div class=\"elementor-element elementor-element-3d99641 elementor-post-navigation-borders-yes elementor-widget elementor-widget-post-navigation\" data-id=\"3d99641\" data-element_type=\"widget\" data-widget_type=\"post-navigation.default\">\n\t\t\t\t<div class=\"elementor-widget-container\">\n\t\t\t\t\t\t\t<div class=\"elementor-post-navigation\" role=\"navigation\" aria-label=\"Post Navigation\">\n\t\t\t<div class=\"elementor-post-navigation__prev elementor-post-navigation__link\">\n\t\t\t\t<a href=\"https:\/\/ktautostyling.com\/en\/projeler\/gtr34\/\" rel=\"prev\"><span class=\"post-navigation__arrow-wrapper post-navigation__arrow-prev\"><i aria-hidden=\"true\" class=\"fas fa-angle-left\"><\/i><span class=\"elementor-screen-only\">Prev<\/span><\/span><span class=\"elementor-post-navigation__link__prev\"><span class=\"post-navigation__prev--label\">previous<\/span><span class=\"post-navigation__prev--title\">Nissan Skyline GTR R34<\/span><\/span><\/a>\t\t\t<\/div>\n\t\t\t\t\t\t\t<div class=\"elementor-post-navigation__separator-wrapper\">\n\t\t\t\t\t<div class=\"elementor-post-navigation__separator\"><\/div>\n\t\t\t\t<\/div>\n\t\t\t\t\t\t<div class=\"elementor-post-navigation__next elementor-post-navigation__link\">\n\t\t\t\t<a href=\"https:\/\/ktautostyling.com\/en\/projeler\/camaro-2\/\" rel=\"next\"><span class=\"elementor-post-navigation__link__next\"><span class=\"post-navigation__next--label\">next<\/span><span class=\"post-navigation__next--title\">Chevrolet Camaro<\/span><\/span><span class=\"post-navigation__arrow-wrapper post-navigation__arrow-next\"><i aria-hidden=\"true\" class=\"fas fa-angle-right\"><\/i><span class=\"elementor-screen-only\">Next<\/span><\/span><\/a>\t\t\t<\/div>\n\t\t<\/div>\n\t\t\t\t\t\t<\/div>\n\t\t\t\t<\/div>\n\t\t\t\t\t<\/div>\n\t\t\t\t<\/div>\n\t\t\t\t<\/div>","protected":false},"excerpt":{"rendered":"<p>Ate\u015fle Oynayan Tasar\u0131m: Opet Projesi Reklam filmleri hata kabul etmez, detay ister. Opet reklam\u0131 i\u00e7in haz\u0131rlad\u0131\u011f\u0131m\u0131z Ford F-150, tam anlam\u0131yla bir &#8216;Show Car&#8217; olarak in\u015fa edildi. Arac\u0131n karakteristik turuncu rengi \u00fczerine i\u015flenen mavi alev grafikleri, d\u00f6nemin modifiye k\u00fclt\u00fcr\u00fcn\u00fcn zirvesini temsil ediyor. \u00d6zellikle kasa b\u00f6l\u00fcm\u00fcne uygulad\u0131\u011f\u0131m\u0131z \u00f6zel ses sistemi tasar\u0131m\u0131 (sound system build) ve krom detaylarla [&hellip;]<\/p>","protected":false},"author":1,"featured_media":0,"parent":1129,"menu_order":0,"comment_status":"closed","ping_status":"closed","template":"","meta":{"site-sidebar-layout":"no-sidebar","site-content-layout":"page-builder","ast-site-content-layout":"full-width-container","site-content-style":"unboxed","site-sidebar-style":"unboxed","ast-global-header-display":"","ast-banner-title-visibility":"","ast-main-header-display":"","ast-hfb-above-header-display":"","ast-hfb-below-header-display":"","ast-hfb-mobile-header-display":"","site-post-title":"disabled","ast-breadcrumbs-content":"","ast-featured-img":"disabled","footer-sml-layout":"","ast-disable-related-posts":"","theme-transparent-header-meta":"","adv-header-id-meta":"","stick-header-meta":"","header-above-stick-meta":"","header-main-stick-meta":"","header-below-stick-meta":"","astra-migrate-meta-layouts":"set","ast-page-background-enabled":"default","ast-page-background-meta":{"desktop":{"background-color":"","background-image":"","background-repeat":"repeat","background-position":"center center","background-size":"auto","background-attachment":"scroll","background-type":"","background-media":"","overlay-type":"","overlay-color":"","overlay-opacity":"","overlay-gradient":""},"tablet":{"background-color":"","background-image":"","background-repeat":"repeat","background-position":"center center","background-size":"auto","background-attachment":"scroll","background-type":"","background-media":"","overlay-type":"","overlay-color":"","overlay-opacity":"","overlay-gradient":""},"mobile":{"background-color":"","background-image":"","background-repeat":"repeat","background-position":"center center","background-size":"auto","background-attachment":"scroll","background-type":"","background-media":"","overlay-type":"","overlay-color":"","overlay-opacity":"","overlay-gradient":""}},"ast-content-background-meta":{"desktop":{"background-color":"var(--ast-global-color-5)","background-image":"","background-repeat":"repeat","background-position":"center center","background-size":"auto","background-attachment":"scroll","background-type":"","background-media":"","overlay-type":"","overlay-color":"","overlay-opacity":"","overlay-gradient":""},"tablet":{"background-color":"var(--ast-global-color-5)","background-image":"","background-repeat":"repeat","background-position":"center center","background-size":"auto","background-attachment":"scroll","background-type":"","background-media":"","overlay-type":"","overlay-color":"","overlay-opacity":"","overlay-gradient":""},"mobile":{"background-color":"var(--ast-global-color-5)","background-image":"","background-repeat":"repeat","background-position":"center center","background-size":"auto","background-attachment":"scroll","background-type":"","background-media":"","overlay-type":"","overlay-color":"","overlay-opacity":"","overlay-gradient":""}},"footnotes":""},"class_list":["post-2834","page","type-page","status-publish","hentry"],"_hostinger_reach_plugin_has_subscription_block":false,"_hostinger_reach_plugin_is_elementor":false,"_links":{"self":[{"href":"https:\/\/ktautostyling.com\/en\/wp-json\/wp\/v2\/pages\/2834","targetHints":{"allow":["GET"]}}],"collection":[{"href":"https:\/\/ktautostyling.com\/en\/wp-json\/wp\/v2\/pages"}],"about":[{"href":"https:\/\/ktautostyling.com\/en\/wp-json\/wp\/v2\/types\/page"}],"author":[{"embeddable":true,"href":"https:\/\/ktautostyling.com\/en\/wp-json\/wp\/v2\/users\/1"}],"replies":[{"embeddable":true,"href":"https:\/\/ktautostyling.com\/en\/wp-json\/wp\/v2\/comments?post=2834"}],"version-history":[{"count":0,"href":"https:\/\/ktautostyling.com\/en\/wp-json\/wp\/v2\/pages\/2834\/revisions"}],"up":[{"embeddable":true,"href":"https:\/\/ktautostyling.com\/en\/wp-json\/wp\/v2\/pages\/1129"}],"wp:attachment":[{"href":"https:\/\/ktautostyling.com\/en\/wp-json\/wp\/v2\/media?parent=2834"}],"curies":[{"name":"wp","href":"https:\/\/api.w.org\/{rel}","templated":true}]}}