{"id":2955,"date":"2026-01-12T18:13:49","date_gmt":"2026-01-12T18:13:49","guid":{"rendered":"https:\/\/ktautostyling.com\/?page_id=2955"},"modified":"2026-01-13T16:47:02","modified_gmt":"2026-01-13T16:47:02","slug":"camaro-2","status":"publish","type":"page","link":"https:\/\/ktautostyling.com\/en\/projeler\/camaro-2\/","title":{"rendered":"Chevrolet Camaro"},"content":{"rendered":"<div data-elementor-type=\"wp-page\" data-elementor-id=\"2955\" class=\"elementor elementor-2955\" data-elementor-post-type=\"page\">\n\t\t\t\t<div class=\"elementor-element elementor-element-60e3489 e-flex e-con-boxed e-con e-parent\" data-id=\"60e3489\" data-element_type=\"container\" data-settings=\"{&quot;background_background&quot;:&quot;classic&quot;}\">\n\t\t\t\t\t<div class=\"e-con-inner\">\n\t\t\t\t<div class=\"elementor-element elementor-element-18a7607 elementor-widget elementor-widget-text-editor\" data-id=\"18a7607\" data-element_type=\"widget\" data-widget_type=\"text-editor.default\">\n\t\t\t\t<div class=\"elementor-widget-container\">\n\t\t\t\t\t\t\t\t\t<h2><span style=\"color: #ffffff;\">We put our signature on the license plate: 34 KT 029 Camaro Z28<\/span><\/h2><p data-path-to-node=\"5\"><span style=\"color: #ffffff;\">They say not every tailor can mend a torn garment, but at KT Autostyling, the rule is different. This Chevrolet Camaro Z28, proudly displayed in our garage with our name on its license plate, is living proof of our brand's quality standards.<\/span><\/p><p data-path-to-node=\"6\"><span style=\"color: #ffffff;\">Legendary under the hood <b data-path-to-node=\"6\" data-index-in-node=\"29\">LS1 V8<\/b> Before the engine roar, the gleam of its jet-black body is evident. With its unique \u2018Cowl Induction\u2019 hood design, mirrored chrome wheels, and aggressive, grounded stance, this car is not just an American muscle car, but Kadir Tuncer\u2019s personal toy. Warning: Contains a high dose of adrenaline.\u00a0<\/span><\/p>\t\t\t\t\t\t\t\t<\/div>\n\t\t\t\t<\/div>\n\t\t<div class=\"elementor-element elementor-element-36941ca e-grid e-con-full e-con e-child\" data-id=\"36941ca\" data-element_type=\"container\" data-settings=\"{&quot;background_background&quot;:&quot;classic&quot;}\">\n\t\t\t\t<div class=\"elementor-element elementor-element-5dbfa02 elementor-widget elementor-widget-image\" data-id=\"5dbfa02\" data-element_type=\"widget\" data-widget_type=\"image.default\">\n\t\t\t\t<div class=\"elementor-widget-container\">\n\t\t\t\t\t\t\t\t\t\t\t\t\t\t\t\t<a href=\"https:\/\/ktautostyling.com\/wp-content\/uploads\/2026\/01\/camaro2.webp\" data-elementor-open-lightbox=\"yes\" data-e-action-hash=\"#elementor-action%3Aaction%3Dlightbox%26settings%3DeyJpZCI6MjkzMSwidXJsIjoiaHR0cHM6XC9cL2t0YXV0b3N0eWxpbmcuY29tXC93cC1jb250ZW50XC91cGxvYWRzXC8yMDI2XC8wMVwvY2FtYXJvMi53ZWJwIn0%3D\">\n\t\t\t\t\t\t\t<img fetchpriority=\"high\" decoding=\"async\" width=\"1024\" height=\"1024\" src=\"https:\/\/ktautostyling.com\/wp-content\/uploads\/2026\/01\/camaro2-1024x1024.webp\" class=\"attachment-large size-large wp-image-2931\" alt=\"Camaro2 1024x1024\" srcset=\"https:\/\/ktautostyling.com\/wp-content\/uploads\/2026\/01\/camaro2-1024x1024.webp 1024w, https:\/\/ktautostyling.com\/wp-content\/uploads\/2026\/01\/camaro2-300x300.webp 300w, https:\/\/ktautostyling.com\/wp-content\/uploads\/2026\/01\/camaro2-150x150.webp 150w, https:\/\/ktautostyling.com\/wp-content\/uploads\/2026\/01\/camaro2-768x768.webp 768w, https:\/\/ktautostyling.com\/wp-content\/uploads\/2026\/01\/camaro2-12x12.webp 12w, https:\/\/ktautostyling.com\/wp-content\/uploads\/2026\/01\/camaro2.webp 1440w\" sizes=\"(max-width: 1024px) 100vw, 1024px\" title=\"Chevrolet Camaro\">\t\t\t\t\t\t\t\t<\/a>\n\t\t\t\t\t\t\t\t\t\t\t\t\t\t\t<\/div>\n\t\t\t\t<\/div>\n\t\t\t\t<div class=\"elementor-element elementor-element-51cbe87 elementor-widget elementor-widget-image\" data-id=\"51cbe87\" data-element_type=\"widget\" data-widget_type=\"image.default\">\n\t\t\t\t<div class=\"elementor-widget-container\">\n\t\t\t\t\t\t\t\t\t\t\t\t\t\t\t\t<a href=\"https:\/\/ktautostyling.com\/wp-content\/uploads\/2026\/01\/camaro3.webp\" data-elementor-open-lightbox=\"yes\" data-elementor-lightbox-title=\"camaro3\" data-e-action-hash=\"#elementor-action%3Aaction%3Dlightbox%26settings%3DeyJpZCI6MjkzMiwidXJsIjoiaHR0cHM6XC9cL2t0YXV0b3N0eWxpbmcuY29tXC93cC1jb250ZW50XC91cGxvYWRzXC8yMDI2XC8wMVwvY2FtYXJvMy53ZWJwIn0%3D\">\n\t\t\t\t\t\t\t<img decoding=\"async\" width=\"1024\" height=\"1024\" src=\"https:\/\/ktautostyling.com\/wp-content\/uploads\/2026\/01\/camaro3-1024x1024.webp\" class=\"attachment-large size-large wp-image-2932\" alt=\"camaro3\" srcset=\"https:\/\/ktautostyling.com\/wp-content\/uploads\/2026\/01\/camaro3-1024x1024.webp 1024w, https:\/\/ktautostyling.com\/wp-content\/uploads\/2026\/01\/camaro3-300x300.webp 300w, https:\/\/ktautostyling.com\/wp-content\/uploads\/2026\/01\/camaro3-150x150.webp 150w, https:\/\/ktautostyling.com\/wp-content\/uploads\/2026\/01\/camaro3-768x768.webp 768w, https:\/\/ktautostyling.com\/wp-content\/uploads\/2026\/01\/camaro3-12x12.webp 12w, https:\/\/ktautostyling.com\/wp-content\/uploads\/2026\/01\/camaro3.webp 1440w\" sizes=\"(max-width: 1024px) 100vw, 1024px\" title=\"Chevrolet Camaro\">\t\t\t\t\t\t\t\t<\/a>\n\t\t\t\t\t\t\t\t\t\t\t\t\t\t\t<\/div>\n\t\t\t\t<\/div>\n\t\t\t\t<div class=\"elementor-element elementor-element-74fb22f elementor-widget elementor-widget-image\" data-id=\"74fb22f\" data-element_type=\"widget\" data-widget_type=\"image.default\">\n\t\t\t\t<div class=\"elementor-widget-container\">\n\t\t\t\t\t\t\t\t\t\t\t\t\t\t\t\t<a href=\"https:\/\/ktautostyling.com\/wp-content\/uploads\/2026\/01\/camaro4.webp\" data-elementor-open-lightbox=\"yes\" data-e-action-hash=\"#elementor-action%3Aaction%3Dlightbox%26settings%3DeyJpZCI6MjkzMywidXJsIjoiaHR0cHM6XC9cL2t0YXV0b3N0eWxpbmcuY29tXC93cC1jb250ZW50XC91cGxvYWRzXC8yMDI2XC8wMVwvY2FtYXJvNC53ZWJwIn0%3D\">\n\t\t\t\t\t\t\t<img decoding=\"async\" width=\"1024\" height=\"1024\" src=\"https:\/\/ktautostyling.com\/wp-content\/uploads\/2026\/01\/camaro4-1024x1024.webp\" class=\"attachment-large size-large wp-image-2933\" alt=\"Camaro4 1024x1024\" srcset=\"https:\/\/ktautostyling.com\/wp-content\/uploads\/2026\/01\/camaro4-1024x1024.webp 1024w, https:\/\/ktautostyling.com\/wp-content\/uploads\/2026\/01\/camaro4-300x300.webp 300w, https:\/\/ktautostyling.com\/wp-content\/uploads\/2026\/01\/camaro4-150x150.webp 150w, https:\/\/ktautostyling.com\/wp-content\/uploads\/2026\/01\/camaro4-768x768.webp 768w, https:\/\/ktautostyling.com\/wp-content\/uploads\/2026\/01\/camaro4-12x12.webp 12w, https:\/\/ktautostyling.com\/wp-content\/uploads\/2026\/01\/camaro4.webp 1440w\" sizes=\"(max-width: 1024px) 100vw, 1024px\" title=\"Chevrolet Camaro\">\t\t\t\t\t\t\t\t<\/a>\n\t\t\t\t\t\t\t\t\t\t\t\t\t\t\t<\/div>\n\t\t\t\t<\/div>\n\t\t\t\t<\/div>\n\t\t\t\t<div class=\"elementor-element elementor-element-d1624fa elementor-widget elementor-widget-button\" data-id=\"d1624fa\" data-element_type=\"widget\" data-widget_type=\"button.default\">\n\t\t\t\t<div class=\"elementor-widget-container\">\n\t\t\t\t\t\t\t\t\t<div class=\"elementor-button-wrapper\">\n\t\t\t\t\t<a class=\"elementor-button elementor-button-link elementor-size-sm\" href=\"https:\/\/ktautostyling.com\/en\/projeler\/\">\n\t\t\t\t\t\t<span class=\"elementor-button-content-wrapper\">\n\t\t\t\t\t\t\t\t\t<span class=\"elementor-button-text\">Go back<\/span>\n\t\t\t\t\t<\/span>\n\t\t\t\t\t<\/a>\n\t\t\t\t<\/div>\n\t\t\t\t\t\t\t\t<\/div>\n\t\t\t\t<\/div>\n\t\t\t\t<div class=\"elementor-element elementor-element-4f8bebf elementor-post-navigation-borders-yes elementor-widget elementor-widget-post-navigation\" data-id=\"4f8bebf\" data-element_type=\"widget\" data-widget_type=\"post-navigation.default\">\n\t\t\t\t<div class=\"elementor-widget-container\">\n\t\t\t\t\t\t\t<div class=\"elementor-post-navigation\" role=\"navigation\" aria-label=\"Post Navigation\">\n\t\t\t<div class=\"elementor-post-navigation__prev elementor-post-navigation__link\">\n\t\t\t\t<a href=\"https:\/\/ktautostyling.com\/en\/projeler\/opet\/\" rel=\"prev\"><span class=\"post-navigation__arrow-wrapper post-navigation__arrow-prev\"><i aria-hidden=\"true\" class=\"fas fa-angle-left\"><\/i><span class=\"elementor-screen-only\">Prev<\/span><\/span><span class=\"elementor-post-navigation__link__prev\"><span class=\"post-navigation__prev--label\">previous<\/span><span class=\"post-navigation__prev--title\">Ford F-150 Opet Reklam Arac\u0131<\/span><\/span><\/a>\t\t\t<\/div>\n\t\t\t\t\t\t\t<div class=\"elementor-post-navigation__separator-wrapper\">\n\t\t\t\t\t<div class=\"elementor-post-navigation__separator\"><\/div>\n\t\t\t\t<\/div>\n\t\t\t\t\t\t<div class=\"elementor-post-navigation__next elementor-post-navigation__link\">\n\t\t\t\t<a href=\"https:\/\/ktautostyling.com\/en\/projeler\/e46_92\/\" rel=\"next\"><span class=\"elementor-post-navigation__link__next\"><span class=\"post-navigation__next--label\">next<\/span><span class=\"post-navigation__next--title\">BMW E46 &#8211; E92 Facelift<\/span><\/span><span class=\"post-navigation__arrow-wrapper post-navigation__arrow-next\"><i aria-hidden=\"true\" class=\"fas fa-angle-right\"><\/i><span class=\"elementor-screen-only\">Next<\/span><\/span><\/a>\t\t\t<\/div>\n\t\t<\/div>\n\t\t\t\t\t\t<\/div>\n\t\t\t\t<\/div>\n\t\t\t\t\t<\/div>\n\t\t\t\t<\/div>\n\t\t\t\t<\/div>","protected":false},"excerpt":{"rendered":"<p>\u0130mzay\u0131 Plakaya Att\u0131k: 34 KT 029 Camaro Z28 Her terzinin s\u00f6k\u00fc\u011f\u00fc dikilmez derler ama KT Autostyling&#8217;de kural ba\u015fkad\u0131r. Kendi garaj\u0131m\u0131z\u0131n ba\u015f k\u00f6\u015fesinde duran, plakas\u0131nda ismimizi ta\u015f\u0131yan bu Chevrolet Camaro Z28, markam\u0131z\u0131n kalite standard\u0131n\u0131n y\u00fcr\u00fcyen kan\u0131t\u0131d\u0131r. Kaputunun alt\u0131ndaki efsanevi LS1 V8 motorun g\u00fcr\u00fclt\u00fcs\u00fc gelmeden, simsiyah g\u00f6vdesinin \u0131\u015f\u0131lt\u0131s\u0131 gelir. \u00d6zel &#8216;Cowl Induction&#8217; kaput tasar\u0131m\u0131, aynal\u0131 krom jantlar\u0131 [&hellip;]<\/p>","protected":false},"author":1,"featured_media":0,"parent":1129,"menu_order":0,"comment_status":"closed","ping_status":"closed","template":"","meta":{"site-sidebar-layout":"no-sidebar","site-content-layout":"page-builder","ast-site-content-layout":"full-width-container","site-content-style":"unboxed","site-sidebar-style":"unboxed","ast-global-header-display":"","ast-banner-title-visibility":"","ast-main-header-display":"","ast-hfb-above-header-display":"","ast-hfb-below-header-display":"","ast-hfb-mobile-header-display":"","site-post-title":"disabled","ast-breadcrumbs-content":"","ast-featured-img":"disabled","footer-sml-layout":"","ast-disable-related-posts":"","theme-transparent-header-meta":"","adv-header-id-meta":"","stick-header-meta":"","header-above-stick-meta":"","header-main-stick-meta":"","header-below-stick-meta":"","astra-migrate-meta-layouts":"set","ast-page-background-enabled":"default","ast-page-background-meta":{"desktop":{"background-color":"","background-image":"","background-repeat":"repeat","background-position":"center center","background-size":"auto","background-attachment":"scroll","background-type":"","background-media":"","overlay-type":"","overlay-color":"","overlay-opacity":"","overlay-gradient":""},"tablet":{"background-color":"","background-image":"","background-repeat":"repeat","background-position":"center center","background-size":"auto","background-attachment":"scroll","background-type":"","background-media":"","overlay-type":"","overlay-color":"","overlay-opacity":"","overlay-gradient":""},"mobile":{"background-color":"","background-image":"","background-repeat":"repeat","background-position":"center center","background-size":"auto","background-attachment":"scroll","background-type":"","background-media":"","overlay-type":"","overlay-color":"","overlay-opacity":"","overlay-gradient":""}},"ast-content-background-meta":{"desktop":{"background-color":"var(--ast-global-color-5)","background-image":"","background-repeat":"repeat","background-position":"center center","background-size":"auto","background-attachment":"scroll","background-type":"","background-media":"","overlay-type":"","overlay-color":"","overlay-opacity":"","overlay-gradient":""},"tablet":{"background-color":"var(--ast-global-color-5)","background-image":"","background-repeat":"repeat","background-position":"center center","background-size":"auto","background-attachment":"scroll","background-type":"","background-media":"","overlay-type":"","overlay-color":"","overlay-opacity":"","overlay-gradient":""},"mobile":{"background-color":"var(--ast-global-color-5)","background-image":"","background-repeat":"repeat","background-position":"center center","background-size":"auto","background-attachment":"scroll","background-type":"","background-media":"","overlay-type":"","overlay-color":"","overlay-opacity":"","overlay-gradient":""}},"footnotes":""},"class_list":["post-2955","page","type-page","status-publish","hentry"],"_hostinger_reach_plugin_has_subscription_block":false,"_hostinger_reach_plugin_is_elementor":false,"_links":{"self":[{"href":"https:\/\/ktautostyling.com\/en\/wp-json\/wp\/v2\/pages\/2955","targetHints":{"allow":["GET"]}}],"collection":[{"href":"https:\/\/ktautostyling.com\/en\/wp-json\/wp\/v2\/pages"}],"about":[{"href":"https:\/\/ktautostyling.com\/en\/wp-json\/wp\/v2\/types\/page"}],"author":[{"embeddable":true,"href":"https:\/\/ktautostyling.com\/en\/wp-json\/wp\/v2\/users\/1"}],"replies":[{"embeddable":true,"href":"https:\/\/ktautostyling.com\/en\/wp-json\/wp\/v2\/comments?post=2955"}],"version-history":[{"count":0,"href":"https:\/\/ktautostyling.com\/en\/wp-json\/wp\/v2\/pages\/2955\/revisions"}],"up":[{"embeddable":true,"href":"https:\/\/ktautostyling.com\/en\/wp-json\/wp\/v2\/pages\/1129"}],"wp:attachment":[{"href":"https:\/\/ktautostyling.com\/en\/wp-json\/wp\/v2\/media?parent=2955"}],"curies":[{"name":"wp","href":"https:\/\/api.w.org\/{rel}","templated":true}]}}