{"id":3003,"date":"2026-01-12T18:24:21","date_gmt":"2026-01-12T18:24:21","guid":{"rendered":"https:\/\/ktautostyling.com\/?page_id=3003"},"modified":"2026-01-13T17:11:34","modified_gmt":"2026-01-13T17:11:34","slug":"rx8","status":"publish","type":"page","link":"https:\/\/ktautostyling.com\/en\/projeler\/rx8\/","title":{"rendered":"Mazda RX-8"},"content":{"rendered":"<div data-elementor-type=\"wp-page\" data-elementor-id=\"3003\" class=\"elementor elementor-3003\" data-elementor-post-type=\"page\">\n\t\t\t\t<div class=\"elementor-element elementor-element-4de12fe e-flex e-con-boxed e-con e-parent\" data-id=\"4de12fe\" data-element_type=\"container\" data-settings=\"{&quot;background_background&quot;:&quot;classic&quot;}\">\n\t\t\t\t\t<div class=\"e-con-inner\">\n\t\t\t\t<div class=\"elementor-element elementor-element-bc24e6e elementor-widget elementor-widget-text-editor\" data-id=\"bc24e6e\" data-element_type=\"widget\" data-widget_type=\"text-editor.default\">\n\t\t\t\t<div class=\"elementor-widget-container\">\n\t\t\t\t\t\t\t\t\t<h2><span style=\"color: #ffffff;\">Caddelerin Ate\u015fi: Custom Red RX-8<\/span><\/h2><p data-path-to-node=\"6\"><span style=\"color: #ffffff;\">K\u0131rm\u0131z\u0131 var, bir de KT Autostyling k\u0131rm\u0131z\u0131s\u0131 var. Standart bir Mazda RX-8&#8217;i ald\u0131k ve ona sadece yeni bir renk de\u011fil, yeni bir ruh verdik. Boya f\u0131r\u0131n\u0131m\u0131zda ilmek ilmek i\u015flenen \u00f6zel kar\u0131\u015f\u0131m <b data-path-to-node=\"6\" data-index-in-node=\"196\">&#8216;Candy Red&#8217;<\/b> boyas\u0131yla bu ara\u00e7, art\u0131k saklanmas\u0131 imkans\u0131z bir sanat eseri.<\/span><\/p><p data-path-to-node=\"7\"><span style=\"color: #ffffff;\">Kaputtaki agresif havaland\u0131rma kanallar\u0131, arkadaki devasa <b data-path-to-node=\"7\" data-index-in-node=\"58\">GT Spoiler<\/b> ve yere yap\u0131\u015fan g\u00f6vdesiyle birle\u015fen bu renk, Wankel motorun \u00e7\u0131\u011fl\u0131\u011f\u0131n\u0131 g\u00f6rsellikle tamaml\u0131yor. G\u00fcne\u015fte parlayan, geceleri \u0131\u015f\u0131ldayan bu proje, tutkunun en somut hali.<\/span><\/p>\t\t\t\t\t\t\t\t<\/div>\n\t\t\t\t<\/div>\n\t\t<div class=\"elementor-element elementor-element-b53b1cb e-grid e-con-full e-con e-child\" data-id=\"b53b1cb\" data-element_type=\"container\" data-settings=\"{&quot;background_background&quot;:&quot;classic&quot;}\">\n\t\t\t\t<div class=\"elementor-element elementor-element-9b3f70f elementor-widget elementor-widget-image\" data-id=\"9b3f70f\" data-element_type=\"widget\" data-widget_type=\"image.default\">\n\t\t\t\t<div class=\"elementor-widget-container\">\n\t\t\t\t\t\t\t\t\t\t\t\t\t\t\t\t<a href=\"https:\/\/ktautostyling.com\/wp-content\/uploads\/2026\/01\/rx8.4.png\" data-elementor-open-lightbox=\"yes\" data-e-action-hash=\"#elementor-action%3Aaction%3Dlightbox%26settings%3DeyJpZCI6Mjk3NSwidXJsIjoiaHR0cHM6XC9cL2t0YXV0b3N0eWxpbmcuY29tXC93cC1jb250ZW50XC91cGxvYWRzXC8yMDI2XC8wMVwvcng4LjQucG5nIn0%3D\">\n\t\t\t\t\t\t\t<img fetchpriority=\"high\" decoding=\"async\" width=\"475\" height=\"475\" src=\"https:\/\/ktautostyling.com\/wp-content\/uploads\/2026\/01\/rx8.4.png\" class=\"attachment-large size-large wp-image-2975\" alt=\"Rx8.4\" srcset=\"https:\/\/ktautostyling.com\/wp-content\/uploads\/2026\/01\/rx8.4.png 475w, https:\/\/ktautostyling.com\/wp-content\/uploads\/2026\/01\/rx8.4-300x300.png 300w, https:\/\/ktautostyling.com\/wp-content\/uploads\/2026\/01\/rx8.4-150x150.png 150w, https:\/\/ktautostyling.com\/wp-content\/uploads\/2026\/01\/rx8.4-12x12.png 12w\" sizes=\"(max-width: 475px) 100vw, 475px\" title=\"Mazda RX-8\">\t\t\t\t\t\t\t\t<\/a>\n\t\t\t\t\t\t\t\t\t\t\t\t\t\t\t<\/div>\n\t\t\t\t<\/div>\n\t\t\t\t<div class=\"elementor-element elementor-element-98411d6 elementor-widget elementor-widget-image\" data-id=\"98411d6\" data-element_type=\"widget\" data-widget_type=\"image.default\">\n\t\t\t\t<div class=\"elementor-widget-container\">\n\t\t\t\t\t\t\t\t\t\t\t\t\t\t\t\t<a href=\"https:\/\/ktautostyling.com\/wp-content\/uploads\/2026\/01\/rx8.3.jpg\" data-elementor-open-lightbox=\"yes\" data-e-action-hash=\"#elementor-action%3Aaction%3Dlightbox%26settings%3DeyJpZCI6Mjk3NCwidXJsIjoiaHR0cHM6XC9cL2t0YXV0b3N0eWxpbmcuY29tXC93cC1jb250ZW50XC91cGxvYWRzXC8yMDI2XC8wMVwvcng4LjMuanBnIn0%3D\">\n\t\t\t\t\t\t\t<img decoding=\"async\" width=\"960\" height=\"960\" src=\"https:\/\/ktautostyling.com\/wp-content\/uploads\/2026\/01\/rx8.3.jpg\" class=\"attachment-large size-large wp-image-2974\" alt=\"Rx8.3\" srcset=\"https:\/\/ktautostyling.com\/wp-content\/uploads\/2026\/01\/rx8.3.jpg 960w, https:\/\/ktautostyling.com\/wp-content\/uploads\/2026\/01\/rx8.3-300x300.jpg 300w, https:\/\/ktautostyling.com\/wp-content\/uploads\/2026\/01\/rx8.3-150x150.jpg 150w, https:\/\/ktautostyling.com\/wp-content\/uploads\/2026\/01\/rx8.3-768x768.jpg 768w, https:\/\/ktautostyling.com\/wp-content\/uploads\/2026\/01\/rx8.3-12x12.jpg 12w\" sizes=\"(max-width: 960px) 100vw, 960px\" title=\"Mazda RX-8\">\t\t\t\t\t\t\t\t<\/a>\n\t\t\t\t\t\t\t\t\t\t\t\t\t\t\t<\/div>\n\t\t\t\t<\/div>\n\t\t\t\t<div class=\"elementor-element elementor-element-f3f7e1e elementor-widget elementor-widget-image\" data-id=\"f3f7e1e\" data-element_type=\"widget\" data-widget_type=\"image.default\">\n\t\t\t\t<div class=\"elementor-widget-container\">\n\t\t\t\t\t\t\t\t\t\t\t\t\t\t\t\t<a href=\"https:\/\/ktautostyling.com\/wp-content\/uploads\/2026\/01\/rx8.5.jpg\" data-elementor-open-lightbox=\"yes\" data-e-action-hash=\"#elementor-action%3Aaction%3Dlightbox%26settings%3DeyJpZCI6Mjk4NiwidXJsIjoiaHR0cHM6XC9cL2t0YXV0b3N0eWxpbmcuY29tXC93cC1jb250ZW50XC91cGxvYWRzXC8yMDI2XC8wMVwvcng4LjUuanBnIn0%3D\">\n\t\t\t\t\t\t\t<img decoding=\"async\" width=\"960\" height=\"640\" src=\"https:\/\/ktautostyling.com\/wp-content\/uploads\/2026\/01\/rx8.5.jpg\" class=\"attachment-large size-large wp-image-2986\" alt=\"Rx8.5\" srcset=\"https:\/\/ktautostyling.com\/wp-content\/uploads\/2026\/01\/rx8.5.jpg 960w, https:\/\/ktautostyling.com\/wp-content\/uploads\/2026\/01\/rx8.5-300x200.jpg 300w, https:\/\/ktautostyling.com\/wp-content\/uploads\/2026\/01\/rx8.5-768x512.jpg 768w, https:\/\/ktautostyling.com\/wp-content\/uploads\/2026\/01\/rx8.5-18x12.jpg 18w\" sizes=\"(max-width: 960px) 100vw, 960px\" title=\"Mazda RX-8\">\t\t\t\t\t\t\t\t<\/a>\n\t\t\t\t\t\t\t\t\t\t\t\t\t\t\t<\/div>\n\t\t\t\t<\/div>\n\t\t\t\t<div class=\"elementor-element elementor-element-717ec43 elementor-widget elementor-widget-image\" data-id=\"717ec43\" data-element_type=\"widget\" data-widget_type=\"image.default\">\n\t\t\t\t<div class=\"elementor-widget-container\">\n\t\t\t\t\t\t\t\t\t\t\t\t\t\t\t\t<a href=\"https:\/\/ktautostyling.com\/wp-content\/uploads\/2026\/01\/rx8.6.jpg\" data-elementor-open-lightbox=\"yes\" data-e-action-hash=\"#elementor-action%3Aaction%3Dlightbox%26settings%3DeyJpZCI6Mjk4NywidXJsIjoiaHR0cHM6XC9cL2t0YXV0b3N0eWxpbmcuY29tXC93cC1jb250ZW50XC91cGxvYWRzXC8yMDI2XC8wMVwvcng4LjYuanBnIn0%3D\">\n\t\t\t\t\t\t\t<img loading=\"lazy\" decoding=\"async\" width=\"960\" height=\"630\" src=\"https:\/\/ktautostyling.com\/wp-content\/uploads\/2026\/01\/rx8.6.jpg\" class=\"attachment-large size-large wp-image-2987\" alt=\"Rx8.6\" srcset=\"https:\/\/ktautostyling.com\/wp-content\/uploads\/2026\/01\/rx8.6.jpg 960w, https:\/\/ktautostyling.com\/wp-content\/uploads\/2026\/01\/rx8.6-300x197.jpg 300w, https:\/\/ktautostyling.com\/wp-content\/uploads\/2026\/01\/rx8.6-768x504.jpg 768w, https:\/\/ktautostyling.com\/wp-content\/uploads\/2026\/01\/rx8.6-18x12.jpg 18w\" sizes=\"(max-width: 960px) 100vw, 960px\" title=\"Mazda RX-8\">\t\t\t\t\t\t\t\t<\/a>\n\t\t\t\t\t\t\t\t\t\t\t\t\t\t\t<\/div>\n\t\t\t\t<\/div>\n\t\t\t\t<div class=\"elementor-element elementor-element-571c5fa elementor-widget elementor-widget-image\" data-id=\"571c5fa\" data-element_type=\"widget\" data-widget_type=\"image.default\">\n\t\t\t\t<div class=\"elementor-widget-container\">\n\t\t\t\t\t\t\t\t\t\t\t\t\t\t\t\t<a href=\"https:\/\/ktautostyling.com\/wp-content\/uploads\/2026\/01\/rx8.7.jpg\" data-elementor-open-lightbox=\"yes\" data-e-action-hash=\"#elementor-action%3Aaction%3Dlightbox%26settings%3DeyJpZCI6Mjk4OCwidXJsIjoiaHR0cHM6XC9cL2t0YXV0b3N0eWxpbmcuY29tXC93cC1jb250ZW50XC91cGxvYWRzXC8yMDI2XC8wMVwvcng4LjcuanBnIn0%3D\">\n\t\t\t\t\t\t\t<img loading=\"lazy\" decoding=\"async\" width=\"960\" height=\"627\" src=\"https:\/\/ktautostyling.com\/wp-content\/uploads\/2026\/01\/rx8.7.jpg\" class=\"attachment-large size-large wp-image-2988\" alt=\"Rx8.7\" srcset=\"https:\/\/ktautostyling.com\/wp-content\/uploads\/2026\/01\/rx8.7.jpg 960w, https:\/\/ktautostyling.com\/wp-content\/uploads\/2026\/01\/rx8.7-300x196.jpg 300w, https:\/\/ktautostyling.com\/wp-content\/uploads\/2026\/01\/rx8.7-768x502.jpg 768w, https:\/\/ktautostyling.com\/wp-content\/uploads\/2026\/01\/rx8.7-18x12.jpg 18w\" sizes=\"(max-width: 960px) 100vw, 960px\" title=\"Mazda RX-8\">\t\t\t\t\t\t\t\t<\/a>\n\t\t\t\t\t\t\t\t\t\t\t\t\t\t\t<\/div>\n\t\t\t\t<\/div>\n\t\t\t\t<div class=\"elementor-element elementor-element-fa825bb elementor-widget elementor-widget-image\" data-id=\"fa825bb\" data-element_type=\"widget\" data-widget_type=\"image.default\">\n\t\t\t\t<div class=\"elementor-widget-container\">\n\t\t\t\t\t\t\t\t\t\t\t\t\t\t\t\t<a href=\"https:\/\/ktautostyling.com\/wp-content\/uploads\/2026\/01\/rx8.8.jpg\" data-elementor-open-lightbox=\"yes\" data-e-action-hash=\"#elementor-action%3Aaction%3Dlightbox%26settings%3DeyJpZCI6Mjk4OSwidXJsIjoiaHR0cHM6XC9cL2t0YXV0b3N0eWxpbmcuY29tXC93cC1jb250ZW50XC91cGxvYWRzXC8yMDI2XC8wMVwvcng4LjguanBnIn0%3D\">\n\t\t\t\t\t\t\t<img loading=\"lazy\" decoding=\"async\" width=\"960\" height=\"625\" src=\"https:\/\/ktautostyling.com\/wp-content\/uploads\/2026\/01\/rx8.8.jpg\" class=\"attachment-large size-large wp-image-2989\" alt=\"Rx8.8\" srcset=\"https:\/\/ktautostyling.com\/wp-content\/uploads\/2026\/01\/rx8.8.jpg 960w, https:\/\/ktautostyling.com\/wp-content\/uploads\/2026\/01\/rx8.8-300x195.jpg 300w, https:\/\/ktautostyling.com\/wp-content\/uploads\/2026\/01\/rx8.8-768x500.jpg 768w, https:\/\/ktautostyling.com\/wp-content\/uploads\/2026\/01\/rx8.8-18x12.jpg 18w\" sizes=\"(max-width: 960px) 100vw, 960px\" title=\"Mazda RX-8\">\t\t\t\t\t\t\t\t<\/a>\n\t\t\t\t\t\t\t\t\t\t\t\t\t\t\t<\/div>\n\t\t\t\t<\/div>\n\t\t\t\t<div class=\"elementor-element elementor-element-19ab896 elementor-widget elementor-widget-image\" data-id=\"19ab896\" data-element_type=\"widget\" data-widget_type=\"image.default\">\n\t\t\t\t<div class=\"elementor-widget-container\">\n\t\t\t\t\t\t\t\t\t\t\t\t\t\t\t\t<a href=\"https:\/\/ktautostyling.com\/wp-content\/uploads\/2026\/01\/rx8.2-rotated.jpg\" data-elementor-open-lightbox=\"yes\" data-e-action-hash=\"#elementor-action%3Aaction%3Dlightbox%26settings%3DeyJpZCI6Mjk3MywidXJsIjoiaHR0cHM6XC9cL2t0YXV0b3N0eWxpbmcuY29tXC93cC1jb250ZW50XC91cGxvYWRzXC8yMDI2XC8wMVwvcng4LjItcm90YXRlZC5qcGcifQ%3D%3D\">\n\t\t\t\t\t\t\t<img loading=\"lazy\" decoding=\"async\" width=\"960\" height=\"626\" src=\"https:\/\/ktautostyling.com\/wp-content\/uploads\/2026\/01\/rx8.2-rotated.jpg\" class=\"attachment-large size-large wp-image-2973\" alt=\"Rx8.2 Rotated\" srcset=\"https:\/\/ktautostyling.com\/wp-content\/uploads\/2026\/01\/rx8.2-rotated.jpg 960w, https:\/\/ktautostyling.com\/wp-content\/uploads\/2026\/01\/rx8.2-300x196.jpg 300w, https:\/\/ktautostyling.com\/wp-content\/uploads\/2026\/01\/rx8.2-768x501.jpg 768w, https:\/\/ktautostyling.com\/wp-content\/uploads\/2026\/01\/rx8.2-18x12.jpg 18w\" sizes=\"(max-width: 960px) 100vw, 960px\" title=\"Mazda RX-8\">\t\t\t\t\t\t\t\t<\/a>\n\t\t\t\t\t\t\t\t\t\t\t\t\t\t\t<\/div>\n\t\t\t\t<\/div>\n\t\t\t\t<div class=\"elementor-element elementor-element-f73bcdd elementor-widget elementor-widget-image\" data-id=\"f73bcdd\" data-element_type=\"widget\" data-widget_type=\"image.default\">\n\t\t\t\t<div class=\"elementor-widget-container\">\n\t\t\t\t\t\t\t\t\t\t\t\t\t\t\t\t<a href=\"https:\/\/ktautostyling.com\/wp-content\/uploads\/2026\/01\/rx8.9.jpg\" data-elementor-open-lightbox=\"yes\" data-e-action-hash=\"#elementor-action%3Aaction%3Dlightbox%26settings%3DeyJpZCI6Mjk5MCwidXJsIjoiaHR0cHM6XC9cL2t0YXV0b3N0eWxpbmcuY29tXC93cC1jb250ZW50XC91cGxvYWRzXC8yMDI2XC8wMVwvcng4LjkuanBnIn0%3D\">\n\t\t\t\t\t\t\t<img loading=\"lazy\" decoding=\"async\" width=\"960\" height=\"640\" src=\"https:\/\/ktautostyling.com\/wp-content\/uploads\/2026\/01\/rx8.9.jpg\" class=\"attachment-large size-large wp-image-2990\" alt=\"rx8.9\" srcset=\"https:\/\/ktautostyling.com\/wp-content\/uploads\/2026\/01\/rx8.9.jpg 960w, https:\/\/ktautostyling.com\/wp-content\/uploads\/2026\/01\/rx8.9-300x200.jpg 300w, https:\/\/ktautostyling.com\/wp-content\/uploads\/2026\/01\/rx8.9-768x512.jpg 768w, https:\/\/ktautostyling.com\/wp-content\/uploads\/2026\/01\/rx8.9-18x12.jpg 18w\" sizes=\"(max-width: 960px) 100vw, 960px\" title=\"Mazda RX-8\">\t\t\t\t\t\t\t\t<\/a>\n\t\t\t\t\t\t\t\t\t\t\t\t\t\t\t<\/div>\n\t\t\t\t<\/div>\n\t\t\t\t<\/div>\n\t\t\t\t<div class=\"elementor-element elementor-element-b0f253e elementor-widget elementor-widget-button\" data-id=\"b0f253e\" data-element_type=\"widget\" data-widget_type=\"button.default\">\n\t\t\t\t<div class=\"elementor-widget-container\">\n\t\t\t\t\t\t\t\t\t<div class=\"elementor-button-wrapper\">\n\t\t\t\t\t<a class=\"elementor-button elementor-button-link elementor-size-sm\" href=\"https:\/\/ktautostyling.com\/en\/projeler\/\">\n\t\t\t\t\t\t<span class=\"elementor-button-content-wrapper\">\n\t\t\t\t\t\t\t\t\t<span class=\"elementor-button-text\">Go back<\/span>\n\t\t\t\t\t<\/span>\n\t\t\t\t\t<\/a>\n\t\t\t\t<\/div>\n\t\t\t\t\t\t\t\t<\/div>\n\t\t\t\t<\/div>\n\t\t\t\t<div class=\"elementor-element elementor-element-4d5d189 elementor-post-navigation-borders-yes elementor-widget elementor-widget-post-navigation\" data-id=\"4d5d189\" data-element_type=\"widget\" data-widget_type=\"post-navigation.default\">\n\t\t\t\t<div class=\"elementor-widget-container\">\n\t\t\t\t\t\t\t<div class=\"elementor-post-navigation\" role=\"navigation\" aria-label=\"Post Navigation\">\n\t\t\t<div class=\"elementor-post-navigation__prev elementor-post-navigation__link\">\n\t\t\t\t<a href=\"https:\/\/ktautostyling.com\/en\/projeler\/twizy\/\" rel=\"prev\"><span class=\"post-navigation__arrow-wrapper post-navigation__arrow-prev\"><i aria-hidden=\"true\" class=\"fas fa-angle-left\"><\/i><span class=\"elementor-screen-only\">Prev<\/span><\/span><span class=\"elementor-post-navigation__link__prev\"><span class=\"post-navigation__prev--label\">previous<\/span><span class=\"post-navigation__prev--title\">Renault Twizy<\/span><\/span><\/a>\t\t\t<\/div>\n\t\t\t\t\t\t\t<div class=\"elementor-post-navigation__separator-wrapper\">\n\t\t\t\t\t<div class=\"elementor-post-navigation__separator\"><\/div>\n\t\t\t\t<\/div>\n\t\t\t\t\t\t<div class=\"elementor-post-navigation__next elementor-post-navigation__link\">\n\t\t\t\t<a href=\"https:\/\/ktautostyling.com\/en\/projeler\/sl65\/\" rel=\"next\"><span class=\"elementor-post-navigation__link__next\"><span class=\"post-navigation__next--label\">next<\/span><span class=\"post-navigation__next--title\">Mercedes SL65 AMG Black Series<\/span><\/span><span class=\"post-navigation__arrow-wrapper post-navigation__arrow-next\"><i aria-hidden=\"true\" class=\"fas fa-angle-right\"><\/i><span class=\"elementor-screen-only\">Next<\/span><\/span><\/a>\t\t\t<\/div>\n\t\t<\/div>\n\t\t\t\t\t\t<\/div>\n\t\t\t\t<\/div>\n\t\t\t\t\t<\/div>\n\t\t\t\t<\/div>\n\t\t\t\t<\/div>","protected":false},"excerpt":{"rendered":"<p>Caddelerin Ate\u015fi: Custom Red RX-8 K\u0131rm\u0131z\u0131 var, bir de KT Autostyling k\u0131rm\u0131z\u0131s\u0131 var. Standart bir Mazda RX-8&#8217;i ald\u0131k ve ona sadece yeni bir renk de\u011fil, yeni bir ruh verdik. Boya f\u0131r\u0131n\u0131m\u0131zda ilmek ilmek i\u015flenen \u00f6zel kar\u0131\u015f\u0131m &#8216;Candy Red&#8217; boyas\u0131yla bu ara\u00e7, art\u0131k saklanmas\u0131 imkans\u0131z bir sanat eseri. Kaputtaki agresif havaland\u0131rma kanallar\u0131, arkadaki devasa GT Spoiler [&hellip;]<\/p>","protected":false},"author":1,"featured_media":0,"parent":1129,"menu_order":0,"comment_status":"closed","ping_status":"closed","template":"","meta":{"site-sidebar-layout":"no-sidebar","site-content-layout":"page-builder","ast-site-content-layout":"full-width-container","site-content-style":"unboxed","site-sidebar-style":"unboxed","ast-global-header-display":"","ast-banner-title-visibility":"","ast-main-header-display":"","ast-hfb-above-header-display":"","ast-hfb-below-header-display":"","ast-hfb-mobile-header-display":"","site-post-title":"disabled","ast-breadcrumbs-content":"","ast-featured-img":"disabled","footer-sml-layout":"","ast-disable-related-posts":"","theme-transparent-header-meta":"","adv-header-id-meta":"","stick-header-meta":"","header-above-stick-meta":"","header-main-stick-meta":"","header-below-stick-meta":"","astra-migrate-meta-layouts":"set","ast-page-background-enabled":"default","ast-page-background-meta":{"desktop":{"background-color":"","background-image":"","background-repeat":"repeat","background-position":"center center","background-size":"auto","background-attachment":"scroll","background-type":"","background-media":"","overlay-type":"","overlay-color":"","overlay-opacity":"","overlay-gradient":""},"tablet":{"background-color":"","background-image":"","background-repeat":"repeat","background-position":"center center","background-size":"auto","background-attachment":"scroll","background-type":"","background-media":"","overlay-type":"","overlay-color":"","overlay-opacity":"","overlay-gradient":""},"mobile":{"background-color":"","background-image":"","background-repeat":"repeat","background-position":"center center","background-size":"auto","background-attachment":"scroll","background-type":"","background-media":"","overlay-type":"","overlay-color":"","overlay-opacity":"","overlay-gradient":""}},"ast-content-background-meta":{"desktop":{"background-color":"var(--ast-global-color-5)","background-image":"","background-repeat":"repeat","background-position":"center center","background-size":"auto","background-attachment":"scroll","background-type":"","background-media":"","overlay-type":"","overlay-color":"","overlay-opacity":"","overlay-gradient":""},"tablet":{"background-color":"var(--ast-global-color-5)","background-image":"","background-repeat":"repeat","background-position":"center center","background-size":"auto","background-attachment":"scroll","background-type":"","background-media":"","overlay-type":"","overlay-color":"","overlay-opacity":"","overlay-gradient":""},"mobile":{"background-color":"var(--ast-global-color-5)","background-image":"","background-repeat":"repeat","background-position":"center center","background-size":"auto","background-attachment":"scroll","background-type":"","background-media":"","overlay-type":"","overlay-color":"","overlay-opacity":"","overlay-gradient":""}},"footnotes":""},"class_list":["post-3003","page","type-page","status-publish","hentry"],"_hostinger_reach_plugin_has_subscription_block":false,"_hostinger_reach_plugin_is_elementor":false,"_links":{"self":[{"href":"https:\/\/ktautostyling.com\/en\/wp-json\/wp\/v2\/pages\/3003","targetHints":{"allow":["GET"]}}],"collection":[{"href":"https:\/\/ktautostyling.com\/en\/wp-json\/wp\/v2\/pages"}],"about":[{"href":"https:\/\/ktautostyling.com\/en\/wp-json\/wp\/v2\/types\/page"}],"author":[{"embeddable":true,"href":"https:\/\/ktautostyling.com\/en\/wp-json\/wp\/v2\/users\/1"}],"replies":[{"embeddable":true,"href":"https:\/\/ktautostyling.com\/en\/wp-json\/wp\/v2\/comments?post=3003"}],"version-history":[{"count":0,"href":"https:\/\/ktautostyling.com\/en\/wp-json\/wp\/v2\/pages\/3003\/revisions"}],"up":[{"embeddable":true,"href":"https:\/\/ktautostyling.com\/en\/wp-json\/wp\/v2\/pages\/1129"}],"wp:attachment":[{"href":"https:\/\/ktautostyling.com\/en\/wp-json\/wp\/v2\/media?parent=3003"}],"curies":[{"name":"wp","href":"https:\/\/api.w.org\/{rel}","templated":true}]}}