{"id":3018,"date":"2026-01-12T18:36:46","date_gmt":"2026-01-12T18:36:46","guid":{"rendered":"https:\/\/ktautostyling.com\/?page_id=3018"},"modified":"2026-01-13T17:10:40","modified_gmt":"2026-01-13T17:10:40","slug":"sl65","status":"publish","type":"page","link":"https:\/\/ktautostyling.com\/en\/projeler\/sl65\/","title":{"rendered":"Mercedes SL65 AMG Black Series"},"content":{"rendered":"<div data-elementor-type=\"wp-page\" data-elementor-id=\"3018\" class=\"elementor elementor-3018\" data-elementor-post-type=\"page\">\n\t\t\t\t<div class=\"elementor-element elementor-element-cf90fdf e-flex e-con-boxed e-con e-parent\" data-id=\"cf90fdf\" data-element_type=\"container\" data-settings=\"{&quot;background_background&quot;:&quot;classic&quot;}\">\n\t\t\t\t\t<div class=\"e-con-inner\">\n\t\t\t\t<div class=\"elementor-element elementor-element-ff4ab75 elementor-widget elementor-widget-text-editor\" data-id=\"ff4ab75\" data-element_type=\"widget\" data-widget_type=\"text-editor.default\">\n\t\t\t\t<div class=\"elementor-widget-container\">\n\t\t\t\t\t\t\t\t\t<h2><span style=\"color: #ffffff;\">The White Nightmare of the Streets: The SL Black Series Transformation<\/span><\/h2><p data-path-to-node=\"5\"><span style=\"color: #ffffff;\">Standards aren't for us. The R230 chassis Mercedes SL is the brand's most aggressive model. <b data-path-to-node=\"5\" data-index-in-node=\"93\">SL 65 AMG Black Series<\/b> we gave it its appearance.<\/span><\/p><p data-path-to-node=\"6\"><span style=\"color: #ffffff;\">In this project, where we completely stripped the silver-grey color and painted it pure white, we widened the body from top to bottom. With custom \u2018Widebody\u2019 fenders, a front bumper with massive air intakes, and an aggressive rear diffuser, the vehicle reveals what's under the hood. <b data-path-to-node=\"6\" data-index-in-node=\"220\">V12 Biturbo<\/b> It has been given a look that does justice to its engine. With the KT Autostyling signature, it's no longer just a convertible, but an asphalt warrior.<\/span><\/p>\t\t\t\t\t\t\t\t<\/div>\n\t\t\t\t<\/div>\n\t\t<div class=\"elementor-element elementor-element-4b3b61e e-grid e-con-full e-con e-child\" data-id=\"4b3b61e\" data-element_type=\"container\" data-settings=\"{&quot;background_background&quot;:&quot;classic&quot;}\">\n\t\t\t\t<div class=\"elementor-element elementor-element-bdd9dd6 elementor-widget elementor-widget-image\" data-id=\"bdd9dd6\" data-element_type=\"widget\" data-widget_type=\"image.default\">\n\t\t\t\t<div class=\"elementor-widget-container\">\n\t\t\t\t\t\t\t\t\t\t\t\t\t\t\t\t<a href=\"https:\/\/ktautostyling.com\/wp-content\/uploads\/2026\/01\/sl65.4.png\" data-elementor-open-lightbox=\"yes\" data-e-action-hash=\"#elementor-action%3Aaction%3Dlightbox%26settings%3DeyJpZCI6MzAwOSwidXJsIjoiaHR0cHM6XC9cL2t0YXV0b3N0eWxpbmcuY29tXC93cC1jb250ZW50XC91cGxvYWRzXC8yMDI2XC8wMVwvc2w2NS40LnBuZyJ9\">\n\t\t\t\t\t\t\t<img fetchpriority=\"high\" decoding=\"async\" width=\"1024\" height=\"1024\" src=\"https:\/\/ktautostyling.com\/wp-content\/uploads\/2026\/01\/sl65.4-1024x1024.png\" class=\"attachment-large size-large wp-image-3009\" alt=\"Sl65.4 1024x1024\" srcset=\"https:\/\/ktautostyling.com\/wp-content\/uploads\/2026\/01\/sl65.4-1024x1024.png 1024w, https:\/\/ktautostyling.com\/wp-content\/uploads\/2026\/01\/sl65.4-300x300.png 300w, https:\/\/ktautostyling.com\/wp-content\/uploads\/2026\/01\/sl65.4-150x150.png 150w, https:\/\/ktautostyling.com\/wp-content\/uploads\/2026\/01\/sl65.4-768x768.png 768w, https:\/\/ktautostyling.com\/wp-content\/uploads\/2026\/01\/sl65.4-1536x1536.png 1536w, https:\/\/ktautostyling.com\/wp-content\/uploads\/2026\/01\/sl65.4-2048x2048.png 2048w, https:\/\/ktautostyling.com\/wp-content\/uploads\/2026\/01\/sl65.4-12x12.png 12w\" sizes=\"(max-width: 1024px) 100vw, 1024px\" title=\"Mercedes SL65 AMG Black Series\">\t\t\t\t\t\t\t\t<\/a>\n\t\t\t\t\t\t\t\t\t\t\t\t\t\t\t<\/div>\n\t\t\t\t<\/div>\n\t\t\t\t<div class=\"elementor-element elementor-element-a84abab elementor-widget elementor-widget-image\" data-id=\"a84abab\" data-element_type=\"widget\" data-widget_type=\"image.default\">\n\t\t\t\t<div class=\"elementor-widget-container\">\n\t\t\t\t\t\t\t\t\t\t\t\t\t\t\t\t<a href=\"https:\/\/ktautostyling.com\/wp-content\/uploads\/2026\/01\/sl65.5.jpg\" data-elementor-open-lightbox=\"yes\" data-e-action-hash=\"#elementor-action%3Aaction%3Dlightbox%26settings%3DeyJpZCI6MzAxMCwidXJsIjoiaHR0cHM6XC9cL2t0YXV0b3N0eWxpbmcuY29tXC93cC1jb250ZW50XC91cGxvYWRzXC8yMDI2XC8wMVwvc2w2NS41LmpwZyJ9\">\n\t\t\t\t\t\t\t<img decoding=\"async\" width=\"1024\" height=\"1024\" src=\"https:\/\/ktautostyling.com\/wp-content\/uploads\/2026\/01\/sl65.5-1024x1024.jpg\" class=\"attachment-large size-large wp-image-3010\" alt=\"sl65.5\" srcset=\"https:\/\/ktautostyling.com\/wp-content\/uploads\/2026\/01\/sl65.5-1024x1024.jpg 1024w, https:\/\/ktautostyling.com\/wp-content\/uploads\/2026\/01\/sl65.5-300x300.jpg 300w, https:\/\/ktautostyling.com\/wp-content\/uploads\/2026\/01\/sl65.5-150x150.jpg 150w, https:\/\/ktautostyling.com\/wp-content\/uploads\/2026\/01\/sl65.5-768x768.jpg 768w, https:\/\/ktautostyling.com\/wp-content\/uploads\/2026\/01\/sl65.5-12x12.jpg 12w, https:\/\/ktautostyling.com\/wp-content\/uploads\/2026\/01\/sl65.5.jpg 1536w\" sizes=\"(max-width: 1024px) 100vw, 1024px\" title=\"Mercedes SL65 AMG Black Series\">\t\t\t\t\t\t\t\t<\/a>\n\t\t\t\t\t\t\t\t\t\t\t\t\t\t\t<\/div>\n\t\t\t\t<\/div>\n\t\t\t\t<div class=\"elementor-element elementor-element-5714c48 elementor-widget elementor-widget-image\" data-id=\"5714c48\" data-element_type=\"widget\" data-widget_type=\"image.default\">\n\t\t\t\t<div class=\"elementor-widget-container\">\n\t\t\t\t\t\t\t\t\t\t\t\t\t\t\t\t<a href=\"https:\/\/ktautostyling.com\/wp-content\/uploads\/2026\/01\/sl65.1.webp\" data-elementor-open-lightbox=\"yes\" data-e-action-hash=\"#elementor-action%3Aaction%3Dlightbox%26settings%3DeyJpZCI6MzAxMSwidXJsIjoiaHR0cHM6XC9cL2t0YXV0b3N0eWxpbmcuY29tXC93cC1jb250ZW50XC91cGxvYWRzXC8yMDI2XC8wMVwvc2w2NS4xLndlYnAifQ%3D%3D\">\n\t\t\t\t\t\t\t<img decoding=\"async\" width=\"1024\" height=\"1024\" src=\"https:\/\/ktautostyling.com\/wp-content\/uploads\/2026\/01\/sl65.1-1024x1024.webp\" class=\"attachment-large size-large wp-image-3011\" alt=\"sl65.1\" srcset=\"https:\/\/ktautostyling.com\/wp-content\/uploads\/2026\/01\/sl65.1-1024x1024.webp 1024w, https:\/\/ktautostyling.com\/wp-content\/uploads\/2026\/01\/sl65.1-300x300.webp 300w, https:\/\/ktautostyling.com\/wp-content\/uploads\/2026\/01\/sl65.1-150x150.webp 150w, https:\/\/ktautostyling.com\/wp-content\/uploads\/2026\/01\/sl65.1-768x768.webp 768w, https:\/\/ktautostyling.com\/wp-content\/uploads\/2026\/01\/sl65.1-12x12.webp 12w, https:\/\/ktautostyling.com\/wp-content\/uploads\/2026\/01\/sl65.1.webp 1068w\" sizes=\"(max-width: 1024px) 100vw, 1024px\" title=\"Mercedes SL65 AMG Black Series\">\t\t\t\t\t\t\t\t<\/a>\n\t\t\t\t\t\t\t\t\t\t\t\t\t\t\t<\/div>\n\t\t\t\t<\/div>\n\t\t\t\t<div class=\"elementor-element elementor-element-4a232d6 elementor-widget elementor-widget-image\" data-id=\"4a232d6\" data-element_type=\"widget\" data-widget_type=\"image.default\">\n\t\t\t\t<div class=\"elementor-widget-container\">\n\t\t\t\t\t\t\t\t\t\t\t\t\t\t\t\t<a href=\"https:\/\/ktautostyling.com\/wp-content\/uploads\/2026\/01\/sl65.2.jpg\" data-elementor-open-lightbox=\"yes\" data-e-action-hash=\"#elementor-action%3Aaction%3Dlightbox%26settings%3DeyJpZCI6MzAxMiwidXJsIjoiaHR0cHM6XC9cL2t0YXV0b3N0eWxpbmcuY29tXC93cC1jb250ZW50XC91cGxvYWRzXC8yMDI2XC8wMVwvc2w2NS4yLmpwZyJ9\">\n\t\t\t\t\t\t\t<img loading=\"lazy\" decoding=\"async\" width=\"1024\" height=\"1024\" src=\"https:\/\/ktautostyling.com\/wp-content\/uploads\/2026\/01\/sl65.2-1024x1024.jpg\" class=\"attachment-large size-large wp-image-3012\" alt=\"sl65.2\" srcset=\"https:\/\/ktautostyling.com\/wp-content\/uploads\/2026\/01\/sl65.2-1024x1024.jpg 1024w, https:\/\/ktautostyling.com\/wp-content\/uploads\/2026\/01\/sl65.2-300x300.jpg 300w, https:\/\/ktautostyling.com\/wp-content\/uploads\/2026\/01\/sl65.2-150x150.jpg 150w, https:\/\/ktautostyling.com\/wp-content\/uploads\/2026\/01\/sl65.2-768x768.jpg 768w, https:\/\/ktautostyling.com\/wp-content\/uploads\/2026\/01\/sl65.2-12x12.jpg 12w, https:\/\/ktautostyling.com\/wp-content\/uploads\/2026\/01\/sl65.2.jpg 1515w\" sizes=\"(max-width: 1024px) 100vw, 1024px\" title=\"Mercedes SL65 AMG Black Series\">\t\t\t\t\t\t\t\t<\/a>\n\t\t\t\t\t\t\t\t\t\t\t\t\t\t\t<\/div>\n\t\t\t\t<\/div>\n\t\t\t\t<\/div>\n\t\t\t\t<div class=\"elementor-element elementor-element-32a7f0a elementor-widget elementor-widget-button\" data-id=\"32a7f0a\" data-element_type=\"widget\" data-widget_type=\"button.default\">\n\t\t\t\t<div class=\"elementor-widget-container\">\n\t\t\t\t\t\t\t\t\t<div class=\"elementor-button-wrapper\">\n\t\t\t\t\t<a class=\"elementor-button elementor-button-link elementor-size-sm\" href=\"https:\/\/ktautostyling.com\/en\/projeler\/\">\n\t\t\t\t\t\t<span class=\"elementor-button-content-wrapper\">\n\t\t\t\t\t\t\t\t\t<span class=\"elementor-button-text\">Go back<\/span>\n\t\t\t\t\t<\/span>\n\t\t\t\t\t<\/a>\n\t\t\t\t<\/div>\n\t\t\t\t\t\t\t\t<\/div>\n\t\t\t\t<\/div>\n\t\t\t\t<div class=\"elementor-element elementor-element-f74e56d elementor-post-navigation-borders-yes elementor-widget elementor-widget-post-navigation\" data-id=\"f74e56d\" data-element_type=\"widget\" data-widget_type=\"post-navigation.default\">\n\t\t\t\t<div class=\"elementor-widget-container\">\n\t\t\t\t\t\t\t<div class=\"elementor-post-navigation\" role=\"navigation\" aria-label=\"Post Navigation\">\n\t\t\t<div class=\"elementor-post-navigation__prev elementor-post-navigation__link\">\n\t\t\t\t<a href=\"https:\/\/ktautostyling.com\/en\/projeler\/rx8\/\" rel=\"prev\"><span class=\"post-navigation__arrow-wrapper post-navigation__arrow-prev\"><i aria-hidden=\"true\" class=\"fas fa-angle-left\"><\/i><span class=\"elementor-screen-only\">Prev<\/span><\/span><span class=\"elementor-post-navigation__link__prev\"><span class=\"post-navigation__prev--label\">previous<\/span><span class=\"post-navigation__prev--title\">Mazda RX-8<\/span><\/span><\/a>\t\t\t<\/div>\n\t\t\t\t\t\t\t<div class=\"elementor-post-navigation__separator-wrapper\">\n\t\t\t\t\t<div class=\"elementor-post-navigation__separator\"><\/div>\n\t\t\t\t<\/div>\n\t\t\t\t\t\t<div class=\"elementor-post-navigation__next elementor-post-navigation__link\">\n\t\t\t\t<a href=\"https:\/\/ktautostyling.com\/en\/projeler\/ut106\/\" rel=\"next\"><span class=\"elementor-post-navigation__link__next\"><span class=\"post-navigation__next--label\">next<\/span><span class=\"post-navigation__next--title\">\u00dcnal Turan Peugeot 106 Dimma<\/span><\/span><span class=\"post-navigation__arrow-wrapper post-navigation__arrow-next\"><i aria-hidden=\"true\" class=\"fas fa-angle-right\"><\/i><span class=\"elementor-screen-only\">Next<\/span><\/span><\/a>\t\t\t<\/div>\n\t\t<\/div>\n\t\t\t\t\t\t<\/div>\n\t\t\t\t<\/div>\n\t\t\t\t\t<\/div>\n\t\t\t\t<\/div>\n\t\t\t\t<\/div>","protected":false},"excerpt":{"rendered":"<p>Caddelerin Beyaz Kabusu: SL Black Series D\u00f6n\u00fc\u015f\u00fcm\u00fc Standartlar bize g\u00f6re de\u011fil. R230 kasa Mercedes SL&#8217;i, markan\u0131n en h\u0131r\u00e7\u0131n modeli olan SL 65 AMG Black Series g\u00f6r\u00fcn\u00fcm\u00fcne kavu\u015fturduk. G\u00fcm\u00fc\u015f gri renginden tamamen ar\u0131nd\u0131r\u0131p saf beyaza boyad\u0131\u011f\u0131m\u0131z bu projede, g\u00f6vdeyi ba\u015ftan a\u015fa\u011f\u0131 geni\u015flettik. \u00d6zel &#8216;Widebody&#8217; \u00e7amurluklar, devasa hava giri\u015fli \u00f6n tampon ve agresif arka dif\u00fcz\u00f6r ile ara\u00e7, [&hellip;]<\/p>","protected":false},"author":1,"featured_media":0,"parent":1129,"menu_order":0,"comment_status":"closed","ping_status":"closed","template":"","meta":{"site-sidebar-layout":"no-sidebar","site-content-layout":"page-builder","ast-site-content-layout":"full-width-container","site-content-style":"unboxed","site-sidebar-style":"unboxed","ast-global-header-display":"","ast-banner-title-visibility":"","ast-main-header-display":"","ast-hfb-above-header-display":"","ast-hfb-below-header-display":"","ast-hfb-mobile-header-display":"","site-post-title":"disabled","ast-breadcrumbs-content":"","ast-featured-img":"disabled","footer-sml-layout":"","ast-disable-related-posts":"","theme-transparent-header-meta":"","adv-header-id-meta":"","stick-header-meta":"","header-above-stick-meta":"","header-main-stick-meta":"","header-below-stick-meta":"","astra-migrate-meta-layouts":"set","ast-page-background-enabled":"default","ast-page-background-meta":{"desktop":{"background-color":"","background-image":"","background-repeat":"repeat","background-position":"center center","background-size":"auto","background-attachment":"scroll","background-type":"","background-media":"","overlay-type":"","overlay-color":"","overlay-opacity":"","overlay-gradient":""},"tablet":{"background-color":"","background-image":"","background-repeat":"repeat","background-position":"center center","background-size":"auto","background-attachment":"scroll","background-type":"","background-media":"","overlay-type":"","overlay-color":"","overlay-opacity":"","overlay-gradient":""},"mobile":{"background-color":"","background-image":"","background-repeat":"repeat","background-position":"center center","background-size":"auto","background-attachment":"scroll","background-type":"","background-media":"","overlay-type":"","overlay-color":"","overlay-opacity":"","overlay-gradient":""}},"ast-content-background-meta":{"desktop":{"background-color":"var(--ast-global-color-5)","background-image":"","background-repeat":"repeat","background-position":"center center","background-size":"auto","background-attachment":"scroll","background-type":"","background-media":"","overlay-type":"","overlay-color":"","overlay-opacity":"","overlay-gradient":""},"tablet":{"background-color":"var(--ast-global-color-5)","background-image":"","background-repeat":"repeat","background-position":"center center","background-size":"auto","background-attachment":"scroll","background-type":"","background-media":"","overlay-type":"","overlay-color":"","overlay-opacity":"","overlay-gradient":""},"mobile":{"background-color":"var(--ast-global-color-5)","background-image":"","background-repeat":"repeat","background-position":"center center","background-size":"auto","background-attachment":"scroll","background-type":"","background-media":"","overlay-type":"","overlay-color":"","overlay-opacity":"","overlay-gradient":""}},"footnotes":""},"class_list":["post-3018","page","type-page","status-publish","hentry"],"_hostinger_reach_plugin_has_subscription_block":false,"_hostinger_reach_plugin_is_elementor":false,"_links":{"self":[{"href":"https:\/\/ktautostyling.com\/en\/wp-json\/wp\/v2\/pages\/3018","targetHints":{"allow":["GET"]}}],"collection":[{"href":"https:\/\/ktautostyling.com\/en\/wp-json\/wp\/v2\/pages"}],"about":[{"href":"https:\/\/ktautostyling.com\/en\/wp-json\/wp\/v2\/types\/page"}],"author":[{"embeddable":true,"href":"https:\/\/ktautostyling.com\/en\/wp-json\/wp\/v2\/users\/1"}],"replies":[{"embeddable":true,"href":"https:\/\/ktautostyling.com\/en\/wp-json\/wp\/v2\/comments?post=3018"}],"version-history":[{"count":0,"href":"https:\/\/ktautostyling.com\/en\/wp-json\/wp\/v2\/pages\/3018\/revisions"}],"up":[{"embeddable":true,"href":"https:\/\/ktautostyling.com\/en\/wp-json\/wp\/v2\/pages\/1129"}],"wp:attachment":[{"href":"https:\/\/ktautostyling.com\/en\/wp-json\/wp\/v2\/media?parent=3018"}],"curies":[{"name":"wp","href":"https:\/\/api.w.org\/{rel}","templated":true}]}}