{"id":3131,"date":"2026-01-12T19:54:09","date_gmt":"2026-01-12T19:54:09","guid":{"rendered":"https:\/\/ktautostyling.com\/?page_id=3131"},"modified":"2026-01-13T16:45:26","modified_gmt":"2026-01-13T16:45:26","slug":"ut106","status":"publish","type":"page","link":"https:\/\/ktautostyling.com\/en\/projeler\/ut106\/","title":{"rendered":"\u00dcnal Turan Peugeot 106 Dimma"},"content":{"rendered":"<div data-elementor-type=\"wp-page\" data-elementor-id=\"3131\" class=\"elementor elementor-3131\" data-elementor-post-type=\"page\">\n\t\t\t\t<div class=\"elementor-element elementor-element-9efac89 e-flex e-con-boxed e-con e-parent\" data-id=\"9efac89\" data-element_type=\"container\" data-settings=\"{&quot;background_background&quot;:&quot;classic&quot;}\">\n\t\t\t\t\t<div class=\"e-con-inner\">\n\t\t\t\t<div class=\"elementor-element elementor-element-04ac759 elementor-widget elementor-widget-text-editor\" data-id=\"04ac759\" data-element_type=\"widget\" data-widget_type=\"text-editor.default\">\n\t\t\t\t<div class=\"elementor-widget-container\">\n\t\t\t\t\t\t\t\t\t<h2><span style=\"color: #ffffff;\">Custom-made for \u00dcnal Turan: Peugeot 106 Dimma<\/span><\/h2><p data-path-to-node=\"5\"><span style=\"color: #ffffff;\">A phenomenal name in the automotive world <b data-path-to-node=\"5\" data-index-in-node=\"41\">\u00dcnal Turan<\/b> This project we've prepared for you is not just an ordinary modification, it's a character building project. It aims to restore the iconic lines and legendary status of the Peugeot 106 <b data-path-to-node=\"5\" data-index-in-node=\"184\">Dimma Body Kit<\/b> By combining them, we created the most aggressive form of street style.<\/span><\/p><p data-path-to-node=\"6\"><span style=\"color: #ffffff;\">With its custom-mixed yellow paint, deep-offset wheels hidden beneath widened fenders, and low-to-the-ground stance, this vehicle is a perfect reflection of the vision at the KT Autostyling workshop and the style of \u00dcnal Turan. It's designed not for those who want to attract attention, but for those who command attention.<\/span><\/p>\t\t\t\t\t\t\t\t<\/div>\n\t\t\t\t<\/div>\n\t\t<div class=\"elementor-element elementor-element-2b792cb e-grid e-con-full e-con e-child\" data-id=\"2b792cb\" data-element_type=\"container\" data-settings=\"{&quot;background_background&quot;:&quot;classic&quot;}\">\n\t\t\t\t<div class=\"elementor-element elementor-element-6a271a6 elementor-widget elementor-widget-image\" data-id=\"6a271a6\" data-element_type=\"widget\" data-widget_type=\"image.default\">\n\t\t\t\t<div class=\"elementor-widget-container\">\n\t\t\t\t\t\t\t\t\t\t\t\t\t\t\t\t<a href=\"https:\/\/ktautostyling.com\/wp-content\/uploads\/2026\/01\/unalturan1062.jpg\" data-elementor-open-lightbox=\"yes\" data-e-action-hash=\"#elementor-action%3Aaction%3Dlightbox%26settings%3DeyJpZCI6MzExMywidXJsIjoiaHR0cHM6XC9cL2t0YXV0b3N0eWxpbmcuY29tXC93cC1jb250ZW50XC91cGxvYWRzXC8yMDI2XC8wMVwvdW5hbHR1cmFuMTA2Mi5qcGcifQ%3D%3D\">\n\t\t\t\t\t\t\t<img fetchpriority=\"high\" decoding=\"async\" width=\"823\" height=\"1024\" src=\"https:\/\/ktautostyling.com\/wp-content\/uploads\/2026\/01\/unalturan1062-823x1024.jpg\" class=\"attachment-large size-large wp-image-3113\" alt=\"\u00fcnalturan1062\" srcset=\"https:\/\/ktautostyling.com\/wp-content\/uploads\/2026\/01\/unalturan1062-823x1024.jpg 823w, https:\/\/ktautostyling.com\/wp-content\/uploads\/2026\/01\/unalturan1062-241x300.jpg 241w, https:\/\/ktautostyling.com\/wp-content\/uploads\/2026\/01\/unalturan1062-768x955.jpg 768w, https:\/\/ktautostyling.com\/wp-content\/uploads\/2026\/01\/unalturan1062-10x12.jpg 10w, https:\/\/ktautostyling.com\/wp-content\/uploads\/2026\/01\/unalturan1062.jpg 1080w\" sizes=\"(max-width: 823px) 100vw, 823px\" title=\"\u00dcnal Turan Peugeot 106 Dimma\">\t\t\t\t\t\t\t\t<\/a>\n\t\t\t\t\t\t\t\t\t\t\t\t\t\t\t<\/div>\n\t\t\t\t<\/div>\n\t\t\t\t<div class=\"elementor-element elementor-element-c1d0570 elementor-widget elementor-widget-image\" data-id=\"c1d0570\" data-element_type=\"widget\" data-widget_type=\"image.default\">\n\t\t\t\t<div class=\"elementor-widget-container\">\n\t\t\t\t\t\t\t\t\t\t\t\t\t\t\t\t<a href=\"https:\/\/ktautostyling.com\/wp-content\/uploads\/2026\/01\/unalturan1063.jpg\" data-elementor-open-lightbox=\"yes\" data-e-action-hash=\"#elementor-action%3Aaction%3Dlightbox%26settings%3DeyJpZCI6MzExNCwidXJsIjoiaHR0cHM6XC9cL2t0YXV0b3N0eWxpbmcuY29tXC93cC1jb250ZW50XC91cGxvYWRzXC8yMDI2XC8wMVwvdW5hbHR1cmFuMTA2My5qcGcifQ%3D%3D\">\n\t\t\t\t\t\t\t<img decoding=\"async\" width=\"820\" height=\"1024\" src=\"https:\/\/ktautostyling.com\/wp-content\/uploads\/2026\/01\/unalturan1063-820x1024.jpg\" class=\"attachment-large size-large wp-image-3114\" alt=\"Unalturan1063 820x1024\" srcset=\"https:\/\/ktautostyling.com\/wp-content\/uploads\/2026\/01\/unalturan1063-820x1024.jpg 820w, https:\/\/ktautostyling.com\/wp-content\/uploads\/2026\/01\/unalturan1063-240x300.jpg 240w, https:\/\/ktautostyling.com\/wp-content\/uploads\/2026\/01\/unalturan1063-768x959.jpg 768w, https:\/\/ktautostyling.com\/wp-content\/uploads\/2026\/01\/unalturan1063-10x12.jpg 10w, https:\/\/ktautostyling.com\/wp-content\/uploads\/2026\/01\/unalturan1063.jpg 1080w\" sizes=\"(max-width: 820px) 100vw, 820px\" title=\"\u00dcnal Turan Peugeot 106 Dimma\">\t\t\t\t\t\t\t\t<\/a>\n\t\t\t\t\t\t\t\t\t\t\t\t\t\t\t<\/div>\n\t\t\t\t<\/div>\n\t\t\t\t<div class=\"elementor-element elementor-element-a2cbf01 elementor-widget elementor-widget-image\" data-id=\"a2cbf01\" data-element_type=\"widget\" data-widget_type=\"image.default\">\n\t\t\t\t<div class=\"elementor-widget-container\">\n\t\t\t\t\t\t\t\t\t\t\t\t\t\t\t\t<a href=\"https:\/\/ktautostyling.com\/wp-content\/uploads\/2026\/01\/unalturan1064.jpg\" data-elementor-open-lightbox=\"yes\" data-e-action-hash=\"#elementor-action%3Aaction%3Dlightbox%26settings%3DeyJpZCI6MzExNSwidXJsIjoiaHR0cHM6XC9cL2t0YXV0b3N0eWxpbmcuY29tXC93cC1jb250ZW50XC91cGxvYWRzXC8yMDI2XC8wMVwvdW5hbHR1cmFuMTA2NC5qcGcifQ%3D%3D\">\n\t\t\t\t\t\t\t<img decoding=\"async\" width=\"820\" height=\"1024\" src=\"https:\/\/ktautostyling.com\/wp-content\/uploads\/2026\/01\/unalturan1064-820x1024.jpg\" class=\"attachment-large size-large wp-image-3115\" alt=\"Unalturan1064 820x1024\" srcset=\"https:\/\/ktautostyling.com\/wp-content\/uploads\/2026\/01\/unalturan1064-820x1024.jpg 820w, https:\/\/ktautostyling.com\/wp-content\/uploads\/2026\/01\/unalturan1064-240x300.jpg 240w, https:\/\/ktautostyling.com\/wp-content\/uploads\/2026\/01\/unalturan1064-768x959.jpg 768w, https:\/\/ktautostyling.com\/wp-content\/uploads\/2026\/01\/unalturan1064-10x12.jpg 10w, https:\/\/ktautostyling.com\/wp-content\/uploads\/2026\/01\/unalturan1064.jpg 1080w\" sizes=\"(max-width: 820px) 100vw, 820px\" title=\"\u00dcnal Turan Peugeot 106 Dimma\">\t\t\t\t\t\t\t\t<\/a>\n\t\t\t\t\t\t\t\t\t\t\t\t\t\t\t<\/div>\n\t\t\t\t<\/div>\n\t\t\t\t<div class=\"elementor-element elementor-element-15f0ace elementor-widget elementor-widget-image\" data-id=\"15f0ace\" data-element_type=\"widget\" data-widget_type=\"image.default\">\n\t\t\t\t<div class=\"elementor-widget-container\">\n\t\t\t\t\t\t\t\t\t\t\t\t\t\t\t\t<a href=\"https:\/\/ktautostyling.com\/wp-content\/uploads\/2026\/01\/unalturan1065.jpg\" data-elementor-open-lightbox=\"yes\" data-e-action-hash=\"#elementor-action%3Aaction%3Dlightbox%26settings%3DeyJpZCI6MzExNiwidXJsIjoiaHR0cHM6XC9cL2t0YXV0b3N0eWxpbmcuY29tXC93cC1jb250ZW50XC91cGxvYWRzXC8yMDI2XC8wMVwvdW5hbHR1cmFuMTA2NS5qcGcifQ%3D%3D\">\n\t\t\t\t\t\t\t<img loading=\"lazy\" decoding=\"async\" width=\"819\" height=\"1024\" src=\"https:\/\/ktautostyling.com\/wp-content\/uploads\/2026\/01\/unalturan1065-819x1024.jpg\" class=\"attachment-large size-large wp-image-3116\" alt=\"Unalturan1065 819x1024\" srcset=\"https:\/\/ktautostyling.com\/wp-content\/uploads\/2026\/01\/unalturan1065-819x1024.jpg 819w, https:\/\/ktautostyling.com\/wp-content\/uploads\/2026\/01\/unalturan1065-240x300.jpg 240w, https:\/\/ktautostyling.com\/wp-content\/uploads\/2026\/01\/unalturan1065-768x960.jpg 768w, https:\/\/ktautostyling.com\/wp-content\/uploads\/2026\/01\/unalturan1065-10x12.jpg 10w, https:\/\/ktautostyling.com\/wp-content\/uploads\/2026\/01\/unalturan1065.jpg 1080w\" sizes=\"(max-width: 819px) 100vw, 819px\" title=\"\u00dcnal Turan Peugeot 106 Dimma\">\t\t\t\t\t\t\t\t<\/a>\n\t\t\t\t\t\t\t\t\t\t\t\t\t\t\t<\/div>\n\t\t\t\t<\/div>\n\t\t\t\t<div class=\"elementor-element elementor-element-563499c elementor-widget elementor-widget-image\" data-id=\"563499c\" data-element_type=\"widget\" data-widget_type=\"image.default\">\n\t\t\t\t<div class=\"elementor-widget-container\">\n\t\t\t\t\t\t\t\t\t\t\t\t\t\t\t\t<a href=\"https:\/\/ktautostyling.com\/wp-content\/uploads\/2026\/01\/unalturan1066.jpg\" data-elementor-open-lightbox=\"yes\" data-e-action-hash=\"#elementor-action%3Aaction%3Dlightbox%26settings%3DeyJpZCI6MzExNywidXJsIjoiaHR0cHM6XC9cL2t0YXV0b3N0eWxpbmcuY29tXC93cC1jb250ZW50XC91cGxvYWRzXC8yMDI2XC8wMVwvdW5hbHR1cmFuMTA2Ni5qcGcifQ%3D%3D\">\n\t\t\t\t\t\t\t<img loading=\"lazy\" decoding=\"async\" width=\"819\" height=\"1024\" src=\"https:\/\/ktautostyling.com\/wp-content\/uploads\/2026\/01\/unalturan1066-819x1024.jpg\" class=\"attachment-large size-large wp-image-3117\" alt=\"Unalturan1066 819x1024\" srcset=\"https:\/\/ktautostyling.com\/wp-content\/uploads\/2026\/01\/unalturan1066-819x1024.jpg 819w, https:\/\/ktautostyling.com\/wp-content\/uploads\/2026\/01\/unalturan1066-240x300.jpg 240w, https:\/\/ktautostyling.com\/wp-content\/uploads\/2026\/01\/unalturan1066-768x960.jpg 768w, https:\/\/ktautostyling.com\/wp-content\/uploads\/2026\/01\/unalturan1066-10x12.jpg 10w, https:\/\/ktautostyling.com\/wp-content\/uploads\/2026\/01\/unalturan1066.jpg 1080w\" sizes=\"(max-width: 819px) 100vw, 819px\" title=\"\u00dcnal Turan Peugeot 106 Dimma\">\t\t\t\t\t\t\t\t<\/a>\n\t\t\t\t\t\t\t\t\t\t\t\t\t\t\t<\/div>\n\t\t\t\t<\/div>\n\t\t\t\t<div class=\"elementor-element elementor-element-c540550 elementor-widget elementor-widget-image\" data-id=\"c540550\" data-element_type=\"widget\" data-widget_type=\"image.default\">\n\t\t\t\t<div class=\"elementor-widget-container\">\n\t\t\t\t\t\t\t\t\t\t\t\t\t\t\t\t<a href=\"https:\/\/ktautostyling.com\/wp-content\/uploads\/2026\/01\/unalturan1067.jpg\" data-elementor-open-lightbox=\"yes\" data-e-action-hash=\"#elementor-action%3Aaction%3Dlightbox%26settings%3DeyJpZCI6MzExOCwidXJsIjoiaHR0cHM6XC9cL2t0YXV0b3N0eWxpbmcuY29tXC93cC1jb250ZW50XC91cGxvYWRzXC8yMDI2XC8wMVwvdW5hbHR1cmFuMTA2Ny5qcGcifQ%3D%3D\">\n\t\t\t\t\t\t\t<img loading=\"lazy\" decoding=\"async\" width=\"823\" height=\"1024\" src=\"https:\/\/ktautostyling.com\/wp-content\/uploads\/2026\/01\/unalturan1067-823x1024.jpg\" class=\"attachment-large size-large wp-image-3118\" alt=\"Unalturan1067 823x1024\" srcset=\"https:\/\/ktautostyling.com\/wp-content\/uploads\/2026\/01\/unalturan1067-823x1024.jpg 823w, https:\/\/ktautostyling.com\/wp-content\/uploads\/2026\/01\/unalturan1067-241x300.jpg 241w, https:\/\/ktautostyling.com\/wp-content\/uploads\/2026\/01\/unalturan1067-768x955.jpg 768w, https:\/\/ktautostyling.com\/wp-content\/uploads\/2026\/01\/unalturan1067-10x12.jpg 10w, https:\/\/ktautostyling.com\/wp-content\/uploads\/2026\/01\/unalturan1067.jpg 1080w\" sizes=\"(max-width: 823px) 100vw, 823px\" title=\"\u00dcnal Turan Peugeot 106 Dimma\">\t\t\t\t\t\t\t\t<\/a>\n\t\t\t\t\t\t\t\t\t\t\t\t\t\t\t<\/div>\n\t\t\t\t<\/div>\n\t\t\t\t<div class=\"elementor-element elementor-element-5903419 elementor-widget elementor-widget-image\" data-id=\"5903419\" data-element_type=\"widget\" data-widget_type=\"image.default\">\n\t\t\t\t<div class=\"elementor-widget-container\">\n\t\t\t\t\t\t\t\t\t\t\t\t\t\t\t\t<a href=\"https:\/\/ktautostyling.com\/wp-content\/uploads\/2026\/01\/unalturan1068.jpg\" data-elementor-open-lightbox=\"yes\" data-e-action-hash=\"#elementor-action%3Aaction%3Dlightbox%26settings%3DeyJpZCI6MzExOSwidXJsIjoiaHR0cHM6XC9cL2t0YXV0b3N0eWxpbmcuY29tXC93cC1jb250ZW50XC91cGxvYWRzXC8yMDI2XC8wMVwvdW5hbHR1cmFuMTA2OC5qcGcifQ%3D%3D\">\n\t\t\t\t\t\t\t<img loading=\"lazy\" decoding=\"async\" width=\"823\" height=\"1024\" src=\"https:\/\/ktautostyling.com\/wp-content\/uploads\/2026\/01\/unalturan1068-823x1024.jpg\" class=\"attachment-large size-large wp-image-3119\" alt=\"Unalturan1068 823x1024\" srcset=\"https:\/\/ktautostyling.com\/wp-content\/uploads\/2026\/01\/unalturan1068-823x1024.jpg 823w, https:\/\/ktautostyling.com\/wp-content\/uploads\/2026\/01\/unalturan1068-241x300.jpg 241w, https:\/\/ktautostyling.com\/wp-content\/uploads\/2026\/01\/unalturan1068-768x955.jpg 768w, https:\/\/ktautostyling.com\/wp-content\/uploads\/2026\/01\/unalturan1068-10x12.jpg 10w, https:\/\/ktautostyling.com\/wp-content\/uploads\/2026\/01\/unalturan1068.jpg 1080w\" sizes=\"(max-width: 823px) 100vw, 823px\" title=\"\u00dcnal Turan Peugeot 106 Dimma\">\t\t\t\t\t\t\t\t<\/a>\n\t\t\t\t\t\t\t\t\t\t\t\t\t\t\t<\/div>\n\t\t\t\t<\/div>\n\t\t\t\t<div class=\"elementor-element elementor-element-918f5c1 elementor-widget elementor-widget-image\" data-id=\"918f5c1\" data-element_type=\"widget\" data-widget_type=\"image.default\">\n\t\t\t\t<div class=\"elementor-widget-container\">\n\t\t\t\t\t\t\t\t\t\t\t\t\t\t\t\t<a href=\"https:\/\/ktautostyling.com\/wp-content\/uploads\/2026\/01\/unalturan1069.jpg\" data-elementor-open-lightbox=\"yes\" data-e-action-hash=\"#elementor-action%3Aaction%3Dlightbox%26settings%3DeyJpZCI6MzEyMCwidXJsIjoiaHR0cHM6XC9cL2t0YXV0b3N0eWxpbmcuY29tXC93cC1jb250ZW50XC91cGxvYWRzXC8yMDI2XC8wMVwvdW5hbHR1cmFuMTA2OS5qcGcifQ%3D%3D\">\n\t\t\t\t\t\t\t<img loading=\"lazy\" decoding=\"async\" width=\"823\" height=\"1024\" src=\"https:\/\/ktautostyling.com\/wp-content\/uploads\/2026\/01\/unalturan1069-823x1024.jpg\" class=\"attachment-large size-large wp-image-3120\" alt=\"Unalturan1069 823x1024\" srcset=\"https:\/\/ktautostyling.com\/wp-content\/uploads\/2026\/01\/unalturan1069-823x1024.jpg 823w, https:\/\/ktautostyling.com\/wp-content\/uploads\/2026\/01\/unalturan1069-241x300.jpg 241w, https:\/\/ktautostyling.com\/wp-content\/uploads\/2026\/01\/unalturan1069-768x955.jpg 768w, https:\/\/ktautostyling.com\/wp-content\/uploads\/2026\/01\/unalturan1069-10x12.jpg 10w, https:\/\/ktautostyling.com\/wp-content\/uploads\/2026\/01\/unalturan1069.jpg 1080w\" sizes=\"(max-width: 823px) 100vw, 823px\" title=\"\u00dcnal Turan Peugeot 106 Dimma\">\t\t\t\t\t\t\t\t<\/a>\n\t\t\t\t\t\t\t\t\t\t\t\t\t\t\t<\/div>\n\t\t\t\t<\/div>\n\t\t\t\t<div class=\"elementor-element elementor-element-7808917 elementor-widget elementor-widget-image\" data-id=\"7808917\" data-element_type=\"widget\" data-widget_type=\"image.default\">\n\t\t\t\t<div class=\"elementor-widget-container\">\n\t\t\t\t\t\t\t\t\t\t\t\t\t\t\t\t<a href=\"https:\/\/ktautostyling.com\/wp-content\/uploads\/2026\/01\/unalturan10610.jpg\" data-elementor-open-lightbox=\"yes\" data-e-action-hash=\"#elementor-action%3Aaction%3Dlightbox%26settings%3DeyJpZCI6MzEyMSwidXJsIjoiaHR0cHM6XC9cL2t0YXV0b3N0eWxpbmcuY29tXC93cC1jb250ZW50XC91cGxvYWRzXC8yMDI2XC8wMVwvdW5hbHR1cmFuMTA2MTAuanBnIn0%3D\">\n\t\t\t\t\t\t\t<img loading=\"lazy\" decoding=\"async\" width=\"823\" height=\"1024\" src=\"https:\/\/ktautostyling.com\/wp-content\/uploads\/2026\/01\/unalturan10610-823x1024.jpg\" class=\"attachment-large size-large wp-image-3121\" alt=\"Unalturan10610 823x1024\" srcset=\"https:\/\/ktautostyling.com\/wp-content\/uploads\/2026\/01\/unalturan10610-823x1024.jpg 823w, https:\/\/ktautostyling.com\/wp-content\/uploads\/2026\/01\/unalturan10610-241x300.jpg 241w, https:\/\/ktautostyling.com\/wp-content\/uploads\/2026\/01\/unalturan10610-768x955.jpg 768w, https:\/\/ktautostyling.com\/wp-content\/uploads\/2026\/01\/unalturan10610-10x12.jpg 10w, https:\/\/ktautostyling.com\/wp-content\/uploads\/2026\/01\/unalturan10610.jpg 1080w\" sizes=\"(max-width: 823px) 100vw, 823px\" title=\"\u00dcnal Turan Peugeot 106 Dimma\">\t\t\t\t\t\t\t\t<\/a>\n\t\t\t\t\t\t\t\t\t\t\t\t\t\t\t<\/div>\n\t\t\t\t<\/div>\n\t\t\t\t<div class=\"elementor-element elementor-element-4bcbc6e elementor-widget elementor-widget-image\" data-id=\"4bcbc6e\" data-element_type=\"widget\" data-widget_type=\"image.default\">\n\t\t\t\t<div class=\"elementor-widget-container\">\n\t\t\t\t\t\t\t\t\t\t\t\t\t\t\t\t<a href=\"https:\/\/ktautostyling.com\/wp-content\/uploads\/2026\/01\/unalturan10612.jpeg\" data-elementor-open-lightbox=\"yes\" data-e-action-hash=\"#elementor-action%3Aaction%3Dlightbox%26settings%3DeyJpZCI6MzEyMywidXJsIjoiaHR0cHM6XC9cL2t0YXV0b3N0eWxpbmcuY29tXC93cC1jb250ZW50XC91cGxvYWRzXC8yMDI2XC8wMVwvdW5hbHR1cmFuMTA2MTIuanBlZyJ9\">\n\t\t\t\t\t\t\t<img loading=\"lazy\" decoding=\"async\" width=\"768\" height=\"1024\" src=\"https:\/\/ktautostyling.com\/wp-content\/uploads\/2026\/01\/unalturan10612-768x1024.jpeg\" class=\"attachment-large size-large wp-image-3123\" alt=\"Unalturan10612 768x1024\" srcset=\"https:\/\/ktautostyling.com\/wp-content\/uploads\/2026\/01\/unalturan10612-768x1024.jpeg 768w, https:\/\/ktautostyling.com\/wp-content\/uploads\/2026\/01\/unalturan10612-225x300.jpeg 225w, https:\/\/ktautostyling.com\/wp-content\/uploads\/2026\/01\/unalturan10612-1152x1536.jpeg 1152w, https:\/\/ktautostyling.com\/wp-content\/uploads\/2026\/01\/unalturan10612-9x12.jpeg 9w, https:\/\/ktautostyling.com\/wp-content\/uploads\/2026\/01\/unalturan10612.jpeg 1200w\" sizes=\"(max-width: 768px) 100vw, 768px\" title=\"\u00dcnal Turan Peugeot 106 Dimma\">\t\t\t\t\t\t\t\t<\/a>\n\t\t\t\t\t\t\t\t\t\t\t\t\t\t\t<\/div>\n\t\t\t\t<\/div>\n\t\t\t\t<div class=\"elementor-element elementor-element-3846923 elementor-widget elementor-widget-image\" data-id=\"3846923\" data-element_type=\"widget\" data-widget_type=\"image.default\">\n\t\t\t\t<div class=\"elementor-widget-container\">\n\t\t\t\t\t\t\t\t\t\t\t\t\t\t\t\t<a href=\"https:\/\/ktautostyling.com\/wp-content\/uploads\/2026\/01\/unalturan10613.jpeg\" data-elementor-open-lightbox=\"yes\" data-e-action-hash=\"#elementor-action%3Aaction%3Dlightbox%26settings%3DeyJpZCI6MzEyNCwidXJsIjoiaHR0cHM6XC9cL2t0YXV0b3N0eWxpbmcuY29tXC93cC1jb250ZW50XC91cGxvYWRzXC8yMDI2XC8wMVwvdW5hbHR1cmFuMTA2MTMuanBlZyJ9\">\n\t\t\t\t\t\t\t<img loading=\"lazy\" decoding=\"async\" width=\"768\" height=\"1024\" src=\"https:\/\/ktautostyling.com\/wp-content\/uploads\/2026\/01\/unalturan10613-768x1024.jpeg\" class=\"attachment-large size-large wp-image-3124\" alt=\"Unalturan10613 768x1024\" srcset=\"https:\/\/ktautostyling.com\/wp-content\/uploads\/2026\/01\/unalturan10613-768x1024.jpeg 768w, https:\/\/ktautostyling.com\/wp-content\/uploads\/2026\/01\/unalturan10613-225x300.jpeg 225w, https:\/\/ktautostyling.com\/wp-content\/uploads\/2026\/01\/unalturan10613-1152x1536.jpeg 1152w, https:\/\/ktautostyling.com\/wp-content\/uploads\/2026\/01\/unalturan10613-9x12.jpeg 9w, https:\/\/ktautostyling.com\/wp-content\/uploads\/2026\/01\/unalturan10613.jpeg 1200w\" sizes=\"(max-width: 768px) 100vw, 768px\" title=\"\u00dcnal Turan Peugeot 106 Dimma\">\t\t\t\t\t\t\t\t<\/a>\n\t\t\t\t\t\t\t\t\t\t\t\t\t\t\t<\/div>\n\t\t\t\t<\/div>\n\t\t\t\t<\/div>\n\t\t\t\t<div class=\"elementor-element elementor-element-473b526 elementor-widget elementor-widget-button\" data-id=\"473b526\" data-element_type=\"widget\" data-widget_type=\"button.default\">\n\t\t\t\t<div class=\"elementor-widget-container\">\n\t\t\t\t\t\t\t\t\t<div class=\"elementor-button-wrapper\">\n\t\t\t\t\t<a class=\"elementor-button elementor-button-link elementor-size-sm\" href=\"https:\/\/ktautostyling.com\/en\/projeler\/\">\n\t\t\t\t\t\t<span class=\"elementor-button-content-wrapper\">\n\t\t\t\t\t\t\t\t\t<span class=\"elementor-button-text\">Go back<\/span>\n\t\t\t\t\t<\/span>\n\t\t\t\t\t<\/a>\n\t\t\t\t<\/div>\n\t\t\t\t\t\t\t\t<\/div>\n\t\t\t\t<\/div>\n\t\t\t\t<div class=\"elementor-element elementor-element-f2201a1 elementor-post-navigation-borders-yes elementor-widget elementor-widget-post-navigation\" data-id=\"f2201a1\" data-element_type=\"widget\" data-widget_type=\"post-navigation.default\">\n\t\t\t\t<div class=\"elementor-widget-container\">\n\t\t\t\t\t\t\t<div class=\"elementor-post-navigation\" role=\"navigation\" aria-label=\"Post Navigation\">\n\t\t\t<div class=\"elementor-post-navigation__prev elementor-post-navigation__link\">\n\t\t\t\t<a href=\"https:\/\/ktautostyling.com\/en\/projeler\/sl65\/\" rel=\"prev\"><span class=\"post-navigation__arrow-wrapper post-navigation__arrow-prev\"><i aria-hidden=\"true\" class=\"fas fa-angle-left\"><\/i><span class=\"elementor-screen-only\">Prev<\/span><\/span><span class=\"elementor-post-navigation__link__prev\"><span class=\"post-navigation__prev--label\">previous<\/span><span class=\"post-navigation__prev--title\">Mercedes SL65 AMG Black Series<\/span><\/span><\/a>\t\t\t<\/div>\n\t\t\t\t\t\t\t<div class=\"elementor-post-navigation__separator-wrapper\">\n\t\t\t\t\t<div class=\"elementor-post-navigation__separator\"><\/div>\n\t\t\t\t<\/div>\n\t\t\t\t\t\t<div class=\"elementor-post-navigation__next elementor-post-navigation__link\">\n\t\t\t\t<a href=\"https:\/\/ktautostyling.com\/en\/projeler\/des-2\/\" rel=\"next\"><span class=\"elementor-post-navigation__link__next\"><span class=\"post-navigation__next--label\">next<\/span><span class=\"post-navigation__next--title\">Mercedes C-Class Coupe Project<\/span><\/span><span class=\"post-navigation__arrow-wrapper post-navigation__arrow-next\"><i aria-hidden=\"true\" class=\"fas fa-angle-right\"><\/i><span class=\"elementor-screen-only\">Next<\/span><\/span><\/a>\t\t\t<\/div>\n\t\t<\/div>\n\t\t\t\t\t\t<\/div>\n\t\t\t\t<\/div>\n\t\t\t\t\t<\/div>\n\t\t\t\t<\/div>\n\t\t\t\t<\/div>","protected":false},"excerpt":{"rendered":"<p>\u00dcnal Turan \u0130\u00e7in \u00d6zel \u00dcretim: Peugeot 106 Dimma Otomobil d\u00fcnyas\u0131n\u0131n fenomen ismi \u00dcnal Turan i\u00e7in haz\u0131rlad\u0131\u011f\u0131m\u0131z bu proje, s\u0131radan bir modifiye i\u015flemi de\u011fil, bir karakter in\u015fas\u0131d\u0131r. Peugeot 106&#8217;n\u0131n ikonik hatlar\u0131n\u0131, efsanevi Dimma Body Kit ile birle\u015ftirerek ortaya caddelerin en agresif formunu \u00e7\u0131kard\u0131k. \u00d6zel kar\u0131\u015f\u0131m sar\u0131 boyas\u0131, geni\u015fletilmi\u015f \u00e7amurluklar\u0131n alt\u0131na gizlenen derin ofsetli jantlar\u0131 ve yere [&hellip;]<\/p>","protected":false},"author":1,"featured_media":0,"parent":1129,"menu_order":0,"comment_status":"closed","ping_status":"closed","template":"","meta":{"site-sidebar-layout":"no-sidebar","site-content-layout":"page-builder","ast-site-content-layout":"full-width-container","site-content-style":"default","site-sidebar-style":"default","ast-global-header-display":"","ast-banner-title-visibility":"","ast-main-header-display":"","ast-hfb-above-header-display":"","ast-hfb-below-header-display":"","ast-hfb-mobile-header-display":"","site-post-title":"disabled","ast-breadcrumbs-content":"","ast-featured-img":"disabled","footer-sml-layout":"","ast-disable-related-posts":"","theme-transparent-header-meta":"","adv-header-id-meta":"","stick-header-meta":"","header-above-stick-meta":"","header-main-stick-meta":"","header-below-stick-meta":"","astra-migrate-meta-layouts":"set","ast-page-background-enabled":"default","ast-page-background-meta":{"desktop":{"background-color":"","background-image":"","background-repeat":"repeat","background-position":"center center","background-size":"auto","background-attachment":"scroll","background-type":"","background-media":"","overlay-type":"","overlay-color":"","overlay-opacity":"","overlay-gradient":""},"tablet":{"background-color":"","background-image":"","background-repeat":"repeat","background-position":"center center","background-size":"auto","background-attachment":"scroll","background-type":"","background-media":"","overlay-type":"","overlay-color":"","overlay-opacity":"","overlay-gradient":""},"mobile":{"background-color":"","background-image":"","background-repeat":"repeat","background-position":"center center","background-size":"auto","background-attachment":"scroll","background-type":"","background-media":"","overlay-type":"","overlay-color":"","overlay-opacity":"","overlay-gradient":""}},"ast-content-background-meta":{"desktop":{"background-color":"var(--ast-global-color-5)","background-image":"","background-repeat":"repeat","background-position":"center center","background-size":"auto","background-attachment":"scroll","background-type":"","background-media":"","overlay-type":"","overlay-color":"","overlay-opacity":"","overlay-gradient":""},"tablet":{"background-color":"var(--ast-global-color-5)","background-image":"","background-repeat":"repeat","background-position":"center center","background-size":"auto","background-attachment":"scroll","background-type":"","background-media":"","overlay-type":"","overlay-color":"","overlay-opacity":"","overlay-gradient":""},"mobile":{"background-color":"var(--ast-global-color-5)","background-image":"","background-repeat":"repeat","background-position":"center center","background-size":"auto","background-attachment":"scroll","background-type":"","background-media":"","overlay-type":"","overlay-color":"","overlay-opacity":"","overlay-gradient":""}},"footnotes":""},"class_list":["post-3131","page","type-page","status-publish","hentry"],"_hostinger_reach_plugin_has_subscription_block":false,"_hostinger_reach_plugin_is_elementor":false,"_links":{"self":[{"href":"https:\/\/ktautostyling.com\/en\/wp-json\/wp\/v2\/pages\/3131","targetHints":{"allow":["GET"]}}],"collection":[{"href":"https:\/\/ktautostyling.com\/en\/wp-json\/wp\/v2\/pages"}],"about":[{"href":"https:\/\/ktautostyling.com\/en\/wp-json\/wp\/v2\/types\/page"}],"author":[{"embeddable":true,"href":"https:\/\/ktautostyling.com\/en\/wp-json\/wp\/v2\/users\/1"}],"replies":[{"embeddable":true,"href":"https:\/\/ktautostyling.com\/en\/wp-json\/wp\/v2\/comments?post=3131"}],"version-history":[{"count":0,"href":"https:\/\/ktautostyling.com\/en\/wp-json\/wp\/v2\/pages\/3131\/revisions"}],"up":[{"embeddable":true,"href":"https:\/\/ktautostyling.com\/en\/wp-json\/wp\/v2\/pages\/1129"}],"wp:attachment":[{"href":"https:\/\/ktautostyling.com\/en\/wp-json\/wp\/v2\/media?parent=3131"}],"curies":[{"name":"wp","href":"https:\/\/api.w.org\/{rel}","templated":true}]}}