{"id":3141,"date":"2026-01-12T20:01:06","date_gmt":"2026-01-12T20:01:06","guid":{"rendered":"https:\/\/ktautostyling.com\/?page_id=3141"},"modified":"2026-01-13T16:44:33","modified_gmt":"2026-01-13T16:44:33","slug":"des-2","status":"publish","type":"page","link":"https:\/\/ktautostyling.com\/en\/projeler\/des-2\/","title":{"rendered":"Mercedes C-Class Coupe Project"},"content":{"rendered":"<div data-elementor-type=\"wp-page\" data-elementor-id=\"3141\" class=\"elementor elementor-3141\" data-elementor-post-type=\"page\">\n\t\t\t\t<div class=\"elementor-element elementor-element-4629de2 e-flex e-con-boxed e-con e-parent\" data-id=\"4629de2\" data-element_type=\"container\" data-settings=\"{&quot;background_background&quot;:&quot;classic&quot;}\">\n\t\t\t\t\t<div class=\"e-con-inner\">\n\t\t\t\t<div class=\"elementor-element elementor-element-e8edf83 elementor-widget elementor-widget-text-editor\" data-id=\"e8edf83\" data-element_type=\"widget\" data-widget_type=\"text-editor.default\">\n\t\t\t\t<div class=\"elementor-widget-container\">\n\t\t\t\t\t\t\t\t\t<h2><span style=\"color: #ffffff;\">Two Signatures, One Vision: The DES Series C-Coupe Project<\/span><\/h2><p data-path-to-node=\"5\"><span style=\"color: #ffffff;\">Automotive modification isn't just about changing parts; it's a clash of visions. From leading figures in the industry <b data-path-to-node=\"5\" data-index-in-node=\"120\">Mr. Muhammet<\/b> By joining forces, we have redefined standards in the Mercedes C-Class Coupe range.<\/span><\/p><p data-path-to-node=\"6\"><span style=\"color: #ffffff;\">The special body kit projects we developed for the \u2018DES\u2019 license plate series are the product of a design philosophy that rejects ordinary lines. The wide fenders, aggressive bumpers, and aerodynamic details, designed individually for each vehicle, came to life through KT Autostyling craftsmanship and Mr. Muhammet's vision. This project is more than a collaboration; it's our signature on the streets.<\/span><\/p>\t\t\t\t\t\t\t\t<\/div>\n\t\t\t\t<\/div>\n\t\t<div class=\"elementor-element elementor-element-28740ae e-con-full e-grid e-con e-child\" data-id=\"28740ae\" data-element_type=\"container\">\n\t\t\t\t<div class=\"elementor-element elementor-element-ca66a2b elementor-widget elementor-widget-image\" data-id=\"ca66a2b\" data-element_type=\"widget\" data-widget_type=\"image.default\">\n\t\t\t\t<div class=\"elementor-widget-container\">\n\t\t\t\t\t\t\t\t\t\t\t\t\t\t\t\t<a href=\"https:\/\/ktautostyling.com\/wp-content\/uploads\/2026\/01\/des13.jpg\" data-elementor-open-lightbox=\"yes\" data-e-action-hash=\"#elementor-action%3Aaction%3Dlightbox%26settings%3DeyJpZCI6MzA2NywidXJsIjoiaHR0cHM6XC9cL2t0YXV0b3N0eWxpbmcuY29tXC93cC1jb250ZW50XC91cGxvYWRzXC8yMDI2XC8wMVwvZGVzMTMuanBnIn0%3D\">\n\t\t\t\t\t\t\t<img fetchpriority=\"high\" decoding=\"async\" width=\"1024\" height=\"1018\" src=\"https:\/\/ktautostyling.com\/wp-content\/uploads\/2026\/01\/des13-1024x1018.jpg\" class=\"attachment-large size-large wp-image-3067\" alt=\"Des13 1024x1018\" srcset=\"https:\/\/ktautostyling.com\/wp-content\/uploads\/2026\/01\/des13-1024x1018.jpg 1024w, https:\/\/ktautostyling.com\/wp-content\/uploads\/2026\/01\/des13-300x298.jpg 300w, https:\/\/ktautostyling.com\/wp-content\/uploads\/2026\/01\/des13-150x150.jpg 150w, https:\/\/ktautostyling.com\/wp-content\/uploads\/2026\/01\/des13-768x764.jpg 768w, https:\/\/ktautostyling.com\/wp-content\/uploads\/2026\/01\/des13-12x12.jpg 12w, https:\/\/ktautostyling.com\/wp-content\/uploads\/2026\/01\/des13.jpg 1080w\" sizes=\"(max-width: 1024px) 100vw, 1024px\" title=\"Mercedes C-Class Coupe Project\">\t\t\t\t\t\t\t\t<\/a>\n\t\t\t\t\t\t\t\t\t\t\t\t\t\t\t<\/div>\n\t\t\t\t<\/div>\n\t\t\t\t<div class=\"elementor-element elementor-element-ee17f64 elementor-widget elementor-widget-image\" data-id=\"ee17f64\" data-element_type=\"widget\" data-widget_type=\"image.default\">\n\t\t\t\t<div class=\"elementor-widget-container\">\n\t\t\t\t\t\t\t\t\t\t\t\t\t\t\t\t<a href=\"https:\/\/ktautostyling.com\/wp-content\/uploads\/2026\/01\/des14.jpg\" data-elementor-open-lightbox=\"yes\" data-e-action-hash=\"#elementor-action%3Aaction%3Dlightbox%26settings%3DeyJpZCI6MzA2OCwidXJsIjoiaHR0cHM6XC9cL2t0YXV0b3N0eWxpbmcuY29tXC93cC1jb250ZW50XC91cGxvYWRzXC8yMDI2XC8wMVwvZGVzMTQuanBnIn0%3D\">\n\t\t\t\t\t\t\t<img decoding=\"async\" width=\"1024\" height=\"1018\" src=\"https:\/\/ktautostyling.com\/wp-content\/uploads\/2026\/01\/des14-1024x1018.jpg\" class=\"attachment-large size-large wp-image-3068\" alt=\"Des14 1024x1018\" srcset=\"https:\/\/ktautostyling.com\/wp-content\/uploads\/2026\/01\/des14-1024x1018.jpg 1024w, https:\/\/ktautostyling.com\/wp-content\/uploads\/2026\/01\/des14-300x298.jpg 300w, https:\/\/ktautostyling.com\/wp-content\/uploads\/2026\/01\/des14-150x150.jpg 150w, https:\/\/ktautostyling.com\/wp-content\/uploads\/2026\/01\/des14-768x764.jpg 768w, https:\/\/ktautostyling.com\/wp-content\/uploads\/2026\/01\/des14-12x12.jpg 12w, https:\/\/ktautostyling.com\/wp-content\/uploads\/2026\/01\/des14.jpg 1080w\" sizes=\"(max-width: 1024px) 100vw, 1024px\" title=\"Mercedes C-Class Coupe Project\">\t\t\t\t\t\t\t\t<\/a>\n\t\t\t\t\t\t\t\t\t\t\t\t\t\t\t<\/div>\n\t\t\t\t<\/div>\n\t\t\t\t<div class=\"elementor-element elementor-element-8b7ae24 elementor-widget elementor-widget-image\" data-id=\"8b7ae24\" data-element_type=\"widget\" data-widget_type=\"image.default\">\n\t\t\t\t<div class=\"elementor-widget-container\">\n\t\t\t\t\t\t\t\t\t\t\t\t\t\t\t\t<a href=\"https:\/\/ktautostyling.com\/wp-content\/uploads\/2026\/01\/des16.jpg\" data-elementor-open-lightbox=\"yes\" data-e-action-hash=\"#elementor-action%3Aaction%3Dlightbox%26settings%3DeyJpZCI6MzA3MCwidXJsIjoiaHR0cHM6XC9cL2t0YXV0b3N0eWxpbmcuY29tXC93cC1jb250ZW50XC91cGxvYWRzXC8yMDI2XC8wMVwvZGVzMTYuanBnIn0%3D\">\n\t\t\t\t\t\t\t<img decoding=\"async\" width=\"1024\" height=\"1018\" src=\"https:\/\/ktautostyling.com\/wp-content\/uploads\/2026\/01\/des16-1024x1018.jpg\" class=\"attachment-large size-large wp-image-3070\" alt=\"Des16 1024x1018\" srcset=\"https:\/\/ktautostyling.com\/wp-content\/uploads\/2026\/01\/des16-1024x1018.jpg 1024w, https:\/\/ktautostyling.com\/wp-content\/uploads\/2026\/01\/des16-300x298.jpg 300w, https:\/\/ktautostyling.com\/wp-content\/uploads\/2026\/01\/des16-150x150.jpg 150w, https:\/\/ktautostyling.com\/wp-content\/uploads\/2026\/01\/des16-768x764.jpg 768w, https:\/\/ktautostyling.com\/wp-content\/uploads\/2026\/01\/des16-12x12.jpg 12w, https:\/\/ktautostyling.com\/wp-content\/uploads\/2026\/01\/des16.jpg 1080w\" sizes=\"(max-width: 1024px) 100vw, 1024px\" title=\"Mercedes C-Class Coupe Project\">\t\t\t\t\t\t\t\t<\/a>\n\t\t\t\t\t\t\t\t\t\t\t\t\t\t\t<\/div>\n\t\t\t\t<\/div>\n\t\t\t\t<div class=\"elementor-element elementor-element-7608c59 elementor-widget elementor-widget-image\" data-id=\"7608c59\" data-element_type=\"widget\" data-widget_type=\"image.default\">\n\t\t\t\t<div class=\"elementor-widget-container\">\n\t\t\t\t\t\t\t\t\t\t\t\t\t\t\t\t<a href=\"https:\/\/ktautostyling.com\/wp-content\/uploads\/2026\/01\/des15.jpg\" data-elementor-open-lightbox=\"yes\" data-e-action-hash=\"#elementor-action%3Aaction%3Dlightbox%26settings%3DeyJpZCI6MzA2OSwidXJsIjoiaHR0cHM6XC9cL2t0YXV0b3N0eWxpbmcuY29tXC93cC1jb250ZW50XC91cGxvYWRzXC8yMDI2XC8wMVwvZGVzMTUuanBnIn0%3D\">\n\t\t\t\t\t\t\t<img loading=\"lazy\" decoding=\"async\" width=\"1024\" height=\"1018\" src=\"https:\/\/ktautostyling.com\/wp-content\/uploads\/2026\/01\/des15-1024x1018.jpg\" class=\"attachment-large size-large wp-image-3069\" alt=\"Des15 1024x1018\" srcset=\"https:\/\/ktautostyling.com\/wp-content\/uploads\/2026\/01\/des15-1024x1018.jpg 1024w, https:\/\/ktautostyling.com\/wp-content\/uploads\/2026\/01\/des15-300x298.jpg 300w, https:\/\/ktautostyling.com\/wp-content\/uploads\/2026\/01\/des15-150x150.jpg 150w, https:\/\/ktautostyling.com\/wp-content\/uploads\/2026\/01\/des15-768x764.jpg 768w, https:\/\/ktautostyling.com\/wp-content\/uploads\/2026\/01\/des15-12x12.jpg 12w, https:\/\/ktautostyling.com\/wp-content\/uploads\/2026\/01\/des15.jpg 1080w\" sizes=\"(max-width: 1024px) 100vw, 1024px\" title=\"Mercedes C-Class Coupe Project\">\t\t\t\t\t\t\t\t<\/a>\n\t\t\t\t\t\t\t\t\t\t\t\t\t\t\t<\/div>\n\t\t\t\t<\/div>\n\t\t\t\t<div class=\"elementor-element elementor-element-e175cc2 elementor-widget elementor-widget-image\" data-id=\"e175cc2\" data-element_type=\"widget\" data-widget_type=\"image.default\">\n\t\t\t\t<div class=\"elementor-widget-container\">\n\t\t\t\t\t\t\t\t\t\t\t\t\t\t\t\t<a href=\"https:\/\/ktautostyling.com\/wp-content\/uploads\/2026\/01\/des8.jpg\" data-elementor-open-lightbox=\"yes\" data-e-action-hash=\"#elementor-action%3Aaction%3Dlightbox%26settings%3DeyJpZCI6MzA2MiwidXJsIjoiaHR0cHM6XC9cL2t0YXV0b3N0eWxpbmcuY29tXC93cC1jb250ZW50XC91cGxvYWRzXC8yMDI2XC8wMVwvZGVzOC5qcGcifQ%3D%3D\">\n\t\t\t\t\t\t\t<img loading=\"lazy\" decoding=\"async\" width=\"819\" height=\"1024\" src=\"https:\/\/ktautostyling.com\/wp-content\/uploads\/2026\/01\/des8-819x1024.jpg\" class=\"attachment-large size-large wp-image-3062\" alt=\"Des8 819x1024\" srcset=\"https:\/\/ktautostyling.com\/wp-content\/uploads\/2026\/01\/des8-819x1024.jpg 819w, https:\/\/ktautostyling.com\/wp-content\/uploads\/2026\/01\/des8-240x300.jpg 240w, https:\/\/ktautostyling.com\/wp-content\/uploads\/2026\/01\/des8-768x960.jpg 768w, https:\/\/ktautostyling.com\/wp-content\/uploads\/2026\/01\/des8-10x12.jpg 10w, https:\/\/ktautostyling.com\/wp-content\/uploads\/2026\/01\/des8.jpg 1080w\" sizes=\"(max-width: 819px) 100vw, 819px\" title=\"Mercedes C-Class Coupe Project\">\t\t\t\t\t\t\t\t<\/a>\n\t\t\t\t\t\t\t\t\t\t\t\t\t\t\t<\/div>\n\t\t\t\t<\/div>\n\t\t\t\t<div class=\"elementor-element elementor-element-22bf60d elementor-widget elementor-widget-image\" data-id=\"22bf60d\" data-element_type=\"widget\" data-widget_type=\"image.default\">\n\t\t\t\t<div class=\"elementor-widget-container\">\n\t\t\t\t\t\t\t\t\t\t\t\t\t\t\t\t<a href=\"https:\/\/ktautostyling.com\/wp-content\/uploads\/2026\/01\/des9.jpg\" data-elementor-open-lightbox=\"yes\" data-e-action-hash=\"#elementor-action%3Aaction%3Dlightbox%26settings%3DeyJpZCI6MzA2MywidXJsIjoiaHR0cHM6XC9cL2t0YXV0b3N0eWxpbmcuY29tXC93cC1jb250ZW50XC91cGxvYWRzXC8yMDI2XC8wMVwvZGVzOS5qcGcifQ%3D%3D\">\n\t\t\t\t\t\t\t<img loading=\"lazy\" decoding=\"async\" width=\"819\" height=\"1024\" src=\"https:\/\/ktautostyling.com\/wp-content\/uploads\/2026\/01\/des9-819x1024.jpg\" class=\"attachment-large size-large wp-image-3063\" alt=\"Des9 819x1024\" srcset=\"https:\/\/ktautostyling.com\/wp-content\/uploads\/2026\/01\/des9-819x1024.jpg 819w, https:\/\/ktautostyling.com\/wp-content\/uploads\/2026\/01\/des9-240x300.jpg 240w, https:\/\/ktautostyling.com\/wp-content\/uploads\/2026\/01\/des9-768x960.jpg 768w, https:\/\/ktautostyling.com\/wp-content\/uploads\/2026\/01\/des9-10x12.jpg 10w, https:\/\/ktautostyling.com\/wp-content\/uploads\/2026\/01\/des9.jpg 1080w\" sizes=\"(max-width: 819px) 100vw, 819px\" title=\"Mercedes C-Class Coupe Project\">\t\t\t\t\t\t\t\t<\/a>\n\t\t\t\t\t\t\t\t\t\t\t\t\t\t\t<\/div>\n\t\t\t\t<\/div>\n\t\t\t\t<div class=\"elementor-element elementor-element-bc4d30a elementor-widget elementor-widget-image\" data-id=\"bc4d30a\" data-element_type=\"widget\" data-widget_type=\"image.default\">\n\t\t\t\t<div class=\"elementor-widget-container\">\n\t\t\t\t\t\t\t\t\t\t\t\t\t\t\t\t<a href=\"https:\/\/ktautostyling.com\/wp-content\/uploads\/2026\/01\/des10.jpg\" data-elementor-open-lightbox=\"yes\" data-e-action-hash=\"#elementor-action%3Aaction%3Dlightbox%26settings%3DeyJpZCI6MzA2NCwidXJsIjoiaHR0cHM6XC9cL2t0YXV0b3N0eWxpbmcuY29tXC93cC1jb250ZW50XC91cGxvYWRzXC8yMDI2XC8wMVwvZGVzMTAuanBnIn0%3D\">\n\t\t\t\t\t\t\t<img loading=\"lazy\" decoding=\"async\" width=\"819\" height=\"1024\" src=\"https:\/\/ktautostyling.com\/wp-content\/uploads\/2026\/01\/des10-819x1024.jpg\" class=\"attachment-large size-large wp-image-3064\" alt=\"Des10 819x1024\" srcset=\"https:\/\/ktautostyling.com\/wp-content\/uploads\/2026\/01\/des10-819x1024.jpg 819w, https:\/\/ktautostyling.com\/wp-content\/uploads\/2026\/01\/des10-240x300.jpg 240w, https:\/\/ktautostyling.com\/wp-content\/uploads\/2026\/01\/des10-768x960.jpg 768w, https:\/\/ktautostyling.com\/wp-content\/uploads\/2026\/01\/des10-10x12.jpg 10w, https:\/\/ktautostyling.com\/wp-content\/uploads\/2026\/01\/des10.jpg 1080w\" sizes=\"(max-width: 819px) 100vw, 819px\" title=\"Mercedes C-Class Coupe Project\">\t\t\t\t\t\t\t\t<\/a>\n\t\t\t\t\t\t\t\t\t\t\t\t\t\t\t<\/div>\n\t\t\t\t<\/div>\n\t\t\t\t<div class=\"elementor-element elementor-element-5574903 elementor-widget elementor-widget-image\" data-id=\"5574903\" data-element_type=\"widget\" data-widget_type=\"image.default\">\n\t\t\t\t<div class=\"elementor-widget-container\">\n\t\t\t\t\t\t\t\t\t\t\t\t\t\t\t\t<a href=\"https:\/\/ktautostyling.com\/wp-content\/uploads\/2026\/01\/des11.jpg\" data-elementor-open-lightbox=\"yes\" data-e-action-hash=\"#elementor-action%3Aaction%3Dlightbox%26settings%3DeyJpZCI6MzA2NSwidXJsIjoiaHR0cHM6XC9cL2t0YXV0b3N0eWxpbmcuY29tXC93cC1jb250ZW50XC91cGxvYWRzXC8yMDI2XC8wMVwvZGVzMTEuanBnIn0%3D\">\n\t\t\t\t\t\t\t<img loading=\"lazy\" decoding=\"async\" width=\"819\" height=\"1024\" src=\"https:\/\/ktautostyling.com\/wp-content\/uploads\/2026\/01\/des11-819x1024.jpg\" class=\"attachment-large size-large wp-image-3065\" alt=\"Des11 819x1024\" srcset=\"https:\/\/ktautostyling.com\/wp-content\/uploads\/2026\/01\/des11-819x1024.jpg 819w, https:\/\/ktautostyling.com\/wp-content\/uploads\/2026\/01\/des11-240x300.jpg 240w, https:\/\/ktautostyling.com\/wp-content\/uploads\/2026\/01\/des11-768x960.jpg 768w, https:\/\/ktautostyling.com\/wp-content\/uploads\/2026\/01\/des11-10x12.jpg 10w, https:\/\/ktautostyling.com\/wp-content\/uploads\/2026\/01\/des11.jpg 1080w\" sizes=\"(max-width: 819px) 100vw, 819px\" title=\"Mercedes C-Class Coupe Project\">\t\t\t\t\t\t\t\t<\/a>\n\t\t\t\t\t\t\t\t\t\t\t\t\t\t\t<\/div>\n\t\t\t\t<\/div>\n\t\t\t\t<div class=\"elementor-element elementor-element-669a2f1 elementor-widget elementor-widget-image\" data-id=\"669a2f1\" data-element_type=\"widget\" data-widget_type=\"image.default\">\n\t\t\t\t<div class=\"elementor-widget-container\">\n\t\t\t\t\t\t\t\t\t\t\t\t\t\t\t\t<a href=\"https:\/\/ktautostyling.com\/wp-content\/uploads\/2026\/01\/des2.jpg\" data-elementor-open-lightbox=\"yes\" data-e-action-hash=\"#elementor-action%3Aaction%3Dlightbox%26settings%3DeyJpZCI6MzA1NiwidXJsIjoiaHR0cHM6XC9cL2t0YXV0b3N0eWxpbmcuY29tXC93cC1jb250ZW50XC91cGxvYWRzXC8yMDI2XC8wMVwvZGVzMi5qcGcifQ%3D%3D\">\n\t\t\t\t\t\t\t<img loading=\"lazy\" decoding=\"async\" width=\"1024\" height=\"991\" src=\"https:\/\/ktautostyling.com\/wp-content\/uploads\/2026\/01\/des2-1024x991.jpg\" class=\"attachment-large size-large wp-image-3056\" alt=\"Des2 1024x991\" srcset=\"https:\/\/ktautostyling.com\/wp-content\/uploads\/2026\/01\/des2-1024x991.jpg 1024w, https:\/\/ktautostyling.com\/wp-content\/uploads\/2026\/01\/des2-300x290.jpg 300w, https:\/\/ktautostyling.com\/wp-content\/uploads\/2026\/01\/des2-768x743.jpg 768w, https:\/\/ktautostyling.com\/wp-content\/uploads\/2026\/01\/des2-12x12.jpg 12w, https:\/\/ktautostyling.com\/wp-content\/uploads\/2026\/01\/des2.jpg 1080w\" sizes=\"(max-width: 1024px) 100vw, 1024px\" title=\"Mercedes C-Class Coupe Project\">\t\t\t\t\t\t\t\t<\/a>\n\t\t\t\t\t\t\t\t\t\t\t\t\t\t\t<\/div>\n\t\t\t\t<\/div>\n\t\t\t\t<div class=\"elementor-element elementor-element-3814936 elementor-widget elementor-widget-image\" data-id=\"3814936\" data-element_type=\"widget\" data-widget_type=\"image.default\">\n\t\t\t\t<div class=\"elementor-widget-container\">\n\t\t\t\t\t\t\t\t\t\t\t\t\t\t\t\t<a href=\"https:\/\/ktautostyling.com\/wp-content\/uploads\/2026\/01\/des7-e1768248305146.jpg\" data-elementor-open-lightbox=\"yes\" data-e-action-hash=\"#elementor-action%3Aaction%3Dlightbox%26settings%3DeyJpZCI6MzA2MSwidXJsIjoiaHR0cHM6XC9cL2t0YXV0b3N0eWxpbmcuY29tXC93cC1jb250ZW50XC91cGxvYWRzXC8yMDI2XC8wMVwvZGVzNy1lMTc2ODI0ODMwNTE0Ni5qcGcifQ%3D%3D\">\n\t\t\t\t\t\t\t<img loading=\"lazy\" decoding=\"async\" width=\"1024\" height=\"908\" src=\"https:\/\/ktautostyling.com\/wp-content\/uploads\/2026\/01\/des7-e1768248305146-1024x908.jpg\" class=\"attachment-large size-large wp-image-3061\" alt=\"Des7 E1768248305146 1024x908\" srcset=\"https:\/\/ktautostyling.com\/wp-content\/uploads\/2026\/01\/des7-e1768248305146-1024x908.jpg 1024w, https:\/\/ktautostyling.com\/wp-content\/uploads\/2026\/01\/des7-e1768248305146-300x266.jpg 300w, https:\/\/ktautostyling.com\/wp-content\/uploads\/2026\/01\/des7-e1768248305146-768x681.jpg 768w, https:\/\/ktautostyling.com\/wp-content\/uploads\/2026\/01\/des7-e1768248305146-14x12.jpg 14w, https:\/\/ktautostyling.com\/wp-content\/uploads\/2026\/01\/des7-e1768248305146.jpg 1080w\" sizes=\"(max-width: 1024px) 100vw, 1024px\" title=\"Mercedes C-Class Coupe Project\">\t\t\t\t\t\t\t\t<\/a>\n\t\t\t\t\t\t\t\t\t\t\t\t\t\t\t<\/div>\n\t\t\t\t<\/div>\n\t\t\t\t<div class=\"elementor-element elementor-element-c755671 elementor-widget elementor-widget-image\" data-id=\"c755671\" data-element_type=\"widget\" data-widget_type=\"image.default\">\n\t\t\t\t<div class=\"elementor-widget-container\">\n\t\t\t\t\t\t\t\t\t\t\t\t\t\t\t\t<a href=\"https:\/\/ktautostyling.com\/wp-content\/uploads\/2026\/01\/des5.jpg\" data-elementor-open-lightbox=\"yes\" data-e-action-hash=\"#elementor-action%3Aaction%3Dlightbox%26settings%3DeyJpZCI6MzA1OSwidXJsIjoiaHR0cHM6XC9cL2t0YXV0b3N0eWxpbmcuY29tXC93cC1jb250ZW50XC91cGxvYWRzXC8yMDI2XC8wMVwvZGVzNS5qcGcifQ%3D%3D\">\n\t\t\t\t\t\t\t<img loading=\"lazy\" decoding=\"async\" width=\"1024\" height=\"991\" src=\"https:\/\/ktautostyling.com\/wp-content\/uploads\/2026\/01\/des5-1024x991.jpg\" class=\"attachment-large size-large wp-image-3059\" alt=\"Des5 1024x991\" srcset=\"https:\/\/ktautostyling.com\/wp-content\/uploads\/2026\/01\/des5-1024x991.jpg 1024w, https:\/\/ktautostyling.com\/wp-content\/uploads\/2026\/01\/des5-300x290.jpg 300w, https:\/\/ktautostyling.com\/wp-content\/uploads\/2026\/01\/des5-768x743.jpg 768w, https:\/\/ktautostyling.com\/wp-content\/uploads\/2026\/01\/des5-12x12.jpg 12w, https:\/\/ktautostyling.com\/wp-content\/uploads\/2026\/01\/des5.jpg 1080w\" sizes=\"(max-width: 1024px) 100vw, 1024px\" title=\"Mercedes C-Class Coupe Project\">\t\t\t\t\t\t\t\t<\/a>\n\t\t\t\t\t\t\t\t\t\t\t\t\t\t\t<\/div>\n\t\t\t\t<\/div>\n\t\t\t\t<div class=\"elementor-element elementor-element-c39c9ce elementor-widget elementor-widget-image\" data-id=\"c39c9ce\" data-element_type=\"widget\" data-widget_type=\"image.default\">\n\t\t\t\t<div class=\"elementor-widget-container\">\n\t\t\t\t\t\t\t\t\t\t\t\t\t\t\t\t<a href=\"https:\/\/ktautostyling.com\/wp-content\/uploads\/2026\/01\/des3.jpg\" data-elementor-open-lightbox=\"yes\" data-e-action-hash=\"#elementor-action%3Aaction%3Dlightbox%26settings%3DeyJpZCI6MzA1NywidXJsIjoiaHR0cHM6XC9cL2t0YXV0b3N0eWxpbmcuY29tXC93cC1jb250ZW50XC91cGxvYWRzXC8yMDI2XC8wMVwvZGVzMy5qcGcifQ%3D%3D\">\n\t\t\t\t\t\t\t<img loading=\"lazy\" decoding=\"async\" width=\"1024\" height=\"991\" src=\"https:\/\/ktautostyling.com\/wp-content\/uploads\/2026\/01\/des3-1024x991.jpg\" class=\"attachment-large size-large wp-image-3057\" alt=\"Des3 1024x991\" srcset=\"https:\/\/ktautostyling.com\/wp-content\/uploads\/2026\/01\/des3-1024x991.jpg 1024w, https:\/\/ktautostyling.com\/wp-content\/uploads\/2026\/01\/des3-300x290.jpg 300w, https:\/\/ktautostyling.com\/wp-content\/uploads\/2026\/01\/des3-768x743.jpg 768w, https:\/\/ktautostyling.com\/wp-content\/uploads\/2026\/01\/des3-12x12.jpg 12w, https:\/\/ktautostyling.com\/wp-content\/uploads\/2026\/01\/des3.jpg 1080w\" sizes=\"(max-width: 1024px) 100vw, 1024px\" title=\"Mercedes C-Class Coupe Project\">\t\t\t\t\t\t\t\t<\/a>\n\t\t\t\t\t\t\t\t\t\t\t\t\t\t\t<\/div>\n\t\t\t\t<\/div>\n\t\t\t\t<\/div>\n\t\t\t\t<div class=\"elementor-element elementor-element-2288535 elementor-widget elementor-widget-button\" data-id=\"2288535\" data-element_type=\"widget\" data-widget_type=\"button.default\">\n\t\t\t\t<div class=\"elementor-widget-container\">\n\t\t\t\t\t\t\t\t\t<div class=\"elementor-button-wrapper\">\n\t\t\t\t\t<a class=\"elementor-button elementor-button-link elementor-size-sm\" href=\"https:\/\/ktautostyling.com\/en\/projeler\/\">\n\t\t\t\t\t\t<span class=\"elementor-button-content-wrapper\">\n\t\t\t\t\t\t\t\t\t<span class=\"elementor-button-text\">Go back<\/span>\n\t\t\t\t\t<\/span>\n\t\t\t\t\t<\/a>\n\t\t\t\t<\/div>\n\t\t\t\t\t\t\t\t<\/div>\n\t\t\t\t<\/div>\n\t\t\t\t<div class=\"elementor-element elementor-element-766d1d3 elementor-post-navigation-borders-yes elementor-widget elementor-widget-post-navigation\" data-id=\"766d1d3\" data-element_type=\"widget\" data-widget_type=\"post-navigation.default\">\n\t\t\t\t<div class=\"elementor-widget-container\">\n\t\t\t\t\t\t\t<div class=\"elementor-post-navigation\" role=\"navigation\" aria-label=\"Post Navigation\">\n\t\t\t<div class=\"elementor-post-navigation__prev elementor-post-navigation__link\">\n\t\t\t\t<a href=\"https:\/\/ktautostyling.com\/en\/projeler\/ut106\/\" rel=\"prev\"><span class=\"post-navigation__arrow-wrapper post-navigation__arrow-prev\"><i aria-hidden=\"true\" class=\"fas fa-angle-left\"><\/i><span class=\"elementor-screen-only\">Prev<\/span><\/span><span class=\"elementor-post-navigation__link__prev\"><span class=\"post-navigation__prev--label\">previous<\/span><span class=\"post-navigation__prev--title\">\u00dcnal Turan Peugeot 106 Dimma<\/span><\/span><\/a>\t\t\t<\/div>\n\t\t\t\t\t\t\t<div class=\"elementor-post-navigation__separator-wrapper\">\n\t\t\t\t\t<div class=\"elementor-post-navigation__separator\"><\/div>\n\t\t\t\t<\/div>\n\t\t\t\t\t\t<div class=\"elementor-post-navigation__next elementor-post-navigation__link\">\n\t\t\t\t<a href=\"https:\/\/ktautostyling.com\/en\/projeler\/ae92\/\" rel=\"next\"><span class=\"elementor-post-navigation__link__next\"><span class=\"post-navigation__next--label\">next<\/span><span class=\"post-navigation__next--title\">Toyota AE92<\/span><\/span><span class=\"post-navigation__arrow-wrapper post-navigation__arrow-next\"><i aria-hidden=\"true\" class=\"fas fa-angle-right\"><\/i><span class=\"elementor-screen-only\">Next<\/span><\/span><\/a>\t\t\t<\/div>\n\t\t<\/div>\n\t\t\t\t\t\t<\/div>\n\t\t\t\t<\/div>\n\t\t\t\t\t<\/div>\n\t\t\t\t<\/div>\n\t\t\t\t<\/div>","protected":false},"excerpt":{"rendered":"<p>\u0130ki \u0130mza, Tek Vizyon: DES Serisi C-Coupe Projesi Otomobil modifiyesi sadece par\u00e7a de\u011fi\u015ftirmek de\u011fil, vizyonlar\u0131n \u00e7arp\u0131\u015fmas\u0131d\u0131r. Sekt\u00f6r\u00fcn \u00f6nde gelen isimlerinden Muhammet Bey ile g\u00fc\u00e7lerimizi birle\u015ftirerek, Mercedes C-Class Coupe serisinde standartlar\u0131 yeniden belirledik. &#8216;DES&#8217; plakal\u0131 ara\u00e7 serisi i\u00e7in geli\u015ftirdi\u011fimiz \u00f6zel body kit projeleri, s\u0131radan \u00e7izgileri reddeden bir tasar\u0131m anlay\u0131\u015f\u0131n\u0131n \u00fcr\u00fcn\u00fc. Her bir ara\u00e7 i\u00e7in ayr\u0131 ayr\u0131 [&hellip;]<\/p>","protected":false},"author":1,"featured_media":0,"parent":1129,"menu_order":0,"comment_status":"closed","ping_status":"closed","template":"","meta":{"site-sidebar-layout":"no-sidebar","site-content-layout":"page-builder","ast-site-content-layout":"full-width-container","site-content-style":"unboxed","site-sidebar-style":"unboxed","ast-global-header-display":"","ast-banner-title-visibility":"","ast-main-header-display":"","ast-hfb-above-header-display":"","ast-hfb-below-header-display":"","ast-hfb-mobile-header-display":"","site-post-title":"disabled","ast-breadcrumbs-content":"","ast-featured-img":"disabled","footer-sml-layout":"","ast-disable-related-posts":"","theme-transparent-header-meta":"","adv-header-id-meta":"","stick-header-meta":"","header-above-stick-meta":"","header-main-stick-meta":"","header-below-stick-meta":"","astra-migrate-meta-layouts":"set","ast-page-background-enabled":"default","ast-page-background-meta":{"desktop":{"background-color":"","background-image":"","background-repeat":"repeat","background-position":"center center","background-size":"auto","background-attachment":"scroll","background-type":"","background-media":"","overlay-type":"","overlay-color":"","overlay-opacity":"","overlay-gradient":""},"tablet":{"background-color":"","background-image":"","background-repeat":"repeat","background-position":"center center","background-size":"auto","background-attachment":"scroll","background-type":"","background-media":"","overlay-type":"","overlay-color":"","overlay-opacity":"","overlay-gradient":""},"mobile":{"background-color":"","background-image":"","background-repeat":"repeat","background-position":"center center","background-size":"auto","background-attachment":"scroll","background-type":"","background-media":"","overlay-type":"","overlay-color":"","overlay-opacity":"","overlay-gradient":""}},"ast-content-background-meta":{"desktop":{"background-color":"var(--ast-global-color-5)","background-image":"","background-repeat":"repeat","background-position":"center center","background-size":"auto","background-attachment":"scroll","background-type":"","background-media":"","overlay-type":"","overlay-color":"","overlay-opacity":"","overlay-gradient":""},"tablet":{"background-color":"var(--ast-global-color-5)","background-image":"","background-repeat":"repeat","background-position":"center center","background-size":"auto","background-attachment":"scroll","background-type":"","background-media":"","overlay-type":"","overlay-color":"","overlay-opacity":"","overlay-gradient":""},"mobile":{"background-color":"var(--ast-global-color-5)","background-image":"","background-repeat":"repeat","background-position":"center center","background-size":"auto","background-attachment":"scroll","background-type":"","background-media":"","overlay-type":"","overlay-color":"","overlay-opacity":"","overlay-gradient":""}},"footnotes":""},"class_list":["post-3141","page","type-page","status-publish","hentry"],"_hostinger_reach_plugin_has_subscription_block":false,"_hostinger_reach_plugin_is_elementor":false,"_links":{"self":[{"href":"https:\/\/ktautostyling.com\/en\/wp-json\/wp\/v2\/pages\/3141","targetHints":{"allow":["GET"]}}],"collection":[{"href":"https:\/\/ktautostyling.com\/en\/wp-json\/wp\/v2\/pages"}],"about":[{"href":"https:\/\/ktautostyling.com\/en\/wp-json\/wp\/v2\/types\/page"}],"author":[{"embeddable":true,"href":"https:\/\/ktautostyling.com\/en\/wp-json\/wp\/v2\/users\/1"}],"replies":[{"embeddable":true,"href":"https:\/\/ktautostyling.com\/en\/wp-json\/wp\/v2\/comments?post=3141"}],"version-history":[{"count":0,"href":"https:\/\/ktautostyling.com\/en\/wp-json\/wp\/v2\/pages\/3141\/revisions"}],"up":[{"embeddable":true,"href":"https:\/\/ktautostyling.com\/en\/wp-json\/wp\/v2\/pages\/1129"}],"wp:attachment":[{"href":"https:\/\/ktautostyling.com\/en\/wp-json\/wp\/v2\/media?parent=3141"}],"curies":[{"name":"wp","href":"https:\/\/api.w.org\/{rel}","templated":true}]}}