{"id":3150,"date":"2026-01-12T20:09:15","date_gmt":"2026-01-12T20:09:15","guid":{"rendered":"https:\/\/ktautostyling.com\/?page_id=3150"},"modified":"2026-01-13T17:08:53","modified_gmt":"2026-01-13T17:08:53","slug":"ae92","status":"publish","type":"page","link":"https:\/\/ktautostyling.com\/en\/projeler\/ae92\/","title":{"rendered":"Toyota AE92"},"content":{"rendered":"<div data-elementor-type=\"wp-page\" data-elementor-id=\"3150\" class=\"elementor elementor-3150\" data-elementor-post-type=\"page\">\n\t\t\t\t<div class=\"elementor-element elementor-element-f2ff5d1 e-flex e-con-boxed e-con e-parent\" data-id=\"f2ff5d1\" data-element_type=\"container\" data-settings=\"{&quot;background_background&quot;:&quot;classic&quot;}\">\n\t\t\t\t\t<div class=\"e-con-inner\">\n\t\t\t\t<div class=\"elementor-element elementor-element-ab449cd elementor-widget elementor-widget-text-editor\" data-id=\"ab449cd\" data-element_type=\"widget\" data-widget_type=\"text-editor.default\">\n\t\t\t\t<div class=\"elementor-widget-container\">\n\t\t\t\t\t\t\t\t\t<h2><span style=\"color: #ffffff;\">AE92 Defies Gravity<\/span><\/h2><p data-path-to-node=\"12\"><span style=\"color: #ffffff;\">Stance culture isn't just about lowering the vehicle; it's about making a statement. The Toyota AE92 project by KT Autostyling is a masterful example of the art of 'Fitment' (wheel-fender matching).<\/span><\/p><p data-path-to-node=\"13\"><span style=\"color: #ffffff;\">The deep-offset, multi-spoke wheels fit perfectly into the wheel arches, complemented by a custom-made front bumper add-on and side skirts. This grey work of art, which rides flush with the asphalt, is the clearest proof of how a classic family car can be transformed into a road beast.<\/span><\/p>\t\t\t\t\t\t\t\t<\/div>\n\t\t\t\t<\/div>\n\t\t<div class=\"elementor-element elementor-element-7ea7b65 e-grid e-con-full e-con e-child\" data-id=\"7ea7b65\" data-element_type=\"container\" data-settings=\"{&quot;background_background&quot;:&quot;classic&quot;}\">\n\t\t\t\t<div class=\"elementor-element elementor-element-2bf1095 elementor-widget elementor-widget-image\" data-id=\"2bf1095\" data-element_type=\"widget\" data-widget_type=\"image.default\">\n\t\t\t\t<div class=\"elementor-widget-container\">\n\t\t\t\t\t\t\t\t\t\t\t\t\t\t\t\t<a href=\"https:\/\/ktautostyling.com\/wp-content\/uploads\/2026\/01\/ae926.png\" data-elementor-open-lightbox=\"yes\" data-e-action-hash=\"#elementor-action%3Aaction%3Dlightbox%26settings%3DeyJpZCI6Mjg3NCwidXJsIjoiaHR0cHM6XC9cL2t0YXV0b3N0eWxpbmcuY29tXC93cC1jb250ZW50XC91cGxvYWRzXC8yMDI2XC8wMVwvYWU5MjYucG5nIn0%3D\">\n\t\t\t\t\t\t\t<img fetchpriority=\"high\" decoding=\"async\" width=\"938\" height=\"938\" src=\"https:\/\/ktautostyling.com\/wp-content\/uploads\/2026\/01\/ae926.png\" class=\"attachment-large size-large wp-image-2874\" alt=\"Ae926\" srcset=\"https:\/\/ktautostyling.com\/wp-content\/uploads\/2026\/01\/ae926.png 938w, https:\/\/ktautostyling.com\/wp-content\/uploads\/2026\/01\/ae926-300x300.png 300w, https:\/\/ktautostyling.com\/wp-content\/uploads\/2026\/01\/ae926-150x150.png 150w, https:\/\/ktautostyling.com\/wp-content\/uploads\/2026\/01\/ae926-768x768.png 768w, https:\/\/ktautostyling.com\/wp-content\/uploads\/2026\/01\/ae926-12x12.png 12w\" sizes=\"(max-width: 938px) 100vw, 938px\" title=\"Toyota AE92\">\t\t\t\t\t\t\t\t<\/a>\n\t\t\t\t\t\t\t\t\t\t\t\t\t\t\t<\/div>\n\t\t\t\t<\/div>\n\t\t\t\t<div class=\"elementor-element elementor-element-a59463e elementor-widget elementor-widget-image\" data-id=\"a59463e\" data-element_type=\"widget\" data-widget_type=\"image.default\">\n\t\t\t\t<div class=\"elementor-widget-container\">\n\t\t\t\t\t\t\t\t\t\t\t\t\t\t\t\t<a href=\"https:\/\/ktautostyling.com\/wp-content\/uploads\/2026\/01\/ae923.jpg\" data-elementor-open-lightbox=\"yes\" data-e-action-hash=\"#elementor-action%3Aaction%3Dlightbox%26settings%3DeyJpZCI6Mjg3MSwidXJsIjoiaHR0cHM6XC9cL2t0YXV0b3N0eWxpbmcuY29tXC93cC1jb250ZW50XC91cGxvYWRzXC8yMDI2XC8wMVwvYWU5MjMuanBnIn0%3D\">\n\t\t\t\t\t\t\t<img decoding=\"async\" width=\"960\" height=\"634\" src=\"https:\/\/ktautostyling.com\/wp-content\/uploads\/2026\/01\/ae923.jpg\" class=\"attachment-large size-large wp-image-2871\" alt=\"Ae923\" srcset=\"https:\/\/ktautostyling.com\/wp-content\/uploads\/2026\/01\/ae923.jpg 960w, https:\/\/ktautostyling.com\/wp-content\/uploads\/2026\/01\/ae923-300x198.jpg 300w, https:\/\/ktautostyling.com\/wp-content\/uploads\/2026\/01\/ae923-768x507.jpg 768w, https:\/\/ktautostyling.com\/wp-content\/uploads\/2026\/01\/ae923-18x12.jpg 18w\" sizes=\"(max-width: 960px) 100vw, 960px\" title=\"Toyota AE92\">\t\t\t\t\t\t\t\t<\/a>\n\t\t\t\t\t\t\t\t\t\t\t\t\t\t\t<\/div>\n\t\t\t\t<\/div>\n\t\t\t\t<div class=\"elementor-element elementor-element-1b00592 elementor-widget elementor-widget-image\" data-id=\"1b00592\" data-element_type=\"widget\" data-widget_type=\"image.default\">\n\t\t\t\t<div class=\"elementor-widget-container\">\n\t\t\t\t\t\t\t\t\t\t\t\t\t\t\t\t<a href=\"https:\/\/ktautostyling.com\/wp-content\/uploads\/2026\/01\/ae924.png\" data-elementor-open-lightbox=\"yes\" data-e-action-hash=\"#elementor-action%3Aaction%3Dlightbox%26settings%3DeyJpZCI6Mjg3MiwidXJsIjoiaHR0cHM6XC9cL2t0YXV0b3N0eWxpbmcuY29tXC93cC1jb250ZW50XC91cGxvYWRzXC8yMDI2XC8wMVwvYWU5MjQucG5nIn0%3D\">\n\t\t\t\t\t\t\t<img decoding=\"async\" width=\"960\" height=\"960\" src=\"https:\/\/ktautostyling.com\/wp-content\/uploads\/2026\/01\/ae924.png\" class=\"attachment-large size-large wp-image-2872\" alt=\"Ae924\" srcset=\"https:\/\/ktautostyling.com\/wp-content\/uploads\/2026\/01\/ae924.png 960w, https:\/\/ktautostyling.com\/wp-content\/uploads\/2026\/01\/ae924-300x300.png 300w, https:\/\/ktautostyling.com\/wp-content\/uploads\/2026\/01\/ae924-150x150.png 150w, https:\/\/ktautostyling.com\/wp-content\/uploads\/2026\/01\/ae924-768x768.png 768w, https:\/\/ktautostyling.com\/wp-content\/uploads\/2026\/01\/ae924-12x12.png 12w\" sizes=\"(max-width: 960px) 100vw, 960px\" title=\"Toyota AE92\">\t\t\t\t\t\t\t\t<\/a>\n\t\t\t\t\t\t\t\t\t\t\t\t\t\t\t<\/div>\n\t\t\t\t<\/div>\n\t\t\t\t<div class=\"elementor-element elementor-element-7aa50d8 elementor-widget elementor-widget-image\" data-id=\"7aa50d8\" data-element_type=\"widget\" data-widget_type=\"image.default\">\n\t\t\t\t<div class=\"elementor-widget-container\">\n\t\t\t\t\t\t\t\t\t\t\t\t\t\t\t\t<a href=\"https:\/\/ktautostyling.com\/wp-content\/uploads\/2026\/01\/ae925.png\" data-elementor-open-lightbox=\"yes\" data-e-action-hash=\"#elementor-action%3Aaction%3Dlightbox%26settings%3DeyJpZCI6Mjg3MywidXJsIjoiaHR0cHM6XC9cL2t0YXV0b3N0eWxpbmcuY29tXC93cC1jb250ZW50XC91cGxvYWRzXC8yMDI2XC8wMVwvYWU5MjUucG5nIn0%3D\">\n\t\t\t\t\t\t\t<img loading=\"lazy\" decoding=\"async\" width=\"946\" height=\"946\" src=\"https:\/\/ktautostyling.com\/wp-content\/uploads\/2026\/01\/ae925.png\" class=\"attachment-large size-large wp-image-2873\" alt=\"Ae925\" srcset=\"https:\/\/ktautostyling.com\/wp-content\/uploads\/2026\/01\/ae925.png 946w, https:\/\/ktautostyling.com\/wp-content\/uploads\/2026\/01\/ae925-300x300.png 300w, https:\/\/ktautostyling.com\/wp-content\/uploads\/2026\/01\/ae925-150x150.png 150w, https:\/\/ktautostyling.com\/wp-content\/uploads\/2026\/01\/ae925-768x768.png 768w, https:\/\/ktautostyling.com\/wp-content\/uploads\/2026\/01\/ae925-12x12.png 12w\" sizes=\"(max-width: 946px) 100vw, 946px\" title=\"Toyota AE92\">\t\t\t\t\t\t\t\t<\/a>\n\t\t\t\t\t\t\t\t\t\t\t\t\t\t\t<\/div>\n\t\t\t\t<\/div>\n\t\t\t\t<div class=\"elementor-element elementor-element-1da982f elementor-widget elementor-widget-image\" data-id=\"1da982f\" data-element_type=\"widget\" data-widget_type=\"image.default\">\n\t\t\t\t<div class=\"elementor-widget-container\">\n\t\t\t\t\t\t\t\t\t\t\t\t\t\t\t\t<a href=\"https:\/\/ktautostyling.com\/wp-content\/uploads\/2026\/01\/ae922.jpg\" data-elementor-open-lightbox=\"yes\" data-e-action-hash=\"#elementor-action%3Aaction%3Dlightbox%26settings%3DeyJpZCI6Mjg3MCwidXJsIjoiaHR0cHM6XC9cL2t0YXV0b3N0eWxpbmcuY29tXC93cC1jb250ZW50XC91cGxvYWRzXC8yMDI2XC8wMVwvYWU5MjIuanBnIn0%3D\">\n\t\t\t\t\t\t\t<img loading=\"lazy\" decoding=\"async\" width=\"960\" height=\"636\" src=\"https:\/\/ktautostyling.com\/wp-content\/uploads\/2026\/01\/ae922.jpg\" class=\"attachment-large size-large wp-image-2870\" alt=\"Ae922\" srcset=\"https:\/\/ktautostyling.com\/wp-content\/uploads\/2026\/01\/ae922.jpg 960w, https:\/\/ktautostyling.com\/wp-content\/uploads\/2026\/01\/ae922-300x199.jpg 300w, https:\/\/ktautostyling.com\/wp-content\/uploads\/2026\/01\/ae922-768x509.jpg 768w, https:\/\/ktautostyling.com\/wp-content\/uploads\/2026\/01\/ae922-18x12.jpg 18w\" sizes=\"(max-width: 960px) 100vw, 960px\" title=\"Toyota AE92\">\t\t\t\t\t\t\t\t<\/a>\n\t\t\t\t\t\t\t\t\t\t\t\t\t\t\t<\/div>\n\t\t\t\t<\/div>\n\t\t\t\t<\/div>\n\t\t\t\t<div class=\"elementor-element elementor-element-6ab289e elementor-widget elementor-widget-button\" data-id=\"6ab289e\" data-element_type=\"widget\" data-widget_type=\"button.default\">\n\t\t\t\t<div class=\"elementor-widget-container\">\n\t\t\t\t\t\t\t\t\t<div class=\"elementor-button-wrapper\">\n\t\t\t\t\t<a class=\"elementor-button elementor-button-link elementor-size-sm\" href=\"https:\/\/ktautostyling.com\/en\/projeler\/\">\n\t\t\t\t\t\t<span class=\"elementor-button-content-wrapper\">\n\t\t\t\t\t\t\t\t\t<span class=\"elementor-button-text\">Go back<\/span>\n\t\t\t\t\t<\/span>\n\t\t\t\t\t<\/a>\n\t\t\t\t<\/div>\n\t\t\t\t\t\t\t\t<\/div>\n\t\t\t\t<\/div>\n\t\t\t\t<div class=\"elementor-element elementor-element-c50ca93 elementor-post-navigation-borders-yes elementor-widget elementor-widget-post-navigation\" data-id=\"c50ca93\" data-element_type=\"widget\" data-widget_type=\"post-navigation.default\">\n\t\t\t\t<div class=\"elementor-widget-container\">\n\t\t\t\t\t\t\t<div class=\"elementor-post-navigation\" role=\"navigation\" aria-label=\"Post Navigation\">\n\t\t\t<div class=\"elementor-post-navigation__prev elementor-post-navigation__link\">\n\t\t\t\t<a href=\"https:\/\/ktautostyling.com\/en\/projeler\/des-2\/\" rel=\"prev\"><span class=\"post-navigation__arrow-wrapper post-navigation__arrow-prev\"><i aria-hidden=\"true\" class=\"fas fa-angle-left\"><\/i><span class=\"elementor-screen-only\">Prev<\/span><\/span><span class=\"elementor-post-navigation__link__prev\"><span class=\"post-navigation__prev--label\">previous<\/span><span class=\"post-navigation__prev--title\">Mercedes C-Class Coupe Project<\/span><\/span><\/a>\t\t\t<\/div>\n\t\t\t\t\t\t\t<div class=\"elementor-post-navigation__separator-wrapper\">\n\t\t\t\t\t<div class=\"elementor-post-navigation__separator\"><\/div>\n\t\t\t\t<\/div>\n\t\t\t\t\t\t<div class=\"elementor-post-navigation__next elementor-post-navigation__link\">\n\t\t\t\t<a href=\"https:\/\/ktautostyling.com\/en\/projeler\/s14mor\/\" rel=\"next\"><span class=\"elementor-post-navigation__link__next\"><span class=\"post-navigation__next--label\">next<\/span><span class=\"post-navigation__next--title\">Nissan 200SX S14 to S15 Mor<\/span><\/span><span class=\"post-navigation__arrow-wrapper post-navigation__arrow-next\"><i aria-hidden=\"true\" class=\"fas fa-angle-right\"><\/i><span class=\"elementor-screen-only\">Next<\/span><\/span><\/a>\t\t\t<\/div>\n\t\t<\/div>\n\t\t\t\t\t\t<\/div>\n\t\t\t\t<\/div>\n\t\t\t\t\t<\/div>\n\t\t\t\t<\/div>\n\t\t\t\t<\/div>","protected":false},"excerpt":{"rendered":"<p>Yer\u00e7ekimine Meydan Okuyan AE92 Stance k\u00fclt\u00fcr\u00fc sadece arac\u0131 al\u00e7altmak de\u011fil, bir duru\u015f sergilemektir. KT Autostyling imzal\u0131 Toyota AE92 projesi, &#8216;Fitment&#8217; (jant-\u00e7amurluk uyumu) sanat\u0131n\u0131n ders niteli\u011finde bir \u00f6rne\u011fi. Derin ofsetli ve \u00e7ok kollu jantlar\u0131n \u00e7amurluk i\u00e7ine milimetrik oturu\u015fu, \u00f6zel yap\u0131m \u00f6n tampon eki ve yan mar\u015fpiyellerle desteklendi. Asfalta s\u0131f\u0131r giden bu gri sanat eseri, klasik bir [&hellip;]<\/p>","protected":false},"author":1,"featured_media":0,"parent":1129,"menu_order":0,"comment_status":"closed","ping_status":"closed","template":"","meta":{"site-sidebar-layout":"no-sidebar","site-content-layout":"page-builder","ast-site-content-layout":"full-width-container","site-content-style":"unboxed","site-sidebar-style":"unboxed","ast-global-header-display":"","ast-banner-title-visibility":"","ast-main-header-display":"","ast-hfb-above-header-display":"","ast-hfb-below-header-display":"","ast-hfb-mobile-header-display":"","site-post-title":"disabled","ast-breadcrumbs-content":"","ast-featured-img":"disabled","footer-sml-layout":"","ast-disable-related-posts":"","theme-transparent-header-meta":"","adv-header-id-meta":"","stick-header-meta":"","header-above-stick-meta":"","header-main-stick-meta":"","header-below-stick-meta":"","astra-migrate-meta-layouts":"set","ast-page-background-enabled":"default","ast-page-background-meta":{"desktop":{"background-color":"","background-image":"","background-repeat":"repeat","background-position":"center center","background-size":"auto","background-attachment":"scroll","background-type":"","background-media":"","overlay-type":"","overlay-color":"","overlay-opacity":"","overlay-gradient":""},"tablet":{"background-color":"","background-image":"","background-repeat":"repeat","background-position":"center center","background-size":"auto","background-attachment":"scroll","background-type":"","background-media":"","overlay-type":"","overlay-color":"","overlay-opacity":"","overlay-gradient":""},"mobile":{"background-color":"","background-image":"","background-repeat":"repeat","background-position":"center center","background-size":"auto","background-attachment":"scroll","background-type":"","background-media":"","overlay-type":"","overlay-color":"","overlay-opacity":"","overlay-gradient":""}},"ast-content-background-meta":{"desktop":{"background-color":"var(--ast-global-color-5)","background-image":"","background-repeat":"repeat","background-position":"center center","background-size":"auto","background-attachment":"scroll","background-type":"","background-media":"","overlay-type":"","overlay-color":"","overlay-opacity":"","overlay-gradient":""},"tablet":{"background-color":"var(--ast-global-color-5)","background-image":"","background-repeat":"repeat","background-position":"center center","background-size":"auto","background-attachment":"scroll","background-type":"","background-media":"","overlay-type":"","overlay-color":"","overlay-opacity":"","overlay-gradient":""},"mobile":{"background-color":"var(--ast-global-color-5)","background-image":"","background-repeat":"repeat","background-position":"center center","background-size":"auto","background-attachment":"scroll","background-type":"","background-media":"","overlay-type":"","overlay-color":"","overlay-opacity":"","overlay-gradient":""}},"footnotes":""},"class_list":["post-3150","page","type-page","status-publish","hentry"],"_hostinger_reach_plugin_has_subscription_block":false,"_hostinger_reach_plugin_is_elementor":false,"_links":{"self":[{"href":"https:\/\/ktautostyling.com\/en\/wp-json\/wp\/v2\/pages\/3150","targetHints":{"allow":["GET"]}}],"collection":[{"href":"https:\/\/ktautostyling.com\/en\/wp-json\/wp\/v2\/pages"}],"about":[{"href":"https:\/\/ktautostyling.com\/en\/wp-json\/wp\/v2\/types\/page"}],"author":[{"embeddable":true,"href":"https:\/\/ktautostyling.com\/en\/wp-json\/wp\/v2\/users\/1"}],"replies":[{"embeddable":true,"href":"https:\/\/ktautostyling.com\/en\/wp-json\/wp\/v2\/comments?post=3150"}],"version-history":[{"count":0,"href":"https:\/\/ktautostyling.com\/en\/wp-json\/wp\/v2\/pages\/3150\/revisions"}],"up":[{"embeddable":true,"href":"https:\/\/ktautostyling.com\/en\/wp-json\/wp\/v2\/pages\/1129"}],"wp:attachment":[{"href":"https:\/\/ktautostyling.com\/en\/wp-json\/wp\/v2\/media?parent=3150"}],"curies":[{"name":"wp","href":"https:\/\/api.w.org\/{rel}","templated":true}]}}