{"id":3164,"date":"2026-01-12T20:34:51","date_gmt":"2026-01-12T20:34:51","guid":{"rendered":"https:\/\/ktautostyling.com\/?page_id=3164"},"modified":"2026-01-13T17:07:41","modified_gmt":"2026-01-13T17:07:41","slug":"s14-5","status":"publish","type":"page","link":"https:\/\/ktautostyling.com\/en\/projeler\/s14-5\/","title":{"rendered":"Nissan 200SX S14.5"},"content":{"rendered":"<div data-elementor-type=\"wp-page\" data-elementor-id=\"3164\" class=\"elementor elementor-3164\" data-elementor-post-type=\"page\">\n\t\t\t\t<div class=\"elementor-element elementor-element-9a377c5 e-flex e-con-boxed e-con e-parent\" data-id=\"9a377c5\" data-element_type=\"container\" data-settings=\"{&quot;background_background&quot;:&quot;classic&quot;}\">\n\t\t\t\t\t<div class=\"e-con-inner\">\n\t\t\t\t<div class=\"elementor-element elementor-element-3aba8da elementor-widget elementor-widget-text-editor\" data-id=\"3aba8da\" data-element_type=\"widget\" data-widget_type=\"text-editor.default\">\n\t\t\t\t<div class=\"elementor-widget-container\">\n\t\t\t\t\t\t\t\t\t<h2><span style=\"color: #ffffff;\">The Spirit of S14, the Vision of S15<\/span><\/h2><p><span style=\"color: #ffffff;\">This is a complete S15 facelift conversion and custom body kit project applied to a Nissan S14. The wide body design, along with carbon fiber detailed hood and door applications, creates a \u2018Two-Tone\u2019 concept. With the KT Autostyling difference, two legends come to life in one body.<\/span><\/p>\t\t\t\t\t\t\t\t<\/div>\n\t\t\t\t<\/div>\n\t\t<div class=\"elementor-element elementor-element-f475778 e-grid e-con-full e-con e-child\" data-id=\"f475778\" data-element_type=\"container\" data-settings=\"{&quot;background_background&quot;:&quot;classic&quot;}\">\n\t\t\t\t<div class=\"elementor-element elementor-element-a21decb elementor-widget elementor-widget-image\" data-id=\"a21decb\" data-element_type=\"widget\" data-widget_type=\"image.default\">\n\t\t\t\t<div class=\"elementor-widget-container\">\n\t\t\t\t\t\t\t\t\t\t\t\t\t\t\t\t<a href=\"https:\/\/ktautostyling.com\/wp-content\/uploads\/2026\/01\/s14.5.1.webp\" data-elementor-open-lightbox=\"yes\" data-e-action-hash=\"#elementor-action%3Aaction%3Dlightbox%26settings%3DeyJpZCI6MjkzNSwidXJsIjoiaHR0cHM6XC9cL2t0YXV0b3N0eWxpbmcuY29tXC93cC1jb250ZW50XC91cGxvYWRzXC8yMDI2XC8wMVwvczE0LjUuMS53ZWJwIn0%3D\">\n\t\t\t\t\t\t\t<img fetchpriority=\"high\" decoding=\"async\" width=\"1024\" height=\"1024\" src=\"https:\/\/ktautostyling.com\/wp-content\/uploads\/2026\/01\/s14.5.1-1024x1024.webp\" class=\"attachment-large size-large wp-image-2935\" alt=\"S14.5.1 1024x1024\" srcset=\"https:\/\/ktautostyling.com\/wp-content\/uploads\/2026\/01\/s14.5.1-1024x1024.webp 1024w, https:\/\/ktautostyling.com\/wp-content\/uploads\/2026\/01\/s14.5.1-300x300.webp 300w, https:\/\/ktautostyling.com\/wp-content\/uploads\/2026\/01\/s14.5.1-150x150.webp 150w, https:\/\/ktautostyling.com\/wp-content\/uploads\/2026\/01\/s14.5.1-768x768.webp 768w, https:\/\/ktautostyling.com\/wp-content\/uploads\/2026\/01\/s14.5.1-12x12.webp 12w, https:\/\/ktautostyling.com\/wp-content\/uploads\/2026\/01\/s14.5.1.webp 1440w\" sizes=\"(max-width: 1024px) 100vw, 1024px\" title=\"Nissan 200SX S14.5\">\t\t\t\t\t\t\t\t<\/a>\n\t\t\t\t\t\t\t\t\t\t\t\t\t\t\t<\/div>\n\t\t\t\t<\/div>\n\t\t\t\t<div class=\"elementor-element elementor-element-1a28409 elementor-widget elementor-widget-image\" data-id=\"1a28409\" data-element_type=\"widget\" data-widget_type=\"image.default\">\n\t\t\t\t<div class=\"elementor-widget-container\">\n\t\t\t\t\t\t\t\t\t\t\t\t\t\t\t\t<a href=\"https:\/\/ktautostyling.com\/wp-content\/uploads\/2026\/01\/s14.5.2.webp\" data-elementor-open-lightbox=\"yes\" data-e-action-hash=\"#elementor-action%3Aaction%3Dlightbox%26settings%3DeyJpZCI6MjkzNiwidXJsIjoiaHR0cHM6XC9cL2t0YXV0b3N0eWxpbmcuY29tXC93cC1jb250ZW50XC91cGxvYWRzXC8yMDI2XC8wMVwvczE0LjUuMi53ZWJwIn0%3D\">\n\t\t\t\t\t\t\t<img decoding=\"async\" width=\"1024\" height=\"1024\" src=\"https:\/\/ktautostyling.com\/wp-content\/uploads\/2026\/01\/s14.5.2-1024x1024.webp\" class=\"attachment-large size-large wp-image-2936\" alt=\"S14.5.2 1024x1024\" srcset=\"https:\/\/ktautostyling.com\/wp-content\/uploads\/2026\/01\/s14.5.2-1024x1024.webp 1024w, https:\/\/ktautostyling.com\/wp-content\/uploads\/2026\/01\/s14.5.2-300x300.webp 300w, https:\/\/ktautostyling.com\/wp-content\/uploads\/2026\/01\/s14.5.2-150x150.webp 150w, https:\/\/ktautostyling.com\/wp-content\/uploads\/2026\/01\/s14.5.2-768x768.webp 768w, https:\/\/ktautostyling.com\/wp-content\/uploads\/2026\/01\/s14.5.2-12x12.webp 12w, https:\/\/ktautostyling.com\/wp-content\/uploads\/2026\/01\/s14.5.2.webp 1232w\" sizes=\"(max-width: 1024px) 100vw, 1024px\" title=\"Nissan 200SX S14.5\">\t\t\t\t\t\t\t\t<\/a>\n\t\t\t\t\t\t\t\t\t\t\t\t\t\t\t<\/div>\n\t\t\t\t<\/div>\n\t\t\t\t<div class=\"elementor-element elementor-element-2e6dd52 elementor-widget elementor-widget-image\" data-id=\"2e6dd52\" data-element_type=\"widget\" data-widget_type=\"image.default\">\n\t\t\t\t<div class=\"elementor-widget-container\">\n\t\t\t\t\t\t\t\t\t\t\t\t\t\t\t\t<a href=\"https:\/\/ktautostyling.com\/wp-content\/uploads\/2026\/01\/s14.5.3.webp\" data-elementor-open-lightbox=\"yes\" data-e-action-hash=\"#elementor-action%3Aaction%3Dlightbox%26settings%3DeyJpZCI6MjkzNywidXJsIjoiaHR0cHM6XC9cL2t0YXV0b3N0eWxpbmcuY29tXC93cC1jb250ZW50XC91cGxvYWRzXC8yMDI2XC8wMVwvczE0LjUuMy53ZWJwIn0%3D\">\n\t\t\t\t\t\t\t<img decoding=\"async\" width=\"1024\" height=\"1024\" src=\"https:\/\/ktautostyling.com\/wp-content\/uploads\/2026\/01\/s14.5.3-1024x1024.webp\" class=\"attachment-large size-large wp-image-2937\" alt=\"S14.5.3 1024x1024\" srcset=\"https:\/\/ktautostyling.com\/wp-content\/uploads\/2026\/01\/s14.5.3-1024x1024.webp 1024w, https:\/\/ktautostyling.com\/wp-content\/uploads\/2026\/01\/s14.5.3-300x300.webp 300w, https:\/\/ktautostyling.com\/wp-content\/uploads\/2026\/01\/s14.5.3-150x150.webp 150w, https:\/\/ktautostyling.com\/wp-content\/uploads\/2026\/01\/s14.5.3-768x768.webp 768w, https:\/\/ktautostyling.com\/wp-content\/uploads\/2026\/01\/s14.5.3-12x12.webp 12w, https:\/\/ktautostyling.com\/wp-content\/uploads\/2026\/01\/s14.5.3.webp 1068w\" sizes=\"(max-width: 1024px) 100vw, 1024px\" title=\"Nissan 200SX S14.5\">\t\t\t\t\t\t\t\t<\/a>\n\t\t\t\t\t\t\t\t\t\t\t\t\t\t\t<\/div>\n\t\t\t\t<\/div>\n\t\t\t\t<div class=\"elementor-element elementor-element-d062c7c elementor-widget elementor-widget-image\" data-id=\"d062c7c\" data-element_type=\"widget\" data-widget_type=\"image.default\">\n\t\t\t\t<div class=\"elementor-widget-container\">\n\t\t\t\t\t\t\t\t\t\t\t\t\t\t\t\t<a href=\"https:\/\/ktautostyling.com\/wp-content\/uploads\/2026\/01\/s14.5.5.jpg\" data-elementor-open-lightbox=\"yes\" data-e-action-hash=\"#elementor-action%3Aaction%3Dlightbox%26settings%3DeyJpZCI6MjkzOSwidXJsIjoiaHR0cHM6XC9cL2t0YXV0b3N0eWxpbmcuY29tXC93cC1jb250ZW50XC91cGxvYWRzXC8yMDI2XC8wMVwvczE0LjUuNS5qcGcifQ%3D%3D\">\n\t\t\t\t\t\t\t<img loading=\"lazy\" decoding=\"async\" width=\"960\" height=\"702\" src=\"https:\/\/ktautostyling.com\/wp-content\/uploads\/2026\/01\/s14.5.5.jpg\" class=\"attachment-large size-large wp-image-2939\" alt=\"S14.5.5\" srcset=\"https:\/\/ktautostyling.com\/wp-content\/uploads\/2026\/01\/s14.5.5.jpg 960w, https:\/\/ktautostyling.com\/wp-content\/uploads\/2026\/01\/s14.5.5-300x219.jpg 300w, https:\/\/ktautostyling.com\/wp-content\/uploads\/2026\/01\/s14.5.5-768x562.jpg 768w, https:\/\/ktautostyling.com\/wp-content\/uploads\/2026\/01\/s14.5.5-16x12.jpg 16w\" sizes=\"(max-width: 960px) 100vw, 960px\" title=\"Nissan 200SX S14.5\">\t\t\t\t\t\t\t\t<\/a>\n\t\t\t\t\t\t\t\t\t\t\t\t\t\t\t<\/div>\n\t\t\t\t<\/div>\n\t\t\t\t<div class=\"elementor-element elementor-element-26d2adb elementor-widget elementor-widget-image\" data-id=\"26d2adb\" data-element_type=\"widget\" data-widget_type=\"image.default\">\n\t\t\t\t<div class=\"elementor-widget-container\">\n\t\t\t\t\t\t\t\t\t\t\t\t\t\t\t\t<a href=\"https:\/\/ktautostyling.com\/wp-content\/uploads\/2026\/01\/s14.5.6.jpg\" data-elementor-open-lightbox=\"yes\" data-e-action-hash=\"#elementor-action%3Aaction%3Dlightbox%26settings%3DeyJpZCI6Mjk0MCwidXJsIjoiaHR0cHM6XC9cL2t0YXV0b3N0eWxpbmcuY29tXC93cC1jb250ZW50XC91cGxvYWRzXC8yMDI2XC8wMVwvczE0LjUuNi5qcGcifQ%3D%3D\">\n\t\t\t\t\t\t\t<img loading=\"lazy\" decoding=\"async\" width=\"960\" height=\"652\" src=\"https:\/\/ktautostyling.com\/wp-content\/uploads\/2026\/01\/s14.5.6.jpg\" class=\"attachment-large size-large wp-image-2940\" alt=\"S14.5.6\" srcset=\"https:\/\/ktautostyling.com\/wp-content\/uploads\/2026\/01\/s14.5.6.jpg 960w, https:\/\/ktautostyling.com\/wp-content\/uploads\/2026\/01\/s14.5.6-300x204.jpg 300w, https:\/\/ktautostyling.com\/wp-content\/uploads\/2026\/01\/s14.5.6-768x522.jpg 768w, https:\/\/ktautostyling.com\/wp-content\/uploads\/2026\/01\/s14.5.6-18x12.jpg 18w\" sizes=\"(max-width: 960px) 100vw, 960px\" title=\"Nissan 200SX S14.5\">\t\t\t\t\t\t\t\t<\/a>\n\t\t\t\t\t\t\t\t\t\t\t\t\t\t\t<\/div>\n\t\t\t\t<\/div>\n\t\t\t\t<div class=\"elementor-element elementor-element-a94e86b elementor-widget elementor-widget-image\" data-id=\"a94e86b\" data-element_type=\"widget\" data-widget_type=\"image.default\">\n\t\t\t\t<div class=\"elementor-widget-container\">\n\t\t\t\t\t\t\t\t\t\t\t\t\t\t\t\t<a href=\"https:\/\/ktautostyling.com\/wp-content\/uploads\/2026\/01\/s14.5.7.jpg\" data-elementor-open-lightbox=\"yes\" data-e-action-hash=\"#elementor-action%3Aaction%3Dlightbox%26settings%3DeyJpZCI6Mjk0MSwidXJsIjoiaHR0cHM6XC9cL2t0YXV0b3N0eWxpbmcuY29tXC93cC1jb250ZW50XC91cGxvYWRzXC8yMDI2XC8wMVwvczE0LjUuNy5qcGcifQ%3D%3D\">\n\t\t\t\t\t\t\t<img loading=\"lazy\" decoding=\"async\" width=\"960\" height=\"508\" src=\"https:\/\/ktautostyling.com\/wp-content\/uploads\/2026\/01\/s14.5.7.jpg\" class=\"attachment-large size-large wp-image-2941\" alt=\"S14.5.7\" srcset=\"https:\/\/ktautostyling.com\/wp-content\/uploads\/2026\/01\/s14.5.7.jpg 960w, https:\/\/ktautostyling.com\/wp-content\/uploads\/2026\/01\/s14.5.7-300x159.jpg 300w, https:\/\/ktautostyling.com\/wp-content\/uploads\/2026\/01\/s14.5.7-768x406.jpg 768w, https:\/\/ktautostyling.com\/wp-content\/uploads\/2026\/01\/s14.5.7-18x10.jpg 18w\" sizes=\"(max-width: 960px) 100vw, 960px\" title=\"Nissan 200SX S14.5\">\t\t\t\t\t\t\t\t<\/a>\n\t\t\t\t\t\t\t\t\t\t\t\t\t\t\t<\/div>\n\t\t\t\t<\/div>\n\t\t\t\t<\/div>\n\t\t\t\t<div class=\"elementor-element elementor-element-848791a elementor-widget elementor-widget-button\" data-id=\"848791a\" data-element_type=\"widget\" data-widget_type=\"button.default\">\n\t\t\t\t<div class=\"elementor-widget-container\">\n\t\t\t\t\t\t\t\t\t<div class=\"elementor-button-wrapper\">\n\t\t\t\t\t<a class=\"elementor-button elementor-button-link elementor-size-sm\" href=\"https:\/\/ktautostyling.com\/en\/projeler\/\">\n\t\t\t\t\t\t<span class=\"elementor-button-content-wrapper\">\n\t\t\t\t\t\t\t\t\t<span class=\"elementor-button-text\">Go back<\/span>\n\t\t\t\t\t<\/span>\n\t\t\t\t\t<\/a>\n\t\t\t\t<\/div>\n\t\t\t\t\t\t\t\t<\/div>\n\t\t\t\t<\/div>\n\t\t\t\t<div class=\"elementor-element elementor-element-fb96c23 elementor-post-navigation-borders-yes elementor-widget elementor-widget-post-navigation\" data-id=\"fb96c23\" data-element_type=\"widget\" data-widget_type=\"post-navigation.default\">\n\t\t\t\t<div class=\"elementor-widget-container\">\n\t\t\t\t\t\t\t<div class=\"elementor-post-navigation\" role=\"navigation\" aria-label=\"Post Navigation\">\n\t\t\t<div class=\"elementor-post-navigation__prev elementor-post-navigation__link\">\n\t\t\t\t<a href=\"https:\/\/ktautostyling.com\/en\/projeler\/s14mor\/\" rel=\"prev\"><span class=\"post-navigation__arrow-wrapper post-navigation__arrow-prev\"><i aria-hidden=\"true\" class=\"fas fa-angle-left\"><\/i><span class=\"elementor-screen-only\">Prev<\/span><\/span><span class=\"elementor-post-navigation__link__prev\"><span class=\"post-navigation__prev--label\">previous<\/span><span class=\"post-navigation__prev--title\">Nissan 200SX S14 to S15 Mor<\/span><\/span><\/a>\t\t\t<\/div>\n\t\t\t\t\t\t\t<div class=\"elementor-post-navigation__separator-wrapper\">\n\t\t\t\t\t<div class=\"elementor-post-navigation__separator\"><\/div>\n\t\t\t\t<\/div>\n\t\t\t\t\t\t<div class=\"elementor-post-navigation__next elementor-post-navigation__link\">\n\t\t\t\t<a href=\"https:\/\/ktautostyling.com\/en\/projeler\/reina-2\/\" rel=\"next\"><span class=\"elementor-post-navigation__link__next\"><span class=\"post-navigation__next--label\">next<\/span><span class=\"post-navigation__next--title\">Reina Custom Volkswagen<\/span><\/span><span class=\"post-navigation__arrow-wrapper post-navigation__arrow-next\"><i aria-hidden=\"true\" class=\"fas fa-angle-right\"><\/i><span class=\"elementor-screen-only\">Next<\/span><\/span><\/a>\t\t\t<\/div>\n\t\t<\/div>\n\t\t\t\t\t\t<\/div>\n\t\t\t\t<\/div>\n\t\t\t\t\t<\/div>\n\t\t\t\t<\/div>\n\t\t\t\t<\/div>","protected":false},"excerpt":{"rendered":"<p>S14 Ruhu, S15 Bak\u0131\u015f\u0131 Nissan S14 \u00fczerine uygulad\u0131\u011f\u0131m\u0131z komple S15 \u00f6n y\u00fcz (Facelift) d\u00f6n\u00fc\u015f\u00fcm\u00fc ve \u00f6zel body kit projesi. Geni\u015f g\u00f6vde tasar\u0131m\u0131, karbon detayl\u0131 kaput ve kap\u0131 uygulamas\u0131yla olu\u015fturulan &#8216;Two-Tone&#8217; (\u00e7ift renk) konsepti. KT Autostyling fark\u0131yla, iki efsane tek v\u00fccutta hayat buldu. Geri D\u00f6n<\/p>","protected":false},"author":1,"featured_media":0,"parent":1129,"menu_order":0,"comment_status":"closed","ping_status":"closed","template":"","meta":{"site-sidebar-layout":"no-sidebar","site-content-layout":"page-builder","ast-site-content-layout":"full-width-container","site-content-style":"unboxed","site-sidebar-style":"unboxed","ast-global-header-display":"","ast-banner-title-visibility":"","ast-main-header-display":"","ast-hfb-above-header-display":"","ast-hfb-below-header-display":"","ast-hfb-mobile-header-display":"","site-post-title":"disabled","ast-breadcrumbs-content":"","ast-featured-img":"disabled","footer-sml-layout":"","ast-disable-related-posts":"","theme-transparent-header-meta":"","adv-header-id-meta":"","stick-header-meta":"","header-above-stick-meta":"","header-main-stick-meta":"","header-below-stick-meta":"","astra-migrate-meta-layouts":"set","ast-page-background-enabled":"default","ast-page-background-meta":{"desktop":{"background-color":"","background-image":"","background-repeat":"repeat","background-position":"center center","background-size":"auto","background-attachment":"scroll","background-type":"","background-media":"","overlay-type":"","overlay-color":"","overlay-opacity":"","overlay-gradient":""},"tablet":{"background-color":"","background-image":"","background-repeat":"repeat","background-position":"center center","background-size":"auto","background-attachment":"scroll","background-type":"","background-media":"","overlay-type":"","overlay-color":"","overlay-opacity":"","overlay-gradient":""},"mobile":{"background-color":"","background-image":"","background-repeat":"repeat","background-position":"center center","background-size":"auto","background-attachment":"scroll","background-type":"","background-media":"","overlay-type":"","overlay-color":"","overlay-opacity":"","overlay-gradient":""}},"ast-content-background-meta":{"desktop":{"background-color":"var(--ast-global-color-5)","background-image":"","background-repeat":"repeat","background-position":"center center","background-size":"auto","background-attachment":"scroll","background-type":"","background-media":"","overlay-type":"","overlay-color":"","overlay-opacity":"","overlay-gradient":""},"tablet":{"background-color":"var(--ast-global-color-5)","background-image":"","background-repeat":"repeat","background-position":"center center","background-size":"auto","background-attachment":"scroll","background-type":"","background-media":"","overlay-type":"","overlay-color":"","overlay-opacity":"","overlay-gradient":""},"mobile":{"background-color":"var(--ast-global-color-5)","background-image":"","background-repeat":"repeat","background-position":"center center","background-size":"auto","background-attachment":"scroll","background-type":"","background-media":"","overlay-type":"","overlay-color":"","overlay-opacity":"","overlay-gradient":""}},"footnotes":""},"class_list":["post-3164","page","type-page","status-publish","hentry"],"_hostinger_reach_plugin_has_subscription_block":false,"_hostinger_reach_plugin_is_elementor":false,"_links":{"self":[{"href":"https:\/\/ktautostyling.com\/en\/wp-json\/wp\/v2\/pages\/3164","targetHints":{"allow":["GET"]}}],"collection":[{"href":"https:\/\/ktautostyling.com\/en\/wp-json\/wp\/v2\/pages"}],"about":[{"href":"https:\/\/ktautostyling.com\/en\/wp-json\/wp\/v2\/types\/page"}],"author":[{"embeddable":true,"href":"https:\/\/ktautostyling.com\/en\/wp-json\/wp\/v2\/users\/1"}],"replies":[{"embeddable":true,"href":"https:\/\/ktautostyling.com\/en\/wp-json\/wp\/v2\/comments?post=3164"}],"version-history":[{"count":0,"href":"https:\/\/ktautostyling.com\/en\/wp-json\/wp\/v2\/pages\/3164\/revisions"}],"up":[{"embeddable":true,"href":"https:\/\/ktautostyling.com\/en\/wp-json\/wp\/v2\/pages\/1129"}],"wp:attachment":[{"href":"https:\/\/ktautostyling.com\/en\/wp-json\/wp\/v2\/media?parent=3164"}],"curies":[{"name":"wp","href":"https:\/\/api.w.org\/{rel}","templated":true}]}}