{"id":3192,"date":"2026-01-12T20:46:51","date_gmt":"2026-01-12T20:46:51","guid":{"rendered":"https:\/\/ktautostyling.com\/?page_id=3192"},"modified":"2026-01-13T17:10:05","modified_gmt":"2026-01-13T17:10:05","slug":"monster","status":"publish","type":"page","link":"https:\/\/ktautostyling.com\/en\/projeler\/monster\/","title":{"rendered":"BMW E92 Monster Bodykit"},"content":{"rendered":"<div data-elementor-type=\"wp-page\" data-elementor-id=\"3192\" class=\"elementor elementor-3192\" data-elementor-post-type=\"page\">\n\t\t\t\t<div class=\"elementor-element elementor-element-e2c57e1 e-flex e-con-boxed e-con e-parent\" data-id=\"e2c57e1\" data-element_type=\"container\" data-settings=\"{&quot;background_background&quot;:&quot;classic&quot;}\">\n\t\t\t\t\t<div class=\"e-con-inner\">\n\t\t\t\t<div class=\"elementor-element elementor-element-5bc39db elementor-widget elementor-widget-text-editor\" data-id=\"5bc39db\" data-element_type=\"widget\" data-widget_type=\"text-editor.default\">\n\t\t\t\t<div class=\"elementor-widget-container\">\n\t\t\t\t\t\t\t\t\t<h2><span style=\"color: #ffffff;\">E92 Monster Edition<\/span><\/h2><p data-path-to-node=\"5\"><span style=\"color: #ffffff;\">Some cars are just for transportation, others are for mastering the road. Our BMW E92 \u2018Monster\u2019 project is a war against the ordinary.<\/span><\/p><p data-path-to-node=\"6\"><span style=\"color: #ffffff;\">Beneath its matte black body lie aggressive lines, a custom-designed ventilated \u2018GTR\u2019 bonnet, and widened fenders that give the vehicle a tank-like appearance. With a four-outlet custom exhaust system and a muscular diffuser at the rear, this car is designed to make other drivers on the road only look at its taillights. With the KT Autostyling signature, darkness has never been so appealing.<\/span><\/p>\t\t\t\t\t\t\t\t<\/div>\n\t\t\t\t<\/div>\n\t\t<div class=\"elementor-element elementor-element-a0f2c62 e-grid e-con-full e-con e-child\" data-id=\"a0f2c62\" data-element_type=\"container\" data-settings=\"{&quot;background_background&quot;:&quot;classic&quot;}\">\n\t\t\t\t<div class=\"elementor-element elementor-element-e64ad15 elementor-widget elementor-widget-image\" data-id=\"e64ad15\" data-element_type=\"widget\" data-widget_type=\"image.default\">\n\t\t\t\t<div class=\"elementor-widget-container\">\n\t\t\t\t\t\t\t\t\t\t\t\t\t\t\t\t<a href=\"https:\/\/ktautostyling.com\/wp-content\/uploads\/2026\/01\/monster2.jpg\" data-elementor-open-lightbox=\"yes\" data-e-action-hash=\"#elementor-action%3Aaction%3Dlightbox%26settings%3DeyJpZCI6MzA0MCwidXJsIjoiaHR0cHM6XC9cL2t0YXV0b3N0eWxpbmcuY29tXC93cC1jb250ZW50XC91cGxvYWRzXC8yMDI2XC8wMVwvbW9uc3RlcjIuanBnIn0%3D\">\n\t\t\t\t\t\t\t<img fetchpriority=\"high\" decoding=\"async\" width=\"1024\" height=\"1024\" src=\"https:\/\/ktautostyling.com\/wp-content\/uploads\/2026\/01\/monster2.jpg\" class=\"attachment-large size-large wp-image-3040\" alt=\"Monster2\" srcset=\"https:\/\/ktautostyling.com\/wp-content\/uploads\/2026\/01\/monster2.jpg 1024w, https:\/\/ktautostyling.com\/wp-content\/uploads\/2026\/01\/monster2-300x300.jpg 300w, https:\/\/ktautostyling.com\/wp-content\/uploads\/2026\/01\/monster2-150x150.jpg 150w, https:\/\/ktautostyling.com\/wp-content\/uploads\/2026\/01\/monster2-768x768.jpg 768w, https:\/\/ktautostyling.com\/wp-content\/uploads\/2026\/01\/monster2-12x12.jpg 12w\" sizes=\"(max-width: 1024px) 100vw, 1024px\" title=\"BMW E92 Monster Bodykit\">\t\t\t\t\t\t\t\t<\/a>\n\t\t\t\t\t\t\t\t\t\t\t\t\t\t\t<\/div>\n\t\t\t\t<\/div>\n\t\t\t\t<div class=\"elementor-element elementor-element-3a6998f elementor-widget elementor-widget-image\" data-id=\"3a6998f\" data-element_type=\"widget\" data-widget_type=\"image.default\">\n\t\t\t\t<div class=\"elementor-widget-container\">\n\t\t\t\t\t\t\t\t\t\t\t\t\t\t\t\t<a href=\"https:\/\/ktautostyling.com\/wp-content\/uploads\/2026\/01\/monster1.jpg\" data-elementor-open-lightbox=\"yes\" data-e-action-hash=\"#elementor-action%3Aaction%3Dlightbox%26settings%3DeyJpZCI6MzAzOSwidXJsIjoiaHR0cHM6XC9cL2t0YXV0b3N0eWxpbmcuY29tXC93cC1jb250ZW50XC91cGxvYWRzXC8yMDI2XC8wMVwvbW9uc3RlcjEuanBnIn0%3D\">\n\t\t\t\t\t\t\t<img decoding=\"async\" width=\"1024\" height=\"1024\" src=\"https:\/\/ktautostyling.com\/wp-content\/uploads\/2026\/01\/monster1.jpg\" class=\"attachment-large size-large wp-image-3039\" alt=\"Monster1\" srcset=\"https:\/\/ktautostyling.com\/wp-content\/uploads\/2026\/01\/monster1.jpg 1024w, https:\/\/ktautostyling.com\/wp-content\/uploads\/2026\/01\/monster1-300x300.jpg 300w, https:\/\/ktautostyling.com\/wp-content\/uploads\/2026\/01\/monster1-150x150.jpg 150w, https:\/\/ktautostyling.com\/wp-content\/uploads\/2026\/01\/monster1-768x768.jpg 768w, https:\/\/ktautostyling.com\/wp-content\/uploads\/2026\/01\/monster1-12x12.jpg 12w\" sizes=\"(max-width: 1024px) 100vw, 1024px\" title=\"BMW E92 Monster Bodykit\">\t\t\t\t\t\t\t\t<\/a>\n\t\t\t\t\t\t\t\t\t\t\t\t\t\t\t<\/div>\n\t\t\t\t<\/div>\n\t\t\t\t<div class=\"elementor-element elementor-element-c1e1d03 elementor-widget elementor-widget-image\" data-id=\"c1e1d03\" data-element_type=\"widget\" data-widget_type=\"image.default\">\n\t\t\t\t<div class=\"elementor-widget-container\">\n\t\t\t\t\t\t\t\t\t\t\t\t\t\t\t\t<a href=\"https:\/\/ktautostyling.com\/wp-content\/uploads\/2026\/01\/monster4.webp\" data-elementor-open-lightbox=\"yes\" data-e-action-hash=\"#elementor-action%3Aaction%3Dlightbox%26settings%3DeyJpZCI6MzA0MiwidXJsIjoiaHR0cHM6XC9cL2t0YXV0b3N0eWxpbmcuY29tXC93cC1jb250ZW50XC91cGxvYWRzXC8yMDI2XC8wMVwvbW9uc3RlcjQud2VicCJ9\">\n\t\t\t\t\t\t\t<img decoding=\"async\" width=\"1024\" height=\"1024\" src=\"https:\/\/ktautostyling.com\/wp-content\/uploads\/2026\/01\/monster4-1024x1024.webp\" class=\"attachment-large size-large wp-image-3042\" alt=\"Monster4 1024x1024\" srcset=\"https:\/\/ktautostyling.com\/wp-content\/uploads\/2026\/01\/monster4-1024x1024.webp 1024w, https:\/\/ktautostyling.com\/wp-content\/uploads\/2026\/01\/monster4-300x300.webp 300w, https:\/\/ktautostyling.com\/wp-content\/uploads\/2026\/01\/monster4-150x150.webp 150w, https:\/\/ktautostyling.com\/wp-content\/uploads\/2026\/01\/monster4-768x768.webp 768w, https:\/\/ktautostyling.com\/wp-content\/uploads\/2026\/01\/monster4-12x12.webp 12w, https:\/\/ktautostyling.com\/wp-content\/uploads\/2026\/01\/monster4.webp 1068w\" sizes=\"(max-width: 1024px) 100vw, 1024px\" title=\"BMW E92 Monster Bodykit\">\t\t\t\t\t\t\t\t<\/a>\n\t\t\t\t\t\t\t\t\t\t\t\t\t\t\t<\/div>\n\t\t\t\t<\/div>\n\t\t\t\t<div class=\"elementor-element elementor-element-1e46d9c elementor-widget elementor-widget-image\" data-id=\"1e46d9c\" data-element_type=\"widget\" data-widget_type=\"image.default\">\n\t\t\t\t<div class=\"elementor-widget-container\">\n\t\t\t\t\t\t\t\t\t\t\t\t\t\t\t\t<a href=\"https:\/\/ktautostyling.com\/wp-content\/uploads\/2026\/01\/monster5.jpg\" data-elementor-open-lightbox=\"yes\" data-e-action-hash=\"#elementor-action%3Aaction%3Dlightbox%26settings%3DeyJpZCI6MzA0MywidXJsIjoiaHR0cHM6XC9cL2t0YXV0b3N0eWxpbmcuY29tXC93cC1jb250ZW50XC91cGxvYWRzXC8yMDI2XC8wMVwvbW9uc3RlcjUuanBnIn0%3D\">\n\t\t\t\t\t\t\t<img loading=\"lazy\" decoding=\"async\" width=\"1024\" height=\"768\" src=\"https:\/\/ktautostyling.com\/wp-content\/uploads\/2026\/01\/monster5-1024x768.jpg\" class=\"attachment-large size-large wp-image-3043\" alt=\"Monster5 1024x768\" srcset=\"https:\/\/ktautostyling.com\/wp-content\/uploads\/2026\/01\/monster5-1024x768.jpg 1024w, https:\/\/ktautostyling.com\/wp-content\/uploads\/2026\/01\/monster5-300x225.jpg 300w, https:\/\/ktautostyling.com\/wp-content\/uploads\/2026\/01\/monster5-768x576.jpg 768w, https:\/\/ktautostyling.com\/wp-content\/uploads\/2026\/01\/monster5-1536x1152.jpg 1536w, https:\/\/ktautostyling.com\/wp-content\/uploads\/2026\/01\/monster5-16x12.jpg 16w, https:\/\/ktautostyling.com\/wp-content\/uploads\/2026\/01\/monster5.jpg 2048w\" sizes=\"(max-width: 1024px) 100vw, 1024px\" title=\"BMW E92 Monster Bodykit\">\t\t\t\t\t\t\t\t<\/a>\n\t\t\t\t\t\t\t\t\t\t\t\t\t\t\t<\/div>\n\t\t\t\t<\/div>\n\t\t\t\t<div class=\"elementor-element elementor-element-6efe2f6 elementor-widget elementor-widget-image\" data-id=\"6efe2f6\" data-element_type=\"widget\" data-widget_type=\"image.default\">\n\t\t\t\t<div class=\"elementor-widget-container\">\n\t\t\t\t\t\t\t\t\t\t\t\t\t\t\t\t<a href=\"https:\/\/ktautostyling.com\/wp-content\/uploads\/2026\/01\/monster6.jpg\" data-elementor-open-lightbox=\"yes\" data-e-action-hash=\"#elementor-action%3Aaction%3Dlightbox%26settings%3DeyJpZCI6MzA0NCwidXJsIjoiaHR0cHM6XC9cL2t0YXV0b3N0eWxpbmcuY29tXC93cC1jb250ZW50XC91cGxvYWRzXC8yMDI2XC8wMVwvbW9uc3RlcjYuanBnIn0%3D\">\n\t\t\t\t\t\t\t<img loading=\"lazy\" decoding=\"async\" width=\"1024\" height=\"768\" src=\"https:\/\/ktautostyling.com\/wp-content\/uploads\/2026\/01\/monster6-1024x768.jpg\" class=\"attachment-large size-large wp-image-3044\" alt=\"Monster6 1024x768\" srcset=\"https:\/\/ktautostyling.com\/wp-content\/uploads\/2026\/01\/monster6-1024x768.jpg 1024w, https:\/\/ktautostyling.com\/wp-content\/uploads\/2026\/01\/monster6-300x225.jpg 300w, https:\/\/ktautostyling.com\/wp-content\/uploads\/2026\/01\/monster6-768x576.jpg 768w, https:\/\/ktautostyling.com\/wp-content\/uploads\/2026\/01\/monster6-1536x1152.jpg 1536w, https:\/\/ktautostyling.com\/wp-content\/uploads\/2026\/01\/monster6-16x12.jpg 16w, https:\/\/ktautostyling.com\/wp-content\/uploads\/2026\/01\/monster6.jpg 2048w\" sizes=\"(max-width: 1024px) 100vw, 1024px\" title=\"BMW E92 Monster Bodykit\">\t\t\t\t\t\t\t\t<\/a>\n\t\t\t\t\t\t\t\t\t\t\t\t\t\t\t<\/div>\n\t\t\t\t<\/div>\n\t\t\t\t<div class=\"elementor-element elementor-element-f2b6150 elementor-widget elementor-widget-image\" data-id=\"f2b6150\" data-element_type=\"widget\" data-widget_type=\"image.default\">\n\t\t\t\t<div class=\"elementor-widget-container\">\n\t\t\t\t\t\t\t\t\t\t\t\t\t\t\t\t<a href=\"https:\/\/ktautostyling.com\/wp-content\/uploads\/2026\/01\/monster7.jpg\" data-elementor-open-lightbox=\"yes\" data-e-action-hash=\"#elementor-action%3Aaction%3Dlightbox%26settings%3DeyJpZCI6MzA0NSwidXJsIjoiaHR0cHM6XC9cL2t0YXV0b3N0eWxpbmcuY29tXC93cC1jb250ZW50XC91cGxvYWRzXC8yMDI2XC8wMVwvbW9uc3RlcjcuanBnIn0%3D\">\n\t\t\t\t\t\t\t<img loading=\"lazy\" decoding=\"async\" width=\"1024\" height=\"768\" src=\"https:\/\/ktautostyling.com\/wp-content\/uploads\/2026\/01\/monster7-1024x768.jpg\" class=\"attachment-large size-large wp-image-3045\" alt=\"Monster7 1024x768\" srcset=\"https:\/\/ktautostyling.com\/wp-content\/uploads\/2026\/01\/monster7-1024x768.jpg 1024w, https:\/\/ktautostyling.com\/wp-content\/uploads\/2026\/01\/monster7-300x225.jpg 300w, https:\/\/ktautostyling.com\/wp-content\/uploads\/2026\/01\/monster7-768x576.jpg 768w, https:\/\/ktautostyling.com\/wp-content\/uploads\/2026\/01\/monster7-1536x1152.jpg 1536w, https:\/\/ktautostyling.com\/wp-content\/uploads\/2026\/01\/monster7-16x12.jpg 16w, https:\/\/ktautostyling.com\/wp-content\/uploads\/2026\/01\/monster7.jpg 2048w\" sizes=\"(max-width: 1024px) 100vw, 1024px\" title=\"BMW E92 Monster Bodykit\">\t\t\t\t\t\t\t\t<\/a>\n\t\t\t\t\t\t\t\t\t\t\t\t\t\t\t<\/div>\n\t\t\t\t<\/div>\n\t\t\t\t<div class=\"elementor-element elementor-element-62373bf elementor-widget elementor-widget-image\" data-id=\"62373bf\" data-element_type=\"widget\" data-widget_type=\"image.default\">\n\t\t\t\t<div class=\"elementor-widget-container\">\n\t\t\t\t\t\t\t\t\t\t\t\t\t\t\t\t<a href=\"https:\/\/ktautostyling.com\/wp-content\/uploads\/2026\/01\/monster8.jpg\" data-elementor-open-lightbox=\"yes\" data-e-action-hash=\"#elementor-action%3Aaction%3Dlightbox%26settings%3DeyJpZCI6MzA0NiwidXJsIjoiaHR0cHM6XC9cL2t0YXV0b3N0eWxpbmcuY29tXC93cC1jb250ZW50XC91cGxvYWRzXC8yMDI2XC8wMVwvbW9uc3RlcjguanBnIn0%3D\">\n\t\t\t\t\t\t\t<img loading=\"lazy\" decoding=\"async\" width=\"1024\" height=\"768\" src=\"https:\/\/ktautostyling.com\/wp-content\/uploads\/2026\/01\/monster8-1024x768.jpg\" class=\"attachment-large size-large wp-image-3046\" alt=\"Monster8 1024x768\" srcset=\"https:\/\/ktautostyling.com\/wp-content\/uploads\/2026\/01\/monster8-1024x768.jpg 1024w, https:\/\/ktautostyling.com\/wp-content\/uploads\/2026\/01\/monster8-300x225.jpg 300w, https:\/\/ktautostyling.com\/wp-content\/uploads\/2026\/01\/monster8-768x576.jpg 768w, https:\/\/ktautostyling.com\/wp-content\/uploads\/2026\/01\/monster8-1536x1152.jpg 1536w, https:\/\/ktautostyling.com\/wp-content\/uploads\/2026\/01\/monster8-16x12.jpg 16w, https:\/\/ktautostyling.com\/wp-content\/uploads\/2026\/01\/monster8.jpg 2048w\" sizes=\"(max-width: 1024px) 100vw, 1024px\" title=\"BMW E92 Monster Bodykit\">\t\t\t\t\t\t\t\t<\/a>\n\t\t\t\t\t\t\t\t\t\t\t\t\t\t\t<\/div>\n\t\t\t\t<\/div>\n\t\t\t\t<\/div>\n\t\t\t\t<div class=\"elementor-element elementor-element-9227de4 elementor-widget elementor-widget-button\" data-id=\"9227de4\" data-element_type=\"widget\" data-widget_type=\"button.default\">\n\t\t\t\t<div class=\"elementor-widget-container\">\n\t\t\t\t\t\t\t\t\t<div class=\"elementor-button-wrapper\">\n\t\t\t\t\t<a class=\"elementor-button elementor-button-link elementor-size-sm\" href=\"https:\/\/ktautostyling.com\/en\/projeler\/\">\n\t\t\t\t\t\t<span class=\"elementor-button-content-wrapper\">\n\t\t\t\t\t\t\t\t\t<span class=\"elementor-button-text\">Go back<\/span>\n\t\t\t\t\t<\/span>\n\t\t\t\t\t<\/a>\n\t\t\t\t<\/div>\n\t\t\t\t\t\t\t\t<\/div>\n\t\t\t\t<\/div>\n\t\t\t\t<div class=\"elementor-element elementor-element-406110e elementor-post-navigation-borders-yes elementor-widget elementor-widget-post-navigation\" data-id=\"406110e\" data-element_type=\"widget\" data-widget_type=\"post-navigation.default\">\n\t\t\t\t<div class=\"elementor-widget-container\">\n\t\t\t\t\t\t\t<div class=\"elementor-post-navigation\" role=\"navigation\" aria-label=\"Post Navigation\">\n\t\t\t<div class=\"elementor-post-navigation__prev elementor-post-navigation__link\">\n\t\t\t\t<a href=\"https:\/\/ktautostyling.com\/en\/projeler\/clk200-2\/\" rel=\"prev\"><span class=\"post-navigation__arrow-wrapper post-navigation__arrow-prev\"><i aria-hidden=\"true\" class=\"fas fa-angle-left\"><\/i><span class=\"elementor-screen-only\">Prev<\/span><\/span><span class=\"elementor-post-navigation__link__prev\"><span class=\"post-navigation__prev--label\">previous<\/span><span class=\"post-navigation__prev--title\">Mercedes CLK200<\/span><\/span><\/a>\t\t\t<\/div>\n\t\t\t\t\t\t\t<div class=\"elementor-post-navigation__separator-wrapper\">\n\t\t\t\t\t<div class=\"elementor-post-navigation__separator\"><\/div>\n\t\t\t\t<\/div>\n\t\t\t\t\t\t<div class=\"elementor-post-navigation__next elementor-post-navigation__link\">\n\t\t\t\t<a href=\"https:\/\/ktautostyling.com\/en\/projeler\/dodge\/\" rel=\"next\"><span class=\"elementor-post-navigation__link__next\"><span class=\"post-navigation__next--label\">next<\/span><span class=\"post-navigation__next--title\">Dodge Power Wagon<\/span><\/span><span class=\"post-navigation__arrow-wrapper post-navigation__arrow-next\"><i aria-hidden=\"true\" class=\"fas fa-angle-right\"><\/i><span class=\"elementor-screen-only\">Next<\/span><\/span><\/a>\t\t\t<\/div>\n\t\t<\/div>\n\t\t\t\t\t\t<\/div>\n\t\t\t\t<\/div>\n\t\t\t\t\t<\/div>\n\t\t\t\t<\/div>\n\t\t\t\t<\/div>","protected":false},"excerpt":{"rendered":"<p>E92 Monster Edition Baz\u0131 otomobiller sadece ula\u015f\u0131m i\u00e7indir, baz\u0131lar\u0131 ise yolun hakimi olmak i\u00e7in. BMW E92 &#8216;Monster&#8217; projemiz, s\u0131radanl\u0131\u011fa a\u00e7\u0131lm\u0131\u015f bir sava\u015ft\u0131r. Mat siyah g\u00f6vdesinin alt\u0131nda yatan agresif hatlar, \u00f6zel tasar\u0131m havaland\u0131rmal\u0131 &#8216;GTR&#8217; kaput ve arac\u0131 bir tank gibi g\u00f6steren geni\u015fletilmi\u015f \u00e7amurluklarla desteklendi. Arkadaki d\u00f6rt \u00e7\u0131k\u0131\u015fl\u0131 \u00f6zel egzoz sistemi ve kasl\u0131 dif\u00fcz\u00f6r yap\u0131s\u0131yla bu ara\u00e7, [&hellip;]<\/p>","protected":false},"author":1,"featured_media":0,"parent":1129,"menu_order":0,"comment_status":"closed","ping_status":"closed","template":"","meta":{"site-sidebar-layout":"no-sidebar","site-content-layout":"page-builder","ast-site-content-layout":"full-width-container","site-content-style":"unboxed","site-sidebar-style":"unboxed","ast-global-header-display":"","ast-banner-title-visibility":"","ast-main-header-display":"","ast-hfb-above-header-display":"","ast-hfb-below-header-display":"","ast-hfb-mobile-header-display":"","site-post-title":"disabled","ast-breadcrumbs-content":"","ast-featured-img":"disabled","footer-sml-layout":"","ast-disable-related-posts":"","theme-transparent-header-meta":"","adv-header-id-meta":"","stick-header-meta":"","header-above-stick-meta":"","header-main-stick-meta":"","header-below-stick-meta":"","astra-migrate-meta-layouts":"set","ast-page-background-enabled":"default","ast-page-background-meta":{"desktop":{"background-color":"","background-image":"","background-repeat":"repeat","background-position":"center center","background-size":"auto","background-attachment":"scroll","background-type":"","background-media":"","overlay-type":"","overlay-color":"","overlay-opacity":"","overlay-gradient":""},"tablet":{"background-color":"","background-image":"","background-repeat":"repeat","background-position":"center center","background-size":"auto","background-attachment":"scroll","background-type":"","background-media":"","overlay-type":"","overlay-color":"","overlay-opacity":"","overlay-gradient":""},"mobile":{"background-color":"","background-image":"","background-repeat":"repeat","background-position":"center center","background-size":"auto","background-attachment":"scroll","background-type":"","background-media":"","overlay-type":"","overlay-color":"","overlay-opacity":"","overlay-gradient":""}},"ast-content-background-meta":{"desktop":{"background-color":"var(--ast-global-color-5)","background-image":"","background-repeat":"repeat","background-position":"center center","background-size":"auto","background-attachment":"scroll","background-type":"","background-media":"","overlay-type":"","overlay-color":"","overlay-opacity":"","overlay-gradient":""},"tablet":{"background-color":"var(--ast-global-color-5)","background-image":"","background-repeat":"repeat","background-position":"center center","background-size":"auto","background-attachment":"scroll","background-type":"","background-media":"","overlay-type":"","overlay-color":"","overlay-opacity":"","overlay-gradient":""},"mobile":{"background-color":"var(--ast-global-color-5)","background-image":"","background-repeat":"repeat","background-position":"center center","background-size":"auto","background-attachment":"scroll","background-type":"","background-media":"","overlay-type":"","overlay-color":"","overlay-opacity":"","overlay-gradient":""}},"footnotes":""},"class_list":["post-3192","page","type-page","status-publish","hentry"],"_hostinger_reach_plugin_has_subscription_block":false,"_hostinger_reach_plugin_is_elementor":false,"_links":{"self":[{"href":"https:\/\/ktautostyling.com\/en\/wp-json\/wp\/v2\/pages\/3192","targetHints":{"allow":["GET"]}}],"collection":[{"href":"https:\/\/ktautostyling.com\/en\/wp-json\/wp\/v2\/pages"}],"about":[{"href":"https:\/\/ktautostyling.com\/en\/wp-json\/wp\/v2\/types\/page"}],"author":[{"embeddable":true,"href":"https:\/\/ktautostyling.com\/en\/wp-json\/wp\/v2\/users\/1"}],"replies":[{"embeddable":true,"href":"https:\/\/ktautostyling.com\/en\/wp-json\/wp\/v2\/comments?post=3192"}],"version-history":[{"count":0,"href":"https:\/\/ktautostyling.com\/en\/wp-json\/wp\/v2\/pages\/3192\/revisions"}],"up":[{"embeddable":true,"href":"https:\/\/ktautostyling.com\/en\/wp-json\/wp\/v2\/pages\/1129"}],"wp:attachment":[{"href":"https:\/\/ktautostyling.com\/en\/wp-json\/wp\/v2\/media?parent=3192"}],"curies":[{"name":"wp","href":"https:\/\/api.w.org\/{rel}","templated":true}]}}