{"id":3200,"date":"2026-01-12T20:50:10","date_gmt":"2026-01-12T20:50:10","guid":{"rendered":"https:\/\/ktautostyling.com\/?page_id=3200"},"modified":"2026-01-13T17:11:10","modified_gmt":"2026-01-13T17:11:10","slug":"dodge","status":"publish","type":"page","link":"https:\/\/ktautostyling.com\/en\/projeler\/dodge\/","title":{"rendered":"Dodge Power Wagon"},"content":{"rendered":"<div data-elementor-type=\"wp-page\" data-elementor-id=\"3200\" class=\"elementor elementor-3200\" data-elementor-post-type=\"page\">\n\t\t\t\t<div class=\"elementor-element elementor-element-c05553b e-flex e-con-boxed e-con e-parent\" data-id=\"c05553b\" data-element_type=\"container\" data-settings=\"{&quot;background_background&quot;:&quot;classic&quot;}\">\n\t\t\t\t\t<div class=\"e-con-inner\">\n\t\t\t\t<div class=\"elementor-element elementor-element-1ef2961 elementor-widget elementor-widget-text-editor\" data-id=\"1ef2961\" data-element_type=\"widget\" data-widget_type=\"text-editor.default\">\n\t\t\t\t<div class=\"elementor-widget-container\">\n\t\t\t\t\t\t\t\t\t<h2><span style=\"color: #ffffff;\">Classic on the outside, Rock'n'Roll on the inside: Custom Dodge Power Wagon<\/span><\/h2><p data-path-to-node=\"6\"><span style=\"color: #ffffff;\">Don't judge books by their covers, and don't judge cars by their exteriors either\u2026 This Dodge Power Wagon project, brought to life at the KT Autostyling workshop, is designed for those who like to try something unexpected.<\/span><\/p><p data-path-to-node=\"7\"><span style=\"color: #ffffff;\">From the outside, its burgundy color and black fenders give it the classic, elegant look of an American pickup truck. But when the doors open, a world without rules awaits you. Custom-designed metal-framed \u2018Skeleton\u2019 seats, green woven leather upholstery, camouflage-patterned door panels, and wood flooring\u2026 The only standard feature on this vehicle is the Dodge logo.<\/span><\/p>\t\t\t\t\t\t\t\t<\/div>\n\t\t\t\t<\/div>\n\t\t<div class=\"elementor-element elementor-element-beca208 e-grid e-con-full e-con e-child\" data-id=\"beca208\" data-element_type=\"container\" data-settings=\"{&quot;background_background&quot;:&quot;classic&quot;}\">\n\t\t\t\t<div class=\"elementor-element elementor-element-17d1589 elementor-widget elementor-widget-image\" data-id=\"17d1589\" data-element_type=\"widget\" data-widget_type=\"image.default\">\n\t\t\t\t<div class=\"elementor-widget-container\">\n\t\t\t\t\t\t\t\t\t\t\t\t\t\t\t\t<a href=\"https:\/\/ktautostyling.com\/wp-content\/uploads\/2026\/01\/dodgepower2.jpg\" data-elementor-open-lightbox=\"yes\" data-e-action-hash=\"#elementor-action%3Aaction%3Dlightbox%26settings%3DeyJpZCI6MzEwNSwidXJsIjoiaHR0cHM6XC9cL2t0YXV0b3N0eWxpbmcuY29tXC93cC1jb250ZW50XC91cGxvYWRzXC8yMDI2XC8wMVwvZG9kZ2Vwb3dlcjIuanBnIn0%3D\">\n\t\t\t\t\t\t\t<img fetchpriority=\"high\" decoding=\"async\" width=\"1024\" height=\"1024\" src=\"https:\/\/ktautostyling.com\/wp-content\/uploads\/2026\/01\/dodgepower2-1024x1024.jpg\" class=\"attachment-large size-large wp-image-3105\" alt=\"Dodgepower2 1024x1024\" srcset=\"https:\/\/ktautostyling.com\/wp-content\/uploads\/2026\/01\/dodgepower2-1024x1024.jpg 1024w, https:\/\/ktautostyling.com\/wp-content\/uploads\/2026\/01\/dodgepower2-300x300.jpg 300w, https:\/\/ktautostyling.com\/wp-content\/uploads\/2026\/01\/dodgepower2-150x150.jpg 150w, https:\/\/ktautostyling.com\/wp-content\/uploads\/2026\/01\/dodgepower2-768x768.jpg 768w, https:\/\/ktautostyling.com\/wp-content\/uploads\/2026\/01\/dodgepower2-12x12.jpg 12w, https:\/\/ktautostyling.com\/wp-content\/uploads\/2026\/01\/dodgepower2.jpg 1080w\" sizes=\"(max-width: 1024px) 100vw, 1024px\" title=\"Dodge Power Wagon\">\t\t\t\t\t\t\t\t<\/a>\n\t\t\t\t\t\t\t\t\t\t\t\t\t\t\t<\/div>\n\t\t\t\t<\/div>\n\t\t\t\t<div class=\"elementor-element elementor-element-1fe424a elementor-widget elementor-widget-video\" data-id=\"1fe424a\" data-element_type=\"widget\" data-settings=\"{&quot;video_type&quot;:&quot;hosted&quot;,&quot;controls&quot;:&quot;yes&quot;}\" data-widget_type=\"video.default\">\n\t\t\t\t<div class=\"elementor-widget-container\">\n\t\t\t\t\t\t\t<div class=\"e-hosted-video elementor-wrapper elementor-open-inline\">\n\t\t\t\t\t<video class=\"elementor-video\" src=\"https:\/\/ktautostyling.com\/wp-content\/uploads\/2026\/01\/dodgepower3.mp4\" controls=\"\" preload=\"metadata\" controlslist=\"nodownload\"><\/video>\n\t\t\t\t<\/div>\n\t\t\t\t\t\t<\/div>\n\t\t\t\t<\/div>\n\t\t\t\t<\/div>\n\t\t\t\t<div class=\"elementor-element elementor-element-ca9ba69 elementor-widget elementor-widget-button\" data-id=\"ca9ba69\" data-element_type=\"widget\" data-widget_type=\"button.default\">\n\t\t\t\t<div class=\"elementor-widget-container\">\n\t\t\t\t\t\t\t\t\t<div class=\"elementor-button-wrapper\">\n\t\t\t\t\t<a class=\"elementor-button elementor-button-link elementor-size-sm\" href=\"https:\/\/ktautostyling.com\/en\/projeler\/\">\n\t\t\t\t\t\t<span class=\"elementor-button-content-wrapper\">\n\t\t\t\t\t\t\t\t\t<span class=\"elementor-button-text\">Go back<\/span>\n\t\t\t\t\t<\/span>\n\t\t\t\t\t<\/a>\n\t\t\t\t<\/div>\n\t\t\t\t\t\t\t\t<\/div>\n\t\t\t\t<\/div>\n\t\t\t\t<div class=\"elementor-element elementor-element-0aba951 elementor-post-navigation-borders-yes elementor-widget elementor-widget-post-navigation\" data-id=\"0aba951\" data-element_type=\"widget\" data-widget_type=\"post-navigation.default\">\n\t\t\t\t<div class=\"elementor-widget-container\">\n\t\t\t\t\t\t\t<div class=\"elementor-post-navigation\" role=\"navigation\" aria-label=\"Post Navigation\">\n\t\t\t<div class=\"elementor-post-navigation__prev elementor-post-navigation__link\">\n\t\t\t\t<a href=\"https:\/\/ktautostyling.com\/en\/projeler\/monster\/\" rel=\"prev\"><span class=\"post-navigation__arrow-wrapper post-navigation__arrow-prev\"><i aria-hidden=\"true\" class=\"fas fa-angle-left\"><\/i><span class=\"elementor-screen-only\">Prev<\/span><\/span><span class=\"elementor-post-navigation__link__prev\"><span class=\"post-navigation__prev--label\">previous<\/span><span class=\"post-navigation__prev--title\">BMW E92 Monster Bodykit<\/span><\/span><\/a>\t\t\t<\/div>\n\t\t\t\t\t\t\t<div class=\"elementor-post-navigation__separator-wrapper\">\n\t\t\t\t\t<div class=\"elementor-post-navigation__separator\"><\/div>\n\t\t\t\t<\/div>\n\t\t\t\t\t\t<div class=\"elementor-post-navigation__next elementor-post-navigation__link\">\n\t\t\t\t<a href=\"https:\/\/ktautostyling.com\/en\/projeler\/yatgostergesi\/\" rel=\"next\"><span class=\"elementor-post-navigation__link__next\"><span class=\"post-navigation__next--label\">next<\/span><span class=\"post-navigation__next--title\">Yacht Indicator<\/span><\/span><span class=\"post-navigation__arrow-wrapper post-navigation__arrow-next\"><i aria-hidden=\"true\" class=\"fas fa-angle-right\"><\/i><span class=\"elementor-screen-only\">Next<\/span><\/span><\/a>\t\t\t<\/div>\n\t\t<\/div>\n\t\t\t\t\t\t<\/div>\n\t\t\t\t<\/div>\n\t\t\t\t\t<\/div>\n\t\t\t\t<\/div>\n\t\t\t\t<\/div>","protected":false},"excerpt":{"rendered":"<p>D\u0131\u015f\u0131 Klasik, \u0130\u00e7i Rock&#8217;n Roll: Custom Dodge Power Wagon Kitaplar\u0131 kapa\u011f\u0131na g\u00f6re yarg\u0131lamay\u0131n, otomobilleri de d\u0131\u015f g\u00f6r\u00fcn\u00fc\u015f\u00fcne g\u00f6re&#8230; KT Autostyling at\u00f6lyesinde hayat bulan bu Dodge Power Wagon projesi, ters k\u00f6\u015fe yapmay\u0131 sevenler i\u00e7in tasarland\u0131. D\u0131\u015far\u0131dan bak\u0131ld\u0131\u011f\u0131nda bordo rengi ve siyah \u00e7amurluklar\u0131yla klasik bir Amerikan kamyoneti asaletini koruyor. Ancak kap\u0131lar a\u00e7\u0131ld\u0131\u011f\u0131nda sizi kurallar\u0131n olmad\u0131\u011f\u0131 bir d\u00fcnya [&hellip;]<\/p>","protected":false},"author":1,"featured_media":0,"parent":1129,"menu_order":0,"comment_status":"closed","ping_status":"closed","template":"","meta":{"site-sidebar-layout":"no-sidebar","site-content-layout":"page-builder","ast-site-content-layout":"full-width-container","site-content-style":"unboxed","site-sidebar-style":"unboxed","ast-global-header-display":"","ast-banner-title-visibility":"","ast-main-header-display":"","ast-hfb-above-header-display":"","ast-hfb-below-header-display":"","ast-hfb-mobile-header-display":"","site-post-title":"disabled","ast-breadcrumbs-content":"","ast-featured-img":"disabled","footer-sml-layout":"","ast-disable-related-posts":"","theme-transparent-header-meta":"","adv-header-id-meta":"","stick-header-meta":"","header-above-stick-meta":"","header-main-stick-meta":"","header-below-stick-meta":"","astra-migrate-meta-layouts":"set","ast-page-background-enabled":"default","ast-page-background-meta":{"desktop":{"background-color":"","background-image":"","background-repeat":"repeat","background-position":"center center","background-size":"auto","background-attachment":"scroll","background-type":"","background-media":"","overlay-type":"","overlay-color":"","overlay-opacity":"","overlay-gradient":""},"tablet":{"background-color":"","background-image":"","background-repeat":"repeat","background-position":"center center","background-size":"auto","background-attachment":"scroll","background-type":"","background-media":"","overlay-type":"","overlay-color":"","overlay-opacity":"","overlay-gradient":""},"mobile":{"background-color":"","background-image":"","background-repeat":"repeat","background-position":"center center","background-size":"auto","background-attachment":"scroll","background-type":"","background-media":"","overlay-type":"","overlay-color":"","overlay-opacity":"","overlay-gradient":""}},"ast-content-background-meta":{"desktop":{"background-color":"var(--ast-global-color-5)","background-image":"","background-repeat":"repeat","background-position":"center center","background-size":"auto","background-attachment":"scroll","background-type":"","background-media":"","overlay-type":"","overlay-color":"","overlay-opacity":"","overlay-gradient":""},"tablet":{"background-color":"var(--ast-global-color-5)","background-image":"","background-repeat":"repeat","background-position":"center center","background-size":"auto","background-attachment":"scroll","background-type":"","background-media":"","overlay-type":"","overlay-color":"","overlay-opacity":"","overlay-gradient":""},"mobile":{"background-color":"var(--ast-global-color-5)","background-image":"","background-repeat":"repeat","background-position":"center center","background-size":"auto","background-attachment":"scroll","background-type":"","background-media":"","overlay-type":"","overlay-color":"","overlay-opacity":"","overlay-gradient":""}},"footnotes":""},"class_list":["post-3200","page","type-page","status-publish","hentry"],"_hostinger_reach_plugin_has_subscription_block":false,"_hostinger_reach_plugin_is_elementor":false,"_links":{"self":[{"href":"https:\/\/ktautostyling.com\/en\/wp-json\/wp\/v2\/pages\/3200","targetHints":{"allow":["GET"]}}],"collection":[{"href":"https:\/\/ktautostyling.com\/en\/wp-json\/wp\/v2\/pages"}],"about":[{"href":"https:\/\/ktautostyling.com\/en\/wp-json\/wp\/v2\/types\/page"}],"author":[{"embeddable":true,"href":"https:\/\/ktautostyling.com\/en\/wp-json\/wp\/v2\/users\/1"}],"replies":[{"embeddable":true,"href":"https:\/\/ktautostyling.com\/en\/wp-json\/wp\/v2\/comments?post=3200"}],"version-history":[{"count":0,"href":"https:\/\/ktautostyling.com\/en\/wp-json\/wp\/v2\/pages\/3200\/revisions"}],"up":[{"embeddable":true,"href":"https:\/\/ktautostyling.com\/en\/wp-json\/wp\/v2\/pages\/1129"}],"wp:attachment":[{"href":"https:\/\/ktautostyling.com\/en\/wp-json\/wp\/v2\/media?parent=3200"}],"curies":[{"name":"wp","href":"https:\/\/api.w.org\/{rel}","templated":true}]}}