{"id":3631,"date":"2026-01-13T17:26:01","date_gmt":"2026-01-13T17:26:01","guid":{"rendered":"https:\/\/ktautostyling.com\/?page_id=3631"},"modified":"2026-01-13T17:28:41","modified_gmt":"2026-01-13T17:28:41","slug":"yatgostergesi","status":"publish","type":"page","link":"https:\/\/ktautostyling.com\/en\/projeler\/yatgostergesi\/","title":{"rendered":"Yacht Indicator"},"content":{"rendered":"<div data-elementor-type=\"wp-page\" data-elementor-id=\"3631\" class=\"elementor elementor-3631\" data-elementor-post-type=\"page\">\n\t\t\t\t<div class=\"elementor-element elementor-element-3e48ab6f e-flex e-con-boxed e-con e-parent\" data-id=\"3e48ab6f\" data-element_type=\"container\" data-settings=\"{&quot;background_background&quot;:&quot;classic&quot;}\">\n\t\t\t\t\t<div class=\"e-con-inner\">\n\t\t\t\t<div class=\"elementor-element elementor-element-b96d266 elementor-widget elementor-widget-text-editor\" data-id=\"b96d266\" data-element_type=\"widget\" data-widget_type=\"text-editor.default\">\n\t\t\t\t<div class=\"elementor-widget-container\">\n\t\t\t\t\t\t\t\t\t<h2><span style=\"color: #ffffff;\">From Fiber Dust to Work of Art: Custom Yacht Console<\/span><\/h2><p data-path-to-node=\"6\"><span style=\"color: #ffffff;\">KT Autostyling quality is with you not only on the asphalt, but also on the blue waters. We designed and manufactured a standard and non-ergonomic boat instrument panel from scratch, tailored to the captain's needs.<\/span><\/p><p data-path-to-node=\"7\"><span style=\"color: #ffffff;\">Starting from the raw fiber molding stage, we created each gauge and display housing with millimeter precision. In the final stage, we applied <b data-path-to-node=\"7\" data-index-in-node=\"137\">&#8216;Red Carbon&#8217;<\/b> with its coating and high-gloss varnish finish, we've given the boat a modern and luxurious feel. This console, seamlessly integrated with Raymarine and Yanmar equipment, is a testament to handcrafted quality at sea.<\/span><\/p>\t\t\t\t\t\t\t\t<\/div>\n\t\t\t\t<\/div>\n\t\t<div class=\"elementor-element elementor-element-5fa8a203 e-grid e-con-full e-con e-child\" data-id=\"5fa8a203\" data-element_type=\"container\" data-settings=\"{&quot;background_background&quot;:&quot;classic&quot;}\">\n\t\t\t\t<div class=\"elementor-element elementor-element-183d48e1 elementor-widget elementor-widget-image\" data-id=\"183d48e1\" data-element_type=\"widget\" data-widget_type=\"image.default\">\n\t\t\t\t<div class=\"elementor-widget-container\">\n\t\t\t\t\t\t\t\t\t\t\t\t\t\t\t\t<a href=\"https:\/\/ktautostyling.com\/wp-content\/uploads\/2025\/12\/1.jpg\" data-elementor-open-lightbox=\"yes\" data-elementor-lightbox-description=\"&lt;b&gt;Yat G\u00f6stergesi&lt;\/b&gt;\" data-e-action-hash=\"#elementor-action%3Aaction%3Dlightbox%26settings%3DeyJpZCI6MTY2NiwidXJsIjoiaHR0cHM6XC9cL2t0YXV0b3N0eWxpbmcuY29tXC93cC1jb250ZW50XC91cGxvYWRzXC8yMDI1XC8xMlwvMS5qcGcifQ%3D%3D\">\n\t\t\t\t\t\t\t<img fetchpriority=\"high\" decoding=\"async\" width=\"1024\" height=\"1024\" src=\"https:\/\/ktautostyling.com\/wp-content\/uploads\/2025\/12\/1.jpg\" class=\"attachment-large size-large wp-image-1666\" alt=\"1\" srcset=\"https:\/\/ktautostyling.com\/wp-content\/uploads\/2025\/12\/1.jpg 1024w, https:\/\/ktautostyling.com\/wp-content\/uploads\/2025\/12\/1-300x300.jpg 300w, https:\/\/ktautostyling.com\/wp-content\/uploads\/2025\/12\/1-150x150.jpg 150w, https:\/\/ktautostyling.com\/wp-content\/uploads\/2025\/12\/1-768x768.jpg 768w, https:\/\/ktautostyling.com\/wp-content\/uploads\/2025\/12\/1-12x12.jpg 12w\" sizes=\"(max-width: 1024px) 100vw, 1024px\" title=\"Yacht Indicator\">\t\t\t\t\t\t\t\t<\/a>\n\t\t\t\t\t\t\t\t\t\t\t\t\t\t\t<\/div>\n\t\t\t\t<\/div>\n\t\t\t\t<div class=\"elementor-element elementor-element-5057e8a7 elementor-widget elementor-widget-image\" data-id=\"5057e8a7\" data-element_type=\"widget\" data-widget_type=\"image.default\">\n\t\t\t\t<div class=\"elementor-widget-container\">\n\t\t\t\t\t\t\t\t\t\t\t\t\t\t\t\t<a href=\"https:\/\/ktautostyling.com\/wp-content\/uploads\/2025\/12\/2-2.jpg\" data-elementor-open-lightbox=\"yes\" data-e-action-hash=\"#elementor-action%3Aaction%3Dlightbox%26settings%3DeyJpZCI6MTY2NywidXJsIjoiaHR0cHM6XC9cL2t0YXV0b3N0eWxpbmcuY29tXC93cC1jb250ZW50XC91cGxvYWRzXC8yMDI1XC8xMlwvMi0yLmpwZyJ9\">\n\t\t\t\t\t\t\t<img decoding=\"async\" width=\"1024\" height=\"1024\" src=\"https:\/\/ktautostyling.com\/wp-content\/uploads\/2025\/12\/2-2.jpg\" class=\"attachment-large size-large wp-image-1667\" alt=\"2 2\" srcset=\"https:\/\/ktautostyling.com\/wp-content\/uploads\/2025\/12\/2-2.jpg 1024w, https:\/\/ktautostyling.com\/wp-content\/uploads\/2025\/12\/2-2-300x300.jpg 300w, https:\/\/ktautostyling.com\/wp-content\/uploads\/2025\/12\/2-2-150x150.jpg 150w, https:\/\/ktautostyling.com\/wp-content\/uploads\/2025\/12\/2-2-768x768.jpg 768w, https:\/\/ktautostyling.com\/wp-content\/uploads\/2025\/12\/2-2-12x12.jpg 12w\" sizes=\"(max-width: 1024px) 100vw, 1024px\" title=\"Yacht Indicator\">\t\t\t\t\t\t\t\t<\/a>\n\t\t\t\t\t\t\t\t\t\t\t\t\t\t\t<\/div>\n\t\t\t\t<\/div>\n\t\t\t\t<div class=\"elementor-element elementor-element-6521891f elementor-widget elementor-widget-image\" data-id=\"6521891f\" data-element_type=\"widget\" data-widget_type=\"image.default\">\n\t\t\t\t<div class=\"elementor-widget-container\">\n\t\t\t\t\t\t\t\t\t\t\t\t\t\t\t\t<a href=\"https:\/\/ktautostyling.com\/wp-content\/uploads\/2026\/01\/47302904_2265742673450352_1719600159655985152_n.jpg\" data-elementor-open-lightbox=\"yes\" data-e-action-hash=\"#elementor-action%3Aaction%3Dlightbox%26settings%3DeyJpZCI6MzY0MywidXJsIjoiaHR0cHM6XC9cL2t0YXV0b3N0eWxpbmcuY29tXC93cC1jb250ZW50XC91cGxvYWRzXC8yMDI2XC8wMVwvNDczMDI5MDRfMjI2NTc0MjY3MzQ1MDM1Ml8xNzE5NjAwMTU5NjU1OTg1MTUyX24uanBnIn0%3D\">\n\t\t\t\t\t\t\t<img decoding=\"async\" width=\"960\" height=\"868\" src=\"https:\/\/ktautostyling.com\/wp-content\/uploads\/2026\/01\/47302904_2265742673450352_1719600159655985152_n.jpg\" class=\"attachment-large size-large wp-image-3643\" alt=\"47302904 2265742673450352 1719600159655985152 N\" srcset=\"https:\/\/ktautostyling.com\/wp-content\/uploads\/2026\/01\/47302904_2265742673450352_1719600159655985152_n.jpg 960w, https:\/\/ktautostyling.com\/wp-content\/uploads\/2026\/01\/47302904_2265742673450352_1719600159655985152_n-300x271.jpg 300w, https:\/\/ktautostyling.com\/wp-content\/uploads\/2026\/01\/47302904_2265742673450352_1719600159655985152_n-768x694.jpg 768w, https:\/\/ktautostyling.com\/wp-content\/uploads\/2026\/01\/47302904_2265742673450352_1719600159655985152_n-13x12.jpg 13w\" sizes=\"(max-width: 960px) 100vw, 960px\" title=\"Yacht Indicator\">\t\t\t\t\t\t\t\t<\/a>\n\t\t\t\t\t\t\t\t\t\t\t\t\t\t\t<\/div>\n\t\t\t\t<\/div>\n\t\t\t\t<\/div>\n\t\t\t\t<div class=\"elementor-element elementor-element-38ea0e88 elementor-widget elementor-widget-button\" data-id=\"38ea0e88\" data-element_type=\"widget\" data-widget_type=\"button.default\">\n\t\t\t\t<div class=\"elementor-widget-container\">\n\t\t\t\t\t\t\t\t\t<div class=\"elementor-button-wrapper\">\n\t\t\t\t\t<a class=\"elementor-button elementor-button-link elementor-size-sm\" href=\"https:\/\/ktautostyling.com\/en\/projeler\/\">\n\t\t\t\t\t\t<span class=\"elementor-button-content-wrapper\">\n\t\t\t\t\t\t\t\t\t<span class=\"elementor-button-text\">Go back<\/span>\n\t\t\t\t\t<\/span>\n\t\t\t\t\t<\/a>\n\t\t\t\t<\/div>\n\t\t\t\t\t\t\t\t<\/div>\n\t\t\t\t<\/div>\n\t\t\t\t<div class=\"elementor-element elementor-element-6c0cf59c elementor-post-navigation-borders-yes elementor-widget elementor-widget-post-navigation\" data-id=\"6c0cf59c\" data-element_type=\"widget\" data-widget_type=\"post-navigation.default\">\n\t\t\t\t<div class=\"elementor-widget-container\">\n\t\t\t\t\t\t\t<div class=\"elementor-post-navigation\" role=\"navigation\" aria-label=\"Post Navigation\">\n\t\t\t<div class=\"elementor-post-navigation__prev elementor-post-navigation__link\">\n\t\t\t\t<a href=\"https:\/\/ktautostyling.com\/en\/projeler\/dodge\/\" rel=\"prev\"><span class=\"post-navigation__arrow-wrapper post-navigation__arrow-prev\"><i aria-hidden=\"true\" class=\"fas fa-angle-left\"><\/i><span class=\"elementor-screen-only\">Prev<\/span><\/span><span class=\"elementor-post-navigation__link__prev\"><span class=\"post-navigation__prev--label\">previous<\/span><span class=\"post-navigation__prev--title\">Dodge Power Wagon<\/span><\/span><\/a>\t\t\t<\/div>\n\t\t\t\t\t\t\t<div class=\"elementor-post-navigation__separator-wrapper\">\n\t\t\t\t\t<div class=\"elementor-post-navigation__separator\"><\/div>\n\t\t\t\t<\/div>\n\t\t\t\t\t\t<div class=\"elementor-post-navigation__next elementor-post-navigation__link\">\n\t\t\t\t<a href=\"https:\/\/ktautostyling.com\/en\/projeler\/yedirenbus\/\" rel=\"next\"><span class=\"elementor-post-navigation__link__next\"><span class=\"post-navigation__next--label\">next<\/span><span class=\"post-navigation__next--title\">\u00c7engelk\u00f6y Kokore\u00e7\u00e7isi<\/span><\/span><span class=\"post-navigation__arrow-wrapper post-navigation__arrow-next\"><i aria-hidden=\"true\" class=\"fas fa-angle-right\"><\/i><span class=\"elementor-screen-only\">Next<\/span><\/span><\/a>\t\t\t<\/div>\n\t\t<\/div>\n\t\t\t\t\t\t<\/div>\n\t\t\t\t<\/div>\n\t\t\t\t\t<\/div>\n\t\t\t\t<\/div>\n\t\t\t\t<\/div>","protected":false},"excerpt":{"rendered":"<p>Fiber Tozundan Sanat Eserine: Custom Yat Konsolu KT Autostyling kalitesi sadece asfaltta de\u011fil, maviliklerde de sizinle. S\u0131radan ve ergonomik olmayan bir tekne g\u00f6sterge panelini, kaptan\u0131n ihtiya\u00e7lar\u0131na g\u00f6re s\u0131f\u0131rdan tasarlad\u0131k ve \u00fcrettik. Ham fiber kal\u0131plama a\u015famas\u0131ndan ba\u015flayarak, her bir g\u00f6sterge ve ekran yuvas\u0131n\u0131 milimetrik hassasiyetle olu\u015fturduk. Finalde uygulad\u0131\u011f\u0131m\u0131z &#8216;Red Carbon&#8217; (K\u0131rm\u0131z\u0131 Karbon) kaplama ve parlak vernik [&hellip;]<\/p>","protected":false},"author":1,"featured_media":0,"parent":1129,"menu_order":0,"comment_status":"closed","ping_status":"closed","template":"","meta":{"site-sidebar-layout":"no-sidebar","site-content-layout":"page-builder","ast-site-content-layout":"full-width-container","site-content-style":"default","site-sidebar-style":"default","ast-global-header-display":"","ast-banner-title-visibility":"","ast-main-header-display":"","ast-hfb-above-header-display":"","ast-hfb-below-header-display":"","ast-hfb-mobile-header-display":"","site-post-title":"disabled","ast-breadcrumbs-content":"","ast-featured-img":"disabled","footer-sml-layout":"","ast-disable-related-posts":"","theme-transparent-header-meta":"","adv-header-id-meta":"","stick-header-meta":"","header-above-stick-meta":"","header-main-stick-meta":"","header-below-stick-meta":"","astra-migrate-meta-layouts":"default","ast-page-background-enabled":"default","ast-page-background-meta":{"desktop":{"background-color":"","background-image":"","background-repeat":"repeat","background-position":"center center","background-size":"auto","background-attachment":"scroll","background-type":"","background-media":"","overlay-type":"","overlay-color":"","overlay-opacity":"","overlay-gradient":""},"tablet":{"background-color":"","background-image":"","background-repeat":"repeat","background-position":"center center","background-size":"auto","background-attachment":"scroll","background-type":"","background-media":"","overlay-type":"","overlay-color":"","overlay-opacity":"","overlay-gradient":""},"mobile":{"background-color":"","background-image":"","background-repeat":"repeat","background-position":"center center","background-size":"auto","background-attachment":"scroll","background-type":"","background-media":"","overlay-type":"","overlay-color":"","overlay-opacity":"","overlay-gradient":""}},"ast-content-background-meta":{"desktop":{"background-color":"var(--ast-global-color-5)","background-image":"","background-repeat":"repeat","background-position":"center center","background-size":"auto","background-attachment":"scroll","background-type":"","background-media":"","overlay-type":"","overlay-color":"","overlay-opacity":"","overlay-gradient":""},"tablet":{"background-color":"var(--ast-global-color-5)","background-image":"","background-repeat":"repeat","background-position":"center center","background-size":"auto","background-attachment":"scroll","background-type":"","background-media":"","overlay-type":"","overlay-color":"","overlay-opacity":"","overlay-gradient":""},"mobile":{"background-color":"var(--ast-global-color-5)","background-image":"","background-repeat":"repeat","background-position":"center center","background-size":"auto","background-attachment":"scroll","background-type":"","background-media":"","overlay-type":"","overlay-color":"","overlay-opacity":"","overlay-gradient":""}},"footnotes":""},"class_list":["post-3631","page","type-page","status-publish","hentry"],"_hostinger_reach_plugin_has_subscription_block":false,"_hostinger_reach_plugin_is_elementor":false,"_links":{"self":[{"href":"https:\/\/ktautostyling.com\/en\/wp-json\/wp\/v2\/pages\/3631","targetHints":{"allow":["GET"]}}],"collection":[{"href":"https:\/\/ktautostyling.com\/en\/wp-json\/wp\/v2\/pages"}],"about":[{"href":"https:\/\/ktautostyling.com\/en\/wp-json\/wp\/v2\/types\/page"}],"author":[{"embeddable":true,"href":"https:\/\/ktautostyling.com\/en\/wp-json\/wp\/v2\/users\/1"}],"replies":[{"embeddable":true,"href":"https:\/\/ktautostyling.com\/en\/wp-json\/wp\/v2\/comments?post=3631"}],"version-history":[{"count":0,"href":"https:\/\/ktautostyling.com\/en\/wp-json\/wp\/v2\/pages\/3631\/revisions"}],"up":[{"embeddable":true,"href":"https:\/\/ktautostyling.com\/en\/wp-json\/wp\/v2\/pages\/1129"}],"wp:attachment":[{"href":"https:\/\/ktautostyling.com\/en\/wp-json\/wp\/v2\/media?parent=3631"}],"curies":[{"name":"wp","href":"https:\/\/api.w.org\/{rel}","templated":true}]}}