{"id":3710,"date":"2026-01-13T22:25:16","date_gmt":"2026-01-13T22:25:16","guid":{"rendered":"https:\/\/ktautostyling.com\/?page_id=3710"},"modified":"2026-01-13T22:25:58","modified_gmt":"2026-01-13T22:25:58","slug":"300zxintercity","status":"publish","type":"page","link":"https:\/\/ktautostyling.com\/en\/projeler\/300zxintercity\/","title":{"rendered":"Nissan 300ZX Intercity"},"content":{"rendered":"<div data-elementor-type=\"wp-page\" data-elementor-id=\"3710\" class=\"elementor elementor-3710\" data-elementor-post-type=\"page\">\n\t\t\t\t<div class=\"elementor-element elementor-element-4882abd3 e-flex e-con-boxed e-con e-parent\" data-id=\"4882abd3\" data-element_type=\"container\" data-settings=\"{&quot;background_background&quot;:&quot;classic&quot;}\">\n\t\t\t\t\t<div class=\"e-con-inner\">\n\t\t\t\t<div class=\"elementor-element elementor-element-41612e33 elementor-widget elementor-widget-text-editor\" data-id=\"41612e33\" data-element_type=\"widget\" data-widget_type=\"text-editor.default\">\n\t\t\t\t<div class=\"elementor-widget-container\">\n\t\t\t\t\t\t\t\t\t<h2><span style=\"color: #ffffff;\">The White Pearl of the Intercity Fair: Widebody 300ZX<\/span><\/h2><p data-path-to-node=\"6\"><span style=\"color: #ffffff;\">The KT Autostyling buzz swept through Intercity Istanbul Park, the hub of speed and passion. The Nissan 300ZX, one of the most iconic models in Japanese automotive history, stole all the attention at our booth.<\/span><\/p><p data-path-to-node=\"7\"><span style=\"color: #ffffff;\">Custom design applied to the car <b data-path-to-node=\"7\" data-index-in-node=\"33\">Widebody<\/b> ,With its kit, aerodynamic bumper structure, and special ventilated bonnet design, we've transformed the Z32 chassis into a modern supercar. This project, which both reflects the spirit of the track and shines under the show lights, is the clearest indication of our vision.<\/span><\/p>\t\t\t\t\t\t\t\t<\/div>\n\t\t\t\t<\/div>\n\t\t<div class=\"elementor-element elementor-element-6d076454 e-grid e-con-full e-con e-child\" data-id=\"6d076454\" data-element_type=\"container\" data-settings=\"{&quot;background_background&quot;:&quot;classic&quot;}\">\n\t\t\t\t<div class=\"elementor-element elementor-element-4ebeeb05 elementor-widget elementor-widget-image\" data-id=\"4ebeeb05\" data-element_type=\"widget\" data-widget_type=\"image.default\">\n\t\t\t\t<div class=\"elementor-widget-container\">\n\t\t\t\t\t\t\t\t\t\t\t\t\t\t\t\t<a href=\"https:\/\/ktautostyling.com\/wp-content\/uploads\/2026\/01\/480289856_2567241113466654_8171431693865639908_n.jpg\" data-elementor-open-lightbox=\"yes\" data-e-action-hash=\"#elementor-action%3Aaction%3Dlightbox%26settings%3DeyJpZCI6MzY5NywidXJsIjoiaHR0cHM6XC9cL2t0YXV0b3N0eWxpbmcuY29tXC93cC1jb250ZW50XC91cGxvYWRzXC8yMDI2XC8wMVwvNDgwMjg5ODU2XzI1NjcyNDExMTM0NjY2NTRfODE3MTQzMTY5Mzg2NTYzOTkwOF9uLmpwZyJ9\">\n\t\t\t\t\t\t\t<img fetchpriority=\"high\" decoding=\"async\" width=\"1024\" height=\"1024\" src=\"https:\/\/ktautostyling.com\/wp-content\/uploads\/2026\/01\/480289856_2567241113466654_8171431693865639908_n-1024x1024.jpg\" class=\"attachment-large size-large wp-image-3697\" alt=\"480289856 2567241113466654 8171431693865639908 N 1024x1024\" srcset=\"https:\/\/ktautostyling.com\/wp-content\/uploads\/2026\/01\/480289856_2567241113466654_8171431693865639908_n-1024x1024.jpg 1024w, https:\/\/ktautostyling.com\/wp-content\/uploads\/2026\/01\/480289856_2567241113466654_8171431693865639908_n-300x300.jpg 300w, https:\/\/ktautostyling.com\/wp-content\/uploads\/2026\/01\/480289856_2567241113466654_8171431693865639908_n-150x150.jpg 150w, https:\/\/ktautostyling.com\/wp-content\/uploads\/2026\/01\/480289856_2567241113466654_8171431693865639908_n-768x768.jpg 768w, https:\/\/ktautostyling.com\/wp-content\/uploads\/2026\/01\/480289856_2567241113466654_8171431693865639908_n-12x12.jpg 12w, https:\/\/ktautostyling.com\/wp-content\/uploads\/2026\/01\/480289856_2567241113466654_8171431693865639908_n.jpg 1254w\" sizes=\"(max-width: 1024px) 100vw, 1024px\" title=\"Nissan 300ZX Intercity\">\t\t\t\t\t\t\t\t<\/a>\n\t\t\t\t\t\t\t\t\t\t\t\t\t\t\t<\/div>\n\t\t\t\t<\/div>\n\t\t\t\t<div class=\"elementor-element elementor-element-754b867e elementor-widget elementor-widget-image\" data-id=\"754b867e\" data-element_type=\"widget\" data-widget_type=\"image.default\">\n\t\t\t\t<div class=\"elementor-widget-container\">\n\t\t\t\t\t\t\t\t\t\t\t\t\t\t\t\t<a href=\"https:\/\/ktautostyling.com\/wp-content\/uploads\/2026\/01\/480314920_2567241373466628_6382349769978015546_n.jpg\" data-elementor-open-lightbox=\"yes\" data-e-action-hash=\"#elementor-action%3Aaction%3Dlightbox%26settings%3DeyJpZCI6MzcxMywidXJsIjoiaHR0cHM6XC9cL2t0YXV0b3N0eWxpbmcuY29tXC93cC1jb250ZW50XC91cGxvYWRzXC8yMDI2XC8wMVwvNDgwMzE0OTIwXzI1NjcyNDEzNzM0NjY2MjhfNjM4MjM0OTc2OTk3ODAxNTU0Nl9uLmpwZyJ9\">\n\t\t\t\t\t\t\t<img decoding=\"async\" width=\"1024\" height=\"1024\" src=\"https:\/\/ktautostyling.com\/wp-content\/uploads\/2026\/01\/480314920_2567241373466628_6382349769978015546_n-1024x1024.jpg\" class=\"attachment-large size-large wp-image-3713\" alt=\"480314920 2567241373466628 6382349769978015546 N 1024x1024\" srcset=\"https:\/\/ktautostyling.com\/wp-content\/uploads\/2026\/01\/480314920_2567241373466628_6382349769978015546_n-1024x1024.jpg 1024w, https:\/\/ktautostyling.com\/wp-content\/uploads\/2026\/01\/480314920_2567241373466628_6382349769978015546_n-300x300.jpg 300w, https:\/\/ktautostyling.com\/wp-content\/uploads\/2026\/01\/480314920_2567241373466628_6382349769978015546_n-150x150.jpg 150w, https:\/\/ktautostyling.com\/wp-content\/uploads\/2026\/01\/480314920_2567241373466628_6382349769978015546_n-768x768.jpg 768w, https:\/\/ktautostyling.com\/wp-content\/uploads\/2026\/01\/480314920_2567241373466628_6382349769978015546_n-12x12.jpg 12w, https:\/\/ktautostyling.com\/wp-content\/uploads\/2026\/01\/480314920_2567241373466628_6382349769978015546_n.jpg 1254w\" sizes=\"(max-width: 1024px) 100vw, 1024px\" title=\"Nissan 300ZX Intercity\">\t\t\t\t\t\t\t\t<\/a>\n\t\t\t\t\t\t\t\t\t\t\t\t\t\t\t<\/div>\n\t\t\t\t<\/div>\n\t\t\t\t<div class=\"elementor-element elementor-element-58486cb2 elementor-widget elementor-widget-image\" data-id=\"58486cb2\" data-element_type=\"widget\" data-widget_type=\"image.default\">\n\t\t\t\t<div class=\"elementor-widget-container\">\n\t\t\t\t\t\t\t\t\t\t\t\t\t\t\t\t<a href=\"https:\/\/ktautostyling.com\/wp-content\/uploads\/2026\/01\/480180383_2567241156799983_6376388441311097804_n.jpg\" data-elementor-open-lightbox=\"yes\" data-e-action-hash=\"#elementor-action%3Aaction%3Dlightbox%26settings%3DeyJpZCI6MzcxNiwidXJsIjoiaHR0cHM6XC9cL2t0YXV0b3N0eWxpbmcuY29tXC93cC1jb250ZW50XC91cGxvYWRzXC8yMDI2XC8wMVwvNDgwMTgwMzgzXzI1NjcyNDExNTY3OTk5ODNfNjM3NjM4ODQ0MTMxMTA5NzgwNF9uLmpwZyJ9\">\n\t\t\t\t\t\t\t<img decoding=\"async\" width=\"1024\" height=\"1024\" src=\"https:\/\/ktautostyling.com\/wp-content\/uploads\/2026\/01\/480180383_2567241156799983_6376388441311097804_n-1024x1024.jpg\" class=\"attachment-large size-large wp-image-3716\" alt=\"480180383 2567241156799983 6376388441311097804 N 1024x1024\" srcset=\"https:\/\/ktautostyling.com\/wp-content\/uploads\/2026\/01\/480180383_2567241156799983_6376388441311097804_n-1024x1024.jpg 1024w, https:\/\/ktautostyling.com\/wp-content\/uploads\/2026\/01\/480180383_2567241156799983_6376388441311097804_n-300x300.jpg 300w, https:\/\/ktautostyling.com\/wp-content\/uploads\/2026\/01\/480180383_2567241156799983_6376388441311097804_n-150x150.jpg 150w, https:\/\/ktautostyling.com\/wp-content\/uploads\/2026\/01\/480180383_2567241156799983_6376388441311097804_n-768x768.jpg 768w, https:\/\/ktautostyling.com\/wp-content\/uploads\/2026\/01\/480180383_2567241156799983_6376388441311097804_n-12x12.jpg 12w, https:\/\/ktautostyling.com\/wp-content\/uploads\/2026\/01\/480180383_2567241156799983_6376388441311097804_n.jpg 1254w\" sizes=\"(max-width: 1024px) 100vw, 1024px\" title=\"Nissan 300ZX Intercity\">\t\t\t\t\t\t\t\t<\/a>\n\t\t\t\t\t\t\t\t\t\t\t\t\t\t\t<\/div>\n\t\t\t\t<\/div>\n\t\t\t\t<div class=\"elementor-element elementor-element-2bc7ceec elementor-widget elementor-widget-image\" data-id=\"2bc7ceec\" data-element_type=\"widget\" data-widget_type=\"image.default\">\n\t\t\t\t<div class=\"elementor-widget-container\">\n\t\t\t\t\t\t\t\t\t\t\t\t\t\t\t\t<a href=\"https:\/\/ktautostyling.com\/wp-content\/uploads\/2026\/01\/480096976_2567241423466623_547272692264166089_n.jpg\" data-elementor-open-lightbox=\"yes\" data-e-action-hash=\"#elementor-action%3Aaction%3Dlightbox%26settings%3DeyJpZCI6MzcxNSwidXJsIjoiaHR0cHM6XC9cL2t0YXV0b3N0eWxpbmcuY29tXC93cC1jb250ZW50XC91cGxvYWRzXC8yMDI2XC8wMVwvNDgwMDk2OTc2XzI1NjcyNDE0MjM0NjY2MjNfNTQ3MjcyNjkyMjY0MTY2MDg5X24uanBnIn0%3D\">\n\t\t\t\t\t\t\t<img loading=\"lazy\" decoding=\"async\" width=\"1024\" height=\"1024\" src=\"https:\/\/ktautostyling.com\/wp-content\/uploads\/2026\/01\/480096976_2567241423466623_547272692264166089_n-1024x1024.jpg\" class=\"attachment-large size-large wp-image-3715\" alt=\"480096976 2567241423466623 547272692264166089 N 1024x1024\" srcset=\"https:\/\/ktautostyling.com\/wp-content\/uploads\/2026\/01\/480096976_2567241423466623_547272692264166089_n-1024x1024.jpg 1024w, https:\/\/ktautostyling.com\/wp-content\/uploads\/2026\/01\/480096976_2567241423466623_547272692264166089_n-300x300.jpg 300w, https:\/\/ktautostyling.com\/wp-content\/uploads\/2026\/01\/480096976_2567241423466623_547272692264166089_n-150x150.jpg 150w, https:\/\/ktautostyling.com\/wp-content\/uploads\/2026\/01\/480096976_2567241423466623_547272692264166089_n-768x768.jpg 768w, https:\/\/ktautostyling.com\/wp-content\/uploads\/2026\/01\/480096976_2567241423466623_547272692264166089_n-12x12.jpg 12w, https:\/\/ktautostyling.com\/wp-content\/uploads\/2026\/01\/480096976_2567241423466623_547272692264166089_n.jpg 1254w\" sizes=\"(max-width: 1024px) 100vw, 1024px\" title=\"Nissan 300ZX Intercity\">\t\t\t\t\t\t\t\t<\/a>\n\t\t\t\t\t\t\t\t\t\t\t\t\t\t\t<\/div>\n\t\t\t\t<\/div>\n\t\t\t\t<div class=\"elementor-element elementor-element-15609ba elementor-widget elementor-widget-image\" data-id=\"15609ba\" data-element_type=\"widget\" data-widget_type=\"image.default\">\n\t\t\t\t<div class=\"elementor-widget-container\">\n\t\t\t\t\t\t\t\t\t\t\t\t\t\t\t\t<a href=\"https:\/\/ktautostyling.com\/wp-content\/uploads\/2026\/01\/480034988_2567241390133293_4529145824608504613_n.jpg\" data-elementor-open-lightbox=\"yes\" data-e-action-hash=\"#elementor-action%3Aaction%3Dlightbox%26settings%3DeyJpZCI6MzcxNCwidXJsIjoiaHR0cHM6XC9cL2t0YXV0b3N0eWxpbmcuY29tXC93cC1jb250ZW50XC91cGxvYWRzXC8yMDI2XC8wMVwvNDgwMDM0OTg4XzI1NjcyNDEzOTAxMzMyOTNfNDUyOTE0NTgyNDYwODUwNDYxM19uLmpwZyJ9\">\n\t\t\t\t\t\t\t<img loading=\"lazy\" decoding=\"async\" width=\"1024\" height=\"1024\" src=\"https:\/\/ktautostyling.com\/wp-content\/uploads\/2026\/01\/480034988_2567241390133293_4529145824608504613_n-1024x1024.jpg\" class=\"attachment-large size-large wp-image-3714\" alt=\"480034988 2567241390133293 4529145824608504613 N 1024x1024\" srcset=\"https:\/\/ktautostyling.com\/wp-content\/uploads\/2026\/01\/480034988_2567241390133293_4529145824608504613_n-1024x1024.jpg 1024w, https:\/\/ktautostyling.com\/wp-content\/uploads\/2026\/01\/480034988_2567241390133293_4529145824608504613_n-300x300.jpg 300w, https:\/\/ktautostyling.com\/wp-content\/uploads\/2026\/01\/480034988_2567241390133293_4529145824608504613_n-150x150.jpg 150w, https:\/\/ktautostyling.com\/wp-content\/uploads\/2026\/01\/480034988_2567241390133293_4529145824608504613_n-768x768.jpg 768w, https:\/\/ktautostyling.com\/wp-content\/uploads\/2026\/01\/480034988_2567241390133293_4529145824608504613_n-12x12.jpg 12w, https:\/\/ktautostyling.com\/wp-content\/uploads\/2026\/01\/480034988_2567241390133293_4529145824608504613_n.jpg 1254w\" sizes=\"(max-width: 1024px) 100vw, 1024px\" title=\"Nissan 300ZX Intercity\">\t\t\t\t\t\t\t\t<\/a>\n\t\t\t\t\t\t\t\t\t\t\t\t\t\t\t<\/div>\n\t\t\t\t<\/div>\n\t\t\t\t<div class=\"elementor-element elementor-element-7f374552 elementor-widget elementor-widget-image\" data-id=\"7f374552\" data-element_type=\"widget\" data-widget_type=\"image.default\">\n\t\t\t\t<div class=\"elementor-widget-container\">\n\t\t\t\t\t\t\t\t\t\t\t\t\t\t\t\t<a href=\"https:\/\/ktautostyling.com\/wp-content\/uploads\/2026\/01\/480302957_2567241353466630_4986234084495257671_n.jpg\" data-elementor-open-lightbox=\"yes\" data-e-action-hash=\"#elementor-action%3Aaction%3Dlightbox%26settings%3DeyJpZCI6MzcxMiwidXJsIjoiaHR0cHM6XC9cL2t0YXV0b3N0eWxpbmcuY29tXC93cC1jb250ZW50XC91cGxvYWRzXC8yMDI2XC8wMVwvNDgwMzAyOTU3XzI1NjcyNDEzNTM0NjY2MzBfNDk4NjIzNDA4NDQ5NTI1NzY3MV9uLmpwZyJ9\">\n\t\t\t\t\t\t\t<img loading=\"lazy\" decoding=\"async\" width=\"1024\" height=\"1024\" src=\"https:\/\/ktautostyling.com\/wp-content\/uploads\/2026\/01\/480302957_2567241353466630_4986234084495257671_n-1024x1024.jpg\" class=\"attachment-large size-large wp-image-3712\" alt=\"480302957 2567241353466630 4986234084495257671 N 1024x1024\" srcset=\"https:\/\/ktautostyling.com\/wp-content\/uploads\/2026\/01\/480302957_2567241353466630_4986234084495257671_n-1024x1024.jpg 1024w, https:\/\/ktautostyling.com\/wp-content\/uploads\/2026\/01\/480302957_2567241353466630_4986234084495257671_n-300x300.jpg 300w, https:\/\/ktautostyling.com\/wp-content\/uploads\/2026\/01\/480302957_2567241353466630_4986234084495257671_n-150x150.jpg 150w, https:\/\/ktautostyling.com\/wp-content\/uploads\/2026\/01\/480302957_2567241353466630_4986234084495257671_n-768x768.jpg 768w, https:\/\/ktautostyling.com\/wp-content\/uploads\/2026\/01\/480302957_2567241353466630_4986234084495257671_n-12x12.jpg 12w, https:\/\/ktautostyling.com\/wp-content\/uploads\/2026\/01\/480302957_2567241353466630_4986234084495257671_n.jpg 1254w\" sizes=\"(max-width: 1024px) 100vw, 1024px\" title=\"Nissan 300ZX Intercity\">\t\t\t\t\t\t\t\t<\/a>\n\t\t\t\t\t\t\t\t\t\t\t\t\t\t\t<\/div>\n\t\t\t\t<\/div>\n\t\t\t\t<\/div>\n\t\t\t\t<div class=\"elementor-element elementor-element-2adaf1b7 elementor-widget elementor-widget-button\" data-id=\"2adaf1b7\" data-element_type=\"widget\" data-widget_type=\"button.default\">\n\t\t\t\t<div class=\"elementor-widget-container\">\n\t\t\t\t\t\t\t\t\t<div class=\"elementor-button-wrapper\">\n\t\t\t\t\t<a class=\"elementor-button elementor-button-link elementor-size-sm\" href=\"https:\/\/ktautostyling.com\/en\/projeler\/\">\n\t\t\t\t\t\t<span class=\"elementor-button-content-wrapper\">\n\t\t\t\t\t\t\t\t\t<span class=\"elementor-button-text\">Go back<\/span>\n\t\t\t\t\t<\/span>\n\t\t\t\t\t<\/a>\n\t\t\t\t<\/div>\n\t\t\t\t\t\t\t\t<\/div>\n\t\t\t\t<\/div>\n\t\t\t\t<div class=\"elementor-element elementor-element-500d9934 elementor-post-navigation-borders-yes elementor-widget elementor-widget-post-navigation\" data-id=\"500d9934\" data-element_type=\"widget\" data-widget_type=\"post-navigation.default\">\n\t\t\t\t<div class=\"elementor-widget-container\">\n\t\t\t\t\t\t\t<div class=\"elementor-post-navigation\" role=\"navigation\" aria-label=\"Post Navigation\">\n\t\t\t<div class=\"elementor-post-navigation__prev elementor-post-navigation__link\">\n\t\t\t\t<a href=\"https:\/\/ktautostyling.com\/en\/projeler\/yedirenbus\/\" rel=\"prev\"><span class=\"post-navigation__arrow-wrapper post-navigation__arrow-prev\"><i aria-hidden=\"true\" class=\"fas fa-angle-left\"><\/i><span class=\"elementor-screen-only\">Prev<\/span><\/span><span class=\"elementor-post-navigation__link__prev\"><span class=\"post-navigation__prev--label\">previous<\/span><span class=\"post-navigation__prev--title\">\u00c7engelk\u00f6y Kokore\u00e7\u00e7isi<\/span><\/span><\/a>\t\t\t<\/div>\n\t\t\t\t\t\t\t<div class=\"elementor-post-navigation__separator-wrapper\">\n\t\t\t\t\t<div class=\"elementor-post-navigation__separator\"><\/div>\n\t\t\t\t<\/div>\n\t\t\t\t\t\t<div class=\"elementor-post-navigation__next elementor-post-navigation__link\">\n\t\t\t\t<a href=\"https:\/\/ktautostyling.com\/en\/projeler\/prohotech\/\" rel=\"next\"><span class=\"elementor-post-navigation__link__next\"><span class=\"post-navigation__next--label\">next<\/span><span class=\"post-navigation__next--title\">Prohotech Minibar Systems<\/span><\/span><span class=\"post-navigation__arrow-wrapper post-navigation__arrow-next\"><i aria-hidden=\"true\" class=\"fas fa-angle-right\"><\/i><span class=\"elementor-screen-only\">Next<\/span><\/span><\/a>\t\t\t<\/div>\n\t\t<\/div>\n\t\t\t\t\t\t<\/div>\n\t\t\t\t<\/div>\n\t\t\t\t\t<\/div>\n\t\t\t\t<\/div>\n\t\t\t\t<\/div>","protected":false},"excerpt":{"rendered":"<p>Intercity Fuar\u0131n\u0131n Beyaz \u0130ncisi: Widebody 300ZX H\u0131z\u0131n ve tutkunun merkezi Intercity \u0130stanbul Park&#8217;ta, KT Autostyling r\u00fczgar\u0131 esti. Japon otomotiv tarihinin en ikonik modellerinden biri olan Nissan 300ZX, fuar stand\u0131m\u0131zda t\u00fcm dikkatleri \u00fczerine \u00e7ekti. Araca uygulad\u0131\u011f\u0131m\u0131z \u00f6zel tasar\u0131m Widebody (geni\u015f g\u00f6vde) kiti, aerodinamik tampon yap\u0131s\u0131 ve \u00f6zel havaland\u0131rmal\u0131 kaput tasar\u0131m\u0131yla, Z32 kasay\u0131 modern bir s\u00fcper spor [&hellip;]<\/p>","protected":false},"author":1,"featured_media":0,"parent":1129,"menu_order":0,"comment_status":"closed","ping_status":"closed","template":"","meta":{"site-sidebar-layout":"no-sidebar","site-content-layout":"page-builder","ast-site-content-layout":"full-width-container","site-content-style":"default","site-sidebar-style":"default","ast-global-header-display":"","ast-banner-title-visibility":"","ast-main-header-display":"","ast-hfb-above-header-display":"","ast-hfb-below-header-display":"","ast-hfb-mobile-header-display":"","site-post-title":"disabled","ast-breadcrumbs-content":"","ast-featured-img":"disabled","footer-sml-layout":"","ast-disable-related-posts":"","theme-transparent-header-meta":"","adv-header-id-meta":"","stick-header-meta":"","header-above-stick-meta":"","header-main-stick-meta":"","header-below-stick-meta":"","astra-migrate-meta-layouts":"default","ast-page-background-enabled":"default","ast-page-background-meta":{"desktop":{"background-color":"","background-image":"","background-repeat":"repeat","background-position":"center center","background-size":"auto","background-attachment":"scroll","background-type":"","background-media":"","overlay-type":"","overlay-color":"","overlay-opacity":"","overlay-gradient":""},"tablet":{"background-color":"","background-image":"","background-repeat":"repeat","background-position":"center center","background-size":"auto","background-attachment":"scroll","background-type":"","background-media":"","overlay-type":"","overlay-color":"","overlay-opacity":"","overlay-gradient":""},"mobile":{"background-color":"","background-image":"","background-repeat":"repeat","background-position":"center center","background-size":"auto","background-attachment":"scroll","background-type":"","background-media":"","overlay-type":"","overlay-color":"","overlay-opacity":"","overlay-gradient":""}},"ast-content-background-meta":{"desktop":{"background-color":"var(--ast-global-color-5)","background-image":"","background-repeat":"repeat","background-position":"center center","background-size":"auto","background-attachment":"scroll","background-type":"","background-media":"","overlay-type":"","overlay-color":"","overlay-opacity":"","overlay-gradient":""},"tablet":{"background-color":"var(--ast-global-color-5)","background-image":"","background-repeat":"repeat","background-position":"center center","background-size":"auto","background-attachment":"scroll","background-type":"","background-media":"","overlay-type":"","overlay-color":"","overlay-opacity":"","overlay-gradient":""},"mobile":{"background-color":"var(--ast-global-color-5)","background-image":"","background-repeat":"repeat","background-position":"center center","background-size":"auto","background-attachment":"scroll","background-type":"","background-media":"","overlay-type":"","overlay-color":"","overlay-opacity":"","overlay-gradient":""}},"footnotes":""},"class_list":["post-3710","page","type-page","status-publish","hentry"],"_hostinger_reach_plugin_has_subscription_block":false,"_hostinger_reach_plugin_is_elementor":false,"_links":{"self":[{"href":"https:\/\/ktautostyling.com\/en\/wp-json\/wp\/v2\/pages\/3710","targetHints":{"allow":["GET"]}}],"collection":[{"href":"https:\/\/ktautostyling.com\/en\/wp-json\/wp\/v2\/pages"}],"about":[{"href":"https:\/\/ktautostyling.com\/en\/wp-json\/wp\/v2\/types\/page"}],"author":[{"embeddable":true,"href":"https:\/\/ktautostyling.com\/en\/wp-json\/wp\/v2\/users\/1"}],"replies":[{"embeddable":true,"href":"https:\/\/ktautostyling.com\/en\/wp-json\/wp\/v2\/comments?post=3710"}],"version-history":[{"count":0,"href":"https:\/\/ktautostyling.com\/en\/wp-json\/wp\/v2\/pages\/3710\/revisions"}],"up":[{"embeddable":true,"href":"https:\/\/ktautostyling.com\/en\/wp-json\/wp\/v2\/pages\/1129"}],"wp:attachment":[{"href":"https:\/\/ktautostyling.com\/en\/wp-json\/wp\/v2\/media?parent=3710"}],"curies":[{"name":"wp","href":"https:\/\/api.w.org\/{rel}","templated":true}]}}