{"id":3803,"date":"2026-01-13T23:22:45","date_gmt":"2026-01-13T23:22:45","guid":{"rendered":"https:\/\/ktautostyling.com\/?page_id=3803"},"modified":"2026-01-14T00:16:37","modified_gmt":"2026-01-14T00:16:37","slug":"hisarart","status":"publish","type":"page","link":"https:\/\/ktautostyling.com\/en\/projeler\/hisarart\/","title":{"rendered":"Hisar Art"},"content":{"rendered":"<div data-elementor-type=\"wp-page\" data-elementor-id=\"3803\" class=\"elementor elementor-3803\" data-elementor-post-type=\"page\">\n\t\t\t\t<div class=\"elementor-element elementor-element-5fbd9627 e-flex e-con-boxed e-con e-parent\" data-id=\"5fbd9627\" data-element_type=\"container\" data-settings=\"{&quot;background_background&quot;:&quot;classic&quot;}\">\n\t\t\t\t\t<div class=\"e-con-inner\">\n\t\t\t\t<div class=\"elementor-element elementor-element-1e9033b0 elementor-widget elementor-widget-text-editor\" data-id=\"1e9033b0\" data-element_type=\"widget\" data-widget_type=\"text-editor.default\">\n\t\t\t\t<div class=\"elementor-widget-container\">\n\t\t\t\t\t\t\t\t\t<h2><span style=\"color: #ffffff;\">Where Fiber Transforms into Art: Hisar Art Film Project<\/span><\/h2><p data-path-to-node=\"6\"><span style=\"color: #ffffff;\">At KT Autostyling, the limits are defined by your imagination. We combine our expertise in fiber and molding in the automotive world with... <b data-path-to-node=\"6\" data-index-in-node=\"111\">Hisar Art<\/b> we crowned it with this colossal work of art that we prepared for it.<\/span><\/p><p data-path-to-node=\"7\"><span style=\"color: #ffffff;\">In our workshop, we meticulously crafted a gigantic elephant figure, almost like clay, and then, using special texture studies and painting techniques, we clothed it in metallic armor. With its red eye detail and majestic presence, this project, now displayed on the wall, proves how skillfully crafted materials can transform into a masterpiece. For us, nothing is impossible, it just takes a little time.<\/span><\/p>\t\t\t\t\t\t\t\t<\/div>\n\t\t\t\t<\/div>\n\t\t<div class=\"elementor-element elementor-element-1b86f3ab e-grid e-con-full e-con e-child\" data-id=\"1b86f3ab\" data-element_type=\"container\" data-settings=\"{&quot;background_background&quot;:&quot;classic&quot;}\">\n\t\t\t\t<div class=\"elementor-element elementor-element-5372b703 elementor-widget elementor-widget-image\" data-id=\"5372b703\" data-element_type=\"widget\" data-widget_type=\"image.default\">\n\t\t\t\t<div class=\"elementor-widget-container\">\n\t\t\t\t\t\t\t\t\t\t\t\t\t\t\t\t<a href=\"https:\/\/ktautostyling.com\/wp-content\/uploads\/2026\/01\/hisar-art-fil.jpg\" data-elementor-open-lightbox=\"yes\" data-e-action-hash=\"#elementor-action%3Aaction%3Dlightbox%26settings%3DeyJpZCI6MzgwNSwidXJsIjoiaHR0cHM6XC9cL2t0YXV0b3N0eWxpbmcuY29tXC93cC1jb250ZW50XC91cGxvYWRzXC8yMDI2XC8wMVwvaGlzYXItYXJ0LWZpbC5qcGcifQ%3D%3D\">\n\t\t\t\t\t\t\t<img fetchpriority=\"high\" decoding=\"async\" width=\"882\" height=\"960\" src=\"https:\/\/ktautostyling.com\/wp-content\/uploads\/2026\/01\/hisar-art-fil.jpg\" class=\"attachment-large size-large wp-image-3805\" alt=\"Hisar Art Fil\" srcset=\"https:\/\/ktautostyling.com\/wp-content\/uploads\/2026\/01\/hisar-art-fil.jpg 882w, https:\/\/ktautostyling.com\/wp-content\/uploads\/2026\/01\/hisar-art-fil-276x300.jpg 276w, https:\/\/ktautostyling.com\/wp-content\/uploads\/2026\/01\/hisar-art-fil-768x836.jpg 768w, https:\/\/ktautostyling.com\/wp-content\/uploads\/2026\/01\/hisar-art-fil-11x12.jpg 11w\" sizes=\"(max-width: 882px) 100vw, 882px\" title=\"Hisar Art\">\t\t\t\t\t\t\t\t<\/a>\n\t\t\t\t\t\t\t\t\t\t\t\t\t\t\t<\/div>\n\t\t\t\t<\/div>\n\t\t\t\t<div class=\"elementor-element elementor-element-66e009a8 elementor-widget elementor-widget-image\" data-id=\"66e009a8\" data-element_type=\"widget\" data-widget_type=\"image.default\">\n\t\t\t\t<div class=\"elementor-widget-container\">\n\t\t\t\t\t\t\t\t\t\t\t\t\t\t\t\t<a href=\"https:\/\/ktautostyling.com\/wp-content\/uploads\/2026\/01\/hisar-art-fil2.jpg\" data-elementor-open-lightbox=\"yes\" data-e-action-hash=\"#elementor-action%3Aaction%3Dlightbox%26settings%3DeyJpZCI6MzgwNiwidXJsIjoiaHR0cHM6XC9cL2t0YXV0b3N0eWxpbmcuY29tXC93cC1jb250ZW50XC91cGxvYWRzXC8yMDI2XC8wMVwvaGlzYXItYXJ0LWZpbDIuanBnIn0%3D\">\n\t\t\t\t\t\t\t<img decoding=\"async\" width=\"802\" height=\"960\" src=\"https:\/\/ktautostyling.com\/wp-content\/uploads\/2026\/01\/hisar-art-fil2.jpg\" class=\"attachment-large size-large wp-image-3806\" alt=\"Hisar Art Fil2\" srcset=\"https:\/\/ktautostyling.com\/wp-content\/uploads\/2026\/01\/hisar-art-fil2.jpg 802w, https:\/\/ktautostyling.com\/wp-content\/uploads\/2026\/01\/hisar-art-fil2-251x300.jpg 251w, https:\/\/ktautostyling.com\/wp-content\/uploads\/2026\/01\/hisar-art-fil2-768x919.jpg 768w, https:\/\/ktautostyling.com\/wp-content\/uploads\/2026\/01\/hisar-art-fil2-10x12.jpg 10w\" sizes=\"(max-width: 802px) 100vw, 802px\" title=\"Hisar Art\">\t\t\t\t\t\t\t\t<\/a>\n\t\t\t\t\t\t\t\t\t\t\t\t\t\t\t<\/div>\n\t\t\t\t<\/div>\n\t\t\t\t<div class=\"elementor-element elementor-element-192de4bf elementor-widget elementor-widget-image\" data-id=\"192de4bf\" data-element_type=\"widget\" data-widget_type=\"image.default\">\n\t\t\t\t<div class=\"elementor-widget-container\">\n\t\t\t\t\t\t\t\t\t\t\t\t\t\t\t\t<a href=\"https:\/\/ktautostyling.com\/wp-content\/uploads\/2026\/01\/hisar-art-fil3-e1768346541953.jpg\" data-elementor-open-lightbox=\"yes\" data-elementor-lightbox-description=\"&lt;b&gt;Hisar Art&lt;\/b&gt;&lt;br&gt;Fil Projesi\" data-e-action-hash=\"#elementor-action%3Aaction%3Dlightbox%26settings%3DeyJpZCI6MzgwNywidXJsIjoiaHR0cHM6XC9cL2t0YXV0b3N0eWxpbmcuY29tXC93cC1jb250ZW50XC91cGxvYWRzXC8yMDI2XC8wMVwvaGlzYXItYXJ0LWZpbDMtZTE3NjgzNDY1NDE5NTMuanBnIn0%3D\">\n\t\t\t\t\t\t\t<img decoding=\"async\" width=\"813\" height=\"813\" src=\"https:\/\/ktautostyling.com\/wp-content\/uploads\/2026\/01\/hisar-art-fil3-e1768346541953.jpg\" class=\"attachment-large size-large wp-image-3807\" alt=\"hisar art fil3\" srcset=\"https:\/\/ktautostyling.com\/wp-content\/uploads\/2026\/01\/hisar-art-fil3-e1768346541953.jpg 813w, https:\/\/ktautostyling.com\/wp-content\/uploads\/2026\/01\/hisar-art-fil3-e1768346541953-300x300.jpg 300w, https:\/\/ktautostyling.com\/wp-content\/uploads\/2026\/01\/hisar-art-fil3-e1768346541953-150x150.jpg 150w, https:\/\/ktautostyling.com\/wp-content\/uploads\/2026\/01\/hisar-art-fil3-e1768346541953-768x768.jpg 768w, https:\/\/ktautostyling.com\/wp-content\/uploads\/2026\/01\/hisar-art-fil3-e1768346541953-12x12.jpg 12w\" sizes=\"(max-width: 813px) 100vw, 813px\" title=\"Hisar Art\">\t\t\t\t\t\t\t\t<\/a>\n\t\t\t\t\t\t\t\t\t\t\t\t\t\t\t<\/div>\n\t\t\t\t<\/div>\n\t\t\t\t<div class=\"elementor-element elementor-element-6b7642e0 elementor-widget elementor-widget-image\" data-id=\"6b7642e0\" data-element_type=\"widget\" data-widget_type=\"image.default\">\n\t\t\t\t<div class=\"elementor-widget-container\">\n\t\t\t\t\t\t\t\t\t\t\t\t\t\t\t\t<a href=\"https:\/\/ktautostyling.com\/wp-content\/uploads\/2026\/01\/hisar-art-fil4.jpg\" data-elementor-open-lightbox=\"yes\" data-e-action-hash=\"#elementor-action%3Aaction%3Dlightbox%26settings%3DeyJpZCI6MzgwOCwidXJsIjoiaHR0cHM6XC9cL2t0YXV0b3N0eWxpbmcuY29tXC93cC1jb250ZW50XC91cGxvYWRzXC8yMDI2XC8wMVwvaGlzYXItYXJ0LWZpbDQuanBnIn0%3D\">\n\t\t\t\t\t\t\t<img loading=\"lazy\" decoding=\"async\" width=\"760\" height=\"960\" src=\"https:\/\/ktautostyling.com\/wp-content\/uploads\/2026\/01\/hisar-art-fil4.jpg\" class=\"attachment-large size-large wp-image-3808\" alt=\"hisar art fil4\" srcset=\"https:\/\/ktautostyling.com\/wp-content\/uploads\/2026\/01\/hisar-art-fil4.jpg 760w, https:\/\/ktautostyling.com\/wp-content\/uploads\/2026\/01\/hisar-art-fil4-238x300.jpg 238w, https:\/\/ktautostyling.com\/wp-content\/uploads\/2026\/01\/hisar-art-fil4-10x12.jpg 10w\" sizes=\"(max-width: 760px) 100vw, 760px\" title=\"Hisar Art\">\t\t\t\t\t\t\t\t<\/a>\n\t\t\t\t\t\t\t\t\t\t\t\t\t\t\t<\/div>\n\t\t\t\t<\/div>\n\t\t\t\t<\/div>\n\t\t\t\t<div class=\"elementor-element elementor-element-4ea56e4d elementor-widget elementor-widget-button\" data-id=\"4ea56e4d\" data-element_type=\"widget\" data-widget_type=\"button.default\">\n\t\t\t\t<div class=\"elementor-widget-container\">\n\t\t\t\t\t\t\t\t\t<div class=\"elementor-button-wrapper\">\n\t\t\t\t\t<a class=\"elementor-button elementor-button-link elementor-size-sm\" href=\"https:\/\/ktautostyling.com\/en\/projeler\/\">\n\t\t\t\t\t\t<span class=\"elementor-button-content-wrapper\">\n\t\t\t\t\t\t\t\t\t<span class=\"elementor-button-text\">Go back<\/span>\n\t\t\t\t\t<\/span>\n\t\t\t\t\t<\/a>\n\t\t\t\t<\/div>\n\t\t\t\t\t\t\t\t<\/div>\n\t\t\t\t<\/div>\n\t\t\t\t<div class=\"elementor-element elementor-element-10d4267d elementor-post-navigation-borders-yes elementor-widget elementor-widget-post-navigation\" data-id=\"10d4267d\" data-element_type=\"widget\" data-widget_type=\"post-navigation.default\">\n\t\t\t\t<div class=\"elementor-widget-container\">\n\t\t\t\t\t\t\t<div class=\"elementor-post-navigation\" role=\"navigation\" aria-label=\"Post Navigation\">\n\t\t\t<div class=\"elementor-post-navigation__prev elementor-post-navigation__link\">\n\t\t\t\t<a href=\"https:\/\/ktautostyling.com\/en\/projeler\/ttcustom\/\" rel=\"prev\"><span class=\"post-navigation__arrow-wrapper post-navigation__arrow-prev\"><i aria-hidden=\"true\" class=\"fas fa-angle-left\"><\/i><span class=\"elementor-screen-only\">Prev<\/span><\/span><span class=\"elementor-post-navigation__link__prev\"><span class=\"post-navigation__prev--label\">previous<\/span><span class=\"post-navigation__prev--title\">TT Custom Choppers<\/span><\/span><\/a>\t\t\t<\/div>\n\t\t\t\t\t\t\t<div class=\"elementor-post-navigation__separator-wrapper\">\n\t\t\t\t\t<div class=\"elementor-post-navigation__separator\"><\/div>\n\t\t\t\t<\/div>\n\t\t\t\t\t\t<div class=\"elementor-post-navigation__next elementor-post-navigation__link\">\n\t\t\t\t<a href=\"https:\/\/ktautostyling.com\/en\/projeler\/bensopra\/\" rel=\"next\"><span class=\"elementor-post-navigation__link__next\"><span class=\"post-navigation__next--label\">next<\/span><span class=\"post-navigation__next--title\">Bensopra GTR<\/span><\/span><span class=\"post-navigation__arrow-wrapper post-navigation__arrow-next\"><i aria-hidden=\"true\" class=\"fas fa-angle-right\"><\/i><span class=\"elementor-screen-only\">Next<\/span><\/span><\/a>\t\t\t<\/div>\n\t\t<\/div>\n\t\t\t\t\t\t<\/div>\n\t\t\t\t<\/div>\n\t\t\t\t\t<\/div>\n\t\t\t\t<\/div>\n\t\t\t\t<\/div>","protected":false},"excerpt":{"rendered":"<p>Fiberin Sanata D\u00f6n\u00fc\u015ft\u00fc\u011f\u00fc Nokta: Hisar Art Fil Projesi KT Autostyling&#8217;de s\u0131n\u0131rlar, hayal g\u00fcc\u00fcn\u00fczle \u00e7izilir. Otomotiv d\u00fcnyas\u0131ndaki fiber ve kal\u0131p tecr\u00fcbemizi, Hisar Art i\u00e7in haz\u0131rlad\u0131\u011f\u0131m\u0131z bu devasa sanat eseriyle ta\u00e7land\u0131rd\u0131k. At\u00f6lyemizde hamur gibi i\u015fledi\u011fimiz devasa fil fig\u00fcr\u00fcn\u00fc, \u00f6zel doku \u00e7al\u0131\u015fmalar\u0131 ve boya teknikleriyle metalik bir z\u0131rha b\u00fcr\u00fcnd\u00fcrd\u00fck. K\u0131rm\u0131z\u0131 g\u00f6z detay\u0131 ve heybetli duru\u015fuyla duvarda yerini alan [&hellip;]<\/p>","protected":false},"author":1,"featured_media":0,"parent":1129,"menu_order":0,"comment_status":"closed","ping_status":"closed","template":"","meta":{"site-sidebar-layout":"no-sidebar","site-content-layout":"page-builder","ast-site-content-layout":"full-width-container","site-content-style":"default","site-sidebar-style":"default","ast-global-header-display":"","ast-banner-title-visibility":"","ast-main-header-display":"","ast-hfb-above-header-display":"","ast-hfb-below-header-display":"","ast-hfb-mobile-header-display":"","site-post-title":"disabled","ast-breadcrumbs-content":"","ast-featured-img":"disabled","footer-sml-layout":"","ast-disable-related-posts":"","theme-transparent-header-meta":"","adv-header-id-meta":"","stick-header-meta":"","header-above-stick-meta":"","header-main-stick-meta":"","header-below-stick-meta":"","astra-migrate-meta-layouts":"default","ast-page-background-enabled":"default","ast-page-background-meta":{"desktop":{"background-color":"","background-image":"","background-repeat":"repeat","background-position":"center center","background-size":"auto","background-attachment":"scroll","background-type":"","background-media":"","overlay-type":"","overlay-color":"","overlay-opacity":"","overlay-gradient":""},"tablet":{"background-color":"","background-image":"","background-repeat":"repeat","background-position":"center center","background-size":"auto","background-attachment":"scroll","background-type":"","background-media":"","overlay-type":"","overlay-color":"","overlay-opacity":"","overlay-gradient":""},"mobile":{"background-color":"","background-image":"","background-repeat":"repeat","background-position":"center center","background-size":"auto","background-attachment":"scroll","background-type":"","background-media":"","overlay-type":"","overlay-color":"","overlay-opacity":"","overlay-gradient":""}},"ast-content-background-meta":{"desktop":{"background-color":"var(--ast-global-color-5)","background-image":"","background-repeat":"repeat","background-position":"center center","background-size":"auto","background-attachment":"scroll","background-type":"","background-media":"","overlay-type":"","overlay-color":"","overlay-opacity":"","overlay-gradient":""},"tablet":{"background-color":"var(--ast-global-color-5)","background-image":"","background-repeat":"repeat","background-position":"center center","background-size":"auto","background-attachment":"scroll","background-type":"","background-media":"","overlay-type":"","overlay-color":"","overlay-opacity":"","overlay-gradient":""},"mobile":{"background-color":"var(--ast-global-color-5)","background-image":"","background-repeat":"repeat","background-position":"center center","background-size":"auto","background-attachment":"scroll","background-type":"","background-media":"","overlay-type":"","overlay-color":"","overlay-opacity":"","overlay-gradient":""}},"footnotes":""},"class_list":["post-3803","page","type-page","status-publish","hentry"],"_hostinger_reach_plugin_has_subscription_block":false,"_hostinger_reach_plugin_is_elementor":false,"_links":{"self":[{"href":"https:\/\/ktautostyling.com\/en\/wp-json\/wp\/v2\/pages\/3803","targetHints":{"allow":["GET"]}}],"collection":[{"href":"https:\/\/ktautostyling.com\/en\/wp-json\/wp\/v2\/pages"}],"about":[{"href":"https:\/\/ktautostyling.com\/en\/wp-json\/wp\/v2\/types\/page"}],"author":[{"embeddable":true,"href":"https:\/\/ktautostyling.com\/en\/wp-json\/wp\/v2\/users\/1"}],"replies":[{"embeddable":true,"href":"https:\/\/ktautostyling.com\/en\/wp-json\/wp\/v2\/comments?post=3803"}],"version-history":[{"count":0,"href":"https:\/\/ktautostyling.com\/en\/wp-json\/wp\/v2\/pages\/3803\/revisions"}],"up":[{"embeddable":true,"href":"https:\/\/ktautostyling.com\/en\/wp-json\/wp\/v2\/pages\/1129"}],"wp:attachment":[{"href":"https:\/\/ktautostyling.com\/en\/wp-json\/wp\/v2\/media?parent=3803"}],"curies":[{"name":"wp","href":"https:\/\/api.w.org\/{rel}","templated":true}]}}