{"id":3833,"date":"2026-01-14T00:05:59","date_gmt":"2026-01-14T00:05:59","guid":{"rendered":"https:\/\/ktautostyling.com\/?page_id=3833"},"modified":"2026-01-14T00:16:37","modified_gmt":"2026-01-14T00:16:37","slug":"bausuoyun","status":"publish","type":"page","link":"https:\/\/ktautostyling.com\/en\/projeler\/bausuoyun\/","title":{"rendered":"Bah\u00e7e\u015fehir \u00dcniversitesi \u00c7ocuk M\u00fczesi"},"content":{"rendered":"<div data-elementor-type=\"wp-page\" data-elementor-id=\"3833\" class=\"elementor elementor-3833\" data-elementor-post-type=\"page\">\n\t\t\t\t<div class=\"elementor-element elementor-element-33331908 e-flex e-con-boxed e-con e-parent\" data-id=\"33331908\" data-element_type=\"container\" data-settings=\"{&quot;background_background&quot;:&quot;classic&quot;}\">\n\t\t\t\t\t<div class=\"e-con-inner\">\n\t\t\t\t<div class=\"elementor-element elementor-element-3d2d8dbc elementor-widget elementor-widget-text-editor\" data-id=\"3d2d8dbc\" data-element_type=\"widget\" data-widget_type=\"text-editor.default\">\n\t\t\t\t<div class=\"elementor-widget-container\">\n\t\t\t\t\t\t\t\t\t<h2><span style=\"color: #ffffff;\">Building the Future: Bah\u00e7e\u015fehir University Children's Science Museum<\/span><\/h2><p data-path-to-node=\"6\"><span style=\"color: #ffffff;\">KT Autostyling designs not just vehicles, but also the future. <b data-path-to-node=\"6\" data-index-in-node=\"68\">Bahcesehir University<\/b> established within <b data-path-to-node=\"6\" data-index-in-node=\"111\">Turkey's First Children's Science Museum<\/b> our \u2018Water Playground\u2019 project, which we prepared for [the event], is a meeting point of engineering and entertainment.<\/span><\/p><p data-path-to-node=\"7\"><span style=\"color: #ffffff;\">This specially designed obstacle course, designed to introduce children to buoyancy, fluid mechanics, and physics, was produced in our workshop using the safest materials for children. Shaped by the energy of red, blue, and yellow colors, these fiber bodies will inspire the scientists of tomorrow. For us, the most valuable project is the smile on children's faces.<\/span><\/p>\t\t\t\t\t\t\t\t<\/div>\n\t\t\t\t<\/div>\n\t\t<div class=\"elementor-element elementor-element-9344dae e-grid e-con-full e-con e-child\" data-id=\"9344dae\" data-element_type=\"container\" data-settings=\"{&quot;background_background&quot;:&quot;classic&quot;}\">\n\t\t\t\t<div class=\"elementor-element elementor-element-5a37d584 elementor-widget elementor-widget-image\" data-id=\"5a37d584\" data-element_type=\"widget\" data-widget_type=\"image.default\">\n\t\t\t\t<div class=\"elementor-widget-container\">\n\t\t\t\t\t\t\t\t\t\t\t\t\t\t\t\t<a href=\"https:\/\/ktautostyling.com\/wp-content\/uploads\/2026\/01\/WhatsApp-Image-2026-01-04-at-2.15.26-PM.jpeg\" data-elementor-open-lightbox=\"yes\" data-e-action-hash=\"#elementor-action%3Aaction%3Dlightbox%26settings%3DeyJpZCI6Mzg0MCwidXJsIjoiaHR0cHM6XC9cL2t0YXV0b3N0eWxpbmcuY29tXC93cC1jb250ZW50XC91cGxvYWRzXC8yMDI2XC8wMVwvV2hhdHNBcHAtSW1hZ2UtMjAyNi0wMS0wNC1hdC0yLjE1LjI2LVBNLmpwZWcifQ%3D%3D\">\n\t\t\t\t\t\t\t<img fetchpriority=\"high\" decoding=\"async\" width=\"1024\" height=\"768\" src=\"https:\/\/ktautostyling.com\/wp-content\/uploads\/2026\/01\/WhatsApp-Image-2026-01-04-at-2.15.26-PM-1024x768.jpeg\" class=\"attachment-large size-large wp-image-3840\" alt=\"WhatsApp Image 2026 01 04 At 2.15.26 PM 1024x768\" srcset=\"https:\/\/ktautostyling.com\/wp-content\/uploads\/2026\/01\/WhatsApp-Image-2026-01-04-at-2.15.26-PM-1024x768.jpeg 1024w, https:\/\/ktautostyling.com\/wp-content\/uploads\/2026\/01\/WhatsApp-Image-2026-01-04-at-2.15.26-PM-300x225.jpeg 300w, https:\/\/ktautostyling.com\/wp-content\/uploads\/2026\/01\/WhatsApp-Image-2026-01-04-at-2.15.26-PM-768x576.jpeg 768w, https:\/\/ktautostyling.com\/wp-content\/uploads\/2026\/01\/WhatsApp-Image-2026-01-04-at-2.15.26-PM-1536x1152.jpeg 1536w, https:\/\/ktautostyling.com\/wp-content\/uploads\/2026\/01\/WhatsApp-Image-2026-01-04-at-2.15.26-PM-16x12.jpeg 16w, https:\/\/ktautostyling.com\/wp-content\/uploads\/2026\/01\/WhatsApp-Image-2026-01-04-at-2.15.26-PM.jpeg 2048w\" sizes=\"(max-width: 1024px) 100vw, 1024px\" title=\"Bah\u00e7e\u015fehir \u00dcniversitesi \u00c7ocuk M\u00fczesi\">\t\t\t\t\t\t\t\t<\/a>\n\t\t\t\t\t\t\t\t\t\t\t\t\t\t\t<\/div>\n\t\t\t\t<\/div>\n\t\t\t\t<div class=\"elementor-element elementor-element-2227bf47 elementor-widget elementor-widget-image\" data-id=\"2227bf47\" data-element_type=\"widget\" data-widget_type=\"image.default\">\n\t\t\t\t<div class=\"elementor-widget-container\">\n\t\t\t\t\t\t\t\t\t\t\t\t\t\t\t\t<a href=\"https:\/\/ktautostyling.com\/wp-content\/uploads\/2026\/01\/WhatsApp-Image-2026-01-04-at-2.15.26-PM-1.jpeg\" data-elementor-open-lightbox=\"yes\" data-e-action-hash=\"#elementor-action%3Aaction%3Dlightbox%26settings%3DeyJpZCI6MzgzOSwidXJsIjoiaHR0cHM6XC9cL2t0YXV0b3N0eWxpbmcuY29tXC93cC1jb250ZW50XC91cGxvYWRzXC8yMDI2XC8wMVwvV2hhdHNBcHAtSW1hZ2UtMjAyNi0wMS0wNC1hdC0yLjE1LjI2LVBNLTEuanBlZyJ9\">\n\t\t\t\t\t\t\t<img decoding=\"async\" width=\"1024\" height=\"768\" src=\"https:\/\/ktautostyling.com\/wp-content\/uploads\/2026\/01\/WhatsApp-Image-2026-01-04-at-2.15.26-PM-1-1024x768.jpeg\" class=\"attachment-large size-large wp-image-3839\" alt=\"WhatsApp Image 2026 01 04 At 2.15.26 PM 1 1024x768\" srcset=\"https:\/\/ktautostyling.com\/wp-content\/uploads\/2026\/01\/WhatsApp-Image-2026-01-04-at-2.15.26-PM-1-1024x768.jpeg 1024w, https:\/\/ktautostyling.com\/wp-content\/uploads\/2026\/01\/WhatsApp-Image-2026-01-04-at-2.15.26-PM-1-300x225.jpeg 300w, https:\/\/ktautostyling.com\/wp-content\/uploads\/2026\/01\/WhatsApp-Image-2026-01-04-at-2.15.26-PM-1-768x576.jpeg 768w, https:\/\/ktautostyling.com\/wp-content\/uploads\/2026\/01\/WhatsApp-Image-2026-01-04-at-2.15.26-PM-1-1536x1152.jpeg 1536w, https:\/\/ktautostyling.com\/wp-content\/uploads\/2026\/01\/WhatsApp-Image-2026-01-04-at-2.15.26-PM-1-16x12.jpeg 16w, https:\/\/ktautostyling.com\/wp-content\/uploads\/2026\/01\/WhatsApp-Image-2026-01-04-at-2.15.26-PM-1.jpeg 2048w\" sizes=\"(max-width: 1024px) 100vw, 1024px\" title=\"Bah\u00e7e\u015fehir \u00dcniversitesi \u00c7ocuk M\u00fczesi\">\t\t\t\t\t\t\t\t<\/a>\n\t\t\t\t\t\t\t\t\t\t\t\t\t\t\t<\/div>\n\t\t\t\t<\/div>\n\t\t\t\t<div class=\"elementor-element elementor-element-7aacc1cd elementor-widget elementor-widget-image\" data-id=\"7aacc1cd\" data-element_type=\"widget\" data-widget_type=\"image.default\">\n\t\t\t\t<div class=\"elementor-widget-container\">\n\t\t\t\t\t\t\t\t\t\t\t\t\t\t\t\t<a href=\"https:\/\/ktautostyling.com\/wp-content\/uploads\/2026\/01\/WhatsApp-Image-2026-01-04-at-2.15.25-PM.jpeg\" data-elementor-open-lightbox=\"yes\" data-e-action-hash=\"#elementor-action%3Aaction%3Dlightbox%26settings%3DeyJpZCI6MzgzOCwidXJsIjoiaHR0cHM6XC9cL2t0YXV0b3N0eWxpbmcuY29tXC93cC1jb250ZW50XC91cGxvYWRzXC8yMDI2XC8wMVwvV2hhdHNBcHAtSW1hZ2UtMjAyNi0wMS0wNC1hdC0yLjE1LjI1LVBNLmpwZWcifQ%3D%3D\">\n\t\t\t\t\t\t\t<img decoding=\"async\" width=\"1024\" height=\"768\" src=\"https:\/\/ktautostyling.com\/wp-content\/uploads\/2026\/01\/WhatsApp-Image-2026-01-04-at-2.15.25-PM-1024x768.jpeg\" class=\"attachment-large size-large wp-image-3838\" alt=\"WhatsApp Image 2026 01 04 At 2.15.25 PM 1024x768\" srcset=\"https:\/\/ktautostyling.com\/wp-content\/uploads\/2026\/01\/WhatsApp-Image-2026-01-04-at-2.15.25-PM-1024x768.jpeg 1024w, https:\/\/ktautostyling.com\/wp-content\/uploads\/2026\/01\/WhatsApp-Image-2026-01-04-at-2.15.25-PM-300x225.jpeg 300w, https:\/\/ktautostyling.com\/wp-content\/uploads\/2026\/01\/WhatsApp-Image-2026-01-04-at-2.15.25-PM-768x576.jpeg 768w, https:\/\/ktautostyling.com\/wp-content\/uploads\/2026\/01\/WhatsApp-Image-2026-01-04-at-2.15.25-PM-1536x1152.jpeg 1536w, https:\/\/ktautostyling.com\/wp-content\/uploads\/2026\/01\/WhatsApp-Image-2026-01-04-at-2.15.25-PM-16x12.jpeg 16w, https:\/\/ktautostyling.com\/wp-content\/uploads\/2026\/01\/WhatsApp-Image-2026-01-04-at-2.15.25-PM.jpeg 2048w\" sizes=\"(max-width: 1024px) 100vw, 1024px\" title=\"Bah\u00e7e\u015fehir \u00dcniversitesi \u00c7ocuk M\u00fczesi\">\t\t\t\t\t\t\t\t<\/a>\n\t\t\t\t\t\t\t\t\t\t\t\t\t\t\t<\/div>\n\t\t\t\t<\/div>\n\t\t\t\t<\/div>\n\t\t\t\t<div class=\"elementor-element elementor-element-45cbea62 elementor-widget elementor-widget-button\" data-id=\"45cbea62\" data-element_type=\"widget\" data-widget_type=\"button.default\">\n\t\t\t\t<div class=\"elementor-widget-container\">\n\t\t\t\t\t\t\t\t\t<div class=\"elementor-button-wrapper\">\n\t\t\t\t\t<a class=\"elementor-button elementor-button-link elementor-size-sm\" href=\"https:\/\/ktautostyling.com\/en\/projeler\/\">\n\t\t\t\t\t\t<span class=\"elementor-button-content-wrapper\">\n\t\t\t\t\t\t\t\t\t<span class=\"elementor-button-text\">Go back<\/span>\n\t\t\t\t\t<\/span>\n\t\t\t\t\t<\/a>\n\t\t\t\t<\/div>\n\t\t\t\t\t\t\t\t<\/div>\n\t\t\t\t<\/div>\n\t\t\t\t<div class=\"elementor-element elementor-element-6342590 elementor-post-navigation-borders-yes elementor-widget elementor-widget-post-navigation\" data-id=\"6342590\" data-element_type=\"widget\" data-widget_type=\"post-navigation.default\">\n\t\t\t\t<div class=\"elementor-widget-container\">\n\t\t\t\t\t\t\t<div class=\"elementor-post-navigation\" role=\"navigation\" aria-label=\"Post Navigation\">\n\t\t\t<div class=\"elementor-post-navigation__prev elementor-post-navigation__link\">\n\t\t\t\t<a href=\"https:\/\/ktautostyling.com\/en\/projeler\/bensopra\/\" rel=\"prev\"><span class=\"post-navigation__arrow-wrapper post-navigation__arrow-prev\"><i aria-hidden=\"true\" class=\"fas fa-angle-left\"><\/i><span class=\"elementor-screen-only\">Prev<\/span><\/span><span class=\"elementor-post-navigation__link__prev\"><span class=\"post-navigation__prev--label\">previous<\/span><span class=\"post-navigation__prev--title\">Bensopra GTR<\/span><\/span><\/a>\t\t\t<\/div>\n\t\t\t\t\t\t\t<div class=\"elementor-post-navigation__separator-wrapper\">\n\t\t\t\t\t<div class=\"elementor-post-navigation__separator\"><\/div>\n\t\t\t\t<\/div>\n\t\t\t\t\t\t<div class=\"elementor-post-navigation__next elementor-post-navigation__link\">\n\t\t\t\t<a href=\"https:\/\/ktautostyling.com\/en\/projeler\/s14wide\/\" rel=\"next\"><span class=\"elementor-post-navigation__link__next\"><span class=\"post-navigation__next--label\">next<\/span><span class=\"post-navigation__next--title\">Nissan 200SX S14 Widebody<\/span><\/span><span class=\"post-navigation__arrow-wrapper post-navigation__arrow-next\"><i aria-hidden=\"true\" class=\"fas fa-angle-right\"><\/i><span class=\"elementor-screen-only\">Next<\/span><\/span><\/a>\t\t\t<\/div>\n\t\t<\/div>\n\t\t\t\t\t\t<\/div>\n\t\t\t\t<\/div>\n\t\t\t\t\t<\/div>\n\t\t\t\t<\/div>\n\t\t\t\t<\/div>","protected":false},"excerpt":{"rendered":"<p>Gelece\u011fi \u0130n\u015fa Ediyoruz: Bah\u00e7e\u015fehir \u00dcniversitesi \u00c7ocuk Bilim M\u00fczesi KT Autostyling sadece ara\u00e7lar\u0131 de\u011fil, gelece\u011fi de tasarlar. Bah\u00e7e\u015fehir \u00dcniversitesi b\u00fcnyesinde kurulan T\u00fcrkiye&#8217;nin \u0130lk \u00c7ocuk Bilim M\u00fczesi i\u00e7in haz\u0131rlad\u0131\u011f\u0131m\u0131z &#8216;Su Oyun Grubu&#8217; projesi, m\u00fchendislik ve e\u011flencenin bulu\u015fma noktas\u0131d\u0131r. \u00c7ocuklara suyun kald\u0131rma kuvvetini, ak\u0131\u015f mekani\u011fini ve fizi\u011fi sevdirecek bu \u00f6zel tasar\u0131m parkur; at\u00f6lyemizde \u00e7ocuklar i\u00e7in en g\u00fcvenli malzemelerle [&hellip;]<\/p>","protected":false},"author":1,"featured_media":0,"parent":1129,"menu_order":0,"comment_status":"closed","ping_status":"closed","template":"","meta":{"site-sidebar-layout":"no-sidebar","site-content-layout":"page-builder","ast-site-content-layout":"full-width-container","site-content-style":"default","site-sidebar-style":"default","ast-global-header-display":"","ast-banner-title-visibility":"","ast-main-header-display":"","ast-hfb-above-header-display":"","ast-hfb-below-header-display":"","ast-hfb-mobile-header-display":"","site-post-title":"disabled","ast-breadcrumbs-content":"","ast-featured-img":"disabled","footer-sml-layout":"","ast-disable-related-posts":"","theme-transparent-header-meta":"","adv-header-id-meta":"","stick-header-meta":"","header-above-stick-meta":"","header-main-stick-meta":"","header-below-stick-meta":"","astra-migrate-meta-layouts":"default","ast-page-background-enabled":"default","ast-page-background-meta":{"desktop":{"background-color":"","background-image":"","background-repeat":"repeat","background-position":"center center","background-size":"auto","background-attachment":"scroll","background-type":"","background-media":"","overlay-type":"","overlay-color":"","overlay-opacity":"","overlay-gradient":""},"tablet":{"background-color":"","background-image":"","background-repeat":"repeat","background-position":"center center","background-size":"auto","background-attachment":"scroll","background-type":"","background-media":"","overlay-type":"","overlay-color":"","overlay-opacity":"","overlay-gradient":""},"mobile":{"background-color":"","background-image":"","background-repeat":"repeat","background-position":"center center","background-size":"auto","background-attachment":"scroll","background-type":"","background-media":"","overlay-type":"","overlay-color":"","overlay-opacity":"","overlay-gradient":""}},"ast-content-background-meta":{"desktop":{"background-color":"var(--ast-global-color-5)","background-image":"","background-repeat":"repeat","background-position":"center center","background-size":"auto","background-attachment":"scroll","background-type":"","background-media":"","overlay-type":"","overlay-color":"","overlay-opacity":"","overlay-gradient":""},"tablet":{"background-color":"var(--ast-global-color-5)","background-image":"","background-repeat":"repeat","background-position":"center center","background-size":"auto","background-attachment":"scroll","background-type":"","background-media":"","overlay-type":"","overlay-color":"","overlay-opacity":"","overlay-gradient":""},"mobile":{"background-color":"var(--ast-global-color-5)","background-image":"","background-repeat":"repeat","background-position":"center center","background-size":"auto","background-attachment":"scroll","background-type":"","background-media":"","overlay-type":"","overlay-color":"","overlay-opacity":"","overlay-gradient":""}},"footnotes":""},"class_list":["post-3833","page","type-page","status-publish","hentry"],"_hostinger_reach_plugin_has_subscription_block":false,"_hostinger_reach_plugin_is_elementor":false,"_links":{"self":[{"href":"https:\/\/ktautostyling.com\/en\/wp-json\/wp\/v2\/pages\/3833","targetHints":{"allow":["GET"]}}],"collection":[{"href":"https:\/\/ktautostyling.com\/en\/wp-json\/wp\/v2\/pages"}],"about":[{"href":"https:\/\/ktautostyling.com\/en\/wp-json\/wp\/v2\/types\/page"}],"author":[{"embeddable":true,"href":"https:\/\/ktautostyling.com\/en\/wp-json\/wp\/v2\/users\/1"}],"replies":[{"embeddable":true,"href":"https:\/\/ktautostyling.com\/en\/wp-json\/wp\/v2\/comments?post=3833"}],"version-history":[{"count":0,"href":"https:\/\/ktautostyling.com\/en\/wp-json\/wp\/v2\/pages\/3833\/revisions"}],"up":[{"embeddable":true,"href":"https:\/\/ktautostyling.com\/en\/wp-json\/wp\/v2\/pages\/1129"}],"wp:attachment":[{"href":"https:\/\/ktautostyling.com\/en\/wp-json\/wp\/v2\/media?parent=3833"}],"curies":[{"name":"wp","href":"https:\/\/api.w.org\/{rel}","templated":true}]}}