{"id":3973,"date":"2026-01-15T08:49:51","date_gmt":"2026-01-15T08:49:51","guid":{"rendered":"https:\/\/ktautostyling.com\/?page_id=3973"},"modified":"2026-01-15T09:24:12","modified_gmt":"2026-01-15T09:24:12","slug":"s14wide","status":"publish","type":"page","link":"https:\/\/ktautostyling.com\/en\/projeler\/s14wide\/","title":{"rendered":"Nissan 200SX S14 Widebody"},"content":{"rendered":"<div data-elementor-type=\"wp-page\" data-elementor-id=\"3973\" class=\"elementor elementor-3973\" data-elementor-post-type=\"page\">\n\t\t\t\t<div class=\"elementor-element elementor-element-378869ad e-flex e-con-boxed e-con e-parent\" data-id=\"378869ad\" data-element_type=\"container\" data-settings=\"{&quot;background_background&quot;:&quot;classic&quot;}\">\n\t\t\t\t\t<div class=\"e-con-inner\">\n\t\t\t\t<div class=\"elementor-element elementor-element-173d5b elementor-widget elementor-widget-text-editor\" data-id=\"173d5b\" data-element_type=\"widget\" data-widget_type=\"text-editor.default\">\n\t\t\t\t<div class=\"elementor-widget-container\">\n\t\t\t\t\t\t\t\t\t<h2><span style=\"color: #ffffff;\">Metallic Storm: Custom S14 Silvia<\/span><\/h2><p data-path-to-node=\"12\"><span style=\"color: #ffffff;\">One of the most iconic representatives of JDM culture, the Nissan S14, has evolved with the touch of KT Autostyling. The elegance of metallic smoke gray meets the aggressiveness of widened fenders.<\/span><\/p><p data-path-to-node=\"13\"><span style=\"color: #ffffff;\">With a custom-designed front bumper, rugged side skirts that pin the car to the ground, and the iconic massive exhaust outlet at the rear, we've created a true street machine. Our meticulous attention to 'fitment' and flawless paintwork ensure this S14 is no longer just a car; it's a walking stance.<\/span><\/p>\t\t\t\t\t\t\t\t<\/div>\n\t\t\t\t<\/div>\n\t\t<div class=\"elementor-element elementor-element-4d7acf9c e-grid e-con-full e-con e-child\" data-id=\"4d7acf9c\" data-element_type=\"container\" data-settings=\"{&quot;background_background&quot;:&quot;classic&quot;}\">\n\t\t\t\t<div class=\"elementor-element elementor-element-4f3c518f elementor-widget elementor-widget-image\" data-id=\"4f3c518f\" data-element_type=\"widget\" data-widget_type=\"image.default\">\n\t\t\t\t<div class=\"elementor-widget-container\">\n\t\t\t\t\t\t\t\t\t\t\t\t\t\t\t\t<a href=\"https:\/\/ktautostyling.com\/wp-content\/uploads\/2026\/01\/WhatsApp-Image-2026-01-15-at-1.18.08-AM.jpeg\" data-elementor-open-lightbox=\"yes\" data-e-action-hash=\"#elementor-action%3Aaction%3Dlightbox%26settings%3DeyJpZCI6Mzk3NiwidXJsIjoiaHR0cHM6XC9cL2t0YXV0b3N0eWxpbmcuY29tXC93cC1jb250ZW50XC91cGxvYWRzXC8yMDI2XC8wMVwvV2hhdHNBcHAtSW1hZ2UtMjAyNi0wMS0xNS1hdC0xLjE4LjA4LUFNLmpwZWcifQ%3D%3D\">\n\t\t\t\t\t\t\t<img fetchpriority=\"high\" decoding=\"async\" width=\"768\" height=\"1024\" src=\"https:\/\/ktautostyling.com\/wp-content\/uploads\/2026\/01\/WhatsApp-Image-2026-01-15-at-1.18.08-AM-768x1024.jpeg\" class=\"attachment-large size-large wp-image-3976\" alt=\"WhatsApp Image 2026 01 15 At 1.18.08 AM 768x1024\" srcset=\"https:\/\/ktautostyling.com\/wp-content\/uploads\/2026\/01\/WhatsApp-Image-2026-01-15-at-1.18.08-AM-768x1024.jpeg 768w, https:\/\/ktautostyling.com\/wp-content\/uploads\/2026\/01\/WhatsApp-Image-2026-01-15-at-1.18.08-AM-225x300.jpeg 225w, https:\/\/ktautostyling.com\/wp-content\/uploads\/2026\/01\/WhatsApp-Image-2026-01-15-at-1.18.08-AM-1152x1536.jpeg 1152w, https:\/\/ktautostyling.com\/wp-content\/uploads\/2026\/01\/WhatsApp-Image-2026-01-15-at-1.18.08-AM-9x12.jpeg 9w, https:\/\/ktautostyling.com\/wp-content\/uploads\/2026\/01\/WhatsApp-Image-2026-01-15-at-1.18.08-AM.jpeg 1200w\" sizes=\"(max-width: 768px) 100vw, 768px\" title=\"Nissan 200SX S14 Widebody\">\t\t\t\t\t\t\t\t<\/a>\n\t\t\t\t\t\t\t\t\t\t\t\t\t\t\t<\/div>\n\t\t\t\t<\/div>\n\t\t\t\t<div class=\"elementor-element elementor-element-652b1c38 elementor-widget elementor-widget-image\" data-id=\"652b1c38\" data-element_type=\"widget\" data-widget_type=\"image.default\">\n\t\t\t\t<div class=\"elementor-widget-container\">\n\t\t\t\t\t\t\t\t\t\t\t\t\t\t\t\t<a href=\"https:\/\/ktautostyling.com\/wp-content\/uploads\/2026\/01\/WhatsApp-Image-2026-01-15-at-1.18.07-AM-1-e1768467015328.jpeg\" data-elementor-open-lightbox=\"yes\" data-e-action-hash=\"#elementor-action%3Aaction%3Dlightbox%26settings%3DeyJpZCI6Mzk3OSwidXJsIjoiaHR0cHM6XC9cL2t0YXV0b3N0eWxpbmcuY29tXC93cC1jb250ZW50XC91cGxvYWRzXC8yMDI2XC8wMVwvV2hhdHNBcHAtSW1hZ2UtMjAyNi0wMS0xNS1hdC0xLjE4LjA3LUFNLTEtZTE3Njg0NjcwMTUzMjguanBlZyJ9\">\n\t\t\t\t\t\t\t<img decoding=\"async\" width=\"1024\" height=\"917\" src=\"https:\/\/ktautostyling.com\/wp-content\/uploads\/2026\/01\/WhatsApp-Image-2026-01-15-at-1.18.07-AM-1-e1768467015328-1024x917.jpeg\" class=\"attachment-large size-large wp-image-3979\" alt=\"WhatsApp Image 2026 01 15 At 1.18.07 AM 1 E1768467015328 1024x917\" srcset=\"https:\/\/ktautostyling.com\/wp-content\/uploads\/2026\/01\/WhatsApp-Image-2026-01-15-at-1.18.07-AM-1-e1768467015328-1024x917.jpeg 1024w, https:\/\/ktautostyling.com\/wp-content\/uploads\/2026\/01\/WhatsApp-Image-2026-01-15-at-1.18.07-AM-1-e1768467015328-300x269.jpeg 300w, https:\/\/ktautostyling.com\/wp-content\/uploads\/2026\/01\/WhatsApp-Image-2026-01-15-at-1.18.07-AM-1-e1768467015328-768x688.jpeg 768w, https:\/\/ktautostyling.com\/wp-content\/uploads\/2026\/01\/WhatsApp-Image-2026-01-15-at-1.18.07-AM-1-e1768467015328-13x12.jpeg 13w, https:\/\/ktautostyling.com\/wp-content\/uploads\/2026\/01\/WhatsApp-Image-2026-01-15-at-1.18.07-AM-1-e1768467015328.jpeg 1340w\" sizes=\"(max-width: 1024px) 100vw, 1024px\" title=\"Nissan 200SX S14 Widebody\">\t\t\t\t\t\t\t\t<\/a>\n\t\t\t\t\t\t\t\t\t\t\t\t\t\t\t<\/div>\n\t\t\t\t<\/div>\n\t\t\t\t<div class=\"elementor-element elementor-element-125ea141 elementor-widget elementor-widget-image\" data-id=\"125ea141\" data-element_type=\"widget\" data-widget_type=\"image.default\">\n\t\t\t\t<div class=\"elementor-widget-container\">\n\t\t\t\t\t\t\t\t\t\t\t\t\t\t\t\t<a href=\"https:\/\/ktautostyling.com\/wp-content\/uploads\/2026\/01\/WhatsApp-Image-2026-01-15-at-1.18.07-AM.jpeg\" data-elementor-open-lightbox=\"yes\" data-e-action-hash=\"#elementor-action%3Aaction%3Dlightbox%26settings%3DeyJpZCI6Mzk4MCwidXJsIjoiaHR0cHM6XC9cL2t0YXV0b3N0eWxpbmcuY29tXC93cC1jb250ZW50XC91cGxvYWRzXC8yMDI2XC8wMVwvV2hhdHNBcHAtSW1hZ2UtMjAyNi0wMS0xNS1hdC0xLjE4LjA3LUFNLmpwZWcifQ%3D%3D\">\n\t\t\t\t\t\t\t<img decoding=\"async\" width=\"1024\" height=\"768\" src=\"https:\/\/ktautostyling.com\/wp-content\/uploads\/2026\/01\/WhatsApp-Image-2026-01-15-at-1.18.07-AM-1024x768.jpeg\" class=\"attachment-large size-large wp-image-3980\" alt=\"WhatsApp Image 2026 01 15 At 1.18.07 AM 1024x768\" srcset=\"https:\/\/ktautostyling.com\/wp-content\/uploads\/2026\/01\/WhatsApp-Image-2026-01-15-at-1.18.07-AM-1024x768.jpeg 1024w, https:\/\/ktautostyling.com\/wp-content\/uploads\/2026\/01\/WhatsApp-Image-2026-01-15-at-1.18.07-AM-300x225.jpeg 300w, https:\/\/ktautostyling.com\/wp-content\/uploads\/2026\/01\/WhatsApp-Image-2026-01-15-at-1.18.07-AM-768x576.jpeg 768w, https:\/\/ktautostyling.com\/wp-content\/uploads\/2026\/01\/WhatsApp-Image-2026-01-15-at-1.18.07-AM-1536x1152.jpeg 1536w, https:\/\/ktautostyling.com\/wp-content\/uploads\/2026\/01\/WhatsApp-Image-2026-01-15-at-1.18.07-AM-16x12.jpeg 16w, https:\/\/ktautostyling.com\/wp-content\/uploads\/2026\/01\/WhatsApp-Image-2026-01-15-at-1.18.07-AM.jpeg 1600w\" sizes=\"(max-width: 1024px) 100vw, 1024px\" title=\"Nissan 200SX S14 Widebody\">\t\t\t\t\t\t\t\t<\/a>\n\t\t\t\t\t\t\t\t\t\t\t\t\t\t\t<\/div>\n\t\t\t\t<\/div>\n\t\t\t\t<div class=\"elementor-element elementor-element-58a072f3 elementor-widget elementor-widget-image\" data-id=\"58a072f3\" data-element_type=\"widget\" data-widget_type=\"image.default\">\n\t\t\t\t<div class=\"elementor-widget-container\">\n\t\t\t\t\t\t\t\t\t\t\t\t\t\t\t\t<a href=\"https:\/\/ktautostyling.com\/wp-content\/uploads\/2026\/01\/WhatsApp-Image-2026-01-15-at-1.18.07-AM-2.jpeg\" data-elementor-open-lightbox=\"yes\" data-e-action-hash=\"#elementor-action%3Aaction%3Dlightbox%26settings%3DeyJpZCI6Mzk3OCwidXJsIjoiaHR0cHM6XC9cL2t0YXV0b3N0eWxpbmcuY29tXC93cC1jb250ZW50XC91cGxvYWRzXC8yMDI2XC8wMVwvV2hhdHNBcHAtSW1hZ2UtMjAyNi0wMS0xNS1hdC0xLjE4LjA3LUFNLTIuanBlZyJ9\">\n\t\t\t\t\t\t\t<img loading=\"lazy\" decoding=\"async\" width=\"1024\" height=\"768\" src=\"https:\/\/ktautostyling.com\/wp-content\/uploads\/2026\/01\/WhatsApp-Image-2026-01-15-at-1.18.07-AM-2-1024x768.jpeg\" class=\"attachment-large size-large wp-image-3978\" alt=\"WhatsApp Image 2026 01 15 At 1.18.07 AM 2 1024x768\" srcset=\"https:\/\/ktautostyling.com\/wp-content\/uploads\/2026\/01\/WhatsApp-Image-2026-01-15-at-1.18.07-AM-2-1024x768.jpeg 1024w, https:\/\/ktautostyling.com\/wp-content\/uploads\/2026\/01\/WhatsApp-Image-2026-01-15-at-1.18.07-AM-2-300x225.jpeg 300w, https:\/\/ktautostyling.com\/wp-content\/uploads\/2026\/01\/WhatsApp-Image-2026-01-15-at-1.18.07-AM-2-768x576.jpeg 768w, https:\/\/ktautostyling.com\/wp-content\/uploads\/2026\/01\/WhatsApp-Image-2026-01-15-at-1.18.07-AM-2-1536x1152.jpeg 1536w, https:\/\/ktautostyling.com\/wp-content\/uploads\/2026\/01\/WhatsApp-Image-2026-01-15-at-1.18.07-AM-2-16x12.jpeg 16w, https:\/\/ktautostyling.com\/wp-content\/uploads\/2026\/01\/WhatsApp-Image-2026-01-15-at-1.18.07-AM-2.jpeg 1600w\" sizes=\"(max-width: 1024px) 100vw, 1024px\" title=\"Nissan 200SX S14 Widebody\">\t\t\t\t\t\t\t\t<\/a>\n\t\t\t\t\t\t\t\t\t\t\t\t\t\t\t<\/div>\n\t\t\t\t<\/div>\n\t\t\t\t<div class=\"elementor-element elementor-element-560631a0 elementor-widget elementor-widget-image\" data-id=\"560631a0\" data-element_type=\"widget\" data-widget_type=\"image.default\">\n\t\t\t\t<div class=\"elementor-widget-container\">\n\t\t\t\t\t\t\t\t\t\t\t\t\t\t\t\t<a href=\"https:\/\/ktautostyling.com\/wp-content\/uploads\/2026\/01\/WhatsApp-Image-2026-01-15-at-1.18.07-AM-3.jpeg\" data-elementor-open-lightbox=\"yes\" data-e-action-hash=\"#elementor-action%3Aaction%3Dlightbox%26settings%3DeyJpZCI6Mzk3NywidXJsIjoiaHR0cHM6XC9cL2t0YXV0b3N0eWxpbmcuY29tXC93cC1jb250ZW50XC91cGxvYWRzXC8yMDI2XC8wMVwvV2hhdHNBcHAtSW1hZ2UtMjAyNi0wMS0xNS1hdC0xLjE4LjA3LUFNLTMuanBlZyJ9\">\n\t\t\t\t\t\t\t<img loading=\"lazy\" decoding=\"async\" width=\"1024\" height=\"768\" src=\"https:\/\/ktautostyling.com\/wp-content\/uploads\/2026\/01\/WhatsApp-Image-2026-01-15-at-1.18.07-AM-3-1024x768.jpeg\" class=\"attachment-large size-large wp-image-3977\" alt=\"WhatsApp Image 2026 01 15 At 1.18.07 AM 3 1024x768\" srcset=\"https:\/\/ktautostyling.com\/wp-content\/uploads\/2026\/01\/WhatsApp-Image-2026-01-15-at-1.18.07-AM-3-1024x768.jpeg 1024w, https:\/\/ktautostyling.com\/wp-content\/uploads\/2026\/01\/WhatsApp-Image-2026-01-15-at-1.18.07-AM-3-300x225.jpeg 300w, https:\/\/ktautostyling.com\/wp-content\/uploads\/2026\/01\/WhatsApp-Image-2026-01-15-at-1.18.07-AM-3-768x576.jpeg 768w, https:\/\/ktautostyling.com\/wp-content\/uploads\/2026\/01\/WhatsApp-Image-2026-01-15-at-1.18.07-AM-3-1536x1152.jpeg 1536w, https:\/\/ktautostyling.com\/wp-content\/uploads\/2026\/01\/WhatsApp-Image-2026-01-15-at-1.18.07-AM-3-16x12.jpeg 16w, https:\/\/ktautostyling.com\/wp-content\/uploads\/2026\/01\/WhatsApp-Image-2026-01-15-at-1.18.07-AM-3.jpeg 1600w\" sizes=\"(max-width: 1024px) 100vw, 1024px\" title=\"Nissan 200SX S14 Widebody\">\t\t\t\t\t\t\t\t<\/a>\n\t\t\t\t\t\t\t\t\t\t\t\t\t\t\t<\/div>\n\t\t\t\t<\/div>\n\t\t\t\t<\/div>\n\t\t\t\t<div class=\"elementor-element elementor-element-492b0888 elementor-widget elementor-widget-button\" data-id=\"492b0888\" data-element_type=\"widget\" data-widget_type=\"button.default\">\n\t\t\t\t<div class=\"elementor-widget-container\">\n\t\t\t\t\t\t\t\t\t<div class=\"elementor-button-wrapper\">\n\t\t\t\t\t<a class=\"elementor-button elementor-button-link elementor-size-sm\" href=\"https:\/\/ktautostyling.com\/en\/projeler\/\">\n\t\t\t\t\t\t<span class=\"elementor-button-content-wrapper\">\n\t\t\t\t\t\t\t\t\t<span class=\"elementor-button-text\">Go back<\/span>\n\t\t\t\t\t<\/span>\n\t\t\t\t\t<\/a>\n\t\t\t\t<\/div>\n\t\t\t\t\t\t\t\t<\/div>\n\t\t\t\t<\/div>\n\t\t\t\t<div class=\"elementor-element elementor-element-2f9ece35 elementor-post-navigation-borders-yes elementor-widget elementor-widget-post-navigation\" data-id=\"2f9ece35\" data-element_type=\"widget\" data-widget_type=\"post-navigation.default\">\n\t\t\t\t<div class=\"elementor-widget-container\">\n\t\t\t\t\t\t\t<div class=\"elementor-post-navigation\" role=\"navigation\" aria-label=\"Post Navigation\">\n\t\t\t<div class=\"elementor-post-navigation__prev elementor-post-navigation__link\">\n\t\t\t\t<a href=\"https:\/\/ktautostyling.com\/en\/projeler\/bausuoyun\/\" rel=\"prev\"><span class=\"post-navigation__arrow-wrapper post-navigation__arrow-prev\"><i aria-hidden=\"true\" class=\"fas fa-angle-left\"><\/i><span class=\"elementor-screen-only\">Prev<\/span><\/span><span class=\"elementor-post-navigation__link__prev\"><span class=\"post-navigation__prev--label\">previous<\/span><span class=\"post-navigation__prev--title\">Bah\u00e7e\u015fehir \u00dcniversitesi \u00c7ocuk M\u00fczesi<\/span><\/span><\/a>\t\t\t<\/div>\n\t\t\t\t\t\t\t<div class=\"elementor-post-navigation__separator-wrapper\">\n\t\t\t\t\t<div class=\"elementor-post-navigation__separator\"><\/div>\n\t\t\t\t<\/div>\n\t\t\t\t\t\t<div class=\"elementor-post-navigation__next elementor-post-navigation__link\">\n\t\t\t\t<a href=\"https:\/\/ktautostyling.com\/en\/projeler\/clkamgbs\/\" rel=\"next\"><span class=\"elementor-post-navigation__link__next\"><span class=\"post-navigation__next--label\">next<\/span><span class=\"post-navigation__next--title\">Mercedes CLK AMG BS<\/span><\/span><span class=\"post-navigation__arrow-wrapper post-navigation__arrow-next\"><i aria-hidden=\"true\" class=\"fas fa-angle-right\"><\/i><span class=\"elementor-screen-only\">Next<\/span><\/span><\/a>\t\t\t<\/div>\n\t\t<\/div>\n\t\t\t\t\t\t<\/div>\n\t\t\t\t<\/div>\n\t\t\t\t\t<\/div>\n\t\t\t\t<\/div>\n\t\t\t\t<\/div>","protected":false},"excerpt":{"rendered":"<p>Metalik F\u0131rt\u0131na: Custom S14 Silvia JDM k\u00fclt\u00fcr\u00fcn\u00fcn en ikonik temsilcilerinden Nissan S14, KT Autostyling dokunu\u015fuyla evrim ge\u00e7irdi. Metalik f\u00fcme rengin asaleti, geni\u015fletilmi\u015f \u00e7amurluklar\u0131n h\u0131r\u00e7\u0131nl\u0131\u011f\u0131yla bulu\u015ftu. \u00d6zel tasar\u0131m \u00f6n tampon, arac\u0131 yere yap\u0131\u015ft\u0131ran mar\u015fpiyeller ve arkadaki ikonik dev egzoz \u00e7\u0131k\u0131\u015f\u0131 ile tam bir sokak makinesi yaratt\u0131k. &#8216;Fitment&#8217; (jant-lastik uyumu) konusundaki hassasiyetimiz ve p\u00fcr\u00fczs\u00fcz boya i\u015f\u00e7ili\u011fimizle, bu [&hellip;]<\/p>","protected":false},"author":1,"featured_media":0,"parent":1129,"menu_order":0,"comment_status":"closed","ping_status":"closed","template":"","meta":{"site-sidebar-layout":"no-sidebar","site-content-layout":"page-builder","ast-site-content-layout":"full-width-container","site-content-style":"default","site-sidebar-style":"default","ast-global-header-display":"","ast-banner-title-visibility":"","ast-main-header-display":"","ast-hfb-above-header-display":"","ast-hfb-below-header-display":"","ast-hfb-mobile-header-display":"","site-post-title":"disabled","ast-breadcrumbs-content":"","ast-featured-img":"disabled","footer-sml-layout":"","ast-disable-related-posts":"","theme-transparent-header-meta":"","adv-header-id-meta":"","stick-header-meta":"","header-above-stick-meta":"","header-main-stick-meta":"","header-below-stick-meta":"","astra-migrate-meta-layouts":"default","ast-page-background-enabled":"default","ast-page-background-meta":{"desktop":{"background-color":"","background-image":"","background-repeat":"repeat","background-position":"center center","background-size":"auto","background-attachment":"scroll","background-type":"","background-media":"","overlay-type":"","overlay-color":"","overlay-opacity":"","overlay-gradient":""},"tablet":{"background-color":"","background-image":"","background-repeat":"repeat","background-position":"center center","background-size":"auto","background-attachment":"scroll","background-type":"","background-media":"","overlay-type":"","overlay-color":"","overlay-opacity":"","overlay-gradient":""},"mobile":{"background-color":"","background-image":"","background-repeat":"repeat","background-position":"center center","background-size":"auto","background-attachment":"scroll","background-type":"","background-media":"","overlay-type":"","overlay-color":"","overlay-opacity":"","overlay-gradient":""}},"ast-content-background-meta":{"desktop":{"background-color":"var(--ast-global-color-5)","background-image":"","background-repeat":"repeat","background-position":"center center","background-size":"auto","background-attachment":"scroll","background-type":"","background-media":"","overlay-type":"","overlay-color":"","overlay-opacity":"","overlay-gradient":""},"tablet":{"background-color":"var(--ast-global-color-5)","background-image":"","background-repeat":"repeat","background-position":"center center","background-size":"auto","background-attachment":"scroll","background-type":"","background-media":"","overlay-type":"","overlay-color":"","overlay-opacity":"","overlay-gradient":""},"mobile":{"background-color":"var(--ast-global-color-5)","background-image":"","background-repeat":"repeat","background-position":"center center","background-size":"auto","background-attachment":"scroll","background-type":"","background-media":"","overlay-type":"","overlay-color":"","overlay-opacity":"","overlay-gradient":""}},"footnotes":""},"class_list":["post-3973","page","type-page","status-publish","hentry"],"_hostinger_reach_plugin_has_subscription_block":false,"_hostinger_reach_plugin_is_elementor":false,"_links":{"self":[{"href":"https:\/\/ktautostyling.com\/en\/wp-json\/wp\/v2\/pages\/3973","targetHints":{"allow":["GET"]}}],"collection":[{"href":"https:\/\/ktautostyling.com\/en\/wp-json\/wp\/v2\/pages"}],"about":[{"href":"https:\/\/ktautostyling.com\/en\/wp-json\/wp\/v2\/types\/page"}],"author":[{"embeddable":true,"href":"https:\/\/ktautostyling.com\/en\/wp-json\/wp\/v2\/users\/1"}],"replies":[{"embeddable":true,"href":"https:\/\/ktautostyling.com\/en\/wp-json\/wp\/v2\/comments?post=3973"}],"version-history":[{"count":0,"href":"https:\/\/ktautostyling.com\/en\/wp-json\/wp\/v2\/pages\/3973\/revisions"}],"up":[{"embeddable":true,"href":"https:\/\/ktautostyling.com\/en\/wp-json\/wp\/v2\/pages\/1129"}],"wp:attachment":[{"href":"https:\/\/ktautostyling.com\/en\/wp-json\/wp\/v2\/media?parent=3973"}],"curies":[{"name":"wp","href":"https:\/\/api.w.org\/{rel}","templated":true}]}}