{"id":4047,"date":"2026-01-15T10:01:06","date_gmt":"2026-01-15T10:01:06","guid":{"rendered":"https:\/\/ktautostyling.com\/?page_id=4047"},"modified":"2026-01-15T10:04:48","modified_gmt":"2026-01-15T10:04:48","slug":"corrado","status":"publish","type":"page","link":"https:\/\/ktautostyling.com\/en\/projeler\/corrado\/","title":{"rendered":"Volkswagen Corrado"},"content":{"rendered":"<div data-elementor-type=\"wp-page\" data-elementor-id=\"4047\" class=\"elementor elementor-4047\" data-elementor-post-type=\"page\">\n\t\t\t\t<div class=\"elementor-element elementor-element-a0ca706 e-flex e-con-boxed e-con e-parent\" data-id=\"a0ca706\" data-element_type=\"container\" data-settings=\"{&quot;background_background&quot;:&quot;classic&quot;}\">\n\t\t\t\t\t<div class=\"e-con-inner\">\n\t\t\t\t<div class=\"elementor-element elementor-element-48ddb859 elementor-widget elementor-widget-text-editor\" data-id=\"48ddb859\" data-element_type=\"widget\" data-widget_type=\"text-editor.default\">\n\t\t\t\t<div class=\"elementor-widget-container\">\n\t\t\t\t\t\t\t\t\t<h2><span style=\"color: #ffffff;\">Italian Fire, German Engineering: Custom Corrado<\/span><\/h2><p data-path-to-node=\"12\"><span style=\"color: #ffffff;\">Some colors represent speed, but Ferrari Red represents passion. With the touch of KT Autostyling, we've transformed the iconic 90s VW Corrado into one of the most eye-catching cars on the streets.<\/span><\/p><p data-path-to-node=\"13\"><span style=\"color: #ffffff;\">Our custom-designed widebody kit, combined with deep-offset wheels, creates a robust, muscular silhouette. With LED details integrated into the front bumper and impeccable paintwork, this Corrado is no longer just a classic, but a modern challenge.<\/span><\/p>\t\t\t\t\t\t\t\t<\/div>\n\t\t\t\t<\/div>\n\t\t<div class=\"elementor-element elementor-element-35f5a980 e-grid e-con-full e-con e-child\" data-id=\"35f5a980\" data-element_type=\"container\" data-settings=\"{&quot;background_background&quot;:&quot;classic&quot;}\">\n\t\t\t\t<div class=\"elementor-element elementor-element-21e87608 elementor-widget elementor-widget-image\" data-id=\"21e87608\" data-element_type=\"widget\" data-widget_type=\"image.default\">\n\t\t\t\t<div class=\"elementor-widget-container\">\n\t\t\t\t\t\t\t\t\t\t\t\t\t\t\t\t<a href=\"https:\/\/ktautostyling.com\/wp-content\/uploads\/2026\/01\/WhatsApp-Image-2026-01-15-at-1.01.43-AM-4.jpeg\" data-elementor-open-lightbox=\"yes\" data-e-action-hash=\"#elementor-action%3Aaction%3Dlightbox%26settings%3DeyJpZCI6NDA1MCwidXJsIjoiaHR0cHM6XC9cL2t0YXV0b3N0eWxpbmcuY29tXC93cC1jb250ZW50XC91cGxvYWRzXC8yMDI2XC8wMVwvV2hhdHNBcHAtSW1hZ2UtMjAyNi0wMS0xNS1hdC0xLjAxLjQzLUFNLTQuanBlZyJ9\">\n\t\t\t\t\t\t\t<img fetchpriority=\"high\" decoding=\"async\" width=\"960\" height=\"640\" src=\"https:\/\/ktautostyling.com\/wp-content\/uploads\/2026\/01\/WhatsApp-Image-2026-01-15-at-1.01.43-AM-4.jpeg\" class=\"attachment-large size-large wp-image-4050\" alt=\"whatsapp image 2026 01 15 at 1.01.43 am (4)\" srcset=\"https:\/\/ktautostyling.com\/wp-content\/uploads\/2026\/01\/WhatsApp-Image-2026-01-15-at-1.01.43-AM-4.jpeg 960w, https:\/\/ktautostyling.com\/wp-content\/uploads\/2026\/01\/WhatsApp-Image-2026-01-15-at-1.01.43-AM-4-300x200.jpeg 300w, https:\/\/ktautostyling.com\/wp-content\/uploads\/2026\/01\/WhatsApp-Image-2026-01-15-at-1.01.43-AM-4-768x512.jpeg 768w, https:\/\/ktautostyling.com\/wp-content\/uploads\/2026\/01\/WhatsApp-Image-2026-01-15-at-1.01.43-AM-4-18x12.jpeg 18w\" sizes=\"(max-width: 960px) 100vw, 960px\" title=\"Volkswagen Corrado\">\t\t\t\t\t\t\t\t<\/a>\n\t\t\t\t\t\t\t\t\t\t\t\t\t\t\t<\/div>\n\t\t\t\t<\/div>\n\t\t\t\t<div class=\"elementor-element elementor-element-7f17acae elementor-widget elementor-widget-image\" data-id=\"7f17acae\" data-element_type=\"widget\" data-widget_type=\"image.default\">\n\t\t\t\t<div class=\"elementor-widget-container\">\n\t\t\t\t\t\t\t\t\t\t\t\t\t\t\t\t<a href=\"https:\/\/ktautostyling.com\/wp-content\/uploads\/2026\/01\/WhatsApp-Image-2026-01-15-at-1.01.43-AM-3.jpeg\" data-elementor-open-lightbox=\"yes\" data-e-action-hash=\"#elementor-action%3Aaction%3Dlightbox%26settings%3DeyJpZCI6NDA1MSwidXJsIjoiaHR0cHM6XC9cL2t0YXV0b3N0eWxpbmcuY29tXC93cC1jb250ZW50XC91cGxvYWRzXC8yMDI2XC8wMVwvV2hhdHNBcHAtSW1hZ2UtMjAyNi0wMS0xNS1hdC0xLjAxLjQzLUFNLTMuanBlZyJ9\">\n\t\t\t\t\t\t\t<img decoding=\"async\" width=\"960\" height=\"640\" src=\"https:\/\/ktautostyling.com\/wp-content\/uploads\/2026\/01\/WhatsApp-Image-2026-01-15-at-1.01.43-AM-3.jpeg\" class=\"attachment-large size-large wp-image-4051\" alt=\"WhatsApp Image 2026 01 15 At 1.01.43 AM 3\" srcset=\"https:\/\/ktautostyling.com\/wp-content\/uploads\/2026\/01\/WhatsApp-Image-2026-01-15-at-1.01.43-AM-3.jpeg 960w, https:\/\/ktautostyling.com\/wp-content\/uploads\/2026\/01\/WhatsApp-Image-2026-01-15-at-1.01.43-AM-3-300x200.jpeg 300w, https:\/\/ktautostyling.com\/wp-content\/uploads\/2026\/01\/WhatsApp-Image-2026-01-15-at-1.01.43-AM-3-768x512.jpeg 768w, https:\/\/ktautostyling.com\/wp-content\/uploads\/2026\/01\/WhatsApp-Image-2026-01-15-at-1.01.43-AM-3-18x12.jpeg 18w\" sizes=\"(max-width: 960px) 100vw, 960px\" title=\"Volkswagen Corrado\">\t\t\t\t\t\t\t\t<\/a>\n\t\t\t\t\t\t\t\t\t\t\t\t\t\t\t<\/div>\n\t\t\t\t<\/div>\n\t\t\t\t<div class=\"elementor-element elementor-element-7f0ff1bf elementor-widget elementor-widget-image\" data-id=\"7f0ff1bf\" data-element_type=\"widget\" data-widget_type=\"image.default\">\n\t\t\t\t<div class=\"elementor-widget-container\">\n\t\t\t\t\t\t\t\t\t\t\t\t\t\t\t\t<a href=\"https:\/\/ktautostyling.com\/wp-content\/uploads\/2026\/01\/WhatsApp-Image-2026-01-15-at-1.03.06-AM.jpeg\" data-elementor-open-lightbox=\"yes\" data-e-action-hash=\"#elementor-action%3Aaction%3Dlightbox%26settings%3DeyJpZCI6NDA0OSwidXJsIjoiaHR0cHM6XC9cL2t0YXV0b3N0eWxpbmcuY29tXC93cC1jb250ZW50XC91cGxvYWRzXC8yMDI2XC8wMVwvV2hhdHNBcHAtSW1hZ2UtMjAyNi0wMS0xNS1hdC0xLjAzLjA2LUFNLmpwZWcifQ%3D%3D\">\n\t\t\t\t\t\t\t<img decoding=\"async\" width=\"960\" height=\"640\" src=\"https:\/\/ktautostyling.com\/wp-content\/uploads\/2026\/01\/WhatsApp-Image-2026-01-15-at-1.03.06-AM.jpeg\" class=\"attachment-large size-large wp-image-4049\" alt=\"whatsapp image 2026 01 15 at 1.03.06 am\" srcset=\"https:\/\/ktautostyling.com\/wp-content\/uploads\/2026\/01\/WhatsApp-Image-2026-01-15-at-1.03.06-AM.jpeg 960w, https:\/\/ktautostyling.com\/wp-content\/uploads\/2026\/01\/WhatsApp-Image-2026-01-15-at-1.03.06-AM-300x200.jpeg 300w, https:\/\/ktautostyling.com\/wp-content\/uploads\/2026\/01\/WhatsApp-Image-2026-01-15-at-1.03.06-AM-768x512.jpeg 768w, https:\/\/ktautostyling.com\/wp-content\/uploads\/2026\/01\/WhatsApp-Image-2026-01-15-at-1.03.06-AM-18x12.jpeg 18w\" sizes=\"(max-width: 960px) 100vw, 960px\" title=\"Volkswagen Corrado\">\t\t\t\t\t\t\t\t<\/a>\n\t\t\t\t\t\t\t\t\t\t\t\t\t\t\t<\/div>\n\t\t\t\t<\/div>\n\t\t\t\t<div class=\"elementor-element elementor-element-1d4508c1 elementor-widget elementor-widget-image\" data-id=\"1d4508c1\" data-element_type=\"widget\" data-widget_type=\"image.default\">\n\t\t\t\t<div class=\"elementor-widget-container\">\n\t\t\t\t\t\t\t\t\t\t\t\t\t\t\t\t<a href=\"https:\/\/ktautostyling.com\/wp-content\/uploads\/2026\/01\/WhatsApp-Image-2026-01-15-at-1.01.43-AM-2.jpeg\" data-elementor-open-lightbox=\"yes\" data-e-action-hash=\"#elementor-action%3Aaction%3Dlightbox%26settings%3DeyJpZCI6NDA1MiwidXJsIjoiaHR0cHM6XC9cL2t0YXV0b3N0eWxpbmcuY29tXC93cC1jb250ZW50XC91cGxvYWRzXC8yMDI2XC8wMVwvV2hhdHNBcHAtSW1hZ2UtMjAyNi0wMS0xNS1hdC0xLjAxLjQzLUFNLTIuanBlZyJ9\">\n\t\t\t\t\t\t\t<img loading=\"lazy\" decoding=\"async\" width=\"960\" height=\"640\" src=\"https:\/\/ktautostyling.com\/wp-content\/uploads\/2026\/01\/WhatsApp-Image-2026-01-15-at-1.01.43-AM-2.jpeg\" class=\"attachment-large size-large wp-image-4052\" alt=\"WhatsApp Image 2026 01 15 At 1.01.43 AM 2\" srcset=\"https:\/\/ktautostyling.com\/wp-content\/uploads\/2026\/01\/WhatsApp-Image-2026-01-15-at-1.01.43-AM-2.jpeg 960w, https:\/\/ktautostyling.com\/wp-content\/uploads\/2026\/01\/WhatsApp-Image-2026-01-15-at-1.01.43-AM-2-300x200.jpeg 300w, https:\/\/ktautostyling.com\/wp-content\/uploads\/2026\/01\/WhatsApp-Image-2026-01-15-at-1.01.43-AM-2-768x512.jpeg 768w, https:\/\/ktautostyling.com\/wp-content\/uploads\/2026\/01\/WhatsApp-Image-2026-01-15-at-1.01.43-AM-2-18x12.jpeg 18w\" sizes=\"(max-width: 960px) 100vw, 960px\" title=\"Volkswagen Corrado\">\t\t\t\t\t\t\t\t<\/a>\n\t\t\t\t\t\t\t\t\t\t\t\t\t\t\t<\/div>\n\t\t\t\t<\/div>\n\t\t\t\t<div class=\"elementor-element elementor-element-264bc47c elementor-widget elementor-widget-image\" data-id=\"264bc47c\" data-element_type=\"widget\" data-widget_type=\"image.default\">\n\t\t\t\t<div class=\"elementor-widget-container\">\n\t\t\t\t\t\t\t\t\t\t\t\t\t\t\t\t<a href=\"https:\/\/ktautostyling.com\/wp-content\/uploads\/2026\/01\/WhatsApp-Image-2026-01-15-at-1.01.43-AM.jpeg\" data-elementor-open-lightbox=\"yes\" data-e-action-hash=\"#elementor-action%3Aaction%3Dlightbox%26settings%3DeyJpZCI6NDA1NCwidXJsIjoiaHR0cHM6XC9cL2t0YXV0b3N0eWxpbmcuY29tXC93cC1jb250ZW50XC91cGxvYWRzXC8yMDI2XC8wMVwvV2hhdHNBcHAtSW1hZ2UtMjAyNi0wMS0xNS1hdC0xLjAxLjQzLUFNLmpwZWcifQ%3D%3D\">\n\t\t\t\t\t\t\t<img loading=\"lazy\" decoding=\"async\" width=\"640\" height=\"960\" src=\"https:\/\/ktautostyling.com\/wp-content\/uploads\/2026\/01\/WhatsApp-Image-2026-01-15-at-1.01.43-AM.jpeg\" class=\"attachment-large size-large wp-image-4054\" alt=\"WhatsApp Image 2026 01 15 At 1.01.43 AM\" srcset=\"https:\/\/ktautostyling.com\/wp-content\/uploads\/2026\/01\/WhatsApp-Image-2026-01-15-at-1.01.43-AM.jpeg 640w, https:\/\/ktautostyling.com\/wp-content\/uploads\/2026\/01\/WhatsApp-Image-2026-01-15-at-1.01.43-AM-200x300.jpeg 200w, https:\/\/ktautostyling.com\/wp-content\/uploads\/2026\/01\/WhatsApp-Image-2026-01-15-at-1.01.43-AM-8x12.jpeg 8w\" sizes=\"(max-width: 640px) 100vw, 640px\" title=\"Volkswagen Corrado\">\t\t\t\t\t\t\t\t<\/a>\n\t\t\t\t\t\t\t\t\t\t\t\t\t\t\t<\/div>\n\t\t\t\t<\/div>\n\t\t\t\t<div class=\"elementor-element elementor-element-9484115 elementor-widget elementor-widget-image\" data-id=\"9484115\" data-element_type=\"widget\" data-widget_type=\"image.default\">\n\t\t\t\t<div class=\"elementor-widget-container\">\n\t\t\t\t\t\t\t\t\t\t\t\t\t\t\t\t<a href=\"https:\/\/ktautostyling.com\/wp-content\/uploads\/2026\/01\/WhatsApp-Image-2026-01-15-at-1.01.43-AM-1.jpeg\" data-elementor-open-lightbox=\"yes\" data-e-action-hash=\"#elementor-action%3Aaction%3Dlightbox%26settings%3DeyJpZCI6NDA1MywidXJsIjoiaHR0cHM6XC9cL2t0YXV0b3N0eWxpbmcuY29tXC93cC1jb250ZW50XC91cGxvYWRzXC8yMDI2XC8wMVwvV2hhdHNBcHAtSW1hZ2UtMjAyNi0wMS0xNS1hdC0xLjAxLjQzLUFNLTEuanBlZyJ9\">\n\t\t\t\t\t\t\t<img loading=\"lazy\" decoding=\"async\" width=\"640\" height=\"960\" src=\"https:\/\/ktautostyling.com\/wp-content\/uploads\/2026\/01\/WhatsApp-Image-2026-01-15-at-1.01.43-AM-1.jpeg\" class=\"attachment-large size-large wp-image-4053\" alt=\"WhatsApp Image 2026 01 15 At 1.01.43 AM 1\" srcset=\"https:\/\/ktautostyling.com\/wp-content\/uploads\/2026\/01\/WhatsApp-Image-2026-01-15-at-1.01.43-AM-1.jpeg 640w, https:\/\/ktautostyling.com\/wp-content\/uploads\/2026\/01\/WhatsApp-Image-2026-01-15-at-1.01.43-AM-1-200x300.jpeg 200w, https:\/\/ktautostyling.com\/wp-content\/uploads\/2026\/01\/WhatsApp-Image-2026-01-15-at-1.01.43-AM-1-8x12.jpeg 8w\" sizes=\"(max-width: 640px) 100vw, 640px\" title=\"Volkswagen Corrado\">\t\t\t\t\t\t\t\t<\/a>\n\t\t\t\t\t\t\t\t\t\t\t\t\t\t\t<\/div>\n\t\t\t\t<\/div>\n\t\t\t\t<\/div>\n\t\t\t\t<div class=\"elementor-element elementor-element-1c133521 elementor-widget elementor-widget-button\" data-id=\"1c133521\" data-element_type=\"widget\" data-widget_type=\"button.default\">\n\t\t\t\t<div class=\"elementor-widget-container\">\n\t\t\t\t\t\t\t\t\t<div class=\"elementor-button-wrapper\">\n\t\t\t\t\t<a class=\"elementor-button elementor-button-link elementor-size-sm\" href=\"https:\/\/ktautostyling.com\/en\/projeler\/\">\n\t\t\t\t\t\t<span class=\"elementor-button-content-wrapper\">\n\t\t\t\t\t\t\t\t\t<span class=\"elementor-button-text\">Go back<\/span>\n\t\t\t\t\t<\/span>\n\t\t\t\t\t<\/a>\n\t\t\t\t<\/div>\n\t\t\t\t\t\t\t\t<\/div>\n\t\t\t\t<\/div>\n\t\t\t\t<div class=\"elementor-element elementor-element-2b805bb1 elementor-post-navigation-borders-yes elementor-widget elementor-widget-post-navigation\" data-id=\"2b805bb1\" data-element_type=\"widget\" data-widget_type=\"post-navigation.default\">\n\t\t\t\t<div class=\"elementor-widget-container\">\n\t\t\t\t\t\t\t<div class=\"elementor-post-navigation\" role=\"navigation\" aria-label=\"Post Navigation\">\n\t\t\t<div class=\"elementor-post-navigation__prev elementor-post-navigation__link\">\n\t\t\t\t<a href=\"https:\/\/ktautostyling.com\/en\/projeler\/pontiacfirebird\/\" rel=\"prev\"><span class=\"post-navigation__arrow-wrapper post-navigation__arrow-prev\"><i aria-hidden=\"true\" class=\"fas fa-angle-left\"><\/i><span class=\"elementor-screen-only\">Prev<\/span><\/span><span class=\"elementor-post-navigation__link__prev\"><span class=\"post-navigation__prev--label\">previous<\/span><span class=\"post-navigation__prev--title\">Pontiac Firebird<\/span><\/span><\/a>\t\t\t<\/div>\n\t\t\t\t\t\t\t<div class=\"elementor-post-navigation__separator-wrapper\">\n\t\t\t\t\t<div class=\"elementor-post-navigation__separator\"><\/div>\n\t\t\t\t<\/div>\n\t\t\t\t\t\t<div class=\"elementor-post-navigation__next elementor-post-navigation__link\">\n\t\t\t\t<a href=\"https:\/\/ktautostyling.com\/en\/projeler\/rx8ls\/\" rel=\"next\"><span class=\"elementor-post-navigation__link__next\"><span class=\"post-navigation__next--label\">next<\/span><span class=\"post-navigation__next--title\">Mazda RX8 LS Swap<\/span><\/span><span class=\"post-navigation__arrow-wrapper post-navigation__arrow-next\"><i aria-hidden=\"true\" class=\"fas fa-angle-right\"><\/i><span class=\"elementor-screen-only\">Next<\/span><\/span><\/a>\t\t\t<\/div>\n\t\t<\/div>\n\t\t\t\t\t\t<\/div>\n\t\t\t\t<\/div>\n\t\t\t\t\t<\/div>\n\t\t\t\t<\/div>\n\t\t\t\t<\/div>","protected":false},"excerpt":{"rendered":"<p>\u0130talyan Ate\u015fi, Alman M\u00fchendisli\u011fi: Custom Corrado Baz\u0131 renkler h\u0131z\u0131 temsil eder, Ferrari K\u0131rm\u0131z\u0131s\u0131 ise tutkuyu. 90&#8217;lar\u0131n k\u00fclt modeli VW Corrado&#8217;yu, KT Autostyling dokunu\u015fuyla caddelerin en dikkat \u00e7ekici arac\u0131na d\u00f6n\u00fc\u015ft\u00fcrd\u00fck. Araca \u00f6zel olarak tasarlad\u0131\u011f\u0131m\u0131z geni\u015f g\u00f6vde kiti (Widebody), derin ofsetli jantlarla birle\u015ferek yere sa\u011flam basan, kasl\u0131 bir sil\u00fcet olu\u015fturdu. \u00d6n tampona entegre edilen LED detaylar ve [&hellip;]<\/p>","protected":false},"author":1,"featured_media":0,"parent":1129,"menu_order":0,"comment_status":"closed","ping_status":"closed","template":"","meta":{"site-sidebar-layout":"no-sidebar","site-content-layout":"page-builder","ast-site-content-layout":"full-width-container","site-content-style":"default","site-sidebar-style":"default","ast-global-header-display":"","ast-banner-title-visibility":"","ast-main-header-display":"","ast-hfb-above-header-display":"","ast-hfb-below-header-display":"","ast-hfb-mobile-header-display":"","site-post-title":"disabled","ast-breadcrumbs-content":"","ast-featured-img":"disabled","footer-sml-layout":"","ast-disable-related-posts":"","theme-transparent-header-meta":"","adv-header-id-meta":"","stick-header-meta":"","header-above-stick-meta":"","header-main-stick-meta":"","header-below-stick-meta":"","astra-migrate-meta-layouts":"default","ast-page-background-enabled":"default","ast-page-background-meta":{"desktop":{"background-color":"","background-image":"","background-repeat":"repeat","background-position":"center center","background-size":"auto","background-attachment":"scroll","background-type":"","background-media":"","overlay-type":"","overlay-color":"","overlay-opacity":"","overlay-gradient":""},"tablet":{"background-color":"","background-image":"","background-repeat":"repeat","background-position":"center center","background-size":"auto","background-attachment":"scroll","background-type":"","background-media":"","overlay-type":"","overlay-color":"","overlay-opacity":"","overlay-gradient":""},"mobile":{"background-color":"","background-image":"","background-repeat":"repeat","background-position":"center center","background-size":"auto","background-attachment":"scroll","background-type":"","background-media":"","overlay-type":"","overlay-color":"","overlay-opacity":"","overlay-gradient":""}},"ast-content-background-meta":{"desktop":{"background-color":"var(--ast-global-color-5)","background-image":"","background-repeat":"repeat","background-position":"center center","background-size":"auto","background-attachment":"scroll","background-type":"","background-media":"","overlay-type":"","overlay-color":"","overlay-opacity":"","overlay-gradient":""},"tablet":{"background-color":"var(--ast-global-color-5)","background-image":"","background-repeat":"repeat","background-position":"center center","background-size":"auto","background-attachment":"scroll","background-type":"","background-media":"","overlay-type":"","overlay-color":"","overlay-opacity":"","overlay-gradient":""},"mobile":{"background-color":"var(--ast-global-color-5)","background-image":"","background-repeat":"repeat","background-position":"center center","background-size":"auto","background-attachment":"scroll","background-type":"","background-media":"","overlay-type":"","overlay-color":"","overlay-opacity":"","overlay-gradient":""}},"footnotes":""},"class_list":["post-4047","page","type-page","status-publish","hentry"],"_hostinger_reach_plugin_has_subscription_block":false,"_hostinger_reach_plugin_is_elementor":false,"_links":{"self":[{"href":"https:\/\/ktautostyling.com\/en\/wp-json\/wp\/v2\/pages\/4047","targetHints":{"allow":["GET"]}}],"collection":[{"href":"https:\/\/ktautostyling.com\/en\/wp-json\/wp\/v2\/pages"}],"about":[{"href":"https:\/\/ktautostyling.com\/en\/wp-json\/wp\/v2\/types\/page"}],"author":[{"embeddable":true,"href":"https:\/\/ktautostyling.com\/en\/wp-json\/wp\/v2\/users\/1"}],"replies":[{"embeddable":true,"href":"https:\/\/ktautostyling.com\/en\/wp-json\/wp\/v2\/comments?post=4047"}],"version-history":[{"count":5,"href":"https:\/\/ktautostyling.com\/en\/wp-json\/wp\/v2\/pages\/4047\/revisions"}],"predecessor-version":[{"id":4058,"href":"https:\/\/ktautostyling.com\/en\/wp-json\/wp\/v2\/pages\/4047\/revisions\/4058"}],"up":[{"embeddable":true,"href":"https:\/\/ktautostyling.com\/en\/wp-json\/wp\/v2\/pages\/1129"}],"wp:attachment":[{"href":"https:\/\/ktautostyling.com\/en\/wp-json\/wp\/v2\/media?parent=4047"}],"curies":[{"name":"wp","href":"https:\/\/api.w.org\/{rel}","templated":true}]}}